{"id":79743,"date":"2024-09-14T12:43:50","date_gmt":"2024-09-14T10:43:50","guid":{"rendered":"https:\/\/germanperaire.com\/?post_type=product&#038;p=79743"},"modified":"2026-03-19T16:39:19","modified_gmt":"2026-03-19T15:39:19","slug":"international-spring-intensive-2025-level-1","status":"publish","type":"product","link":"https:\/\/germanperaire.com\/en\/product\/international-spring-intensive-2025-level-1\/","title":{"rendered":"2026 International Summer Intensive &#8211; Level 1"},"content":{"rendered":"<div>\n<p><strong>SPECIFIC INFO<\/strong><\/p>\n<div><b>Language:\u00a0<\/b>English<\/div>\n<div><b>Price:<\/b> 1050\u20ac<\/div>\n<div><b>Dates:\u00a0<\/b>June 30th \u2013 July 10th, 2026<\/div>\n<div><b>Location:\u00a0<\/b>Germ\u00e1n\u2019s country workshop near Barcelona, Catalonia, Spain. https:\/\/www.google.com\/maps\/place\/Can+Casassaies\/@41.669937,1.8083939,15z\/data=!4m5!3m4!1s0x0:0xed82d2302c6cb71a!8m2!3d41.6699289!4d1.8083938<\/div>\n<div><b>Food and<\/b><strong>\u00a0accommodation:<\/strong> available. Scroll down for more information.<\/div>\n<\/div>\n<div>\n<div><\/div>\n<p>&nbsp;<\/p>\n<\/div>\n<div><\/div>\n<div><iframe title=\"YouTube video player\" src=\"https:\/\/www.youtube.com\/embed\/4KgBNxBdGE0?si=ebU_VqD3Pkl7DOny\" width=\"560\" height=\"315\" frameborder=\"0\" allowfullscreen=\"allowfullscreen\" data-mce-fragment=\"1\"><\/iframe><\/div>\n<div>\n<div><\/div>\n<p>&nbsp;<\/p>\n<p>&nbsp;<\/p>\n<\/div>\n<div><b><span style=\"font-size: large;\">COURSE CONTENTS<\/span><\/b><\/div>\n<div>&#8211; Preparation and sharpening of tools<br \/>\n&#8211; Theory and use of planes in cabinetmaking (as a practice, we will make a bench hook)<br \/>\n&#8211; The mortise-and-tenon joint in various modalities<br \/>\n&#8211; Dovetailing<br \/>\n&#8211; Hand-applied finishes: oils, shellac, acrylic, and wax preparation and application.<br clear=\"all\" \/><\/p>\n<div>\n<div><\/div>\n<p>&nbsp;<\/p>\n<\/div>\n<\/div>\n<p><strong>SCHEDULE<\/strong><\/p>\n<div>Arrival: June 29th 2026, afternoon<\/div>\n<div>Course: June 30th \u2013 July 10th, 2026<\/div>\n<div>Suggested departure: July 11th, morning<\/div>\n<div>Daily schedule 9:30 to 18:00, with a lunch pause<\/div>\n<div><\/div>\n<div><b>On Sunday\u00a0<\/b>5th, we\u2019ll enjoy a day off, walk in nature and visit Germ\u00e1n\u2019s furniture.<\/div>\n<div><\/div>\n<div>\n<div><\/div>\n<p>&nbsp;<\/p>\n<\/div>\n<div><b><span style=\"font-size: large;\">STUDENT&#8217;S REQUIREMENTS<\/span><\/b><b><\/b><\/div>\n<div>No previous knowledge is required, but students who have been watching videos and investigating on their own are always a small step ahead.<\/div>\n<div>You must bring a marking knife, three chisels (4-6mm, 8-12mm, 16-20mm) and one plane blade for the sharpening practice. Don&#8217;t hesitate to contact me for guidance on brands and types. You can also purchase those tools directly from me, and you&#8217;ll receive them when you attend the course (I am an associate partner of Dictum Werkzeuge GMbH).<\/div>\n<div>You must bring your own ear and eye protection. I strongly recommend wearing closed shoes for safety.<\/div>\n<p>&nbsp;<\/p>\n<p><strong>BOOKING TERMS AND CONDITIONS (course only; meals and accommodation are handled separately):<\/strong><\/p>\n<div>\n<ul>\n<li>Please note that booking accommodation and food service must be done separately (details below in the <i>Food and Accommodation<\/i>\u00a0section).<\/li>\n<li>Reservations are made upon course purchase. You can optionally make your reservation by making a 50% (\u20ac525) payment via bank transfer. This payment is non-refundable.<\/li>\n<li>The remaining 50% must be paid at least 30 days before the workshop&#8217;s start. If you do not meet this deadline, your reservation will be postponed to the next call.<\/li>\n<li>If you are a<b>\u00a0professional client in Spain<\/b>, let me know before payment to apply the corresponding tax withholding.<\/li>\n<li>If you leave your place empty without prior notice, you will not be able to recover the hours lost or the cost of the course.<\/li>\n<li>Days lost due to non-attendance cannot be recovered.<\/li>\n<\/ul>\n<\/div>\n<p>&nbsp;<\/p>\n<h2>Meals and accommodation<\/h2>\n<h4>(additional service, paid separately)<\/h4>\n<div>\n<div><span style=\"color: #000000;\">In intensive courses, we have accommodation in the same compound. It is an exceptional opportunity to interact with classmates and teachers! In our free time, we find moments to exchange impressions, get to know each other and continue sharing.<\/span><\/div>\n<\/div>\n<div><\/div>\n<div><span style=\"color: #000000;\">The accommodation facilities are 25 m2 tiny houses with two levels, double and single beds. Depending on the number of students, you may have to share it with another person on some exceptional days (it has never happened yet), although the space is sufficient to maintain some privacy.<\/span><\/div>\n<div><\/div>\n<div><img fetchpriority=\"high\" decoding=\"async\" class=\"alignnone size-medium wp-image-78434\" src=\"https:\/\/germanperaire.com\/wp-content\/uploads\/2023\/11\/WhatsApp-Image-2023-01-11-at-19.14.04-300x225.jpeg\" alt=\"\" width=\"300\" height=\"225\" srcset=\"https:\/\/germanperaire.com\/wp-content\/uploads\/2023\/11\/WhatsApp-Image-2023-01-11-at-19.14.04-300x225.jpeg 300w, https:\/\/germanperaire.com\/wp-content\/uploads\/2023\/11\/WhatsApp-Image-2023-01-11-at-19.14.04-1024x768.jpeg 1024w, https:\/\/germanperaire.com\/wp-content\/uploads\/2023\/11\/WhatsApp-Image-2023-01-11-at-19.14.04-768x576.jpeg 768w, https:\/\/germanperaire.com\/wp-content\/uploads\/2023\/11\/WhatsApp-Image-2023-01-11-at-19.14.04-1536x1152.jpeg 1536w, https:\/\/germanperaire.com\/wp-content\/uploads\/2023\/11\/WhatsApp-Image-2023-01-11-at-19.14.04-200x150.jpeg 200w, https:\/\/germanperaire.com\/wp-content\/uploads\/2023\/11\/WhatsApp-Image-2023-01-11-at-19.14.04-1568x1176.jpeg 1568w, https:\/\/germanperaire.com\/wp-content\/uploads\/2023\/11\/WhatsApp-Image-2023-01-11-at-19.14.04-600x450.jpeg 600w, https:\/\/germanperaire.com\/wp-content\/uploads\/2023\/11\/WhatsApp-Image-2023-01-11-at-19.14.04.jpeg 1600w\" sizes=\"(max-width: 300px) 100vw, 300px\" \/> <img decoding=\"async\" class=\"alignnone size-medium wp-image-78437\" src=\"https:\/\/germanperaire.com\/wp-content\/uploads\/2023\/11\/WhatsApp-Image-2023-01-11-at-23.18.29-300x225.jpeg\" alt=\"\" width=\"300\" height=\"225\" srcset=\"https:\/\/germanperaire.com\/wp-content\/uploads\/2023\/11\/WhatsApp-Image-2023-01-11-at-23.18.29-300x225.jpeg 300w, https:\/\/germanperaire.com\/wp-content\/uploads\/2023\/11\/WhatsApp-Image-2023-01-11-at-23.18.29-1024x768.jpeg 1024w, https:\/\/germanperaire.com\/wp-content\/uploads\/2023\/11\/WhatsApp-Image-2023-01-11-at-23.18.29-768x576.jpeg 768w, https:\/\/germanperaire.com\/wp-content\/uploads\/2023\/11\/WhatsApp-Image-2023-01-11-at-23.18.29-1536x1152.jpeg 1536w, https:\/\/germanperaire.com\/wp-content\/uploads\/2023\/11\/WhatsApp-Image-2023-01-11-at-23.18.29-200x150.jpeg 200w, https:\/\/germanperaire.com\/wp-content\/uploads\/2023\/11\/WhatsApp-Image-2023-01-11-at-23.18.29-1568x1176.jpeg 1568w, https:\/\/germanperaire.com\/wp-content\/uploads\/2023\/11\/WhatsApp-Image-2023-01-11-at-23.18.29-600x450.jpeg 600w, https:\/\/germanperaire.com\/wp-content\/uploads\/2023\/11\/WhatsApp-Image-2023-01-11-at-23.18.29.jpeg 1600w\" sizes=\"(max-width: 300px) 100vw, 300px\" \/> <img decoding=\"async\" class=\"alignnone size-medium wp-image-78440\" src=\"https:\/\/germanperaire.com\/wp-content\/uploads\/2023\/11\/WhatsApp-Image-2023-01-11-at-23.18.29-1-300x225.jpeg\" alt=\"\" width=\"300\" height=\"225\" srcset=\"https:\/\/germanperaire.com\/wp-content\/uploads\/2023\/11\/WhatsApp-Image-2023-01-11-at-23.18.29-1-300x225.jpeg 300w, https:\/\/germanperaire.com\/wp-content\/uploads\/2023\/11\/WhatsApp-Image-2023-01-11-at-23.18.29-1-1024x769.jpeg 1024w, https:\/\/germanperaire.com\/wp-content\/uploads\/2023\/11\/WhatsApp-Image-2023-01-11-at-23.18.29-1-768x576.jpeg 768w, https:\/\/germanperaire.com\/wp-content\/uploads\/2023\/11\/WhatsApp-Image-2023-01-11-at-23.18.29-1-1536x1153.jpeg 1536w, https:\/\/germanperaire.com\/wp-content\/uploads\/2023\/11\/WhatsApp-Image-2023-01-11-at-23.18.29-1-200x150.jpeg 200w, https:\/\/germanperaire.com\/wp-content\/uploads\/2023\/11\/WhatsApp-Image-2023-01-11-at-23.18.29-1-1568x1177.jpeg 1568w, https:\/\/germanperaire.com\/wp-content\/uploads\/2023\/11\/WhatsApp-Image-2023-01-11-at-23.18.29-1-600x450.jpeg 600w, https:\/\/germanperaire.com\/wp-content\/uploads\/2023\/11\/WhatsApp-Image-2023-01-11-at-23.18.29-1.jpeg 1600w\" sizes=\"(max-width: 300px) 100vw, 300px\" \/><\/div>\n<div><\/div>\n<div>To concentrate on the course experience, we have a kitchen service with tasty, healthy, local and seasonal dishes. The service includes breakfast, lunch, and dinner, as well as vegetarian\/vegan alternatives upon request. <strong>Please make sure you inform us of any allergies or intolerance of other issues well in advance.<\/strong> Otherwise, we won\u2019t be able to satisfy your requests. Please note there will be one single person cooking with love for us, and alternative dishes are hard and time-consuming to prepare.<\/div>\n<div><\/div>\n<div><img loading=\"lazy\" decoding=\"async\" class=\"alignnone size-medium wp-image-78443\" src=\"https:\/\/germanperaire.com\/wp-content\/uploads\/2023\/11\/Plats-cuina-244x300.jpeg\" alt=\"\" width=\"244\" height=\"300\" srcset=\"https:\/\/germanperaire.com\/wp-content\/uploads\/2023\/11\/Plats-cuina-244x300.jpeg 244w, https:\/\/germanperaire.com\/wp-content\/uploads\/2023\/11\/Plats-cuina-832x1024.jpeg 832w, https:\/\/germanperaire.com\/wp-content\/uploads\/2023\/11\/Plats-cuina-768x945.jpeg 768w, https:\/\/germanperaire.com\/wp-content\/uploads\/2023\/11\/Plats-cuina-200x246.jpeg 200w, https:\/\/germanperaire.com\/wp-content\/uploads\/2023\/11\/Plats-cuina-300x369.jpeg 300w, https:\/\/germanperaire.com\/wp-content\/uploads\/2023\/11\/Plats-cuina-600x739.jpeg 600w, https:\/\/germanperaire.com\/wp-content\/uploads\/2023\/11\/Plats-cuina.jpeg 1200w\" sizes=\"(max-width: 244px) 100vw, 244px\" \/><\/div>\n<div><\/div>\n<h4>Booking the meals and accommodation service<\/h4>\n<div>The price for the meals and accommodation service is <strong>770\u20ac<\/strong> for the whole course from the day before til the morning after. This is paid separately from the course fee &#8211; <strong><a href=\"https:\/\/germanperaire.com\/en\/contact-us\/\">mail us<\/a> for booking.<\/strong> Lunch on the day off is not included, as we&#8217;ll probably eat at a restaurant.<\/div>\n","protected":false},"excerpt":{"rendered":"<div><\/div>\n<div><span class=\"il\">Level<\/span>\u00a0<span class=\"il\">1<\/span> is a 60-hour course with a maximum of 7 students and costs \u20ac1050, which includes materials and most tools. It takes place in Germ\u00e1n&#8217;s workshop, located in Montserrat&#8217;s Holistic Research Institute (<a href=\"http:\/\/www.irehom.org\/\" target=\"_blank\" rel=\"noopener\" data-saferedirecturl=\"https:\/\/www.google.com\/url?q=http:\/\/www.irehom.org\/&amp;source=gmail&amp;ust=1709304946812000&amp;usg=AOvVaw08Ir0g9uGaWv9HNqSJfgIh\">www.irehom.org<\/a>), a privileged location in the forest near Montserrat, at a 50-minute drive from Barcelona. There is also a railway connection.<\/div>\n<div><\/div>\n<div>\n<p>GPS location:\u00a0<a href=\"https:\/\/www.google.com\/maps\/place\/Can+Casassaies\/@41.669937,1.8083939,15z\/data=!4m5!3m4!1s0x0:0xed82d2302c6cb71a!8m2!3d41.6699289!4d1.8083938\" target=\"_blank\" rel=\"noopener\" data-saferedirecturl=\"https:\/\/www.google.com\/url?q=https:\/\/www.google.com\/maps\/place\/Can%2BCasassaies\/@41.669937,1.8083939,15z\/data%3D!4m5!3m4!1s0x0:0xed82d2302c6cb71a!8m2!3d41.6699289!4d1.8083938&amp;source=gmail&amp;ust=1709304946812000&amp;usg=AOvVaw3XRxpJNz_vl3tX6HC5tVGB\">https:\/\/www.google.<wbr \/>com\/maps\/place\/Can+Casassaies\/<wbr \/>@41.669937,<span class=\"il\">1<\/span>.8083939,15z\/data=<wbr \/>!4m5!3m4!1s0x0:<wbr \/>0xed82d2302c6cb71a!8m2!3d41.<wbr \/>6699289!4d1.8083938<\/a><\/p>\n<\/div>\n","protected":false},"featured_media":77104,"template":"","meta":[],"product_brand":[],"product_cat":[141],"product_tag":[],"class_list":{"0":"post-79743","1":"product","2":"type-product","3":"status-publish","4":"has-post-thumbnail","6":"product_cat-on-site-courses","8":"first","9":"outofstock","10":"taxable","11":"shipping-taxable","12":"purchasable","13":"product-type-variable","14":"litho-product-5col"},"yoast_head":"<!-- This site is optimized with the Yoast SEO plugin v26.6 - https:\/\/yoast.com\/wordpress\/plugins\/seo\/ -->\n<title>Curso de ebanister\u00eda para principiantes - Germ\u00e1n Peraire<\/title>\n<meta name=\"description\" content=\"Curso de ebanister\u00eda para principiantes. Empieza a conocer este mundo, las herramientas que usar\u00e1s y las t\u00e9cnicas m\u00e1s comunes.\" \/>\n<meta name=\"robots\" content=\"index, follow, max-snippet:-1, max-image-preview:large, max-video-preview:-1\" \/>\n<link rel=\"canonical\" href=\"https:\/\/germanperaire.com\/producto\/international-spring-intensive-2025-level-1\/\" \/>\n<meta property=\"og:locale\" content=\"en_US\" \/>\n<meta property=\"og:type\" content=\"article\" \/>\n<meta property=\"og:title\" content=\"Curso de ebanister\u00eda para principiantes - Germ\u00e1n Peraire\" \/>\n<meta property=\"og:description\" content=\"Curso de ebanister\u00eda para principiantes. Empieza a conocer este mundo, las herramientas que usar\u00e1s y las t\u00e9cnicas m\u00e1s comunes.\" \/>\n<meta property=\"og:url\" content=\"https:\/\/germanperaire.com\/producto\/international-spring-intensive-2025-level-1\/\" \/>\n<meta property=\"og:site_name\" content=\"Germ\u00e1n Peraire\" \/>\n<meta property=\"article:modified_time\" content=\"2026-03-19T15:39:19+00:00\" \/>\n<meta property=\"og:image\" content=\"https:\/\/germanperaire.com\/wp-content\/uploads\/2023\/10\/N1-7.jpg\" \/>\n\t<meta property=\"og:image:width\" content=\"800\" \/>\n\t<meta property=\"og:image:height\" content=\"800\" \/>\n\t<meta property=\"og:image:type\" content=\"image\/jpeg\" \/>\n<meta name=\"twitter:card\" content=\"summary_large_image\" \/>\n<meta name=\"twitter:label1\" content=\"Est. reading time\" \/>\n\t<meta name=\"twitter:data1\" content=\"4 minutes\" \/>\n<script type=\"application\/ld+json\" class=\"yoast-schema-graph\">{\"@context\":\"https:\/\/schema.org\",\"@graph\":[{\"@type\":\"WebPage\",\"@id\":\"https:\/\/germanperaire.com\/producto\/international-spring-intensive-2025-level-1\/\",\"url\":\"https:\/\/germanperaire.com\/producto\/international-spring-intensive-2025-level-1\/\",\"name\":\"Curso de ebanister\u00eda para principiantes - Germ\u00e1n Peraire\",\"isPartOf\":{\"@id\":\"https:\/\/germanperaire.com\/#website\"},\"primaryImageOfPage\":{\"@id\":\"https:\/\/germanperaire.com\/producto\/international-spring-intensive-2025-level-1\/#primaryimage\"},\"image\":{\"@id\":\"https:\/\/germanperaire.com\/producto\/international-spring-intensive-2025-level-1\/#primaryimage\"},\"thumbnailUrl\":\"https:\/\/germanperaire.com\/wp-content\/uploads\/2023\/10\/N1-7.jpg\",\"datePublished\":\"2024-09-14T10:43:50+00:00\",\"dateModified\":\"2026-03-19T15:39:19+00:00\",\"description\":\"Curso de ebanister\u00eda para principiantes. Empieza a conocer este mundo, las herramientas que usar\u00e1s y las t\u00e9cnicas m\u00e1s comunes.\",\"breadcrumb\":{\"@id\":\"https:\/\/germanperaire.com\/producto\/international-spring-intensive-2025-level-1\/#breadcrumb\"},\"inLanguage\":\"en-US\",\"potentialAction\":[{\"@type\":\"ReadAction\",\"target\":[\"https:\/\/germanperaire.com\/producto\/international-spring-intensive-2025-level-1\/\"]}]},{\"@type\":\"ImageObject\",\"inLanguage\":\"en-US\",\"@id\":\"https:\/\/germanperaire.com\/producto\/international-spring-intensive-2025-level-1\/#primaryimage\",\"url\":\"https:\/\/germanperaire.com\/wp-content\/uploads\/2023\/10\/N1-7.jpg\",\"contentUrl\":\"https:\/\/germanperaire.com\/wp-content\/uploads\/2023\/10\/N1-7.jpg\",\"width\":800,\"height\":800},{\"@type\":\"BreadcrumbList\",\"@id\":\"https:\/\/germanperaire.com\/producto\/international-spring-intensive-2025-level-1\/#breadcrumb\",\"itemListElement\":[{\"@type\":\"ListItem\",\"position\":1,\"name\":\"Portada\",\"item\":\"https:\/\/germanperaire.com\/en\/\"},{\"@type\":\"ListItem\",\"position\":2,\"name\":\"Productes\",\"item\":\"https:\/\/germanperaire.com\/ca\/shop\/\"},{\"@type\":\"ListItem\",\"position\":3,\"name\":\"2026 International Summer Intensive &#8211; Level 1\"}]},{\"@type\":\"WebSite\",\"@id\":\"https:\/\/germanperaire.com\/#website\",\"url\":\"https:\/\/germanperaire.com\/\",\"name\":\"Germ\u00e1n Peraire - Ebanister\u00eda de Autor\",\"description\":\"Construction of solid wood furniture. I make my own designs as well as custom orders.\",\"publisher\":{\"@id\":\"https:\/\/germanperaire.com\/#organization\"},\"alternateName\":\"Germ\u00e1n Peraire - Ebanister\u00eda de Autor\",\"potentialAction\":[{\"@type\":\"SearchAction\",\"target\":{\"@type\":\"EntryPoint\",\"urlTemplate\":\"https:\/\/germanperaire.com\/?s={search_term_string}\"},\"query-input\":{\"@type\":\"PropertyValueSpecification\",\"valueRequired\":true,\"valueName\":\"search_term_string\"}}],\"inLanguage\":\"en-US\"},{\"@type\":\"Organization\",\"@id\":\"https:\/\/germanperaire.com\/#organization\",\"name\":\"Germ\u00e1n Peraire - Ebanister\u00eda de Autor\",\"alternateName\":\"Germ\u00e1n Peraire - Ebanister\u00eda de Autor\",\"url\":\"https:\/\/germanperaire.com\/\",\"logo\":{\"@type\":\"ImageObject\",\"inLanguage\":\"en-US\",\"@id\":\"https:\/\/germanperaire.com\/#\/schema\/logo\/image\/\",\"url\":\"https:\/\/germanperaire.com\/wp-content\/uploads\/2021\/06\/logo-header.png\",\"contentUrl\":\"https:\/\/germanperaire.com\/wp-content\/uploads\/2021\/06\/logo-header.png\",\"width\":220,\"height\":42,\"caption\":\"Germ\u00e1n Peraire - Ebanister\u00eda de Autor\"},\"image\":{\"@id\":\"https:\/\/germanperaire.com\/#\/schema\/logo\/image\/\"},\"sameAs\":[\"https:\/\/instagram.com\/germanperaire\"]}]}<\/script>\n<!-- \/ Yoast SEO plugin. -->","yoast_head_json":{"title":"Curso de ebanister\u00eda para principiantes - Germ\u00e1n Peraire","description":"Curso de ebanister\u00eda para principiantes. Empieza a conocer este mundo, las herramientas que usar\u00e1s y las t\u00e9cnicas m\u00e1s comunes.","robots":{"index":"index","follow":"follow","max-snippet":"max-snippet:-1","max-image-preview":"max-image-preview:large","max-video-preview":"max-video-preview:-1"},"canonical":"https:\/\/germanperaire.com\/producto\/international-spring-intensive-2025-level-1\/","og_locale":"en_US","og_type":"article","og_title":"Curso de ebanister\u00eda para principiantes - Germ\u00e1n Peraire","og_description":"Curso de ebanister\u00eda para principiantes. Empieza a conocer este mundo, las herramientas que usar\u00e1s y las t\u00e9cnicas m\u00e1s comunes.","og_url":"https:\/\/germanperaire.com\/producto\/international-spring-intensive-2025-level-1\/","og_site_name":"Germ\u00e1n Peraire","article_modified_time":"2026-03-19T15:39:19+00:00","og_image":[{"width":800,"height":800,"url":"https:\/\/germanperaire.com\/wp-content\/uploads\/2023\/10\/N1-7.jpg","type":"image\/jpeg"}],"twitter_card":"summary_large_image","twitter_misc":{"Est. reading time":"4 minutes"},"schema":{"@context":"https:\/\/schema.org","@graph":[{"@type":"WebPage","@id":"https:\/\/germanperaire.com\/producto\/international-spring-intensive-2025-level-1\/","url":"https:\/\/germanperaire.com\/producto\/international-spring-intensive-2025-level-1\/","name":"Curso de ebanister\u00eda para principiantes - Germ\u00e1n Peraire","isPartOf":{"@id":"https:\/\/germanperaire.com\/#website"},"primaryImageOfPage":{"@id":"https:\/\/germanperaire.com\/producto\/international-spring-intensive-2025-level-1\/#primaryimage"},"image":{"@id":"https:\/\/germanperaire.com\/producto\/international-spring-intensive-2025-level-1\/#primaryimage"},"thumbnailUrl":"https:\/\/germanperaire.com\/wp-content\/uploads\/2023\/10\/N1-7.jpg","datePublished":"2024-09-14T10:43:50+00:00","dateModified":"2026-03-19T15:39:19+00:00","description":"Curso de ebanister\u00eda para principiantes. Empieza a conocer este mundo, las herramientas que usar\u00e1s y las t\u00e9cnicas m\u00e1s comunes.","breadcrumb":{"@id":"https:\/\/germanperaire.com\/producto\/international-spring-intensive-2025-level-1\/#breadcrumb"},"inLanguage":"en-US","potentialAction":[{"@type":"ReadAction","target":["https:\/\/germanperaire.com\/producto\/international-spring-intensive-2025-level-1\/"]}]},{"@type":"ImageObject","inLanguage":"en-US","@id":"https:\/\/germanperaire.com\/producto\/international-spring-intensive-2025-level-1\/#primaryimage","url":"https:\/\/germanperaire.com\/wp-content\/uploads\/2023\/10\/N1-7.jpg","contentUrl":"https:\/\/germanperaire.com\/wp-content\/uploads\/2023\/10\/N1-7.jpg","width":800,"height":800},{"@type":"BreadcrumbList","@id":"https:\/\/germanperaire.com\/producto\/international-spring-intensive-2025-level-1\/#breadcrumb","itemListElement":[{"@type":"ListItem","position":1,"name":"Portada","item":"https:\/\/germanperaire.com\/en\/"},{"@type":"ListItem","position":2,"name":"Productes","item":"https:\/\/germanperaire.com\/ca\/shop\/"},{"@type":"ListItem","position":3,"name":"2026 International Summer Intensive &#8211; Level 1"}]},{"@type":"WebSite","@id":"https:\/\/germanperaire.com\/#website","url":"https:\/\/germanperaire.com\/","name":"Germ\u00e1n Peraire - Ebanister\u00eda de Autor","description":"Construction of solid wood furniture. I make my own designs as well as custom orders.","publisher":{"@id":"https:\/\/germanperaire.com\/#organization"},"alternateName":"Germ\u00e1n Peraire - Ebanister\u00eda de Autor","potentialAction":[{"@type":"SearchAction","target":{"@type":"EntryPoint","urlTemplate":"https:\/\/germanperaire.com\/?s={search_term_string}"},"query-input":{"@type":"PropertyValueSpecification","valueRequired":true,"valueName":"search_term_string"}}],"inLanguage":"en-US"},{"@type":"Organization","@id":"https:\/\/germanperaire.com\/#organization","name":"Germ\u00e1n Peraire - Ebanister\u00eda de Autor","alternateName":"Germ\u00e1n Peraire - Ebanister\u00eda de Autor","url":"https:\/\/germanperaire.com\/","logo":{"@type":"ImageObject","inLanguage":"en-US","@id":"https:\/\/germanperaire.com\/#\/schema\/logo\/image\/","url":"https:\/\/germanperaire.com\/wp-content\/uploads\/2021\/06\/logo-header.png","contentUrl":"https:\/\/germanperaire.com\/wp-content\/uploads\/2021\/06\/logo-header.png","width":220,"height":42,"caption":"Germ\u00e1n Peraire - Ebanister\u00eda de Autor"},"image":{"@id":"https:\/\/germanperaire.com\/#\/schema\/logo\/image\/"},"sameAs":["https:\/\/instagram.com\/germanperaire"]}]}},"_links":{"self":[{"href":"https:\/\/germanperaire.com\/en\/wp-json\/wp\/v2\/product\/79743","targetHints":{"allow":["GET"]}}],"collection":[{"href":"https:\/\/germanperaire.com\/en\/wp-json\/wp\/v2\/product"}],"about":[{"href":"https:\/\/germanperaire.com\/en\/wp-json\/wp\/v2\/types\/product"}],"wp:featuredmedia":[{"embeddable":true,"href":"https:\/\/germanperaire.com\/en\/wp-json\/wp\/v2\/media\/77104"}],"wp:attachment":[{"href":"https:\/\/germanperaire.com\/en\/wp-json\/wp\/v2\/media?parent=79743"}],"wp:term":[{"taxonomy":"product_brand","embeddable":true,"href":"https:\/\/germanperaire.com\/en\/wp-json\/wp\/v2\/product_brand?post=79743"},{"taxonomy":"product_cat","embeddable":true,"href":"https:\/\/germanperaire.com\/en\/wp-json\/wp\/v2\/product_cat?post=79743"},{"taxonomy":"product_tag","embeddable":true,"href":"https:\/\/germanperaire.com\/en\/wp-json\/wp\/v2\/product_tag?post=79743"}],"curies":[{"name":"wp","href":"https:\/\/api.w.org\/{rel}","templated":true}]}}