{"id":78429,"date":"2023-11-17T18:46:16","date_gmt":"2023-11-17T17:46:16","guid":{"rendered":"https:\/\/germanperaire.com\/?post_type=product&#038;p=78429"},"modified":"2025-12-25T14:59:37","modified_gmt":"2025-12-25T13:59:37","slug":"international-summer-intensive-level-2","status":"publish","type":"product","link":"https:\/\/germanperaire.com\/en\/product\/international-summer-intensive-level-2\/","title":{"rendered":"2026 International Autumn Intensive &#8211; Level 2"},"content":{"rendered":"<p><strong>SPECIFIC INFO<\/strong><\/p>\n<div><b>Language:\u00a0<\/b>English<\/div>\n<div><b>Price:<\/b> 1280\u20ac<\/div>\n<div><b>Dates:\u00a0<\/b>September 2nd &#8211; 13th, 2026<\/div>\n<div><b>Location:\u00a0<\/b>Germ\u00e1n&#8217;s country workshop near Barcelona, Catalonia, Spain. https:\/\/www.google.com\/maps\/place\/Can+Casassaies\/@41.669937,1.8083939,15z\/data=!4m5!3m4!1s0x0:0xed82d2302c6cb71a!8m2!3d41.6699289!4d1.8083938<\/div>\n<div><b>Food and<\/b><strong>\u00a0accommodation:<\/strong>\u00a0available. Contact us for booking.<\/div>\n<p>&nbsp;<\/p>\n<p><iframe title=\"YouTube video player\" src=\"https:\/\/www.youtube.com\/embed\/CSktEvVhin8?si=VnZhj0xiiu5h-jDj\" width=\"560\" height=\"315\" frameborder=\"0\" allowfullscreen=\"allowfullscreen\" data-mce-fragment=\"1\"><\/iframe><\/p>\n<p>&nbsp;<\/p>\n<p><strong>CONTENTS<\/strong><\/p>\n<p>During the course, we will build a small tool cabinet and dive deep into the following contents:<\/p>\n<div>&#8211; Carcass work. Dowelling, dominoes, dovetailing and other solutions. (We&#8217;ll use dowelling but will discuss and see examples of all the options).<br \/>\n&#8211; Cabinet doors: frame-and-panel work<br \/>\n&#8211; Cabinet backs: shiplap<br \/>\n&#8211; Traditional drawer making and fitting<br \/>\n&#8211; Hanging methods<\/div>\n<div>&#8211; Furniture visit: Germ\u00e1n will take you to his place and show alternative examples of construction discussed during the course.<\/div>\n<p>&nbsp;<\/p>\n<div><\/div>\n<div><\/div>\n<div><\/div>\n<div><b><span style=\"font-size: large;\">SCHEDULE<\/span><\/b><b><\/b><\/div>\n<div>Arrival: September 1st 2026, afternoon<\/div>\n<div>Course: September 2nd &#8211; 13th, 2026<\/div>\n<div>Suggested departure: September 14th, morning<\/div>\n<div>Daily schedule 9:30 to 18:00, with a lunch pause<\/div>\n<div><\/div>\n<div><b>On Sunday <\/b>6th, we&#8217;ll enjoy a day off, walk in nature and visit Germ\u00e1n&#8217;s furniture.<\/div>\n<div><\/div>\n<div>\n<p>&nbsp;<\/p>\n<div><\/div>\n<div><\/div>\n<div><\/div>\n<div><b><span style=\"font-size: large;\">S<\/span><\/b><b><span style=\"font-size: large;\">TUDENT&#8217;S REQUISITES<\/span><\/b><\/div>\n<\/div>\n<div><\/div>\n<div>You must know the essential use of chisels, saws, hand planes, mortise-and-tenon joinery, and dovetailing. If you are not sure of your skills, I recommend you attend Level 1. Otherwise, you might find the experience frustrating.<\/div>\n<div>You must bring your own ear and eye protection. I strongly recommend the use of closed shoes for safety.<\/div>\n<p>&nbsp;<\/p>\n<p>&nbsp;<\/p>\n<div><span style=\"font-size: large;\"><b>BOOKING INFORMATION (course only<strong>; meals and accommodation are handled separately<\/strong>)<\/b><\/span><\/div>\n<div>\n<div>\n<ul>\n<li>Please note that booking accommodation and food service must be done separately (details below in the <i>Food and Accommodation<\/i>\u00a0section).<\/li>\n<li>Reservations are made upon course purchase. You can optionally make your reservation by making a 50% (\u20ac640) payment via bank transfer. This payment is non-refundable.<\/li>\n<li>Payment for the remaining 50% will be made at least 30 days before the start of the workshop. If you do not meet this deadline, your reservation will be postponed to the next call.<\/li>\n<li>If you are a<b>\u00a0professional client in Spain<\/b>, let me know before payment to apply the corresponding tax withholding.<\/li>\n<li>If you leave your place empty without prior notice, you will not be able to recover the hours lost or the cost of the course.<\/li>\n<li>Days lost due to non-attendance cannot be recovered.<\/li>\n<\/ul>\n<p>&nbsp;<\/p>\n<\/div>\n<\/div>\n<div>\n<div><span style=\"font-size: large;\"><b>MEALS AND ACCOMMODATION (additional service, paid separately)<\/b><\/span><\/div>\n<div>\n<div><\/div>\n<\/div>\n<\/div>\n<div>\n<div>\n<div><span style=\"color: #000000;\">In intensive courses, we have accommodation in the same compound. It is an exceptional opportunity to interact with classmates and teachers! In our free time, we find moments to exchange impressions, get to know each other and continue sharing.<\/span><\/div>\n<\/div>\n<div><\/div>\n<div><span style=\"color: #000000;\">The accommodation facilities are 25 m2 tiny houses with two levels, double and single beds. Depending on the number of students, you may have to share it with another person on some exceptional days (it has never happened yet), although the space is sufficient to maintain some privacy.<\/span><\/div>\n<div><\/div>\n<div><img fetchpriority=\"high\" decoding=\"async\" class=\"alignnone size-medium wp-image-78434\" src=\"https:\/\/germanperaire.com\/wp-content\/uploads\/2023\/11\/WhatsApp-Image-2023-01-11-at-19.14.04-300x225.jpeg\" alt=\"\" width=\"300\" height=\"225\" srcset=\"https:\/\/germanperaire.com\/wp-content\/uploads\/2023\/11\/WhatsApp-Image-2023-01-11-at-19.14.04-300x225.jpeg 300w, https:\/\/germanperaire.com\/wp-content\/uploads\/2023\/11\/WhatsApp-Image-2023-01-11-at-19.14.04-1024x768.jpeg 1024w, https:\/\/germanperaire.com\/wp-content\/uploads\/2023\/11\/WhatsApp-Image-2023-01-11-at-19.14.04-768x576.jpeg 768w, https:\/\/germanperaire.com\/wp-content\/uploads\/2023\/11\/WhatsApp-Image-2023-01-11-at-19.14.04-1536x1152.jpeg 1536w, https:\/\/germanperaire.com\/wp-content\/uploads\/2023\/11\/WhatsApp-Image-2023-01-11-at-19.14.04-200x150.jpeg 200w, https:\/\/germanperaire.com\/wp-content\/uploads\/2023\/11\/WhatsApp-Image-2023-01-11-at-19.14.04-1568x1176.jpeg 1568w, https:\/\/germanperaire.com\/wp-content\/uploads\/2023\/11\/WhatsApp-Image-2023-01-11-at-19.14.04-600x450.jpeg 600w, https:\/\/germanperaire.com\/wp-content\/uploads\/2023\/11\/WhatsApp-Image-2023-01-11-at-19.14.04.jpeg 1600w\" sizes=\"(max-width: 300px) 100vw, 300px\" \/> <img decoding=\"async\" class=\"alignnone size-medium wp-image-78437\" src=\"https:\/\/germanperaire.com\/wp-content\/uploads\/2023\/11\/WhatsApp-Image-2023-01-11-at-23.18.29-300x225.jpeg\" alt=\"\" width=\"300\" height=\"225\" srcset=\"https:\/\/germanperaire.com\/wp-content\/uploads\/2023\/11\/WhatsApp-Image-2023-01-11-at-23.18.29-300x225.jpeg 300w, https:\/\/germanperaire.com\/wp-content\/uploads\/2023\/11\/WhatsApp-Image-2023-01-11-at-23.18.29-1024x768.jpeg 1024w, https:\/\/germanperaire.com\/wp-content\/uploads\/2023\/11\/WhatsApp-Image-2023-01-11-at-23.18.29-768x576.jpeg 768w, https:\/\/germanperaire.com\/wp-content\/uploads\/2023\/11\/WhatsApp-Image-2023-01-11-at-23.18.29-1536x1152.jpeg 1536w, https:\/\/germanperaire.com\/wp-content\/uploads\/2023\/11\/WhatsApp-Image-2023-01-11-at-23.18.29-200x150.jpeg 200w, https:\/\/germanperaire.com\/wp-content\/uploads\/2023\/11\/WhatsApp-Image-2023-01-11-at-23.18.29-1568x1176.jpeg 1568w, https:\/\/germanperaire.com\/wp-content\/uploads\/2023\/11\/WhatsApp-Image-2023-01-11-at-23.18.29-600x450.jpeg 600w, https:\/\/germanperaire.com\/wp-content\/uploads\/2023\/11\/WhatsApp-Image-2023-01-11-at-23.18.29.jpeg 1600w\" sizes=\"(max-width: 300px) 100vw, 300px\" \/> <img decoding=\"async\" class=\"alignnone size-medium wp-image-78440\" src=\"https:\/\/germanperaire.com\/wp-content\/uploads\/2023\/11\/WhatsApp-Image-2023-01-11-at-23.18.29-1-300x225.jpeg\" alt=\"\" width=\"300\" height=\"225\" srcset=\"https:\/\/germanperaire.com\/wp-content\/uploads\/2023\/11\/WhatsApp-Image-2023-01-11-at-23.18.29-1-300x225.jpeg 300w, https:\/\/germanperaire.com\/wp-content\/uploads\/2023\/11\/WhatsApp-Image-2023-01-11-at-23.18.29-1-1024x769.jpeg 1024w, https:\/\/germanperaire.com\/wp-content\/uploads\/2023\/11\/WhatsApp-Image-2023-01-11-at-23.18.29-1-768x576.jpeg 768w, https:\/\/germanperaire.com\/wp-content\/uploads\/2023\/11\/WhatsApp-Image-2023-01-11-at-23.18.29-1-1536x1153.jpeg 1536w, https:\/\/germanperaire.com\/wp-content\/uploads\/2023\/11\/WhatsApp-Image-2023-01-11-at-23.18.29-1-200x150.jpeg 200w, https:\/\/germanperaire.com\/wp-content\/uploads\/2023\/11\/WhatsApp-Image-2023-01-11-at-23.18.29-1-1568x1177.jpeg 1568w, https:\/\/germanperaire.com\/wp-content\/uploads\/2023\/11\/WhatsApp-Image-2023-01-11-at-23.18.29-1-600x450.jpeg 600w, https:\/\/germanperaire.com\/wp-content\/uploads\/2023\/11\/WhatsApp-Image-2023-01-11-at-23.18.29-1.jpeg 1600w\" sizes=\"(max-width: 300px) 100vw, 300px\" \/><\/div>\n<div><\/div>\n<div>To concentrate on the course experience, we have a kitchen service with tasty, healthy, local and seasonal dishes. The service includes breakfast, lunch, and dinner, as well as vegetarian\/vegan alternatives upon request. <strong>Please make sure you inform us of any allergies or intolerance of other issues well in advance.<\/strong> Otherwise, we won\u2019t be able to satisfy your requests. Please note there will be one single person cooking with love for us, and alternative dishes are hard and time-consuming to prepare.<\/div>\n<div><\/div>\n<div><img loading=\"lazy\" decoding=\"async\" class=\"alignnone size-medium wp-image-78443\" src=\"https:\/\/germanperaire.com\/wp-content\/uploads\/2023\/11\/Plats-cuina-244x300.jpeg\" alt=\"\" width=\"244\" height=\"300\" srcset=\"https:\/\/germanperaire.com\/wp-content\/uploads\/2023\/11\/Plats-cuina-244x300.jpeg 244w, https:\/\/germanperaire.com\/wp-content\/uploads\/2023\/11\/Plats-cuina-832x1024.jpeg 832w, https:\/\/germanperaire.com\/wp-content\/uploads\/2023\/11\/Plats-cuina-768x945.jpeg 768w, https:\/\/germanperaire.com\/wp-content\/uploads\/2023\/11\/Plats-cuina-200x246.jpeg 200w, https:\/\/germanperaire.com\/wp-content\/uploads\/2023\/11\/Plats-cuina-300x369.jpeg 300w, https:\/\/germanperaire.com\/wp-content\/uploads\/2023\/11\/Plats-cuina-600x739.jpeg 600w, https:\/\/germanperaire.com\/wp-content\/uploads\/2023\/11\/Plats-cuina.jpeg 1200w\" sizes=\"(max-width: 244px) 100vw, 244px\" \/><\/div>\n<div><\/div>\n<div><\/div>\n<h4><span style=\"font-size: large;\"><b>Booking the meals and accommodation service<\/b><\/span><\/h4>\n<div>The price for the meals and accommodation service is <strong>910\u20ac<\/strong> for the whole course from the day before til the morning after. This is paid separately from the course fee &#8211; <strong><a href=\"https:\/\/germanperaire.com\/en\/contact-us\/\">mail us<\/a> for booking.<\/strong> Lunch on the day off is not included, as we&#8217;ll probably eat at a restaurant.<\/div>\n<\/div>\n","protected":false},"excerpt":{"rendered":"<div><\/div>\n<div><\/div>\n<div>Level 2 is a 70-hour course with a maximum of 8 students and costs \u20ac1280, which includes materials and tools. It takes place in Germ\u00e1n&#8217;s workshop, located in Montserrat&#8217;s Holistic Research Institute (<a href=\"http:\/\/www.irehom.org\/\" target=\"_blank\" rel=\"noopener\" data-saferedirecturl=\"https:\/\/www.google.com\/url?q=http:\/\/www.irehom.org\/&amp;source=gmail&amp;ust=1700329711294000&amp;usg=AOvVaw2zUrIR5eWMWKrH9U8hFvDV\">www.irehom.org<\/a>), a privileged location in the forest near Montserrat, at a 50-minute drive from Barcelona. There is also a railway connection.<\/div>\n","protected":false},"featured_media":77541,"template":"","meta":[],"product_brand":[],"product_cat":[141],"product_tag":[],"class_list":{"0":"post-78429","1":"product","2":"type-product","3":"status-publish","4":"has-post-thumbnail","6":"product_cat-on-site-courses","8":"first","9":"instock","10":"taxable","11":"shipping-taxable","12":"purchasable","13":"product-type-variable","14":"litho-product-5col"},"yoast_head":"<!-- This site is optimized with the Yoast SEO plugin v26.6 - https:\/\/yoast.com\/wordpress\/plugins\/seo\/ -->\n<title>2026 International Autumn Intensive - Level 2 - Germ\u00e1n Peraire<\/title>\n<meta name=\"description\" content=\"Si has hecho el curso de ebanister\u00eda de nivel 1, este m\u00e1s avanzado es ideal para reforzar lo ya aprendido profundizar m\u00e1s en este arte.\" \/>\n<meta name=\"robots\" content=\"index, follow, max-snippet:-1, max-image-preview:large, max-video-preview:-1\" \/>\n<link rel=\"canonical\" href=\"https:\/\/germanperaire.com\/producto\/international-summer-intensive-level-2\/\" \/>\n<meta property=\"og:locale\" content=\"en_US\" \/>\n<meta property=\"og:type\" content=\"article\" \/>\n<meta property=\"og:title\" content=\"2026 International Autumn Intensive - Level 2 - Germ\u00e1n Peraire\" \/>\n<meta property=\"og:description\" content=\"Si has hecho el curso de ebanister\u00eda de nivel 1, este m\u00e1s avanzado es ideal para reforzar lo ya aprendido profundizar m\u00e1s en este arte.\" \/>\n<meta property=\"og:url\" content=\"https:\/\/germanperaire.com\/producto\/international-summer-intensive-level-2\/\" \/>\n<meta property=\"og:site_name\" content=\"Germ\u00e1n Peraire\" \/>\n<meta property=\"article:modified_time\" content=\"2025-12-25T13:59:37+00:00\" \/>\n<meta property=\"og:image\" content=\"https:\/\/germanperaire.com\/wp-content\/uploads\/2023\/10\/N2-1bo.jpg\" \/>\n\t<meta property=\"og:image:width\" content=\"800\" \/>\n\t<meta property=\"og:image:height\" content=\"800\" \/>\n\t<meta property=\"og:image:type\" content=\"image\/jpeg\" \/>\n<meta name=\"twitter:card\" content=\"summary_large_image\" \/>\n<meta name=\"twitter:label1\" content=\"Est. reading time\" \/>\n\t<meta name=\"twitter:data1\" content=\"4 minutes\" \/>\n<script type=\"application\/ld+json\" class=\"yoast-schema-graph\">{\"@context\":\"https:\/\/schema.org\",\"@graph\":[{\"@type\":\"WebPage\",\"@id\":\"https:\/\/germanperaire.com\/producto\/international-summer-intensive-level-2\/\",\"url\":\"https:\/\/germanperaire.com\/producto\/international-summer-intensive-level-2\/\",\"name\":\"2026 International Autumn Intensive - Level 2 - Germ\u00e1n Peraire\",\"isPartOf\":{\"@id\":\"https:\/\/germanperaire.com\/#website\"},\"primaryImageOfPage\":{\"@id\":\"https:\/\/germanperaire.com\/producto\/international-summer-intensive-level-2\/#primaryimage\"},\"image\":{\"@id\":\"https:\/\/germanperaire.com\/producto\/international-summer-intensive-level-2\/#primaryimage\"},\"thumbnailUrl\":\"https:\/\/germanperaire.com\/wp-content\/uploads\/2023\/10\/N2-1bo.jpg\",\"datePublished\":\"2023-11-17T17:46:16+00:00\",\"dateModified\":\"2025-12-25T13:59:37+00:00\",\"description\":\"Si has hecho el curso de ebanister\u00eda de nivel 1, este m\u00e1s avanzado es ideal para reforzar lo ya aprendido profundizar m\u00e1s en este arte.\",\"breadcrumb\":{\"@id\":\"https:\/\/germanperaire.com\/producto\/international-summer-intensive-level-2\/#breadcrumb\"},\"inLanguage\":\"en-US\",\"potentialAction\":[{\"@type\":\"ReadAction\",\"target\":[\"https:\/\/germanperaire.com\/producto\/international-summer-intensive-level-2\/\"]}]},{\"@type\":\"ImageObject\",\"inLanguage\":\"en-US\",\"@id\":\"https:\/\/germanperaire.com\/producto\/international-summer-intensive-level-2\/#primaryimage\",\"url\":\"https:\/\/germanperaire.com\/wp-content\/uploads\/2023\/10\/N2-1bo.jpg\",\"contentUrl\":\"https:\/\/germanperaire.com\/wp-content\/uploads\/2023\/10\/N2-1bo.jpg\",\"width\":800,\"height\":800},{\"@type\":\"BreadcrumbList\",\"@id\":\"https:\/\/germanperaire.com\/producto\/international-summer-intensive-level-2\/#breadcrumb\",\"itemListElement\":[{\"@type\":\"ListItem\",\"position\":1,\"name\":\"Portada\",\"item\":\"https:\/\/germanperaire.com\/en\/\"},{\"@type\":\"ListItem\",\"position\":2,\"name\":\"Productes\",\"item\":\"https:\/\/germanperaire.com\/ca\/shop\/\"},{\"@type\":\"ListItem\",\"position\":3,\"name\":\"2026 International Autumn Intensive &#8211; Level 2\"}]},{\"@type\":\"WebSite\",\"@id\":\"https:\/\/germanperaire.com\/#website\",\"url\":\"https:\/\/germanperaire.com\/\",\"name\":\"Germ\u00e1n Peraire - Ebanister\u00eda de Autor\",\"description\":\"Construction of solid wood furniture. I make my own designs as well as custom orders.\",\"publisher\":{\"@id\":\"https:\/\/germanperaire.com\/#organization\"},\"alternateName\":\"Germ\u00e1n Peraire - Ebanister\u00eda de Autor\",\"potentialAction\":[{\"@type\":\"SearchAction\",\"target\":{\"@type\":\"EntryPoint\",\"urlTemplate\":\"https:\/\/germanperaire.com\/?s={search_term_string}\"},\"query-input\":{\"@type\":\"PropertyValueSpecification\",\"valueRequired\":true,\"valueName\":\"search_term_string\"}}],\"inLanguage\":\"en-US\"},{\"@type\":\"Organization\",\"@id\":\"https:\/\/germanperaire.com\/#organization\",\"name\":\"Germ\u00e1n Peraire - Ebanister\u00eda de Autor\",\"alternateName\":\"Germ\u00e1n Peraire - Ebanister\u00eda de Autor\",\"url\":\"https:\/\/germanperaire.com\/\",\"logo\":{\"@type\":\"ImageObject\",\"inLanguage\":\"en-US\",\"@id\":\"https:\/\/germanperaire.com\/#\/schema\/logo\/image\/\",\"url\":\"https:\/\/germanperaire.com\/wp-content\/uploads\/2021\/06\/logo-header.png\",\"contentUrl\":\"https:\/\/germanperaire.com\/wp-content\/uploads\/2021\/06\/logo-header.png\",\"width\":220,\"height\":42,\"caption\":\"Germ\u00e1n Peraire - Ebanister\u00eda de Autor\"},\"image\":{\"@id\":\"https:\/\/germanperaire.com\/#\/schema\/logo\/image\/\"},\"sameAs\":[\"https:\/\/instagram.com\/germanperaire\"]}]}<\/script>\n<!-- \/ Yoast SEO plugin. -->","yoast_head_json":{"title":"2026 International Autumn Intensive - Level 2 - Germ\u00e1n Peraire","description":"Si has hecho el curso de ebanister\u00eda de nivel 1, este m\u00e1s avanzado es ideal para reforzar lo ya aprendido profundizar m\u00e1s en este arte.","robots":{"index":"index","follow":"follow","max-snippet":"max-snippet:-1","max-image-preview":"max-image-preview:large","max-video-preview":"max-video-preview:-1"},"canonical":"https:\/\/germanperaire.com\/producto\/international-summer-intensive-level-2\/","og_locale":"en_US","og_type":"article","og_title":"2026 International Autumn Intensive - Level 2 - Germ\u00e1n Peraire","og_description":"Si has hecho el curso de ebanister\u00eda de nivel 1, este m\u00e1s avanzado es ideal para reforzar lo ya aprendido profundizar m\u00e1s en este arte.","og_url":"https:\/\/germanperaire.com\/producto\/international-summer-intensive-level-2\/","og_site_name":"Germ\u00e1n Peraire","article_modified_time":"2025-12-25T13:59:37+00:00","og_image":[{"width":800,"height":800,"url":"https:\/\/germanperaire.com\/wp-content\/uploads\/2023\/10\/N2-1bo.jpg","type":"image\/jpeg"}],"twitter_card":"summary_large_image","twitter_misc":{"Est. reading time":"4 minutes"},"schema":{"@context":"https:\/\/schema.org","@graph":[{"@type":"WebPage","@id":"https:\/\/germanperaire.com\/producto\/international-summer-intensive-level-2\/","url":"https:\/\/germanperaire.com\/producto\/international-summer-intensive-level-2\/","name":"2026 International Autumn Intensive - Level 2 - Germ\u00e1n Peraire","isPartOf":{"@id":"https:\/\/germanperaire.com\/#website"},"primaryImageOfPage":{"@id":"https:\/\/germanperaire.com\/producto\/international-summer-intensive-level-2\/#primaryimage"},"image":{"@id":"https:\/\/germanperaire.com\/producto\/international-summer-intensive-level-2\/#primaryimage"},"thumbnailUrl":"https:\/\/germanperaire.com\/wp-content\/uploads\/2023\/10\/N2-1bo.jpg","datePublished":"2023-11-17T17:46:16+00:00","dateModified":"2025-12-25T13:59:37+00:00","description":"Si has hecho el curso de ebanister\u00eda de nivel 1, este m\u00e1s avanzado es ideal para reforzar lo ya aprendido profundizar m\u00e1s en este arte.","breadcrumb":{"@id":"https:\/\/germanperaire.com\/producto\/international-summer-intensive-level-2\/#breadcrumb"},"inLanguage":"en-US","potentialAction":[{"@type":"ReadAction","target":["https:\/\/germanperaire.com\/producto\/international-summer-intensive-level-2\/"]}]},{"@type":"ImageObject","inLanguage":"en-US","@id":"https:\/\/germanperaire.com\/producto\/international-summer-intensive-level-2\/#primaryimage","url":"https:\/\/germanperaire.com\/wp-content\/uploads\/2023\/10\/N2-1bo.jpg","contentUrl":"https:\/\/germanperaire.com\/wp-content\/uploads\/2023\/10\/N2-1bo.jpg","width":800,"height":800},{"@type":"BreadcrumbList","@id":"https:\/\/germanperaire.com\/producto\/international-summer-intensive-level-2\/#breadcrumb","itemListElement":[{"@type":"ListItem","position":1,"name":"Portada","item":"https:\/\/germanperaire.com\/en\/"},{"@type":"ListItem","position":2,"name":"Productes","item":"https:\/\/germanperaire.com\/ca\/shop\/"},{"@type":"ListItem","position":3,"name":"2026 International Autumn Intensive &#8211; Level 2"}]},{"@type":"WebSite","@id":"https:\/\/germanperaire.com\/#website","url":"https:\/\/germanperaire.com\/","name":"Germ\u00e1n Peraire - Ebanister\u00eda de Autor","description":"Construction of solid wood furniture. I make my own designs as well as custom orders.","publisher":{"@id":"https:\/\/germanperaire.com\/#organization"},"alternateName":"Germ\u00e1n Peraire - Ebanister\u00eda de Autor","potentialAction":[{"@type":"SearchAction","target":{"@type":"EntryPoint","urlTemplate":"https:\/\/germanperaire.com\/?s={search_term_string}"},"query-input":{"@type":"PropertyValueSpecification","valueRequired":true,"valueName":"search_term_string"}}],"inLanguage":"en-US"},{"@type":"Organization","@id":"https:\/\/germanperaire.com\/#organization","name":"Germ\u00e1n Peraire - Ebanister\u00eda de Autor","alternateName":"Germ\u00e1n Peraire - Ebanister\u00eda de Autor","url":"https:\/\/germanperaire.com\/","logo":{"@type":"ImageObject","inLanguage":"en-US","@id":"https:\/\/germanperaire.com\/#\/schema\/logo\/image\/","url":"https:\/\/germanperaire.com\/wp-content\/uploads\/2021\/06\/logo-header.png","contentUrl":"https:\/\/germanperaire.com\/wp-content\/uploads\/2021\/06\/logo-header.png","width":220,"height":42,"caption":"Germ\u00e1n Peraire - Ebanister\u00eda de Autor"},"image":{"@id":"https:\/\/germanperaire.com\/#\/schema\/logo\/image\/"},"sameAs":["https:\/\/instagram.com\/germanperaire"]}]}},"_links":{"self":[{"href":"https:\/\/germanperaire.com\/en\/wp-json\/wp\/v2\/product\/78429","targetHints":{"allow":["GET"]}}],"collection":[{"href":"https:\/\/germanperaire.com\/en\/wp-json\/wp\/v2\/product"}],"about":[{"href":"https:\/\/germanperaire.com\/en\/wp-json\/wp\/v2\/types\/product"}],"wp:featuredmedia":[{"embeddable":true,"href":"https:\/\/germanperaire.com\/en\/wp-json\/wp\/v2\/media\/77541"}],"wp:attachment":[{"href":"https:\/\/germanperaire.com\/en\/wp-json\/wp\/v2\/media?parent=78429"}],"wp:term":[{"taxonomy":"product_brand","embeddable":true,"href":"https:\/\/germanperaire.com\/en\/wp-json\/wp\/v2\/product_brand?post=78429"},{"taxonomy":"product_cat","embeddable":true,"href":"https:\/\/germanperaire.com\/en\/wp-json\/wp\/v2\/product_cat?post=78429"},{"taxonomy":"product_tag","embeddable":true,"href":"https:\/\/germanperaire.com\/en\/wp-json\/wp\/v2\/product_tag?post=78429"}],"curies":[{"name":"wp","href":"https:\/\/api.w.org\/{rel}","templated":true}]}}