{"id":77571,"date":"2023-09-15T17:41:50","date_gmt":"2023-09-15T15:41:50","guid":{"rendered":"https:\/\/germanperaire.com\/product\/curso-presencial-tecnicas-avanzadas-de-sierra-cinta\/"},"modified":"2023-09-15T17:41:50","modified_gmt":"2023-09-15T15:41:50","slug":"curso-presencial-tecnicas-avanzadas-de-sierra-cinta","status":"publish","type":"product","link":"https:\/\/germanperaire.com\/en\/product\/curso-presencial-tecnicas-avanzadas-de-sierra-cinta\/","title":{"rendered":"T\u00e9cnicas avanzadas de sierra cinta"},"content":{"rendered":"","protected":false},"excerpt":{"rendered":"<p>La sierra cinta es una m\u00e1quina extraordinariamente vers\u00e1til y precisa. A lo largo de un fin de semana en mi propio taller (en el Institut de Recerca Hol\u00edstica de Montserrat, en plena naturaleza) veremos todo lo que hay que saber para sacarle el mejor partido:<\/p>\n<ul>\n<li>Anatom\u00eda, ajustes y mantenimiento de la m\u00e1quina.<\/li>\n<li>Tipos de cintas y sus caracter\u00edasticas.<\/li>\n<li>C\u00f3mo solventar problemas habituales de las m\u00e1quinas (deriva del corte, falta de precisi\u00f3n, aspiraci\u00f3n, etc.)<\/li>\n<li>Uniones: precisi\u00f3n y eficiencia en el trabajo por lotes. Caja y espiga y horquilla.<\/li>\n<li>Trabajo con gu\u00edas y otros complementos.<\/li>\n<\/ul>\n","protected":false},"featured_media":76909,"template":"","meta":[],"product_brand":[],"product_cat":[141],"product_tag":[],"class_list":{"0":"post-77571","1":"product","2":"type-product","3":"status-publish","4":"has-post-thumbnail","6":"product_cat-on-site-courses","8":"first","9":"instock","10":"virtual","11":"taxable","12":"purchasable","13":"product-type-simple","14":"litho-product-5col"},"yoast_head":"<!-- This site is optimized with the Yoast SEO plugin v26.6 - https:\/\/yoast.com\/wordpress\/plugins\/seo\/ -->\n<title>Curso presencial de t\u00e9cnicas avanzadas para sierra cinta - Germ\u00e1n Peraire<\/title>\n<meta name=\"description\" content=\"Si quieres entrar en el mundo de la ebanister\u00eda, la sierra cinta es una m\u00e1quina que tendr\u00e1s que usar. Ap\u00fantate al curso para aprender su uso.\" \/>\n<meta name=\"robots\" content=\"index, follow, max-snippet:-1, max-image-preview:large, max-video-preview:-1\" \/>\n<link rel=\"canonical\" href=\"https:\/\/germanperaire.com\/en\/product\/curso-presencial-tecnicas-avanzadas-de-sierra-cinta\/\" \/>\n<meta property=\"og:locale\" content=\"en_US\" \/>\n<meta property=\"og:type\" content=\"article\" \/>\n<meta property=\"og:title\" content=\"Curso presencial de t\u00e9cnicas avanzadas para sierra cinta - Germ\u00e1n Peraire\" \/>\n<meta property=\"og:description\" content=\"Si quieres entrar en el mundo de la ebanister\u00eda, la sierra cinta es una m\u00e1quina que tendr\u00e1s que usar. Ap\u00fantate al curso para aprender su uso.\" \/>\n<meta property=\"og:url\" content=\"https:\/\/germanperaire.com\/en\/product\/curso-presencial-tecnicas-avanzadas-de-sierra-cinta\/\" \/>\n<meta property=\"og:site_name\" content=\"Germ\u00e1n Peraire\" \/>\n<meta property=\"og:image\" content=\"https:\/\/germanperaire.com\/wp-content\/uploads\/2023\/09\/PROMO_SERRACINTA_CAS_1.jpg\" \/>\n\t<meta property=\"og:image:width\" content=\"600\" \/>\n\t<meta property=\"og:image:height\" content=\"600\" \/>\n\t<meta property=\"og:image:type\" content=\"image\/jpeg\" \/>\n<meta name=\"twitter:card\" content=\"summary_large_image\" \/>\n<script type=\"application\/ld+json\" class=\"yoast-schema-graph\">{\"@context\":\"https:\/\/schema.org\",\"@graph\":[{\"@type\":\"WebPage\",\"@id\":\"https:\/\/germanperaire.com\/en\/product\/curso-presencial-tecnicas-avanzadas-de-sierra-cinta\/\",\"url\":\"https:\/\/germanperaire.com\/en\/product\/curso-presencial-tecnicas-avanzadas-de-sierra-cinta\/\",\"name\":\"Curso presencial de t\u00e9cnicas avanzadas para sierra cinta - Germ\u00e1n Peraire\",\"isPartOf\":{\"@id\":\"https:\/\/germanperaire.com\/#website\"},\"primaryImageOfPage\":{\"@id\":\"https:\/\/germanperaire.com\/en\/product\/curso-presencial-tecnicas-avanzadas-de-sierra-cinta\/#primaryimage\"},\"image\":{\"@id\":\"https:\/\/germanperaire.com\/en\/product\/curso-presencial-tecnicas-avanzadas-de-sierra-cinta\/#primaryimage\"},\"thumbnailUrl\":\"https:\/\/germanperaire.com\/wp-content\/uploads\/2023\/09\/PROMO_SERRACINTA_CAS_1.jpg\",\"datePublished\":\"2023-09-15T15:41:50+00:00\",\"description\":\"Si quieres entrar en el mundo de la ebanister\u00eda, la sierra cinta es una m\u00e1quina que tendr\u00e1s que usar. Ap\u00fantate al curso para aprender su uso.\",\"breadcrumb\":{\"@id\":\"https:\/\/germanperaire.com\/en\/product\/curso-presencial-tecnicas-avanzadas-de-sierra-cinta\/#breadcrumb\"},\"inLanguage\":\"en-US\",\"potentialAction\":[{\"@type\":\"ReadAction\",\"target\":[\"https:\/\/germanperaire.com\/en\/product\/curso-presencial-tecnicas-avanzadas-de-sierra-cinta\/\"]}]},{\"@type\":\"ImageObject\",\"inLanguage\":\"en-US\",\"@id\":\"https:\/\/germanperaire.com\/en\/product\/curso-presencial-tecnicas-avanzadas-de-sierra-cinta\/#primaryimage\",\"url\":\"https:\/\/germanperaire.com\/wp-content\/uploads\/2023\/09\/PROMO_SERRACINTA_CAS_1.jpg\",\"contentUrl\":\"https:\/\/germanperaire.com\/wp-content\/uploads\/2023\/09\/PROMO_SERRACINTA_CAS_1.jpg\",\"width\":600,\"height\":600,\"caption\":\"PROMO_SERRACINTA_CAS_1\"},{\"@type\":\"BreadcrumbList\",\"@id\":\"https:\/\/germanperaire.com\/en\/product\/curso-presencial-tecnicas-avanzadas-de-sierra-cinta\/#breadcrumb\",\"itemListElement\":[{\"@type\":\"ListItem\",\"position\":1,\"name\":\"Portada\",\"item\":\"https:\/\/germanperaire.com\/en\/\"},{\"@type\":\"ListItem\",\"position\":2,\"name\":\"Productes\",\"item\":\"https:\/\/germanperaire.com\/ca\/shop\/\"},{\"@type\":\"ListItem\",\"position\":3,\"name\":\"T\u00e9cnicas avanzadas de sierra cinta\"}]},{\"@type\":\"WebSite\",\"@id\":\"https:\/\/germanperaire.com\/#website\",\"url\":\"https:\/\/germanperaire.com\/\",\"name\":\"Germ\u00e1n Peraire - Ebanister\u00eda de Autor\",\"description\":\"Construction of solid wood furniture. I make my own designs as well as custom orders.\",\"publisher\":{\"@id\":\"https:\/\/germanperaire.com\/#organization\"},\"alternateName\":\"Germ\u00e1n Peraire - Ebanister\u00eda de Autor\",\"potentialAction\":[{\"@type\":\"SearchAction\",\"target\":{\"@type\":\"EntryPoint\",\"urlTemplate\":\"https:\/\/germanperaire.com\/?s={search_term_string}\"},\"query-input\":{\"@type\":\"PropertyValueSpecification\",\"valueRequired\":true,\"valueName\":\"search_term_string\"}}],\"inLanguage\":\"en-US\"},{\"@type\":\"Organization\",\"@id\":\"https:\/\/germanperaire.com\/#organization\",\"name\":\"Germ\u00e1n Peraire - Ebanister\u00eda de Autor\",\"alternateName\":\"Germ\u00e1n Peraire - Ebanister\u00eda de Autor\",\"url\":\"https:\/\/germanperaire.com\/\",\"logo\":{\"@type\":\"ImageObject\",\"inLanguage\":\"en-US\",\"@id\":\"https:\/\/germanperaire.com\/#\/schema\/logo\/image\/\",\"url\":\"https:\/\/germanperaire.com\/wp-content\/uploads\/2021\/06\/logo-header.png\",\"contentUrl\":\"https:\/\/germanperaire.com\/wp-content\/uploads\/2021\/06\/logo-header.png\",\"width\":220,\"height\":42,\"caption\":\"Germ\u00e1n Peraire - Ebanister\u00eda de Autor\"},\"image\":{\"@id\":\"https:\/\/germanperaire.com\/#\/schema\/logo\/image\/\"},\"sameAs\":[\"https:\/\/instagram.com\/germanperaire\"]}]}<\/script>\n<!-- \/ Yoast SEO plugin. -->","yoast_head_json":{"title":"Curso presencial de t\u00e9cnicas avanzadas para sierra cinta - Germ\u00e1n Peraire","description":"Si quieres entrar en el mundo de la ebanister\u00eda, la sierra cinta es una m\u00e1quina que tendr\u00e1s que usar. Ap\u00fantate al curso para aprender su uso.","robots":{"index":"index","follow":"follow","max-snippet":"max-snippet:-1","max-image-preview":"max-image-preview:large","max-video-preview":"max-video-preview:-1"},"canonical":"https:\/\/germanperaire.com\/en\/product\/curso-presencial-tecnicas-avanzadas-de-sierra-cinta\/","og_locale":"en_US","og_type":"article","og_title":"Curso presencial de t\u00e9cnicas avanzadas para sierra cinta - Germ\u00e1n Peraire","og_description":"Si quieres entrar en el mundo de la ebanister\u00eda, la sierra cinta es una m\u00e1quina que tendr\u00e1s que usar. Ap\u00fantate al curso para aprender su uso.","og_url":"https:\/\/germanperaire.com\/en\/product\/curso-presencial-tecnicas-avanzadas-de-sierra-cinta\/","og_site_name":"Germ\u00e1n Peraire","og_image":[{"width":600,"height":600,"url":"https:\/\/germanperaire.com\/wp-content\/uploads\/2023\/09\/PROMO_SERRACINTA_CAS_1.jpg","type":"image\/jpeg"}],"twitter_card":"summary_large_image","schema":{"@context":"https:\/\/schema.org","@graph":[{"@type":"WebPage","@id":"https:\/\/germanperaire.com\/en\/product\/curso-presencial-tecnicas-avanzadas-de-sierra-cinta\/","url":"https:\/\/germanperaire.com\/en\/product\/curso-presencial-tecnicas-avanzadas-de-sierra-cinta\/","name":"Curso presencial de t\u00e9cnicas avanzadas para sierra cinta - Germ\u00e1n Peraire","isPartOf":{"@id":"https:\/\/germanperaire.com\/#website"},"primaryImageOfPage":{"@id":"https:\/\/germanperaire.com\/en\/product\/curso-presencial-tecnicas-avanzadas-de-sierra-cinta\/#primaryimage"},"image":{"@id":"https:\/\/germanperaire.com\/en\/product\/curso-presencial-tecnicas-avanzadas-de-sierra-cinta\/#primaryimage"},"thumbnailUrl":"https:\/\/germanperaire.com\/wp-content\/uploads\/2023\/09\/PROMO_SERRACINTA_CAS_1.jpg","datePublished":"2023-09-15T15:41:50+00:00","description":"Si quieres entrar en el mundo de la ebanister\u00eda, la sierra cinta es una m\u00e1quina que tendr\u00e1s que usar. Ap\u00fantate al curso para aprender su uso.","breadcrumb":{"@id":"https:\/\/germanperaire.com\/en\/product\/curso-presencial-tecnicas-avanzadas-de-sierra-cinta\/#breadcrumb"},"inLanguage":"en-US","potentialAction":[{"@type":"ReadAction","target":["https:\/\/germanperaire.com\/en\/product\/curso-presencial-tecnicas-avanzadas-de-sierra-cinta\/"]}]},{"@type":"ImageObject","inLanguage":"en-US","@id":"https:\/\/germanperaire.com\/en\/product\/curso-presencial-tecnicas-avanzadas-de-sierra-cinta\/#primaryimage","url":"https:\/\/germanperaire.com\/wp-content\/uploads\/2023\/09\/PROMO_SERRACINTA_CAS_1.jpg","contentUrl":"https:\/\/germanperaire.com\/wp-content\/uploads\/2023\/09\/PROMO_SERRACINTA_CAS_1.jpg","width":600,"height":600,"caption":"PROMO_SERRACINTA_CAS_1"},{"@type":"BreadcrumbList","@id":"https:\/\/germanperaire.com\/en\/product\/curso-presencial-tecnicas-avanzadas-de-sierra-cinta\/#breadcrumb","itemListElement":[{"@type":"ListItem","position":1,"name":"Portada","item":"https:\/\/germanperaire.com\/en\/"},{"@type":"ListItem","position":2,"name":"Productes","item":"https:\/\/germanperaire.com\/ca\/shop\/"},{"@type":"ListItem","position":3,"name":"T\u00e9cnicas avanzadas de sierra cinta"}]},{"@type":"WebSite","@id":"https:\/\/germanperaire.com\/#website","url":"https:\/\/germanperaire.com\/","name":"Germ\u00e1n Peraire - Ebanister\u00eda de Autor","description":"Construction of solid wood furniture. I make my own designs as well as custom orders.","publisher":{"@id":"https:\/\/germanperaire.com\/#organization"},"alternateName":"Germ\u00e1n Peraire - Ebanister\u00eda de Autor","potentialAction":[{"@type":"SearchAction","target":{"@type":"EntryPoint","urlTemplate":"https:\/\/germanperaire.com\/?s={search_term_string}"},"query-input":{"@type":"PropertyValueSpecification","valueRequired":true,"valueName":"search_term_string"}}],"inLanguage":"en-US"},{"@type":"Organization","@id":"https:\/\/germanperaire.com\/#organization","name":"Germ\u00e1n Peraire - Ebanister\u00eda de Autor","alternateName":"Germ\u00e1n Peraire - Ebanister\u00eda de Autor","url":"https:\/\/germanperaire.com\/","logo":{"@type":"ImageObject","inLanguage":"en-US","@id":"https:\/\/germanperaire.com\/#\/schema\/logo\/image\/","url":"https:\/\/germanperaire.com\/wp-content\/uploads\/2021\/06\/logo-header.png","contentUrl":"https:\/\/germanperaire.com\/wp-content\/uploads\/2021\/06\/logo-header.png","width":220,"height":42,"caption":"Germ\u00e1n Peraire - Ebanister\u00eda de Autor"},"image":{"@id":"https:\/\/germanperaire.com\/#\/schema\/logo\/image\/"},"sameAs":["https:\/\/instagram.com\/germanperaire"]}]}},"_links":{"self":[{"href":"https:\/\/germanperaire.com\/en\/wp-json\/wp\/v2\/product\/77571","targetHints":{"allow":["GET"]}}],"collection":[{"href":"https:\/\/germanperaire.com\/en\/wp-json\/wp\/v2\/product"}],"about":[{"href":"https:\/\/germanperaire.com\/en\/wp-json\/wp\/v2\/types\/product"}],"wp:featuredmedia":[{"embeddable":true,"href":"https:\/\/germanperaire.com\/en\/wp-json\/wp\/v2\/media\/76909"}],"wp:attachment":[{"href":"https:\/\/germanperaire.com\/en\/wp-json\/wp\/v2\/media?parent=77571"}],"wp:term":[{"taxonomy":"product_brand","embeddable":true,"href":"https:\/\/germanperaire.com\/en\/wp-json\/wp\/v2\/product_brand?post=77571"},{"taxonomy":"product_cat","embeddable":true,"href":"https:\/\/germanperaire.com\/en\/wp-json\/wp\/v2\/product_cat?post=77571"},{"taxonomy":"product_tag","embeddable":true,"href":"https:\/\/germanperaire.com\/en\/wp-json\/wp\/v2\/product_tag?post=77571"}],"curies":[{"name":"wp","href":"https:\/\/api.w.org\/{rel}","templated":true}]}}