{"id":77569,"date":"2023-10-02T17:57:44","date_gmt":"2023-10-02T15:57:44","guid":{"rendered":"https:\/\/germanperaire.com\/product\/cajas-y-joyeros\/"},"modified":"2023-10-25T13:03:52","modified_gmt":"2023-10-25T11:03:52","slug":"boxes","status":"publish","type":"product","link":"https:\/\/germanperaire.com\/en\/product\/boxes\/","title":{"rendered":"Boxes"},"content":{"rendered":"","protected":false},"excerpt":{"rendered":"<p>Germ\u00e1n creates different sorts of bespoke boxes to store any kind of objects. Prices and materials differ in every commission.<\/p>\n","protected":false},"featured_media":76923,"template":"","meta":[],"product_brand":[],"product_cat":[128,143],"product_tag":[129],"class_list":{"0":"post-77569","1":"product","2":"type-product","3":"status-publish","4":"has-post-thumbnail","6":"product_cat-furniture","7":"product_cat-unique-pieces","8":"product_tag-containers","10":"first","11":"onbackorder","12":"taxable","13":"shipping-taxable","14":"purchasable","15":"product-type-simple","16":"litho-product-5col"},"yoast_head":"<!-- This site is optimized with the Yoast SEO plugin v26.6 - https:\/\/yoast.com\/wordpress\/plugins\/seo\/ -->\n<title>Boxes - Germ\u00e1n Peraire<\/title>\n<meta name=\"description\" content=\"Custom boxes and jewelry boxes for all kind of objects and purposes. Materials and prices vary according to the construction.\" \/>\n<meta name=\"robots\" content=\"index, follow, max-snippet:-1, max-image-preview:large, max-video-preview:-1\" \/>\n<link rel=\"canonical\" href=\"https:\/\/germanperaire.com\/en\/product\/boxes\/\" \/>\n<meta property=\"og:locale\" content=\"en_US\" \/>\n<meta property=\"og:type\" content=\"article\" \/>\n<meta property=\"og:title\" content=\"Boxes - Germ\u00e1n Peraire\" \/>\n<meta property=\"og:description\" content=\"Custom boxes and jewelry boxes for all kind of objects and purposes. Materials and prices vary according to the construction.\" \/>\n<meta property=\"og:url\" content=\"https:\/\/germanperaire.com\/en\/product\/boxes\/\" \/>\n<meta property=\"og:site_name\" content=\"Germ\u00e1n Peraire\" \/>\n<meta property=\"article:modified_time\" content=\"2023-10-25T11:03:52+00:00\" \/>\n<meta property=\"og:image\" content=\"https:\/\/germanperaire.com\/wp-content\/uploads\/2023\/10\/CAIXES-1.jpg\" \/>\n\t<meta property=\"og:image:width\" content=\"1200\" \/>\n\t<meta property=\"og:image:height\" content=\"1200\" \/>\n\t<meta property=\"og:image:type\" content=\"image\/jpeg\" \/>\n<meta name=\"twitter:card\" content=\"summary_large_image\" \/>\n<script type=\"application\/ld+json\" class=\"yoast-schema-graph\">{\"@context\":\"https:\/\/schema.org\",\"@graph\":[{\"@type\":\"WebPage\",\"@id\":\"https:\/\/germanperaire.com\/en\/product\/boxes\/\",\"url\":\"https:\/\/germanperaire.com\/en\/product\/boxes\/\",\"name\":\"Boxes - Germ\u00e1n Peraire\",\"isPartOf\":{\"@id\":\"https:\/\/germanperaire.com\/#website\"},\"primaryImageOfPage\":{\"@id\":\"https:\/\/germanperaire.com\/en\/product\/boxes\/#primaryimage\"},\"image\":{\"@id\":\"https:\/\/germanperaire.com\/en\/product\/boxes\/#primaryimage\"},\"thumbnailUrl\":\"https:\/\/germanperaire.com\/wp-content\/uploads\/2023\/10\/CAIXES-1.jpg\",\"datePublished\":\"2023-10-02T15:57:44+00:00\",\"dateModified\":\"2023-10-25T11:03:52+00:00\",\"description\":\"Custom boxes and jewelry boxes for all kind of objects and purposes. Materials and prices vary according to the construction.\",\"breadcrumb\":{\"@id\":\"https:\/\/germanperaire.com\/en\/product\/boxes\/#breadcrumb\"},\"inLanguage\":\"en-US\",\"potentialAction\":[{\"@type\":\"ReadAction\",\"target\":[\"https:\/\/germanperaire.com\/en\/product\/boxes\/\"]}]},{\"@type\":\"ImageObject\",\"inLanguage\":\"en-US\",\"@id\":\"https:\/\/germanperaire.com\/en\/product\/boxes\/#primaryimage\",\"url\":\"https:\/\/germanperaire.com\/wp-content\/uploads\/2023\/10\/CAIXES-1.jpg\",\"contentUrl\":\"https:\/\/germanperaire.com\/wp-content\/uploads\/2023\/10\/CAIXES-1.jpg\",\"width\":1200,\"height\":1200,\"caption\":\"Handmade boxes made of solid wood\"},{\"@type\":\"BreadcrumbList\",\"@id\":\"https:\/\/germanperaire.com\/en\/product\/boxes\/#breadcrumb\",\"itemListElement\":[{\"@type\":\"ListItem\",\"position\":1,\"name\":\"Portada\",\"item\":\"https:\/\/germanperaire.com\/en\/\"},{\"@type\":\"ListItem\",\"position\":2,\"name\":\"Productes\",\"item\":\"https:\/\/germanperaire.com\/ca\/shop\/\"},{\"@type\":\"ListItem\",\"position\":3,\"name\":\"Boxes\"}]},{\"@type\":\"WebSite\",\"@id\":\"https:\/\/germanperaire.com\/#website\",\"url\":\"https:\/\/germanperaire.com\/\",\"name\":\"Germ\u00e1n Peraire - Ebanister\u00eda de Autor\",\"description\":\"Construction of solid wood furniture. I make my own designs as well as custom orders.\",\"publisher\":{\"@id\":\"https:\/\/germanperaire.com\/#organization\"},\"alternateName\":\"Germ\u00e1n Peraire - Ebanister\u00eda de Autor\",\"potentialAction\":[{\"@type\":\"SearchAction\",\"target\":{\"@type\":\"EntryPoint\",\"urlTemplate\":\"https:\/\/germanperaire.com\/?s={search_term_string}\"},\"query-input\":{\"@type\":\"PropertyValueSpecification\",\"valueRequired\":true,\"valueName\":\"search_term_string\"}}],\"inLanguage\":\"en-US\"},{\"@type\":\"Organization\",\"@id\":\"https:\/\/germanperaire.com\/#organization\",\"name\":\"Germ\u00e1n Peraire - Ebanister\u00eda de Autor\",\"alternateName\":\"Germ\u00e1n Peraire - Ebanister\u00eda de Autor\",\"url\":\"https:\/\/germanperaire.com\/\",\"logo\":{\"@type\":\"ImageObject\",\"inLanguage\":\"en-US\",\"@id\":\"https:\/\/germanperaire.com\/#\/schema\/logo\/image\/\",\"url\":\"https:\/\/germanperaire.com\/wp-content\/uploads\/2021\/06\/logo-header.png\",\"contentUrl\":\"https:\/\/germanperaire.com\/wp-content\/uploads\/2021\/06\/logo-header.png\",\"width\":220,\"height\":42,\"caption\":\"Germ\u00e1n Peraire - Ebanister\u00eda de Autor\"},\"image\":{\"@id\":\"https:\/\/germanperaire.com\/#\/schema\/logo\/image\/\"},\"sameAs\":[\"https:\/\/instagram.com\/germanperaire\"]}]}<\/script>\n<!-- \/ Yoast SEO plugin. -->","yoast_head_json":{"title":"Boxes - Germ\u00e1n Peraire","description":"Custom boxes and jewelry boxes for all kind of objects and purposes. Materials and prices vary according to the construction.","robots":{"index":"index","follow":"follow","max-snippet":"max-snippet:-1","max-image-preview":"max-image-preview:large","max-video-preview":"max-video-preview:-1"},"canonical":"https:\/\/germanperaire.com\/en\/product\/boxes\/","og_locale":"en_US","og_type":"article","og_title":"Boxes - Germ\u00e1n Peraire","og_description":"Custom boxes and jewelry boxes for all kind of objects and purposes. Materials and prices vary according to the construction.","og_url":"https:\/\/germanperaire.com\/en\/product\/boxes\/","og_site_name":"Germ\u00e1n Peraire","article_modified_time":"2023-10-25T11:03:52+00:00","og_image":[{"width":1200,"height":1200,"url":"https:\/\/germanperaire.com\/wp-content\/uploads\/2023\/10\/CAIXES-1.jpg","type":"image\/jpeg"}],"twitter_card":"summary_large_image","schema":{"@context":"https:\/\/schema.org","@graph":[{"@type":"WebPage","@id":"https:\/\/germanperaire.com\/en\/product\/boxes\/","url":"https:\/\/germanperaire.com\/en\/product\/boxes\/","name":"Boxes - Germ\u00e1n Peraire","isPartOf":{"@id":"https:\/\/germanperaire.com\/#website"},"primaryImageOfPage":{"@id":"https:\/\/germanperaire.com\/en\/product\/boxes\/#primaryimage"},"image":{"@id":"https:\/\/germanperaire.com\/en\/product\/boxes\/#primaryimage"},"thumbnailUrl":"https:\/\/germanperaire.com\/wp-content\/uploads\/2023\/10\/CAIXES-1.jpg","datePublished":"2023-10-02T15:57:44+00:00","dateModified":"2023-10-25T11:03:52+00:00","description":"Custom boxes and jewelry boxes for all kind of objects and purposes. Materials and prices vary according to the construction.","breadcrumb":{"@id":"https:\/\/germanperaire.com\/en\/product\/boxes\/#breadcrumb"},"inLanguage":"en-US","potentialAction":[{"@type":"ReadAction","target":["https:\/\/germanperaire.com\/en\/product\/boxes\/"]}]},{"@type":"ImageObject","inLanguage":"en-US","@id":"https:\/\/germanperaire.com\/en\/product\/boxes\/#primaryimage","url":"https:\/\/germanperaire.com\/wp-content\/uploads\/2023\/10\/CAIXES-1.jpg","contentUrl":"https:\/\/germanperaire.com\/wp-content\/uploads\/2023\/10\/CAIXES-1.jpg","width":1200,"height":1200,"caption":"Handmade boxes made of solid wood"},{"@type":"BreadcrumbList","@id":"https:\/\/germanperaire.com\/en\/product\/boxes\/#breadcrumb","itemListElement":[{"@type":"ListItem","position":1,"name":"Portada","item":"https:\/\/germanperaire.com\/en\/"},{"@type":"ListItem","position":2,"name":"Productes","item":"https:\/\/germanperaire.com\/ca\/shop\/"},{"@type":"ListItem","position":3,"name":"Boxes"}]},{"@type":"WebSite","@id":"https:\/\/germanperaire.com\/#website","url":"https:\/\/germanperaire.com\/","name":"Germ\u00e1n Peraire - Ebanister\u00eda de Autor","description":"Construction of solid wood furniture. I make my own designs as well as custom orders.","publisher":{"@id":"https:\/\/germanperaire.com\/#organization"},"alternateName":"Germ\u00e1n Peraire - Ebanister\u00eda de Autor","potentialAction":[{"@type":"SearchAction","target":{"@type":"EntryPoint","urlTemplate":"https:\/\/germanperaire.com\/?s={search_term_string}"},"query-input":{"@type":"PropertyValueSpecification","valueRequired":true,"valueName":"search_term_string"}}],"inLanguage":"en-US"},{"@type":"Organization","@id":"https:\/\/germanperaire.com\/#organization","name":"Germ\u00e1n Peraire - Ebanister\u00eda de Autor","alternateName":"Germ\u00e1n Peraire - Ebanister\u00eda de Autor","url":"https:\/\/germanperaire.com\/","logo":{"@type":"ImageObject","inLanguage":"en-US","@id":"https:\/\/germanperaire.com\/#\/schema\/logo\/image\/","url":"https:\/\/germanperaire.com\/wp-content\/uploads\/2021\/06\/logo-header.png","contentUrl":"https:\/\/germanperaire.com\/wp-content\/uploads\/2021\/06\/logo-header.png","width":220,"height":42,"caption":"Germ\u00e1n Peraire - Ebanister\u00eda de Autor"},"image":{"@id":"https:\/\/germanperaire.com\/#\/schema\/logo\/image\/"},"sameAs":["https:\/\/instagram.com\/germanperaire"]}]}},"_links":{"self":[{"href":"https:\/\/germanperaire.com\/en\/wp-json\/wp\/v2\/product\/77569","targetHints":{"allow":["GET"]}}],"collection":[{"href":"https:\/\/germanperaire.com\/en\/wp-json\/wp\/v2\/product"}],"about":[{"href":"https:\/\/germanperaire.com\/en\/wp-json\/wp\/v2\/types\/product"}],"wp:featuredmedia":[{"embeddable":true,"href":"https:\/\/germanperaire.com\/en\/wp-json\/wp\/v2\/media\/76923"}],"wp:attachment":[{"href":"https:\/\/germanperaire.com\/en\/wp-json\/wp\/v2\/media?parent=77569"}],"wp:term":[{"taxonomy":"product_brand","embeddable":true,"href":"https:\/\/germanperaire.com\/en\/wp-json\/wp\/v2\/product_brand?post=77569"},{"taxonomy":"product_cat","embeddable":true,"href":"https:\/\/germanperaire.com\/en\/wp-json\/wp\/v2\/product_cat?post=77569"},{"taxonomy":"product_tag","embeddable":true,"href":"https:\/\/germanperaire.com\/en\/wp-json\/wp\/v2\/product_tag?post=77569"}],"curies":[{"name":"wp","href":"https:\/\/api.w.org\/{rel}","templated":true}]}}