{"id":77557,"date":"2023-10-03T12:53:52","date_gmt":"2023-10-03T10:53:52","guid":{"rendered":"https:\/\/germanperaire.com\/product\/sajolida\/"},"modified":"2023-10-25T12:47:22","modified_gmt":"2023-10-25T10:47:22","slug":"sajolida","status":"publish","type":"product","link":"https:\/\/germanperaire.com\/en\/product\/sajolida\/","title":{"rendered":"Sajolida"},"content":{"rendered":"","protected":false},"excerpt":{"rendered":"<p>This piece is a personal take on the French file cabinets of the late 19th Century. The tambour door contains a marquetry motif inspired by Gaspar Homar&#8217;s art nouveau designs. The inside is made of hard maple and cedar of Lebanon, which yields a light appearance and a sweet lingering scent. It can be used as a middle-of-the-room piece or as an ambience separation.To this effect, the back was gilded, echoing the front motif. The marquetry was designed and executed in collaboration with Beatriz Zuazo and X\u00e8nia Garrof\u00e9. This piece is shortlisted in the Maker Of The Year Award 2023, World category.<\/p>\n","protected":false},"featured_media":77040,"template":"","meta":[],"product_brand":[],"product_cat":[128,135,143],"product_tag":[129],"class_list":{"0":"post-77557","1":"product","2":"type-product","3":"status-publish","4":"has-post-thumbnail","6":"product_cat-furniture","7":"product_cat-uncategorized-en","8":"product_cat-unique-pieces","9":"product_tag-containers","11":"first","12":"onbackorder","13":"taxable","14":"shipping-taxable","15":"purchasable","16":"product-type-simple","17":"litho-product-5col"},"yoast_head":"<!-- This site is optimized with the Yoast SEO plugin v26.6 - https:\/\/yoast.com\/wordpress\/plugins\/seo\/ -->\n<title>Tambour file cabinet Sajolida - Germ\u00e1n Peraire<\/title>\n<meta name=\"description\" content=\"Handmade tambour file cabinet made of solid wood. Personal take on the French file cabinets of the late 19th Century.\" \/>\n<meta name=\"robots\" content=\"index, follow, max-snippet:-1, max-image-preview:large, max-video-preview:-1\" \/>\n<link rel=\"canonical\" href=\"https:\/\/germanperaire.com\/en\/product\/sajolida\/\" \/>\n<meta property=\"og:locale\" content=\"en_US\" \/>\n<meta property=\"og:type\" content=\"article\" \/>\n<meta property=\"og:title\" content=\"Tambour file cabinet Sajolida - Germ\u00e1n Peraire\" \/>\n<meta property=\"og:description\" content=\"Handmade tambour file cabinet made of solid wood. Personal take on the French file cabinets of the late 19th Century.\" \/>\n<meta property=\"og:url\" content=\"https:\/\/germanperaire.com\/en\/product\/sajolida\/\" \/>\n<meta property=\"og:site_name\" content=\"Germ\u00e1n Peraire\" \/>\n<meta property=\"article:modified_time\" content=\"2023-10-25T10:47:22+00:00\" \/>\n<meta property=\"og:image\" content=\"https:\/\/germanperaire.com\/wp-content\/uploads\/2023\/10\/SAJOLIDA-1.jpg\" \/>\n\t<meta property=\"og:image:width\" content=\"1200\" \/>\n\t<meta property=\"og:image:height\" content=\"1200\" \/>\n\t<meta property=\"og:image:type\" content=\"image\/jpeg\" \/>\n<meta name=\"twitter:card\" content=\"summary_large_image\" \/>\n<script type=\"application\/ld+json\" class=\"yoast-schema-graph\">{\"@context\":\"https:\/\/schema.org\",\"@graph\":[{\"@type\":\"WebPage\",\"@id\":\"https:\/\/germanperaire.com\/en\/product\/sajolida\/\",\"url\":\"https:\/\/germanperaire.com\/en\/product\/sajolida\/\",\"name\":\"Tambour file cabinet Sajolida - Germ\u00e1n Peraire\",\"isPartOf\":{\"@id\":\"https:\/\/germanperaire.com\/#website\"},\"primaryImageOfPage\":{\"@id\":\"https:\/\/germanperaire.com\/en\/product\/sajolida\/#primaryimage\"},\"image\":{\"@id\":\"https:\/\/germanperaire.com\/en\/product\/sajolida\/#primaryimage\"},\"thumbnailUrl\":\"https:\/\/germanperaire.com\/wp-content\/uploads\/2023\/10\/SAJOLIDA-1.jpg\",\"datePublished\":\"2023-10-03T10:53:52+00:00\",\"dateModified\":\"2023-10-25T10:47:22+00:00\",\"description\":\"Handmade tambour file cabinet made of solid wood. Personal take on the French file cabinets of the late 19th Century.\",\"breadcrumb\":{\"@id\":\"https:\/\/germanperaire.com\/en\/product\/sajolida\/#breadcrumb\"},\"inLanguage\":\"en-US\",\"potentialAction\":[{\"@type\":\"ReadAction\",\"target\":[\"https:\/\/germanperaire.com\/en\/product\/sajolida\/\"]}]},{\"@type\":\"ImageObject\",\"inLanguage\":\"en-US\",\"@id\":\"https:\/\/germanperaire.com\/en\/product\/sajolida\/#primaryimage\",\"url\":\"https:\/\/germanperaire.com\/wp-content\/uploads\/2023\/10\/SAJOLIDA-1.jpg\",\"contentUrl\":\"https:\/\/germanperaire.com\/wp-content\/uploads\/2023\/10\/SAJOLIDA-1.jpg\",\"width\":1200,\"height\":1200,\"caption\":\"Handmade tambour file cabinet made of solid wood\"},{\"@type\":\"BreadcrumbList\",\"@id\":\"https:\/\/germanperaire.com\/en\/product\/sajolida\/#breadcrumb\",\"itemListElement\":[{\"@type\":\"ListItem\",\"position\":1,\"name\":\"Portada\",\"item\":\"https:\/\/germanperaire.com\/en\/\"},{\"@type\":\"ListItem\",\"position\":2,\"name\":\"Productes\",\"item\":\"https:\/\/germanperaire.com\/ca\/shop\/\"},{\"@type\":\"ListItem\",\"position\":3,\"name\":\"Sajolida\"}]},{\"@type\":\"WebSite\",\"@id\":\"https:\/\/germanperaire.com\/#website\",\"url\":\"https:\/\/germanperaire.com\/\",\"name\":\"Germ\u00e1n Peraire - Ebanister\u00eda de Autor\",\"description\":\"Construction of solid wood furniture. I make my own designs as well as custom orders.\",\"publisher\":{\"@id\":\"https:\/\/germanperaire.com\/#organization\"},\"alternateName\":\"Germ\u00e1n Peraire - Ebanister\u00eda de Autor\",\"potentialAction\":[{\"@type\":\"SearchAction\",\"target\":{\"@type\":\"EntryPoint\",\"urlTemplate\":\"https:\/\/germanperaire.com\/?s={search_term_string}\"},\"query-input\":{\"@type\":\"PropertyValueSpecification\",\"valueRequired\":true,\"valueName\":\"search_term_string\"}}],\"inLanguage\":\"en-US\"},{\"@type\":\"Organization\",\"@id\":\"https:\/\/germanperaire.com\/#organization\",\"name\":\"Germ\u00e1n Peraire - Ebanister\u00eda de Autor\",\"alternateName\":\"Germ\u00e1n Peraire - Ebanister\u00eda de Autor\",\"url\":\"https:\/\/germanperaire.com\/\",\"logo\":{\"@type\":\"ImageObject\",\"inLanguage\":\"en-US\",\"@id\":\"https:\/\/germanperaire.com\/#\/schema\/logo\/image\/\",\"url\":\"https:\/\/germanperaire.com\/wp-content\/uploads\/2021\/06\/logo-header.png\",\"contentUrl\":\"https:\/\/germanperaire.com\/wp-content\/uploads\/2021\/06\/logo-header.png\",\"width\":220,\"height\":42,\"caption\":\"Germ\u00e1n Peraire - Ebanister\u00eda de Autor\"},\"image\":{\"@id\":\"https:\/\/germanperaire.com\/#\/schema\/logo\/image\/\"},\"sameAs\":[\"https:\/\/instagram.com\/germanperaire\"]}]}<\/script>\n<!-- \/ Yoast SEO plugin. -->","yoast_head_json":{"title":"Tambour file cabinet Sajolida - Germ\u00e1n Peraire","description":"Handmade tambour file cabinet made of solid wood. Personal take on the French file cabinets of the late 19th Century.","robots":{"index":"index","follow":"follow","max-snippet":"max-snippet:-1","max-image-preview":"max-image-preview:large","max-video-preview":"max-video-preview:-1"},"canonical":"https:\/\/germanperaire.com\/en\/product\/sajolida\/","og_locale":"en_US","og_type":"article","og_title":"Tambour file cabinet Sajolida - Germ\u00e1n Peraire","og_description":"Handmade tambour file cabinet made of solid wood. Personal take on the French file cabinets of the late 19th Century.","og_url":"https:\/\/germanperaire.com\/en\/product\/sajolida\/","og_site_name":"Germ\u00e1n Peraire","article_modified_time":"2023-10-25T10:47:22+00:00","og_image":[{"width":1200,"height":1200,"url":"https:\/\/germanperaire.com\/wp-content\/uploads\/2023\/10\/SAJOLIDA-1.jpg","type":"image\/jpeg"}],"twitter_card":"summary_large_image","schema":{"@context":"https:\/\/schema.org","@graph":[{"@type":"WebPage","@id":"https:\/\/germanperaire.com\/en\/product\/sajolida\/","url":"https:\/\/germanperaire.com\/en\/product\/sajolida\/","name":"Tambour file cabinet Sajolida - Germ\u00e1n Peraire","isPartOf":{"@id":"https:\/\/germanperaire.com\/#website"},"primaryImageOfPage":{"@id":"https:\/\/germanperaire.com\/en\/product\/sajolida\/#primaryimage"},"image":{"@id":"https:\/\/germanperaire.com\/en\/product\/sajolida\/#primaryimage"},"thumbnailUrl":"https:\/\/germanperaire.com\/wp-content\/uploads\/2023\/10\/SAJOLIDA-1.jpg","datePublished":"2023-10-03T10:53:52+00:00","dateModified":"2023-10-25T10:47:22+00:00","description":"Handmade tambour file cabinet made of solid wood. Personal take on the French file cabinets of the late 19th Century.","breadcrumb":{"@id":"https:\/\/germanperaire.com\/en\/product\/sajolida\/#breadcrumb"},"inLanguage":"en-US","potentialAction":[{"@type":"ReadAction","target":["https:\/\/germanperaire.com\/en\/product\/sajolida\/"]}]},{"@type":"ImageObject","inLanguage":"en-US","@id":"https:\/\/germanperaire.com\/en\/product\/sajolida\/#primaryimage","url":"https:\/\/germanperaire.com\/wp-content\/uploads\/2023\/10\/SAJOLIDA-1.jpg","contentUrl":"https:\/\/germanperaire.com\/wp-content\/uploads\/2023\/10\/SAJOLIDA-1.jpg","width":1200,"height":1200,"caption":"Handmade tambour file cabinet made of solid wood"},{"@type":"BreadcrumbList","@id":"https:\/\/germanperaire.com\/en\/product\/sajolida\/#breadcrumb","itemListElement":[{"@type":"ListItem","position":1,"name":"Portada","item":"https:\/\/germanperaire.com\/en\/"},{"@type":"ListItem","position":2,"name":"Productes","item":"https:\/\/germanperaire.com\/ca\/shop\/"},{"@type":"ListItem","position":3,"name":"Sajolida"}]},{"@type":"WebSite","@id":"https:\/\/germanperaire.com\/#website","url":"https:\/\/germanperaire.com\/","name":"Germ\u00e1n Peraire - Ebanister\u00eda de Autor","description":"Construction of solid wood furniture. I make my own designs as well as custom orders.","publisher":{"@id":"https:\/\/germanperaire.com\/#organization"},"alternateName":"Germ\u00e1n Peraire - Ebanister\u00eda de Autor","potentialAction":[{"@type":"SearchAction","target":{"@type":"EntryPoint","urlTemplate":"https:\/\/germanperaire.com\/?s={search_term_string}"},"query-input":{"@type":"PropertyValueSpecification","valueRequired":true,"valueName":"search_term_string"}}],"inLanguage":"en-US"},{"@type":"Organization","@id":"https:\/\/germanperaire.com\/#organization","name":"Germ\u00e1n Peraire - Ebanister\u00eda de Autor","alternateName":"Germ\u00e1n Peraire - Ebanister\u00eda de Autor","url":"https:\/\/germanperaire.com\/","logo":{"@type":"ImageObject","inLanguage":"en-US","@id":"https:\/\/germanperaire.com\/#\/schema\/logo\/image\/","url":"https:\/\/germanperaire.com\/wp-content\/uploads\/2021\/06\/logo-header.png","contentUrl":"https:\/\/germanperaire.com\/wp-content\/uploads\/2021\/06\/logo-header.png","width":220,"height":42,"caption":"Germ\u00e1n Peraire - Ebanister\u00eda de Autor"},"image":{"@id":"https:\/\/germanperaire.com\/#\/schema\/logo\/image\/"},"sameAs":["https:\/\/instagram.com\/germanperaire"]}]}},"_links":{"self":[{"href":"https:\/\/germanperaire.com\/en\/wp-json\/wp\/v2\/product\/77557","targetHints":{"allow":["GET"]}}],"collection":[{"href":"https:\/\/germanperaire.com\/en\/wp-json\/wp\/v2\/product"}],"about":[{"href":"https:\/\/germanperaire.com\/en\/wp-json\/wp\/v2\/types\/product"}],"wp:featuredmedia":[{"embeddable":true,"href":"https:\/\/germanperaire.com\/en\/wp-json\/wp\/v2\/media\/77040"}],"wp:attachment":[{"href":"https:\/\/germanperaire.com\/en\/wp-json\/wp\/v2\/media?parent=77557"}],"wp:term":[{"taxonomy":"product_brand","embeddable":true,"href":"https:\/\/germanperaire.com\/en\/wp-json\/wp\/v2\/product_brand?post=77557"},{"taxonomy":"product_cat","embeddable":true,"href":"https:\/\/germanperaire.com\/en\/wp-json\/wp\/v2\/product_cat?post=77557"},{"taxonomy":"product_tag","embeddable":true,"href":"https:\/\/germanperaire.com\/en\/wp-json\/wp\/v2\/product_tag?post=77557"}],"curies":[{"name":"wp","href":"https:\/\/api.w.org\/{rel}","templated":true}]}}