{"id":77553,"date":"2023-10-03T13:09:05","date_gmt":"2023-10-03T11:09:05","guid":{"rendered":"https:\/\/germanperaire.com\/product\/curso-haz-un-joyero\/"},"modified":"2025-01-19T19:58:25","modified_gmt":"2025-01-19T18:58:25","slug":"curso-haz-un-joyero","status":"publish","type":"product","link":"https:\/\/germanperaire.com\/en\/product\/curso-haz-un-joyero\/","title":{"rendered":"Curso Haz un joyero"},"content":{"rendered":"<p><strong>CONTENIDOS<\/strong><br \/>\n&#8211; T\u00e9cnicas de construcci\u00f3n de cajas: ingletes reforzados<br \/>\n&#8211; Herramientas especializadas: ingletadoras manuales y cepillos de escuadrar<br \/>\n&#8211; T\u00e9cnicas de escuadrado de precisi\u00f3n tanto a 90\u00ba como a 45\u00ba.<br \/>\n&#8211; Marqueter\u00eda figurativa y enchapado con Beatriz Zuazo<br \/>\n&#8211; Bisagras especializadas para cajas. Instalaremos bisagras Brusso.<br \/>\n&#8211; Elaboraci\u00f3n e instalaci\u00f3n de bandejas correderas.<\/p>\n<p><strong>PR\u00d3XIMA CONVOCATORIA<\/strong><br \/>\n08-09\/02\/2025<br \/>\n08-09\/03\/2025<br \/>\n22-23\/03\/2025<\/p>\n<p><strong>HORARIO<\/strong><br \/>\nDe 10:00 a 17:30<\/p>\n<p><strong>REQUISITOS<\/strong><br \/>\nHaber cursado el Nivel 1 o bien experiencia en t\u00e9cnicas de cepillado, afilado,<br \/>\nuso del serrucho y del form\u00f3n, colas de milano, caja y espiga.<\/p>\n<p><strong>INFORMACI\u00d3N SOBRE RESERVAS<\/strong><br \/>\nLa reserva se efect\u00faa al hacer la compra del curso, bien en un pago \u00fanico o en un anticipo del 50%.<br \/>\nEste pago no es reembolsable: en caso de que no puedas atender, tu plaza ser\u00e1 trasladada a la<br \/>\npr\u00f3xima edici\u00f3n en oto\u00f1o o a otros cursos de tu elecci\u00f3n. Al efectuar la reserva se aceptan las<br \/>\ncondiciones aqu\u00ed escritas.<\/p>\n<p>\u2022 El pago por el 50% restante lo efectuaremos como m\u00ednimo 30 d\u00edas antes del inicio del taller. Si no cumples con este plazo, tu reserva ser\u00e1 pospuesta para la pr\u00f3xima convocatoria.<\/p>\n<p>\u2022 Por motivos de facturaci\u00f3n, tengo la obligaci\u00f3n de pedirte tus datos (Nombre, direcci\u00f3n y NIF). Esta informaci\u00f3n ser\u00e1 usada s\u00f3lo para facturar y permanecer\u00e1 confidencial y protegida seg\u00fan la normativa estatal y europea vigente. Puedes consultar en mi web la pol\u00edtica de privacidad.<\/p>\n<p>\u2022 Si eres cliente profesional h\u00e1zmelo saber antes del pago para aplicar la retenci\u00f3n correspondiente de IRPF.<\/p>\n<p>\u2022 Si dejas tu plaza desierta sin aviso previo, no podr\u00e1s recuperar las horas perdidas ni el importe del curso.<\/p>\n<p>\u2022 Los d\u00edas perdidos por no asistencia no podr\u00e1n recuperarse.<\/p>\n","protected":false},"excerpt":{"rendered":"<p>En este curso de tres fines de semana realizaremos un joyero con marqueter\u00eda. En su interior presenta dos alturas y dos bandejas correderas. El curso est\u00e1 impartido por Bea Zuazo (experta en marqueter\u00eda) y Germ\u00e1n Peraire.<\/p>\n","protected":false},"featured_media":77076,"template":"","meta":[],"product_brand":[],"product_cat":[141],"product_tag":[],"class_list":{"0":"post-77553","1":"product","2":"type-product","3":"status-publish","4":"has-post-thumbnail","6":"product_cat-on-site-courses","8":"first","9":"instock","10":"taxable","11":"shipping-taxable","12":"purchasable","13":"product-type-variable","14":"litho-product-5col"},"yoast_head":"<!-- This site is optimized with the Yoast SEO plugin v26.6 - https:\/\/yoast.com\/wordpress\/plugins\/seo\/ -->\n<title>Curso Haz un joyero - Germ\u00e1n Peraire<\/title>\n<meta name=\"description\" content=\"Aprende el arte de la ebanister\u00eda mientras construyes un joyero.\" \/>\n<meta name=\"robots\" content=\"index, follow, max-snippet:-1, max-image-preview:large, max-video-preview:-1\" \/>\n<link rel=\"canonical\" href=\"https:\/\/germanperaire.com\/en\/product\/curso-haz-un-joyero\/\" \/>\n<meta property=\"og:locale\" content=\"en_US\" \/>\n<meta property=\"og:type\" content=\"article\" \/>\n<meta property=\"og:title\" content=\"Curso Haz un joyero - Germ\u00e1n Peraire\" \/>\n<meta property=\"og:description\" content=\"Aprende el arte de la ebanister\u00eda mientras construyes un joyero.\" \/>\n<meta property=\"og:url\" content=\"https:\/\/germanperaire.com\/en\/product\/curso-haz-un-joyero\/\" \/>\n<meta property=\"og:site_name\" content=\"Germ\u00e1n Peraire\" \/>\n<meta property=\"article:modified_time\" content=\"2025-01-19T18:58:25+00:00\" \/>\n<meta property=\"og:image\" content=\"https:\/\/germanperaire.com\/wp-content\/uploads\/2023\/10\/Joier-1.jpg\" \/>\n\t<meta property=\"og:image:width\" content=\"800\" \/>\n\t<meta property=\"og:image:height\" content=\"800\" \/>\n\t<meta property=\"og:image:type\" content=\"image\/jpeg\" \/>\n<meta name=\"twitter:card\" content=\"summary_large_image\" \/>\n<meta name=\"twitter:label1\" content=\"Est. reading time\" \/>\n\t<meta name=\"twitter:data1\" content=\"1 minute\" \/>\n<script type=\"application\/ld+json\" class=\"yoast-schema-graph\">{\"@context\":\"https:\/\/schema.org\",\"@graph\":[{\"@type\":\"WebPage\",\"@id\":\"https:\/\/germanperaire.com\/en\/product\/curso-haz-un-joyero\/\",\"url\":\"https:\/\/germanperaire.com\/en\/product\/curso-haz-un-joyero\/\",\"name\":\"Curso Haz un joyero - Germ\u00e1n Peraire\",\"isPartOf\":{\"@id\":\"https:\/\/germanperaire.com\/#website\"},\"primaryImageOfPage\":{\"@id\":\"https:\/\/germanperaire.com\/en\/product\/curso-haz-un-joyero\/#primaryimage\"},\"image\":{\"@id\":\"https:\/\/germanperaire.com\/en\/product\/curso-haz-un-joyero\/#primaryimage\"},\"thumbnailUrl\":\"https:\/\/germanperaire.com\/wp-content\/uploads\/2023\/10\/Joier-1.jpg\",\"datePublished\":\"2023-10-03T11:09:05+00:00\",\"dateModified\":\"2025-01-19T18:58:25+00:00\",\"description\":\"Aprende el arte de la ebanister\u00eda mientras construyes un joyero.\",\"breadcrumb\":{\"@id\":\"https:\/\/germanperaire.com\/en\/product\/curso-haz-un-joyero\/#breadcrumb\"},\"inLanguage\":\"en-US\",\"potentialAction\":[{\"@type\":\"ReadAction\",\"target\":[\"https:\/\/germanperaire.com\/en\/product\/curso-haz-un-joyero\/\"]}]},{\"@type\":\"ImageObject\",\"inLanguage\":\"en-US\",\"@id\":\"https:\/\/germanperaire.com\/en\/product\/curso-haz-un-joyero\/#primaryimage\",\"url\":\"https:\/\/germanperaire.com\/wp-content\/uploads\/2023\/10\/Joier-1.jpg\",\"contentUrl\":\"https:\/\/germanperaire.com\/wp-content\/uploads\/2023\/10\/Joier-1.jpg\",\"width\":800,\"height\":800,\"caption\":\"Curso para aprender a construir un joyero de madera\"},{\"@type\":\"BreadcrumbList\",\"@id\":\"https:\/\/germanperaire.com\/en\/product\/curso-haz-un-joyero\/#breadcrumb\",\"itemListElement\":[{\"@type\":\"ListItem\",\"position\":1,\"name\":\"Portada\",\"item\":\"https:\/\/germanperaire.com\/en\/\"},{\"@type\":\"ListItem\",\"position\":2,\"name\":\"Productes\",\"item\":\"https:\/\/germanperaire.com\/ca\/shop\/\"},{\"@type\":\"ListItem\",\"position\":3,\"name\":\"Curso Haz un joyero\"}]},{\"@type\":\"WebSite\",\"@id\":\"https:\/\/germanperaire.com\/#website\",\"url\":\"https:\/\/germanperaire.com\/\",\"name\":\"Germ\u00e1n Peraire - Ebanister\u00eda de Autor\",\"description\":\"Construction of solid wood furniture. I make my own designs as well as custom orders.\",\"publisher\":{\"@id\":\"https:\/\/germanperaire.com\/#organization\"},\"alternateName\":\"Germ\u00e1n Peraire - Ebanister\u00eda de Autor\",\"potentialAction\":[{\"@type\":\"SearchAction\",\"target\":{\"@type\":\"EntryPoint\",\"urlTemplate\":\"https:\/\/germanperaire.com\/?s={search_term_string}\"},\"query-input\":{\"@type\":\"PropertyValueSpecification\",\"valueRequired\":true,\"valueName\":\"search_term_string\"}}],\"inLanguage\":\"en-US\"},{\"@type\":\"Organization\",\"@id\":\"https:\/\/germanperaire.com\/#organization\",\"name\":\"Germ\u00e1n Peraire - Ebanister\u00eda de Autor\",\"alternateName\":\"Germ\u00e1n Peraire - Ebanister\u00eda de Autor\",\"url\":\"https:\/\/germanperaire.com\/\",\"logo\":{\"@type\":\"ImageObject\",\"inLanguage\":\"en-US\",\"@id\":\"https:\/\/germanperaire.com\/#\/schema\/logo\/image\/\",\"url\":\"https:\/\/germanperaire.com\/wp-content\/uploads\/2021\/06\/logo-header.png\",\"contentUrl\":\"https:\/\/germanperaire.com\/wp-content\/uploads\/2021\/06\/logo-header.png\",\"width\":220,\"height\":42,\"caption\":\"Germ\u00e1n Peraire - Ebanister\u00eda de Autor\"},\"image\":{\"@id\":\"https:\/\/germanperaire.com\/#\/schema\/logo\/image\/\"},\"sameAs\":[\"https:\/\/instagram.com\/germanperaire\"]}]}<\/script>\n<!-- \/ Yoast SEO plugin. -->","yoast_head_json":{"title":"Curso Haz un joyero - Germ\u00e1n Peraire","description":"Aprende el arte de la ebanister\u00eda mientras construyes un joyero.","robots":{"index":"index","follow":"follow","max-snippet":"max-snippet:-1","max-image-preview":"max-image-preview:large","max-video-preview":"max-video-preview:-1"},"canonical":"https:\/\/germanperaire.com\/en\/product\/curso-haz-un-joyero\/","og_locale":"en_US","og_type":"article","og_title":"Curso Haz un joyero - Germ\u00e1n Peraire","og_description":"Aprende el arte de la ebanister\u00eda mientras construyes un joyero.","og_url":"https:\/\/germanperaire.com\/en\/product\/curso-haz-un-joyero\/","og_site_name":"Germ\u00e1n Peraire","article_modified_time":"2025-01-19T18:58:25+00:00","og_image":[{"width":800,"height":800,"url":"https:\/\/germanperaire.com\/wp-content\/uploads\/2023\/10\/Joier-1.jpg","type":"image\/jpeg"}],"twitter_card":"summary_large_image","twitter_misc":{"Est. reading time":"1 minute"},"schema":{"@context":"https:\/\/schema.org","@graph":[{"@type":"WebPage","@id":"https:\/\/germanperaire.com\/en\/product\/curso-haz-un-joyero\/","url":"https:\/\/germanperaire.com\/en\/product\/curso-haz-un-joyero\/","name":"Curso Haz un joyero - Germ\u00e1n Peraire","isPartOf":{"@id":"https:\/\/germanperaire.com\/#website"},"primaryImageOfPage":{"@id":"https:\/\/germanperaire.com\/en\/product\/curso-haz-un-joyero\/#primaryimage"},"image":{"@id":"https:\/\/germanperaire.com\/en\/product\/curso-haz-un-joyero\/#primaryimage"},"thumbnailUrl":"https:\/\/germanperaire.com\/wp-content\/uploads\/2023\/10\/Joier-1.jpg","datePublished":"2023-10-03T11:09:05+00:00","dateModified":"2025-01-19T18:58:25+00:00","description":"Aprende el arte de la ebanister\u00eda mientras construyes un joyero.","breadcrumb":{"@id":"https:\/\/germanperaire.com\/en\/product\/curso-haz-un-joyero\/#breadcrumb"},"inLanguage":"en-US","potentialAction":[{"@type":"ReadAction","target":["https:\/\/germanperaire.com\/en\/product\/curso-haz-un-joyero\/"]}]},{"@type":"ImageObject","inLanguage":"en-US","@id":"https:\/\/germanperaire.com\/en\/product\/curso-haz-un-joyero\/#primaryimage","url":"https:\/\/germanperaire.com\/wp-content\/uploads\/2023\/10\/Joier-1.jpg","contentUrl":"https:\/\/germanperaire.com\/wp-content\/uploads\/2023\/10\/Joier-1.jpg","width":800,"height":800,"caption":"Curso para aprender a construir un joyero de madera"},{"@type":"BreadcrumbList","@id":"https:\/\/germanperaire.com\/en\/product\/curso-haz-un-joyero\/#breadcrumb","itemListElement":[{"@type":"ListItem","position":1,"name":"Portada","item":"https:\/\/germanperaire.com\/en\/"},{"@type":"ListItem","position":2,"name":"Productes","item":"https:\/\/germanperaire.com\/ca\/shop\/"},{"@type":"ListItem","position":3,"name":"Curso Haz un joyero"}]},{"@type":"WebSite","@id":"https:\/\/germanperaire.com\/#website","url":"https:\/\/germanperaire.com\/","name":"Germ\u00e1n Peraire - Ebanister\u00eda de Autor","description":"Construction of solid wood furniture. I make my own designs as well as custom orders.","publisher":{"@id":"https:\/\/germanperaire.com\/#organization"},"alternateName":"Germ\u00e1n Peraire - Ebanister\u00eda de Autor","potentialAction":[{"@type":"SearchAction","target":{"@type":"EntryPoint","urlTemplate":"https:\/\/germanperaire.com\/?s={search_term_string}"},"query-input":{"@type":"PropertyValueSpecification","valueRequired":true,"valueName":"search_term_string"}}],"inLanguage":"en-US"},{"@type":"Organization","@id":"https:\/\/germanperaire.com\/#organization","name":"Germ\u00e1n Peraire - Ebanister\u00eda de Autor","alternateName":"Germ\u00e1n Peraire - Ebanister\u00eda de Autor","url":"https:\/\/germanperaire.com\/","logo":{"@type":"ImageObject","inLanguage":"en-US","@id":"https:\/\/germanperaire.com\/#\/schema\/logo\/image\/","url":"https:\/\/germanperaire.com\/wp-content\/uploads\/2021\/06\/logo-header.png","contentUrl":"https:\/\/germanperaire.com\/wp-content\/uploads\/2021\/06\/logo-header.png","width":220,"height":42,"caption":"Germ\u00e1n Peraire - Ebanister\u00eda de Autor"},"image":{"@id":"https:\/\/germanperaire.com\/#\/schema\/logo\/image\/"},"sameAs":["https:\/\/instagram.com\/germanperaire"]}]}},"_links":{"self":[{"href":"https:\/\/germanperaire.com\/en\/wp-json\/wp\/v2\/product\/77553","targetHints":{"allow":["GET"]}}],"collection":[{"href":"https:\/\/germanperaire.com\/en\/wp-json\/wp\/v2\/product"}],"about":[{"href":"https:\/\/germanperaire.com\/en\/wp-json\/wp\/v2\/types\/product"}],"wp:featuredmedia":[{"embeddable":true,"href":"https:\/\/germanperaire.com\/en\/wp-json\/wp\/v2\/media\/77076"}],"wp:attachment":[{"href":"https:\/\/germanperaire.com\/en\/wp-json\/wp\/v2\/media?parent=77553"}],"wp:term":[{"taxonomy":"product_brand","embeddable":true,"href":"https:\/\/germanperaire.com\/en\/wp-json\/wp\/v2\/product_brand?post=77553"},{"taxonomy":"product_cat","embeddable":true,"href":"https:\/\/germanperaire.com\/en\/wp-json\/wp\/v2\/product_cat?post=77553"},{"taxonomy":"product_tag","embeddable":true,"href":"https:\/\/germanperaire.com\/en\/wp-json\/wp\/v2\/product_tag?post=77553"}],"curies":[{"name":"wp","href":"https:\/\/api.w.org\/{rel}","templated":true}]}}