{"id":77539,"date":"2023-10-04T08:33:26","date_gmt":"2023-10-04T06:33:26","guid":{"rendered":"https:\/\/germanperaire.com\/product\/curso-de-ebanisteria-nivel-2\/"},"modified":"2025-12-04T19:48:58","modified_gmt":"2025-12-04T18:48:58","slug":"curso-de-ebanisteria-nivel-2","status":"publish","type":"product","link":"https:\/\/germanperaire.com\/en\/product\/curso-de-ebanisteria-nivel-2\/","title":{"rendered":"Curso de ebanister\u00eda Nivel 2"},"content":{"rendered":"<p><iframe title=\"YouTube video player\" src=\"https:\/\/www.youtube.com\/embed\/CSktEvVhin8?si=VnZhj0xiiu5h-jDj\" width=\"560\" height=\"315\" frameborder=\"0\" allowfullscreen=\"allowfullscreen\"><\/iframe><\/p>\n<p>&nbsp;<\/p>\n<p><strong>CONTENIDOS<\/strong><br \/>\n&#8211; Estructuras de carcasa plana. M\u00e9todo con colas de milano, clavijas, domino, cola de milano deslizante.<br \/>\n&#8211; Construcci\u00f3n e instalaci\u00f3n de puertas. Estructuras en armaz\u00f3n y plafones.<br \/>\n&#8211; Construcci\u00f3n e instalaci\u00f3n de cajones. M\u00e9todo tradicional y m\u00e9todo a la inglesa.<br \/>\n&#8211; Construcci\u00f3n e instalaci\u00f3n de fondos. Cuatro m\u00e9todos.<\/p>\n<p>&nbsp;<\/p>\n<p><strong>PR\u00d3XIMA CONVOCATORIA &#8211; primavera 2026<\/strong><br \/>\n18-19\/04\/2026<\/p>\n<p>25-26\/04\/2026<\/p>\n<p>2-3\/05\/2026<\/p>\n<p>16-17\/05\/2026<\/p>\n<p>30-31\/05\/2026<\/p>\n<p>06-07\/06\/2026<\/p>\n<p>20-21\/06\/2026 (fin de semana opcional)<\/p>\n<p><strong>HORARIO<\/strong><br \/>\nDe 10:00 a 17:30<\/p>\n<p><strong>REQUISITOS<\/strong><br \/>\nHaber cursado el Nivel 1 o bien experiencia en t\u00e9cnicas de cepillado, afilado,<br \/>\nuso del serrucho y del form\u00f3n, colas de milano, caja y espiga.<\/p>\n<p><strong>INFORMACI\u00d3N SOBRE RESERVAS<\/strong><\/p>\n<p>\u2022 La reserva se efect\u00faa al hacer la compra del curso, bien en un pago \u00fanico o en un anticipo del 50%. Este pago no es reembolsable: en caso de que no puedas atender, tu plaza ser\u00e1 trasladada a la pr\u00f3xima edici\u00f3n en oto\u00f1o o a otros cursos de tu elecci\u00f3n. Al efectuar la reserva se aceptan las condiciones aqu\u00ed escritas.<\/p>\n<p>\u2022 El pago por el 50% restante lo efectuaremos como m\u00ednimo 30 d\u00edas antes del inicio del taller. Si no cumples con este plazo, tu reserva ser\u00e1 pospuesta para la pr\u00f3xima convocatoria.<\/p>\n<p>\u2022 Por motivos de facturaci\u00f3n, tengo la obligaci\u00f3n de pedirte tus datos (Nombre, direcci\u00f3n y NIF). Esta informaci\u00f3n ser\u00e1 usada s\u00f3lo para facturar y permanecer\u00e1 confidencial y protegida seg\u00fan la normativa estatal y europea vigente. Puedes consultar en mi web la pol\u00edtica de privacidad.<\/p>\n<p>\u2022 Si eres cliente profesional h\u00e1zmelo saber antes del pago para aplicar la retenci\u00f3n correspondiente de IRPF.<\/p>\n<p>\u2022 Si dejas tu plaza desierta sin aviso previo, no podr\u00e1s recuperar las horas perdidas ni el importe del curso.<\/p>\n<p>\u2022 Los d\u00edas perdidos por no asistencia no podr\u00e1n recuperarse.<\/p>\n<p>&nbsp;<\/p>\n","protected":false},"excerpt":{"rendered":"<p>Una vez hemos aprendido las t\u00e9cnicas b\u00e1sicas del Nivel 1, el siguiente paso es aprender las <strong>soluciones constructivas<\/strong> en fabricaci\u00f3n de mobiliario.<br \/>\nDurante este curso no s\u00f3lo <strong>construiremos un armario de pared<\/strong>, si no que veremos diversos m\u00e9todos alternativos para que en el futuro tengas un buen repertorio de soluciones constructivas que te permita fabricar todo tipo de mobiliario. En el \u00faltimo fin de semana haremos una <strong>visita a casa de Germ\u00e1n<\/strong> para ver de primera mano los ejemplos de soluciones constructivas que trataremos durante el curso.<\/p>\n<p>El curso consta de 84 horas lectivas repartidas en <strong>7 fines de semana<\/strong>, siendo el \u00faltimo de asistencia opcional.<\/p>\n<p>La madera que escogemos var\u00eda en cada convocatoria. Siempre se trata de variedades frondosas de primera calidad.<\/p>\n","protected":false},"featured_media":77541,"template":"","meta":[],"product_brand":[],"product_cat":[141],"product_tag":[],"class_list":{"0":"post-77539","1":"product","2":"type-product","3":"status-publish","4":"has-post-thumbnail","6":"product_cat-on-site-courses","8":"first","9":"outofstock","10":"taxable","11":"shipping-taxable","12":"purchasable","13":"product-type-variable","14":"litho-product-5col"},"yoast_head":"<!-- This site is optimized with the Yoast SEO plugin v26.6 - https:\/\/yoast.com\/wordpress\/plugins\/seo\/ -->\n<title>Curso de ebanister\u00eda Nivel 2 - Germ\u00e1n Peraire<\/title>\n<meta name=\"description\" content=\"Si has hecho el curso de ebanister\u00eda de nivel 1, este m\u00e1s avanzado es ideal para reforzar lo ya aprendido profundizar m\u00e1s en este arte.\" \/>\n<meta name=\"robots\" content=\"index, follow, max-snippet:-1, max-image-preview:large, max-video-preview:-1\" \/>\n<link rel=\"canonical\" href=\"https:\/\/germanperaire.com\/en\/product\/curso-de-ebanisteria-nivel-2\/\" \/>\n<meta property=\"og:locale\" content=\"en_US\" \/>\n<meta property=\"og:type\" content=\"article\" \/>\n<meta property=\"og:title\" content=\"Curso de ebanister\u00eda Nivel 2 - Germ\u00e1n Peraire\" \/>\n<meta property=\"og:description\" content=\"Si has hecho el curso de ebanister\u00eda de nivel 1, este m\u00e1s avanzado es ideal para reforzar lo ya aprendido profundizar m\u00e1s en este arte.\" \/>\n<meta property=\"og:url\" content=\"https:\/\/germanperaire.com\/en\/product\/curso-de-ebanisteria-nivel-2\/\" \/>\n<meta property=\"og:site_name\" content=\"Germ\u00e1n Peraire\" \/>\n<meta property=\"article:modified_time\" content=\"2025-12-04T18:48:58+00:00\" \/>\n<meta property=\"og:image\" content=\"https:\/\/germanperaire.com\/wp-content\/uploads\/2023\/10\/N2-1bo.jpg\" \/>\n\t<meta property=\"og:image:width\" content=\"800\" \/>\n\t<meta property=\"og:image:height\" content=\"800\" \/>\n\t<meta property=\"og:image:type\" content=\"image\/jpeg\" \/>\n<meta name=\"twitter:card\" content=\"summary_large_image\" \/>\n<meta name=\"twitter:label1\" content=\"Est. reading time\" \/>\n\t<meta name=\"twitter:data1\" content=\"2 minutes\" \/>\n<script type=\"application\/ld+json\" class=\"yoast-schema-graph\">{\"@context\":\"https:\/\/schema.org\",\"@graph\":[{\"@type\":\"WebPage\",\"@id\":\"https:\/\/germanperaire.com\/en\/product\/curso-de-ebanisteria-nivel-2\/\",\"url\":\"https:\/\/germanperaire.com\/en\/product\/curso-de-ebanisteria-nivel-2\/\",\"name\":\"Curso de ebanister\u00eda Nivel 2 - Germ\u00e1n Peraire\",\"isPartOf\":{\"@id\":\"https:\/\/germanperaire.com\/#website\"},\"primaryImageOfPage\":{\"@id\":\"https:\/\/germanperaire.com\/en\/product\/curso-de-ebanisteria-nivel-2\/#primaryimage\"},\"image\":{\"@id\":\"https:\/\/germanperaire.com\/en\/product\/curso-de-ebanisteria-nivel-2\/#primaryimage\"},\"thumbnailUrl\":\"https:\/\/germanperaire.com\/wp-content\/uploads\/2023\/10\/N2-1bo.jpg\",\"datePublished\":\"2023-10-04T06:33:26+00:00\",\"dateModified\":\"2025-12-04T18:48:58+00:00\",\"description\":\"Si has hecho el curso de ebanister\u00eda de nivel 1, este m\u00e1s avanzado es ideal para reforzar lo ya aprendido profundizar m\u00e1s en este arte.\",\"breadcrumb\":{\"@id\":\"https:\/\/germanperaire.com\/en\/product\/curso-de-ebanisteria-nivel-2\/#breadcrumb\"},\"inLanguage\":\"en-US\",\"potentialAction\":[{\"@type\":\"ReadAction\",\"target\":[\"https:\/\/germanperaire.com\/en\/product\/curso-de-ebanisteria-nivel-2\/\"]}]},{\"@type\":\"ImageObject\",\"inLanguage\":\"en-US\",\"@id\":\"https:\/\/germanperaire.com\/en\/product\/curso-de-ebanisteria-nivel-2\/#primaryimage\",\"url\":\"https:\/\/germanperaire.com\/wp-content\/uploads\/2023\/10\/N2-1bo.jpg\",\"contentUrl\":\"https:\/\/germanperaire.com\/wp-content\/uploads\/2023\/10\/N2-1bo.jpg\",\"width\":800,\"height\":800},{\"@type\":\"BreadcrumbList\",\"@id\":\"https:\/\/germanperaire.com\/en\/product\/curso-de-ebanisteria-nivel-2\/#breadcrumb\",\"itemListElement\":[{\"@type\":\"ListItem\",\"position\":1,\"name\":\"Portada\",\"item\":\"https:\/\/germanperaire.com\/en\/\"},{\"@type\":\"ListItem\",\"position\":2,\"name\":\"Productes\",\"item\":\"https:\/\/germanperaire.com\/ca\/shop\/\"},{\"@type\":\"ListItem\",\"position\":3,\"name\":\"Curso de ebanister\u00eda Nivel 2\"}]},{\"@type\":\"WebSite\",\"@id\":\"https:\/\/germanperaire.com\/#website\",\"url\":\"https:\/\/germanperaire.com\/\",\"name\":\"Germ\u00e1n Peraire - Ebanister\u00eda de Autor\",\"description\":\"Construction of solid wood furniture. I make my own designs as well as custom orders.\",\"publisher\":{\"@id\":\"https:\/\/germanperaire.com\/#organization\"},\"alternateName\":\"Germ\u00e1n Peraire - Ebanister\u00eda de Autor\",\"potentialAction\":[{\"@type\":\"SearchAction\",\"target\":{\"@type\":\"EntryPoint\",\"urlTemplate\":\"https:\/\/germanperaire.com\/?s={search_term_string}\"},\"query-input\":{\"@type\":\"PropertyValueSpecification\",\"valueRequired\":true,\"valueName\":\"search_term_string\"}}],\"inLanguage\":\"en-US\"},{\"@type\":\"Organization\",\"@id\":\"https:\/\/germanperaire.com\/#organization\",\"name\":\"Germ\u00e1n Peraire - Ebanister\u00eda de Autor\",\"alternateName\":\"Germ\u00e1n Peraire - Ebanister\u00eda de Autor\",\"url\":\"https:\/\/germanperaire.com\/\",\"logo\":{\"@type\":\"ImageObject\",\"inLanguage\":\"en-US\",\"@id\":\"https:\/\/germanperaire.com\/#\/schema\/logo\/image\/\",\"url\":\"https:\/\/germanperaire.com\/wp-content\/uploads\/2021\/06\/logo-header.png\",\"contentUrl\":\"https:\/\/germanperaire.com\/wp-content\/uploads\/2021\/06\/logo-header.png\",\"width\":220,\"height\":42,\"caption\":\"Germ\u00e1n Peraire - Ebanister\u00eda de Autor\"},\"image\":{\"@id\":\"https:\/\/germanperaire.com\/#\/schema\/logo\/image\/\"},\"sameAs\":[\"https:\/\/instagram.com\/germanperaire\"]}]}<\/script>\n<!-- \/ Yoast SEO plugin. -->","yoast_head_json":{"title":"Curso de ebanister\u00eda Nivel 2 - Germ\u00e1n Peraire","description":"Si has hecho el curso de ebanister\u00eda de nivel 1, este m\u00e1s avanzado es ideal para reforzar lo ya aprendido profundizar m\u00e1s en este arte.","robots":{"index":"index","follow":"follow","max-snippet":"max-snippet:-1","max-image-preview":"max-image-preview:large","max-video-preview":"max-video-preview:-1"},"canonical":"https:\/\/germanperaire.com\/en\/product\/curso-de-ebanisteria-nivel-2\/","og_locale":"en_US","og_type":"article","og_title":"Curso de ebanister\u00eda Nivel 2 - Germ\u00e1n Peraire","og_description":"Si has hecho el curso de ebanister\u00eda de nivel 1, este m\u00e1s avanzado es ideal para reforzar lo ya aprendido profundizar m\u00e1s en este arte.","og_url":"https:\/\/germanperaire.com\/en\/product\/curso-de-ebanisteria-nivel-2\/","og_site_name":"Germ\u00e1n Peraire","article_modified_time":"2025-12-04T18:48:58+00:00","og_image":[{"width":800,"height":800,"url":"https:\/\/germanperaire.com\/wp-content\/uploads\/2023\/10\/N2-1bo.jpg","type":"image\/jpeg"}],"twitter_card":"summary_large_image","twitter_misc":{"Est. reading time":"2 minutes"},"schema":{"@context":"https:\/\/schema.org","@graph":[{"@type":"WebPage","@id":"https:\/\/germanperaire.com\/en\/product\/curso-de-ebanisteria-nivel-2\/","url":"https:\/\/germanperaire.com\/en\/product\/curso-de-ebanisteria-nivel-2\/","name":"Curso de ebanister\u00eda Nivel 2 - Germ\u00e1n Peraire","isPartOf":{"@id":"https:\/\/germanperaire.com\/#website"},"primaryImageOfPage":{"@id":"https:\/\/germanperaire.com\/en\/product\/curso-de-ebanisteria-nivel-2\/#primaryimage"},"image":{"@id":"https:\/\/germanperaire.com\/en\/product\/curso-de-ebanisteria-nivel-2\/#primaryimage"},"thumbnailUrl":"https:\/\/germanperaire.com\/wp-content\/uploads\/2023\/10\/N2-1bo.jpg","datePublished":"2023-10-04T06:33:26+00:00","dateModified":"2025-12-04T18:48:58+00:00","description":"Si has hecho el curso de ebanister\u00eda de nivel 1, este m\u00e1s avanzado es ideal para reforzar lo ya aprendido profundizar m\u00e1s en este arte.","breadcrumb":{"@id":"https:\/\/germanperaire.com\/en\/product\/curso-de-ebanisteria-nivel-2\/#breadcrumb"},"inLanguage":"en-US","potentialAction":[{"@type":"ReadAction","target":["https:\/\/germanperaire.com\/en\/product\/curso-de-ebanisteria-nivel-2\/"]}]},{"@type":"ImageObject","inLanguage":"en-US","@id":"https:\/\/germanperaire.com\/en\/product\/curso-de-ebanisteria-nivel-2\/#primaryimage","url":"https:\/\/germanperaire.com\/wp-content\/uploads\/2023\/10\/N2-1bo.jpg","contentUrl":"https:\/\/germanperaire.com\/wp-content\/uploads\/2023\/10\/N2-1bo.jpg","width":800,"height":800},{"@type":"BreadcrumbList","@id":"https:\/\/germanperaire.com\/en\/product\/curso-de-ebanisteria-nivel-2\/#breadcrumb","itemListElement":[{"@type":"ListItem","position":1,"name":"Portada","item":"https:\/\/germanperaire.com\/en\/"},{"@type":"ListItem","position":2,"name":"Productes","item":"https:\/\/germanperaire.com\/ca\/shop\/"},{"@type":"ListItem","position":3,"name":"Curso de ebanister\u00eda Nivel 2"}]},{"@type":"WebSite","@id":"https:\/\/germanperaire.com\/#website","url":"https:\/\/germanperaire.com\/","name":"Germ\u00e1n Peraire - Ebanister\u00eda de Autor","description":"Construction of solid wood furniture. I make my own designs as well as custom orders.","publisher":{"@id":"https:\/\/germanperaire.com\/#organization"},"alternateName":"Germ\u00e1n Peraire - Ebanister\u00eda de Autor","potentialAction":[{"@type":"SearchAction","target":{"@type":"EntryPoint","urlTemplate":"https:\/\/germanperaire.com\/?s={search_term_string}"},"query-input":{"@type":"PropertyValueSpecification","valueRequired":true,"valueName":"search_term_string"}}],"inLanguage":"en-US"},{"@type":"Organization","@id":"https:\/\/germanperaire.com\/#organization","name":"Germ\u00e1n Peraire - Ebanister\u00eda de Autor","alternateName":"Germ\u00e1n Peraire - Ebanister\u00eda de Autor","url":"https:\/\/germanperaire.com\/","logo":{"@type":"ImageObject","inLanguage":"en-US","@id":"https:\/\/germanperaire.com\/#\/schema\/logo\/image\/","url":"https:\/\/germanperaire.com\/wp-content\/uploads\/2021\/06\/logo-header.png","contentUrl":"https:\/\/germanperaire.com\/wp-content\/uploads\/2021\/06\/logo-header.png","width":220,"height":42,"caption":"Germ\u00e1n Peraire - Ebanister\u00eda de Autor"},"image":{"@id":"https:\/\/germanperaire.com\/#\/schema\/logo\/image\/"},"sameAs":["https:\/\/instagram.com\/germanperaire"]}]}},"_links":{"self":[{"href":"https:\/\/germanperaire.com\/en\/wp-json\/wp\/v2\/product\/77539","targetHints":{"allow":["GET"]}}],"collection":[{"href":"https:\/\/germanperaire.com\/en\/wp-json\/wp\/v2\/product"}],"about":[{"href":"https:\/\/germanperaire.com\/en\/wp-json\/wp\/v2\/types\/product"}],"wp:featuredmedia":[{"embeddable":true,"href":"https:\/\/germanperaire.com\/en\/wp-json\/wp\/v2\/media\/77541"}],"wp:attachment":[{"href":"https:\/\/germanperaire.com\/en\/wp-json\/wp\/v2\/media?parent=77539"}],"wp:term":[{"taxonomy":"product_brand","embeddable":true,"href":"https:\/\/germanperaire.com\/en\/wp-json\/wp\/v2\/product_brand?post=77539"},{"taxonomy":"product_cat","embeddable":true,"href":"https:\/\/germanperaire.com\/en\/wp-json\/wp\/v2\/product_cat?post=77539"},{"taxonomy":"product_tag","embeddable":true,"href":"https:\/\/germanperaire.com\/en\/wp-json\/wp\/v2\/product_tag?post=77539"}],"curies":[{"name":"wp","href":"https:\/\/api.w.org\/{rel}","templated":true}]}}