{"id":77649,"date":"2023-09-18T11:37:51","date_gmt":"2023-09-18T09:37:51","guid":{"rendered":"https:\/\/germanperaire.com\/politica-de-cookies\/"},"modified":"2024-06-12T12:32:39","modified_gmt":"2024-06-12T10:32:39","slug":"cookie-policy","status":"publish","type":"page","link":"https:\/\/germanperaire.com\/en\/cookie-policy\/","title":{"rendered":"Cookie policy"},"content":{"rendered":"\t\t<div data-elementor-type=\"wp-page\" data-elementor-id=\"77649\" class=\"elementor elementor-77649 elementor-76230\" data-elementor-post-type=\"page\">\n\t\t\t\t\t\t<section class=\"elementor-section elementor-top-section elementor-element elementor-element-5e975094 elementor-section-stretched elementor-section-boxed elementor-section-height-default elementor-section-height-default\" data-id=\"5e975094\" data-element_type=\"section\" data-settings=\"{&quot;background_background&quot;:&quot;classic&quot;,&quot;stretch_section&quot;:&quot;section-stretched&quot;}\">\n\t\t\t\t\t\t<div class=\"elementor-container elementor-column-gap-default\">\n\t\t\t\t\t<div class=\"elementor-column elementor-col-100 elementor-top-column elementor-element elementor-element-23c04bb0\" data-id=\"23c04bb0\" data-element_type=\"column\">\n\t\t\t<div class=\"elementor-widget-wrap elementor-element-populated\">\n\t\t\t\t\t\t<div class=\"elementor-element elementor-element-77453efe elementor-widget elementor-widget-text-editor\" data-id=\"77453efe\" data-element_type=\"widget\" data-widget_type=\"text-editor.default\">\n\t\t\t\t<div class=\"elementor-widget-container\">\n\t\t\t\t\t\t\t\t\t<p>Cookies policy<\/p>\t\t\t\t\t\t\t\t<\/div>\n\t\t\t\t<\/div>\n\t\t\t\t\t<\/div>\n\t\t<\/div>\n\t\t\t\t\t<\/div>\n\t\t<\/section>\n\t\t\t\t<section class=\"elementor-section elementor-top-section elementor-element elementor-element-4d5d9d5e elementor-section-boxed elementor-section-height-default elementor-section-height-default\" data-id=\"4d5d9d5e\" data-element_type=\"section\">\n\t\t\t\t\t\t<div class=\"elementor-container elementor-column-gap-default\">\n\t\t\t\t\t<div class=\"elementor-column elementor-col-100 elementor-top-column elementor-element elementor-element-754951e6\" data-id=\"754951e6\" data-element_type=\"column\">\n\t\t\t<div class=\"elementor-widget-wrap elementor-element-populated\">\n\t\t\t\t\t\t<div class=\"elementor-element elementor-element-665ab975 elementor-hidden-mobile elementor-widget elementor-widget-spacer\" data-id=\"665ab975\" data-element_type=\"widget\" data-widget_type=\"spacer.default\">\n\t\t\t\t<div class=\"elementor-widget-container\">\n\t\t\t\t\t\t\t<div class=\"elementor-spacer\">\n\t\t\t<div class=\"elementor-spacer-inner\"><\/div>\n\t\t<\/div>\n\t\t\t\t\t\t<\/div>\n\t\t\t\t<\/div>\n\t\t\t\t<div class=\"elementor-element elementor-element-1d6e61a8 legals elementor-widget elementor-widget-text-editor\" data-id=\"1d6e61a8\" data-element_type=\"widget\" data-widget_type=\"text-editor.default\">\n\t\t\t\t<div class=\"elementor-widget-container\">\n\t\t\t\t\t\t\t\t\t<p>A Cookie is a file that is downloaded to your computer when you access certain web pages. Cookies allow a website, among other things, store and retrieve information about browsing habits of a user or your computer and, depending on the information it contains and the way you use your computer, can be used to recognize the user.<\/p><p>Cookies are essential for the operation of the Internet, providing countless advantages in providing interactive services, facilitating navigation and usability of our website.<\/p><p>The information provided below will help you understand the different types of cookies:<\/p><ol><li><strong>DEPENDING ON THE ENTITY THAT MANAGES THEM<\/strong><ul><li>Own Cookies: These are those that are collected by the editor itself to provide the service requested by the user.<\/li><li>Third-party cookies: These are those that are collected and managed by a third party, these cannot be considered own cookies.<\/li><\/ul><\/li><li><strong>DEPENDING ON THE LENGTH OF TIME THEY REMAIN ACTIVE<\/strong><ul><li>Session Cookies: Collect data while the user browses the network in order to provide the requested service.<\/li><li>Persistent cookies: They are stored in the terminal and the information obtained will be used by the person responsible for the cookie in order to provide the requested service.<\/li><\/ul><\/li><li><strong>BY PURPOSE<\/strong><ul><li>Technical Cookies: These are necessary for the correct navigation through the web.<\/li><li>Personalization cookies: Allow the user to set the characteristics (language) for browsing the website.<\/li><li>Analysis Cookies: Allow the provider the analysis linked to the navigation made by the user, in order to keep track of the use of the website, as well as statistics of the most visited content, number of visitors, etc.<\/li><li>Advertising Cookies: Allow the editor to include advertising space on the website, according to the content of the website itself.<\/li><li>Behavioral advertising cookies: These allow the editor to include advertising spaces on the website according to the information obtained through the user&#8217;s browsing habits.<\/li><\/ul><\/li><\/ol><p class=\"p1\">In accordance with the provisions of Article 22.2 of Law 34\/2002, of July 11, 2002, on Information Society Services and Electronic Commerce (LSSI-CE), GERM\u00c1N PERAIRE informs about the cookies used on our website:<\/p><table><thead><tr><th>Nombre<\/th><th>Entidad<\/th><th>Dominio<\/th><th>Descripci\u00f3n<\/th><th>Duraci\u00f3n<\/th><\/tr><\/thead><tbody><tr><td>_ga<\/td><td>Third-party<\/td><td>.germanperaire.com<\/td><td>This cookie is set by Google Analytics. The cookie is used to calculate visitor data, sessions, campaigns and track site usage for site analytics reporting. Cookies store information anonymously and assign a randomly generated number to identify unique visitors.<\/td><td>2 years<\/td><\/tr><tr><td>_gid<\/td><td>Third-party<\/td><td>.germanperaire.com<\/td><td>This cookie is set by Google Analytics. The cookie is used to store information on how visitors use a website and helps to create an analytics report on the performance of the website. The data collected including the number of visitors, the source from which they came and the pages they blocked anonymously.<\/td><td>1 day<\/td><\/tr><tr><td>_gat_gtag_G-QPFFJD1PH5<\/td><td>Third-party<\/td><td>.germanperaire.com<\/td><td>Google uses this cookie to distinguish users.<\/td><td>1 minute<\/td><\/tr><tr><td>_icl_current_language<\/td><td>Own<\/td><td>.germanperaire.com<\/td><td>This cookie is stored by the WordPress WPML plugin. The purpose of the cookie is to store the current language.<\/td><td>1 day<\/td><\/tr><\/tbody><\/table><ul><li><strong>Google Analytics:<\/strong> Stores cookies to compile statistics on traffic and volume of visits to this website. By using this website you consent to the processing of data about you by Google. Therefore, the exercise of any rights in this regard should do so by communicating directly with Google. Google Analytics cookies are stored on servers located in the United States and undertakes not to share it with third parties, except where necessary for the operation of the system or where required by law to that effect. According to Google does not store your IP address. Google Inc. is a &#8220;Privacy Shield&#8221; company which guarantees that all data transferred will be treated with a level of protection in accordance with European regulations. You can consult detailed information in this regard through the following link: <a href=\"https:\/\/support.google.com\/analytics\/answer\/6004245\" target=\"_blank\" rel=\"noopener\">https:\/\/support.google.com\/analytics\/answer\/6004245<\/a> If you wish you can use the Google Analytics Opt-out Browser Add-on for browsers through whose instructions can be rejected analytical cookies of this service in all browsers. You can find more information about this at the following link: <a href=\"https:\/\/tools.google.com\/dlpage\/gaoptout\" target=\"_blank\" rel=\"noopener\">https:\/\/tools.google.com\/dlpage\/gaoptout<\/a><\/li><\/ul><p class=\"p1\">Also, GERM\u00c1N PERAIRE informs the user that you have the ability to configure your browser to be informed of the receipt of cookies, and may, if desired, prevent them from being installed on your hard drive.<\/p><p class=\"p1\">Below we provide links to various browsers, through which you can configure the following settings:<\/p><ul><li style=\"list-style-type: none;\"><ul><li>Firefox:\u00a0<a href=\"https:\/\/support.mozilla.org\/es\/kb\/habilitar-y-deshabilitar-cookies-sitios-web-rastrear-preferencias?redirectlocale=es&amp;redirectslug=habilitar-y-deshabilitar-cookies-que-los-sitios-we\" target=\"_blank\" rel=\"nofollow noopener noreferrer\">https:\/\/support.mozilla.org\/es\/kb\/habilitar-y-deshabilitar-cookies-sitios-web-rastrear-preferencias?redirectlocale=es&amp;redirectslug=habilitar-y-deshabilitar-cookies-que-los-sitios-we<\/a><\/li><li>Chrome:\u00a0<a href=\"https:\/\/support.google.com\/chrome\/answer\/95647?hl=es\" target=\"_blank\" rel=\"nofollow noopener noreferrer\">https:\/\/support.google.com\/chrome\/answer\/95647?hl=es<\/a><\/li><li>Explorer:\u00a0<a href=\"https:\/\/support.microsoft.com\/es-es\/help\/17442\/windows-internet-explorer-delete-manage-cookies#ie=ie-10\" target=\"_blank\" rel=\"nofollow noopener noreferrer\">https:\/\/support.microsoft.com\/es-es\/help\/17442\/windows-internet-explorer-delete-manage-cookies#ie=ie-10<\/a><\/li><li>Safari:\u00a0<a href=\"https:\/\/support.apple.com\/es-es\/guide\/safari\/sfri11471\/mac\" target=\"_blank\" rel=\"nofollow noopener noreferrer\">https:\/\/support.apple.com\/es-es\/guide\/safari\/sfri11471\/mac<\/a><\/li><li>Opera:\u00a0<a href=\"https:\/\/help.opera.com\/en\/latest\/web-preferences\/#cookies\" target=\"_blank\" rel=\"nofollow noopener noreferrer\">https:\/\/help.opera.com\/en\/latest\/web-preferences\/#cookies<\/a><\/li><\/ul><\/li><\/ul>\t\t\t\t\t\t\t\t<\/div>\n\t\t\t\t<\/div>\n\t\t\t\t\t<\/div>\n\t\t<\/div>\n\t\t\t\t\t<\/div>\n\t\t<\/section>\n\t\t\t\t<\/div>\n\t\t","protected":false},"excerpt":{"rendered":"<p>Cookies policy A Cookie is a file that is downloaded to your computer when you access certain web pages. Cookies allow a website, among other things, store and retrieve information about browsing habits of a user or your computer and, depending on the information it contains and the way you use your computer, can be [&hellip;]<\/p>\n","protected":false},"author":1,"featured_media":0,"parent":0,"menu_order":0,"comment_status":"closed","ping_status":"closed","template":"","meta":{"footnotes":""},"class_list":["post-77649","page","type-page","status-publish","hentry"],"yoast_head":"<!-- This site is optimized with the Yoast SEO plugin v26.6 - https:\/\/yoast.com\/wordpress\/plugins\/seo\/ -->\n<title>Cookie policy - Germ\u00e1n Peraire<\/title>\n<meta name=\"description\" content=\"Site&#039;s cookie policy.\" \/>\n<meta name=\"robots\" content=\"index, follow, max-snippet:-1, max-image-preview:large, max-video-preview:-1\" \/>\n<link rel=\"canonical\" href=\"https:\/\/germanperaire.com\/politica-de-cookies\/\" \/>\n<meta property=\"og:locale\" content=\"en_US\" \/>\n<meta property=\"og:type\" content=\"article\" \/>\n<meta property=\"og:title\" content=\"Cookie policy - Germ\u00e1n Peraire\" \/>\n<meta property=\"og:description\" content=\"Site&#039;s cookie policy.\" \/>\n<meta property=\"og:url\" content=\"https:\/\/germanperaire.com\/politica-de-cookies\/\" \/>\n<meta property=\"og:site_name\" content=\"Germ\u00e1n Peraire\" \/>\n<meta property=\"article:modified_time\" content=\"2024-06-12T10:32:39+00:00\" \/>\n<meta property=\"og:image\" content=\"https:\/\/germanperaire.com\/wp-content\/uploads\/2023\/09\/logo_german_peraire.jpg\" \/>\n\t<meta property=\"og:image:width\" content=\"599\" \/>\n\t<meta property=\"og:image:height\" content=\"234\" \/>\n\t<meta property=\"og:image:type\" content=\"image\/jpeg\" \/>\n<meta name=\"twitter:card\" content=\"summary_large_image\" \/>\n<meta name=\"twitter:label1\" content=\"Est. reading time\" \/>\n\t<meta name=\"twitter:data1\" content=\"4 minutes\" \/>\n<script type=\"application\/ld+json\" class=\"yoast-schema-graph\">{\"@context\":\"https:\/\/schema.org\",\"@graph\":[{\"@type\":\"WebPage\",\"@id\":\"https:\/\/germanperaire.com\/politica-de-cookies\/\",\"url\":\"https:\/\/germanperaire.com\/politica-de-cookies\/\",\"name\":\"Cookie policy - Germ\u00e1n Peraire\",\"isPartOf\":{\"@id\":\"https:\/\/germanperaire.com\/#website\"},\"datePublished\":\"2023-09-18T09:37:51+00:00\",\"dateModified\":\"2024-06-12T10:32:39+00:00\",\"description\":\"Site's cookie policy.\",\"breadcrumb\":{\"@id\":\"https:\/\/germanperaire.com\/politica-de-cookies\/#breadcrumb\"},\"inLanguage\":\"en-US\",\"potentialAction\":[{\"@type\":\"ReadAction\",\"target\":[\"https:\/\/germanperaire.com\/politica-de-cookies\/\"]}]},{\"@type\":\"BreadcrumbList\",\"@id\":\"https:\/\/germanperaire.com\/politica-de-cookies\/#breadcrumb\",\"itemListElement\":[{\"@type\":\"ListItem\",\"position\":1,\"name\":\"Portada\",\"item\":\"https:\/\/germanperaire.com\/en\/\"},{\"@type\":\"ListItem\",\"position\":2,\"name\":\"Cookie policy\"}]},{\"@type\":\"WebSite\",\"@id\":\"https:\/\/germanperaire.com\/#website\",\"url\":\"https:\/\/germanperaire.com\/\",\"name\":\"Germ\u00e1n Peraire - Ebanister\u00eda de Autor\",\"description\":\"Construction of solid wood furniture. I make my own designs as well as custom orders.\",\"publisher\":{\"@id\":\"https:\/\/germanperaire.com\/#organization\"},\"alternateName\":\"Germ\u00e1n Peraire - Ebanister\u00eda de Autor\",\"potentialAction\":[{\"@type\":\"SearchAction\",\"target\":{\"@type\":\"EntryPoint\",\"urlTemplate\":\"https:\/\/germanperaire.com\/?s={search_term_string}\"},\"query-input\":{\"@type\":\"PropertyValueSpecification\",\"valueRequired\":true,\"valueName\":\"search_term_string\"}}],\"inLanguage\":\"en-US\"},{\"@type\":\"Organization\",\"@id\":\"https:\/\/germanperaire.com\/#organization\",\"name\":\"Germ\u00e1n Peraire - Ebanister\u00eda de Autor\",\"alternateName\":\"Germ\u00e1n Peraire - Ebanister\u00eda de Autor\",\"url\":\"https:\/\/germanperaire.com\/\",\"logo\":{\"@type\":\"ImageObject\",\"inLanguage\":\"en-US\",\"@id\":\"https:\/\/germanperaire.com\/#\/schema\/logo\/image\/\",\"url\":\"https:\/\/germanperaire.com\/wp-content\/uploads\/2021\/06\/logo-header.png\",\"contentUrl\":\"https:\/\/germanperaire.com\/wp-content\/uploads\/2021\/06\/logo-header.png\",\"width\":220,\"height\":42,\"caption\":\"Germ\u00e1n Peraire - Ebanister\u00eda de Autor\"},\"image\":{\"@id\":\"https:\/\/germanperaire.com\/#\/schema\/logo\/image\/\"},\"sameAs\":[\"https:\/\/instagram.com\/germanperaire\"]}]}<\/script>\n<!-- \/ Yoast SEO plugin. -->","yoast_head_json":{"title":"Cookie policy - Germ\u00e1n Peraire","description":"Site's cookie policy.","robots":{"index":"index","follow":"follow","max-snippet":"max-snippet:-1","max-image-preview":"max-image-preview:large","max-video-preview":"max-video-preview:-1"},"canonical":"https:\/\/germanperaire.com\/politica-de-cookies\/","og_locale":"en_US","og_type":"article","og_title":"Cookie policy - Germ\u00e1n Peraire","og_description":"Site's cookie policy.","og_url":"https:\/\/germanperaire.com\/politica-de-cookies\/","og_site_name":"Germ\u00e1n Peraire","article_modified_time":"2024-06-12T10:32:39+00:00","og_image":[{"width":599,"height":234,"url":"https:\/\/germanperaire.com\/wp-content\/uploads\/2023\/09\/logo_german_peraire.jpg","type":"image\/jpeg"}],"twitter_card":"summary_large_image","twitter_misc":{"Est. reading time":"4 minutes"},"schema":{"@context":"https:\/\/schema.org","@graph":[{"@type":"WebPage","@id":"https:\/\/germanperaire.com\/politica-de-cookies\/","url":"https:\/\/germanperaire.com\/politica-de-cookies\/","name":"Cookie policy - Germ\u00e1n Peraire","isPartOf":{"@id":"https:\/\/germanperaire.com\/#website"},"datePublished":"2023-09-18T09:37:51+00:00","dateModified":"2024-06-12T10:32:39+00:00","description":"Site's cookie policy.","breadcrumb":{"@id":"https:\/\/germanperaire.com\/politica-de-cookies\/#breadcrumb"},"inLanguage":"en-US","potentialAction":[{"@type":"ReadAction","target":["https:\/\/germanperaire.com\/politica-de-cookies\/"]}]},{"@type":"BreadcrumbList","@id":"https:\/\/germanperaire.com\/politica-de-cookies\/#breadcrumb","itemListElement":[{"@type":"ListItem","position":1,"name":"Portada","item":"https:\/\/germanperaire.com\/en\/"},{"@type":"ListItem","position":2,"name":"Cookie policy"}]},{"@type":"WebSite","@id":"https:\/\/germanperaire.com\/#website","url":"https:\/\/germanperaire.com\/","name":"Germ\u00e1n Peraire - Ebanister\u00eda de Autor","description":"Construction of solid wood furniture. I make my own designs as well as custom orders.","publisher":{"@id":"https:\/\/germanperaire.com\/#organization"},"alternateName":"Germ\u00e1n Peraire - Ebanister\u00eda de Autor","potentialAction":[{"@type":"SearchAction","target":{"@type":"EntryPoint","urlTemplate":"https:\/\/germanperaire.com\/?s={search_term_string}"},"query-input":{"@type":"PropertyValueSpecification","valueRequired":true,"valueName":"search_term_string"}}],"inLanguage":"en-US"},{"@type":"Organization","@id":"https:\/\/germanperaire.com\/#organization","name":"Germ\u00e1n Peraire - Ebanister\u00eda de Autor","alternateName":"Germ\u00e1n Peraire - Ebanister\u00eda de Autor","url":"https:\/\/germanperaire.com\/","logo":{"@type":"ImageObject","inLanguage":"en-US","@id":"https:\/\/germanperaire.com\/#\/schema\/logo\/image\/","url":"https:\/\/germanperaire.com\/wp-content\/uploads\/2021\/06\/logo-header.png","contentUrl":"https:\/\/germanperaire.com\/wp-content\/uploads\/2021\/06\/logo-header.png","width":220,"height":42,"caption":"Germ\u00e1n Peraire - Ebanister\u00eda de Autor"},"image":{"@id":"https:\/\/germanperaire.com\/#\/schema\/logo\/image\/"},"sameAs":["https:\/\/instagram.com\/germanperaire"]}]}},"_links":{"self":[{"href":"https:\/\/germanperaire.com\/en\/wp-json\/wp\/v2\/pages\/77649","targetHints":{"allow":["GET"]}}],"collection":[{"href":"https:\/\/germanperaire.com\/en\/wp-json\/wp\/v2\/pages"}],"about":[{"href":"https:\/\/germanperaire.com\/en\/wp-json\/wp\/v2\/types\/page"}],"author":[{"embeddable":true,"href":"https:\/\/germanperaire.com\/en\/wp-json\/wp\/v2\/users\/1"}],"replies":[{"embeddable":true,"href":"https:\/\/germanperaire.com\/en\/wp-json\/wp\/v2\/comments?post=77649"}],"version-history":[{"count":0,"href":"https:\/\/germanperaire.com\/en\/wp-json\/wp\/v2\/pages\/77649\/revisions"}],"wp:attachment":[{"href":"https:\/\/germanperaire.com\/en\/wp-json\/wp\/v2\/media?parent=77649"}],"curies":[{"name":"wp","href":"https:\/\/api.w.org\/{rel}","templated":true}]}}