{"id":77635,"date":"2023-09-18T09:25:06","date_gmt":"2023-09-18T07:25:06","guid":{"rendered":"https:\/\/germanperaire.com\/declaracion-accesibilidad\/"},"modified":"2024-06-12T12:29:48","modified_gmt":"2024-06-12T10:29:48","slug":"accessibility-statement","status":"publish","type":"page","link":"https:\/\/germanperaire.com\/en\/accessibility-statement\/","title":{"rendered":"Accessibility statement"},"content":{"rendered":"\t\t<div data-elementor-type=\"wp-page\" data-elementor-id=\"77635\" class=\"elementor elementor-77635 elementor-76216\" data-elementor-post-type=\"page\">\n\t\t\t\t\t\t<section class=\"elementor-section elementor-top-section elementor-element elementor-element-39d37747 elementor-section-stretched elementor-section-boxed elementor-section-height-default elementor-section-height-default\" data-id=\"39d37747\" data-element_type=\"section\" data-settings=\"{&quot;background_background&quot;:&quot;classic&quot;,&quot;stretch_section&quot;:&quot;section-stretched&quot;}\">\n\t\t\t\t\t\t<div class=\"elementor-container elementor-column-gap-default\">\n\t\t\t\t\t<div class=\"elementor-column elementor-col-100 elementor-top-column elementor-element elementor-element-21ce3f73\" data-id=\"21ce3f73\" data-element_type=\"column\">\n\t\t\t<div class=\"elementor-widget-wrap elementor-element-populated\">\n\t\t\t\t\t\t<div class=\"elementor-element elementor-element-3efe9071 elementor-widget elementor-widget-text-editor\" data-id=\"3efe9071\" data-element_type=\"widget\" data-widget_type=\"text-editor.default\">\n\t\t\t\t<div class=\"elementor-widget-container\">\n\t\t\t\t\t\t\t\t\t<p>Accessibility statement<\/p>\t\t\t\t\t\t\t\t<\/div>\n\t\t\t\t<\/div>\n\t\t\t\t\t<\/div>\n\t\t<\/div>\n\t\t\t\t\t<\/div>\n\t\t<\/section>\n\t\t\t\t<section class=\"elementor-section elementor-top-section elementor-element elementor-element-e33c15b legals elementor-section-boxed elementor-section-height-default elementor-section-height-default\" data-id=\"e33c15b\" data-element_type=\"section\">\n\t\t\t\t\t\t<div class=\"elementor-container elementor-column-gap-default\">\n\t\t\t\t\t<div class=\"elementor-column elementor-col-100 elementor-top-column elementor-element elementor-element-9dc925d\" data-id=\"9dc925d\" data-element_type=\"column\">\n\t\t\t<div class=\"elementor-widget-wrap elementor-element-populated\">\n\t\t\t\t\t\t<div class=\"elementor-element elementor-element-000ec88 elementor-widget elementor-widget-text-editor\" data-id=\"000ec88\" data-element_type=\"widget\" data-widget_type=\"text-editor.default\">\n\t\t\t\t<div class=\"elementor-widget-container\">\n\t\t\t\t\t\t\t\t\t<p><strong>GERM\u00c1N PERAIRE VIVAS<\/strong> is committed to ensuring digital accessibility for people with disabilities. We are continuously improving the user experience for everyone and trying to apply the most relevant accessibility standards. We also make this commitment in accordance with Royal Decree <a href=\"https:\/\/www.boe.es\/buscar\/act.php?id=BOE-A-2018-12699\" target=\"_blank\" rel=\"noopener\">1112\/2018<\/a>, of September 7, regarding the accessibility of websites and applications for mobile devices.<\/p><p><strong>Compliance status<\/strong><br \/>The <a href=\"https:\/\/www.w3.org\/WAI\/standards-guidelines\/wcag\/\" target=\"_blank\" rel=\"noopener\">Web Content Accessibility Guidelines (WCAG) 2.1<\/a> define requirements for designers and developers to improve accessibility for people with disabilities. These guidelines define three levels of compliance: Level A, Level AA and Level AAA. The website is partially compliant with Level AA of WCAG 2.1. This means that some parts of the content do not fully conform to the accessibility standards.<\/p><p><strong>Accessibility features<\/strong><\/p><ul><li>Pages are structured with semantic elements such as header, navigation, main content and footer, which can help you move more quickly between different elements.<\/li><li>Level 1 titles mark the main content area of each page and from here the structure of each page should follow a logical order of titles.<\/li><li>Each page of this website has &#8220;skip to content&#8221; and &#8220;skip to menu&#8221; links at the top and a &#8220;back to top&#8221; link at the bottom.<\/li><li>Images are described with text equivalents (ALT) to ensure that everyone can access the graphic content.<\/li><li>The page can be enlarged up to 300% without any problem.<\/li><li>The colors of this website have been chosen for each page to ensure sufficient color contrast.<\/li><li>All components of this website are accessible by mouse, keyboard or touch.<\/li><li>To ensure that the website can be used with keyboards, we have added focus styles to images, links, forms and other elements.<\/li><li>This website has been tested with modern and legacy browsers and devices, as well as accessibility evaluation tools such as <a href=\"https:\/\/wave.webaim.org\/\" target=\"_blank\" rel=\"noopener\">WAVE<\/a>, <a href=\"https:\/\/accessibilityinsights.io\/en\/\" target=\"_blank\" rel=\"noopener\">Accessibility Insights<\/a>, and <a href=\"https:\/\/www.chromevox.com\/\" target=\"_blank\" rel=\"noopener\">ChromeVox<\/a> screen reader.<\/li><\/ul><p><strong>Content not accessible<\/strong><br \/>We realize that some parts of this website are not fully accessible:<\/p><p>Sometimes we insert audio or video supports to our pages of may not be adequately described.<br \/>If you find confusing media or elements, you can send us an email telling us about it.<br \/>We are also aware that most older PDF documents are not fully accessible to screen reader programs.<\/p><p><strong>Feedback<\/strong><br \/>We welcome your comments on the accessibility of our website. Please let us know if you encounter accessibility barriers on this website:<\/p><p>E-mail: <a href=\"mailto:info@germanperaire.com\">info@germanperaire.com<\/a><\/p><p>This statement was created on September 18, 2023.<\/p>\t\t\t\t\t\t\t\t<\/div>\n\t\t\t\t<\/div>\n\t\t\t\t\t<\/div>\n\t\t<\/div>\n\t\t\t\t\t<\/div>\n\t\t<\/section>\n\t\t\t\t<\/div>\n\t\t","protected":false},"excerpt":{"rendered":"<p>Accessibility statement GERM\u00c1N PERAIRE VIVAS is committed to ensuring digital accessibility for people with disabilities. We are continuously improving the user experience for everyone and trying to apply the most relevant accessibility standards. We also make this commitment in accordance with Royal Decree 1112\/2018, of September 7, regarding the accessibility of websites and applications for [&hellip;]<\/p>\n","protected":false},"author":2,"featured_media":0,"parent":0,"menu_order":0,"comment_status":"closed","ping_status":"closed","template":"","meta":{"footnotes":""},"class_list":["post-77635","page","type-page","status-publish","hentry"],"yoast_head":"<!-- This site is optimized with the Yoast SEO plugin v26.6 - https:\/\/yoast.com\/wordpress\/plugins\/seo\/ -->\n<title>Accessibility statement - Germ\u00e1n Peraire<\/title>\n<meta name=\"description\" content=\"Website&#039;s statement accessibility.\" \/>\n<meta name=\"robots\" content=\"index, follow, max-snippet:-1, max-image-preview:large, max-video-preview:-1\" \/>\n<link rel=\"canonical\" href=\"https:\/\/germanperaire.com\/declaracion-accesibilidad\/\" \/>\n<meta property=\"og:locale\" content=\"en_US\" \/>\n<meta property=\"og:type\" content=\"article\" \/>\n<meta property=\"og:title\" content=\"Accessibility statement - Germ\u00e1n Peraire\" \/>\n<meta property=\"og:description\" content=\"Website&#039;s statement accessibility.\" \/>\n<meta property=\"og:url\" content=\"https:\/\/germanperaire.com\/declaracion-accesibilidad\/\" \/>\n<meta property=\"og:site_name\" content=\"Germ\u00e1n Peraire\" \/>\n<meta property=\"article:modified_time\" content=\"2024-06-12T10:29:48+00:00\" \/>\n<meta property=\"og:image\" content=\"https:\/\/germanperaire.com\/wp-content\/uploads\/2023\/09\/logo_german_peraire.jpg\" \/>\n\t<meta property=\"og:image:width\" content=\"599\" \/>\n\t<meta property=\"og:image:height\" content=\"234\" \/>\n\t<meta property=\"og:image:type\" content=\"image\/jpeg\" \/>\n<meta name=\"twitter:card\" content=\"summary_large_image\" \/>\n<meta name=\"twitter:label1\" content=\"Est. reading time\" \/>\n\t<meta name=\"twitter:data1\" content=\"2 minutes\" \/>\n<script type=\"application\/ld+json\" class=\"yoast-schema-graph\">{\"@context\":\"https:\/\/schema.org\",\"@graph\":[{\"@type\":\"WebPage\",\"@id\":\"https:\/\/germanperaire.com\/declaracion-accesibilidad\/\",\"url\":\"https:\/\/germanperaire.com\/declaracion-accesibilidad\/\",\"name\":\"Accessibility statement - Germ\u00e1n Peraire\",\"isPartOf\":{\"@id\":\"https:\/\/germanperaire.com\/#website\"},\"datePublished\":\"2023-09-18T07:25:06+00:00\",\"dateModified\":\"2024-06-12T10:29:48+00:00\",\"description\":\"Website's statement accessibility.\",\"breadcrumb\":{\"@id\":\"https:\/\/germanperaire.com\/declaracion-accesibilidad\/#breadcrumb\"},\"inLanguage\":\"en-US\",\"potentialAction\":[{\"@type\":\"ReadAction\",\"target\":[\"https:\/\/germanperaire.com\/declaracion-accesibilidad\/\"]}]},{\"@type\":\"BreadcrumbList\",\"@id\":\"https:\/\/germanperaire.com\/declaracion-accesibilidad\/#breadcrumb\",\"itemListElement\":[{\"@type\":\"ListItem\",\"position\":1,\"name\":\"Portada\",\"item\":\"https:\/\/germanperaire.com\/en\/\"},{\"@type\":\"ListItem\",\"position\":2,\"name\":\"Accessibility statement\"}]},{\"@type\":\"WebSite\",\"@id\":\"https:\/\/germanperaire.com\/#website\",\"url\":\"https:\/\/germanperaire.com\/\",\"name\":\"Germ\u00e1n Peraire - Ebanister\u00eda de Autor\",\"description\":\"Construction of solid wood furniture. I make my own designs as well as custom orders.\",\"publisher\":{\"@id\":\"https:\/\/germanperaire.com\/#organization\"},\"alternateName\":\"Germ\u00e1n Peraire - Ebanister\u00eda de Autor\",\"potentialAction\":[{\"@type\":\"SearchAction\",\"target\":{\"@type\":\"EntryPoint\",\"urlTemplate\":\"https:\/\/germanperaire.com\/?s={search_term_string}\"},\"query-input\":{\"@type\":\"PropertyValueSpecification\",\"valueRequired\":true,\"valueName\":\"search_term_string\"}}],\"inLanguage\":\"en-US\"},{\"@type\":\"Organization\",\"@id\":\"https:\/\/germanperaire.com\/#organization\",\"name\":\"Germ\u00e1n Peraire - Ebanister\u00eda de Autor\",\"alternateName\":\"Germ\u00e1n Peraire - Ebanister\u00eda de Autor\",\"url\":\"https:\/\/germanperaire.com\/\",\"logo\":{\"@type\":\"ImageObject\",\"inLanguage\":\"en-US\",\"@id\":\"https:\/\/germanperaire.com\/#\/schema\/logo\/image\/\",\"url\":\"https:\/\/germanperaire.com\/wp-content\/uploads\/2021\/06\/logo-header.png\",\"contentUrl\":\"https:\/\/germanperaire.com\/wp-content\/uploads\/2021\/06\/logo-header.png\",\"width\":220,\"height\":42,\"caption\":\"Germ\u00e1n Peraire - Ebanister\u00eda de Autor\"},\"image\":{\"@id\":\"https:\/\/germanperaire.com\/#\/schema\/logo\/image\/\"},\"sameAs\":[\"https:\/\/instagram.com\/germanperaire\"]}]}<\/script>\n<!-- \/ Yoast SEO plugin. -->","yoast_head_json":{"title":"Accessibility statement - Germ\u00e1n Peraire","description":"Website's statement accessibility.","robots":{"index":"index","follow":"follow","max-snippet":"max-snippet:-1","max-image-preview":"max-image-preview:large","max-video-preview":"max-video-preview:-1"},"canonical":"https:\/\/germanperaire.com\/declaracion-accesibilidad\/","og_locale":"en_US","og_type":"article","og_title":"Accessibility statement - Germ\u00e1n Peraire","og_description":"Website's statement accessibility.","og_url":"https:\/\/germanperaire.com\/declaracion-accesibilidad\/","og_site_name":"Germ\u00e1n Peraire","article_modified_time":"2024-06-12T10:29:48+00:00","og_image":[{"width":599,"height":234,"url":"https:\/\/germanperaire.com\/wp-content\/uploads\/2023\/09\/logo_german_peraire.jpg","type":"image\/jpeg"}],"twitter_card":"summary_large_image","twitter_misc":{"Est. reading time":"2 minutes"},"schema":{"@context":"https:\/\/schema.org","@graph":[{"@type":"WebPage","@id":"https:\/\/germanperaire.com\/declaracion-accesibilidad\/","url":"https:\/\/germanperaire.com\/declaracion-accesibilidad\/","name":"Accessibility statement - Germ\u00e1n Peraire","isPartOf":{"@id":"https:\/\/germanperaire.com\/#website"},"datePublished":"2023-09-18T07:25:06+00:00","dateModified":"2024-06-12T10:29:48+00:00","description":"Website's statement accessibility.","breadcrumb":{"@id":"https:\/\/germanperaire.com\/declaracion-accesibilidad\/#breadcrumb"},"inLanguage":"en-US","potentialAction":[{"@type":"ReadAction","target":["https:\/\/germanperaire.com\/declaracion-accesibilidad\/"]}]},{"@type":"BreadcrumbList","@id":"https:\/\/germanperaire.com\/declaracion-accesibilidad\/#breadcrumb","itemListElement":[{"@type":"ListItem","position":1,"name":"Portada","item":"https:\/\/germanperaire.com\/en\/"},{"@type":"ListItem","position":2,"name":"Accessibility statement"}]},{"@type":"WebSite","@id":"https:\/\/germanperaire.com\/#website","url":"https:\/\/germanperaire.com\/","name":"Germ\u00e1n Peraire - Ebanister\u00eda de Autor","description":"Construction of solid wood furniture. I make my own designs as well as custom orders.","publisher":{"@id":"https:\/\/germanperaire.com\/#organization"},"alternateName":"Germ\u00e1n Peraire - Ebanister\u00eda de Autor","potentialAction":[{"@type":"SearchAction","target":{"@type":"EntryPoint","urlTemplate":"https:\/\/germanperaire.com\/?s={search_term_string}"},"query-input":{"@type":"PropertyValueSpecification","valueRequired":true,"valueName":"search_term_string"}}],"inLanguage":"en-US"},{"@type":"Organization","@id":"https:\/\/germanperaire.com\/#organization","name":"Germ\u00e1n Peraire - Ebanister\u00eda de Autor","alternateName":"Germ\u00e1n Peraire - Ebanister\u00eda de Autor","url":"https:\/\/germanperaire.com\/","logo":{"@type":"ImageObject","inLanguage":"en-US","@id":"https:\/\/germanperaire.com\/#\/schema\/logo\/image\/","url":"https:\/\/germanperaire.com\/wp-content\/uploads\/2021\/06\/logo-header.png","contentUrl":"https:\/\/germanperaire.com\/wp-content\/uploads\/2021\/06\/logo-header.png","width":220,"height":42,"caption":"Germ\u00e1n Peraire - Ebanister\u00eda de Autor"},"image":{"@id":"https:\/\/germanperaire.com\/#\/schema\/logo\/image\/"},"sameAs":["https:\/\/instagram.com\/germanperaire"]}]}},"_links":{"self":[{"href":"https:\/\/germanperaire.com\/en\/wp-json\/wp\/v2\/pages\/77635","targetHints":{"allow":["GET"]}}],"collection":[{"href":"https:\/\/germanperaire.com\/en\/wp-json\/wp\/v2\/pages"}],"about":[{"href":"https:\/\/germanperaire.com\/en\/wp-json\/wp\/v2\/types\/page"}],"author":[{"embeddable":true,"href":"https:\/\/germanperaire.com\/en\/wp-json\/wp\/v2\/users\/2"}],"replies":[{"embeddable":true,"href":"https:\/\/germanperaire.com\/en\/wp-json\/wp\/v2\/comments?post=77635"}],"version-history":[{"count":0,"href":"https:\/\/germanperaire.com\/en\/wp-json\/wp\/v2\/pages\/77635\/revisions"}],"wp:attachment":[{"href":"https:\/\/germanperaire.com\/en\/wp-json\/wp\/v2\/media?parent=77635"}],"curies":[{"name":"wp","href":"https:\/\/api.w.org\/{rel}","templated":true}]}}