{"id":77486,"date":"2023-09-18T11:38:32","date_gmt":"2023-09-18T09:38:32","guid":{"rendered":"https:\/\/germanperaire.com\/aviso-legal\/"},"modified":"2024-06-12T12:31:13","modified_gmt":"2024-06-12T10:31:13","slug":"legal-notice","status":"publish","type":"page","link":"https:\/\/germanperaire.com\/en\/legal-notice\/","title":{"rendered":"Legal notice"},"content":{"rendered":"\t\t<div data-elementor-type=\"wp-page\" data-elementor-id=\"77486\" class=\"elementor elementor-77486 elementor-76232\" data-elementor-post-type=\"page\">\n\t\t\t\t\t\t<section class=\"elementor-section elementor-top-section elementor-element elementor-element-5794425b elementor-section-stretched elementor-section-boxed elementor-section-height-default elementor-section-height-default\" data-id=\"5794425b\" data-element_type=\"section\" data-settings=\"{&quot;background_background&quot;:&quot;classic&quot;,&quot;stretch_section&quot;:&quot;section-stretched&quot;}\">\n\t\t\t\t\t\t<div class=\"elementor-container elementor-column-gap-default\">\n\t\t\t\t\t<div class=\"elementor-column elementor-col-100 elementor-top-column elementor-element elementor-element-18a2e15f\" data-id=\"18a2e15f\" data-element_type=\"column\">\n\t\t\t<div class=\"elementor-widget-wrap elementor-element-populated\">\n\t\t\t\t\t\t<div class=\"elementor-element elementor-element-645cb3f5 elementor-widget elementor-widget-text-editor\" data-id=\"645cb3f5\" data-element_type=\"widget\" data-widget_type=\"text-editor.default\">\n\t\t\t\t<div class=\"elementor-widget-container\">\n\t\t\t\t\t\t\t\t\t<p>Legal warning<\/p>\t\t\t\t\t\t\t\t<\/div>\n\t\t\t\t<\/div>\n\t\t\t\t\t<\/div>\n\t\t<\/div>\n\t\t\t\t\t<\/div>\n\t\t<\/section>\n\t\t\t\t<section class=\"elementor-section elementor-top-section elementor-element elementor-element-1adc8f5a elementor-section-boxed elementor-section-height-default elementor-section-height-default\" data-id=\"1adc8f5a\" data-element_type=\"section\">\n\t\t\t\t\t\t<div class=\"elementor-container elementor-column-gap-default\">\n\t\t\t\t\t<div class=\"elementor-column elementor-col-100 elementor-top-column elementor-element elementor-element-690a3e40\" data-id=\"690a3e40\" data-element_type=\"column\">\n\t\t\t<div class=\"elementor-widget-wrap elementor-element-populated\">\n\t\t\t\t\t\t<div class=\"elementor-element elementor-element-38740e9 elementor-hidden-mobile elementor-widget elementor-widget-spacer\" data-id=\"38740e9\" data-element_type=\"widget\" data-widget_type=\"spacer.default\">\n\t\t\t\t<div class=\"elementor-widget-container\">\n\t\t\t\t\t\t\t<div class=\"elementor-spacer\">\n\t\t\t<div class=\"elementor-spacer-inner\"><\/div>\n\t\t<\/div>\n\t\t\t\t\t\t<\/div>\n\t\t\t\t<\/div>\n\t\t\t\t<div class=\"elementor-element elementor-element-47e2731e legals elementor-widget elementor-widget-text-editor\" data-id=\"47e2731e\" data-element_type=\"widget\" data-widget_type=\"text-editor.default\">\n\t\t\t\t<div class=\"elementor-widget-container\">\n\t\t\t\t\t\t\t\t\t<div><strong>1. THE SITE GERM\u00c1N PERAIRE &#8211; HANDCRAFTED FINE FURNITURE<\/strong><\/div><div>1.1 Through GERM\u00c1N PERAIRE &#8211; HANDCRAFTED FINE FURNITURE Germ\u00e1n Peraire accessible through the URL <a href=\"https:\/\/www.germanperaire.com\/\">www.germanperaire.com<\/a> provides visitors and users (hereinafter, the &#8220;Users&#8221;) with access to a wide range of products, services and content (hereinafter, &#8220;the Services&#8221;).<\/div><div>1.2 The identification data of the person in charge of the Portal are as follows:<\/div><div>GERM\u00c1N PERAIRE, self-employed\u00a0 &#8211; natural person<\/div><div>Registered office: Carrer Bruc 129, 08242 Manresa<\/div><div>Tax identification code: 46352358K<\/div><div>E-mail address: <a href=\"mailto:info@germanperaire.com\">info@germanperaire.com<\/a><\/div><div>\u00a0<\/div><div><strong>2. CONDITIOS OF ACCESS AND USE OF PORTAL<\/strong><\/div><div>Access to the Portal implies the prior reading and acceptance by the Users of these General Conditions of Access and Use (hereinafter, &#8220;the General Conditions&#8221;). By accessing and using the Portal, it is understood that the User expressly, fully and unreservedly agrees to the content of each and every one of these General Conditions in the version published on the Portal at the time of access. If the User does not agree with the content of these General Conditions, he\/she must refrain from accessing the Portal and from operating through it. The Portal reserves the right to modify the present General Conditions, warning the Users by means of the corresponding notices in the Portal, so that the users can become aware of their content from the first moment.<\/div><div>The contracting and\/or use of certain Services may require the identification of the User in the Portal and the previous acceptance of certain particular conditions that develop, complement and\/or eventually modify the present General Conditions (hereinafter, &#8220;the Particular Conditions&#8221;). Users should also read with the utmost attention the content of the corresponding Special Conditions or other legal notices that appear on the Portal.<br \/>As a User, you declare that you are of legal age and\/or have sufficient legal capacity to be bound by these General Conditions (and, where appropriate, by the Special Conditions governing the use of a particular Service) and to use and, where appropriate, contract the Services offered on the Portal. The User accepts, expressly, fully, without reservations or exceptions, that the access and use of the Portal, its Services and its contents takes place under his\/her sole and exclusive responsibility.<\/div><div>In the event of any contradiction between the general conditions of access and use of the Portal and the corresponding Particular Conditions, the latter shall prevail over the former, unless the general conditions are more beneficial to the User than the particular conditions.<\/div><div>\u00a0<\/div><div><strong>3. PORTAL CONTENT<\/strong><\/div><div>3.1 The User of the Portal assumes, knows and accepts, by the very fact of visiting it, that the data and information on products or services, and any other data and information contained in the Portal appear in the same, solely and exclusively, for information purposes, as preliminary information available to the attention of the User, and that at any given time may contain errors, inaccuracies or may not be updated.<\/div><div>3.2 Germ\u00e1n Peraire reserves the right to modify, at its discretion and unilaterally, at any time and without prior notice, the configuration of the Portal, as well as the content and extent of the Services provided through the Portal and the conditions of access to them. Likewise, Germ\u00e1n Peraire reserves the right to incorporate new Services and contents in the Portal, as well as the right to eliminate, limit, suspend or prevent access to the Services provided through the Portal, either temporarily or permanently, when the reasons foreseen in these General Conditions occur.<\/div><div>3.3 Germ\u00e1n Peraire informs the User that through the Portal he\/she will be able to access products and services offered by Germ\u00e1n Peraire.<\/div><div>\u00a0<\/div><div><strong>4 DATA PROTECTION LAW<\/strong><\/div><div>Personal data protection<\/div><div>Germ\u00e1n Peraire guarantees compliance with the LOPD (Organic Law on the Protection of Personal Data 15\/1999 of December 13 and the European Regulation 2016\/680 of the European Parliament of April 27). This law aims to guarantee and protect, with regard to the processing of personal data, public freedoms and fundamental rights of natural persons, and especially their honor and personal and family privacy.<br \/>You will be informed at all times, during the collection of data, of the purpose of their treatment and that we respect the confidentiality of the information provided, and that you can exercise the right of information in the collection of your data, to know why and how your personal data are treated and decide on their treatment.<\/div><div>The data provided will be kept for as long as the business relationship is maintained or for the years necessary to comply with legal obligations. The data will not be transferred to third parties except in cases where there is a legal obligation. You have the right to access your personal data, inaccurate data or request its deletion when the data is no longer necessary. You can exercise at any time the rights of consultation, access, rectification, opposition, limitation and deletion of your data, by sending a letter with a photocopy of your ID card or other identity document, Germ\u00e1n Peraire, Carrer Bruc 129, 08242 Manresa, <a href=\"mailto:info@germanperaire.com\">info@germanperaire.com<\/a>.<\/div><div>The user must know that filling in the form and sending the requested data implies that the information reflected in this notice has been read and expressly accepted and that, consequently, he\/she gives his\/her unequivocal and express consent to the processing of his\/her personal data in accordance with the explained purpose.<\/div><div>Germ\u00e1n Peraire has adopted the technical and organizational security measures required by current legislation on the protection of personal data. For this purpose, all the necessary means and mechanisms have been established to avoid the alteration, loss, misuse, treatment and unauthorized access or theft of the data, taking into account the state of technology.<\/div><div>Regarding the transfer of personal data to third parties, users are informed that, in general, personal data will not be transferred to third parties, except in those cases where the transfer responds to compliance with a legal obligation or in those cases where there is a contractual relationship for the provision of a particular service. In any case, users should be aware that in the event of such a transfer, it will only be carried out when express consent has been obtained from the user.<\/div><div>Notwithstanding the foregoing, you expressly consent to the processing of your data so that we can send you, by any means, including telephone and telematic means (among others, by email and sms), commercial information about products and services marketed by Germ\u00e1n Peraire.<\/div>\t\t\t\t\t\t\t\t<\/div>\n\t\t\t\t<\/div>\n\t\t\t\t\t<\/div>\n\t\t<\/div>\n\t\t\t\t\t<\/div>\n\t\t<\/section>\n\t\t\t\t<\/div>\n\t\t","protected":false},"excerpt":{"rendered":"<p>Legal warning 1. THE SITE GERM\u00c1N PERAIRE &#8211; HANDCRAFTED FINE FURNITURE1.1 Through GERM\u00c1N PERAIRE &#8211; HANDCRAFTED FINE FURNITURE Germ\u00e1n Peraire accessible through the URL www.germanperaire.com provides visitors and users (hereinafter, the &#8220;Users&#8221;) with access to a wide range of products, services and content (hereinafter, &#8220;the Services&#8221;).1.2 The identification data of the person in charge of [&hellip;]<\/p>\n","protected":false},"author":1,"featured_media":0,"parent":0,"menu_order":0,"comment_status":"closed","ping_status":"closed","template":"","meta":{"footnotes":""},"class_list":["post-77486","page","type-page","status-publish","hentry"],"yoast_head":"<!-- This site is optimized with the Yoast SEO plugin v26.6 - https:\/\/yoast.com\/wordpress\/plugins\/seo\/ -->\n<title>Legal notice - Germ\u00e1n Peraire<\/title>\n<meta name=\"description\" content=\"Website&#039;s legal notice.\" \/>\n<meta name=\"robots\" content=\"index, follow, max-snippet:-1, max-image-preview:large, max-video-preview:-1\" \/>\n<link rel=\"canonical\" href=\"https:\/\/germanperaire.com\/aviso-legal\/\" \/>\n<meta property=\"og:locale\" content=\"en_US\" \/>\n<meta property=\"og:type\" content=\"article\" \/>\n<meta property=\"og:title\" content=\"Legal notice - Germ\u00e1n Peraire\" \/>\n<meta property=\"og:description\" content=\"Website&#039;s legal notice.\" \/>\n<meta property=\"og:url\" content=\"https:\/\/germanperaire.com\/aviso-legal\/\" \/>\n<meta property=\"og:site_name\" content=\"Germ\u00e1n Peraire\" \/>\n<meta property=\"article:modified_time\" content=\"2024-06-12T10:31:13+00:00\" \/>\n<meta property=\"og:image\" content=\"https:\/\/germanperaire.com\/wp-content\/uploads\/2023\/09\/logo_german_peraire.jpg\" \/>\n\t<meta property=\"og:image:width\" content=\"599\" \/>\n\t<meta property=\"og:image:height\" content=\"234\" \/>\n\t<meta property=\"og:image:type\" content=\"image\/jpeg\" \/>\n<meta name=\"twitter:card\" content=\"summary_large_image\" \/>\n<meta name=\"twitter:label1\" content=\"Est. reading time\" \/>\n\t<meta name=\"twitter:data1\" content=\"5 minutes\" \/>\n<script type=\"application\/ld+json\" class=\"yoast-schema-graph\">{\"@context\":\"https:\/\/schema.org\",\"@graph\":[{\"@type\":\"WebPage\",\"@id\":\"https:\/\/germanperaire.com\/aviso-legal\/\",\"url\":\"https:\/\/germanperaire.com\/aviso-legal\/\",\"name\":\"Legal notice - Germ\u00e1n Peraire\",\"isPartOf\":{\"@id\":\"https:\/\/germanperaire.com\/#website\"},\"datePublished\":\"2023-09-18T09:38:32+00:00\",\"dateModified\":\"2024-06-12T10:31:13+00:00\",\"description\":\"Website's legal notice.\",\"breadcrumb\":{\"@id\":\"https:\/\/germanperaire.com\/aviso-legal\/#breadcrumb\"},\"inLanguage\":\"en-US\",\"potentialAction\":[{\"@type\":\"ReadAction\",\"target\":[\"https:\/\/germanperaire.com\/aviso-legal\/\"]}]},{\"@type\":\"BreadcrumbList\",\"@id\":\"https:\/\/germanperaire.com\/aviso-legal\/#breadcrumb\",\"itemListElement\":[{\"@type\":\"ListItem\",\"position\":1,\"name\":\"Portada\",\"item\":\"https:\/\/germanperaire.com\/en\/\"},{\"@type\":\"ListItem\",\"position\":2,\"name\":\"Legal notice\"}]},{\"@type\":\"WebSite\",\"@id\":\"https:\/\/germanperaire.com\/#website\",\"url\":\"https:\/\/germanperaire.com\/\",\"name\":\"Germ\u00e1n Peraire - Ebanister\u00eda de Autor\",\"description\":\"Construction of solid wood furniture. I make my own designs as well as custom orders.\",\"publisher\":{\"@id\":\"https:\/\/germanperaire.com\/#organization\"},\"alternateName\":\"Germ\u00e1n Peraire - Ebanister\u00eda de Autor\",\"potentialAction\":[{\"@type\":\"SearchAction\",\"target\":{\"@type\":\"EntryPoint\",\"urlTemplate\":\"https:\/\/germanperaire.com\/?s={search_term_string}\"},\"query-input\":{\"@type\":\"PropertyValueSpecification\",\"valueRequired\":true,\"valueName\":\"search_term_string\"}}],\"inLanguage\":\"en-US\"},{\"@type\":\"Organization\",\"@id\":\"https:\/\/germanperaire.com\/#organization\",\"name\":\"Germ\u00e1n Peraire - Ebanister\u00eda de Autor\",\"alternateName\":\"Germ\u00e1n Peraire - Ebanister\u00eda de Autor\",\"url\":\"https:\/\/germanperaire.com\/\",\"logo\":{\"@type\":\"ImageObject\",\"inLanguage\":\"en-US\",\"@id\":\"https:\/\/germanperaire.com\/#\/schema\/logo\/image\/\",\"url\":\"https:\/\/germanperaire.com\/wp-content\/uploads\/2021\/06\/logo-header.png\",\"contentUrl\":\"https:\/\/germanperaire.com\/wp-content\/uploads\/2021\/06\/logo-header.png\",\"width\":220,\"height\":42,\"caption\":\"Germ\u00e1n Peraire - Ebanister\u00eda de Autor\"},\"image\":{\"@id\":\"https:\/\/germanperaire.com\/#\/schema\/logo\/image\/\"},\"sameAs\":[\"https:\/\/instagram.com\/germanperaire\"]}]}<\/script>\n<!-- \/ Yoast SEO plugin. -->","yoast_head_json":{"title":"Legal notice - Germ\u00e1n Peraire","description":"Website's legal notice.","robots":{"index":"index","follow":"follow","max-snippet":"max-snippet:-1","max-image-preview":"max-image-preview:large","max-video-preview":"max-video-preview:-1"},"canonical":"https:\/\/germanperaire.com\/aviso-legal\/","og_locale":"en_US","og_type":"article","og_title":"Legal notice - Germ\u00e1n Peraire","og_description":"Website's legal notice.","og_url":"https:\/\/germanperaire.com\/aviso-legal\/","og_site_name":"Germ\u00e1n Peraire","article_modified_time":"2024-06-12T10:31:13+00:00","og_image":[{"width":599,"height":234,"url":"https:\/\/germanperaire.com\/wp-content\/uploads\/2023\/09\/logo_german_peraire.jpg","type":"image\/jpeg"}],"twitter_card":"summary_large_image","twitter_misc":{"Est. reading time":"5 minutes"},"schema":{"@context":"https:\/\/schema.org","@graph":[{"@type":"WebPage","@id":"https:\/\/germanperaire.com\/aviso-legal\/","url":"https:\/\/germanperaire.com\/aviso-legal\/","name":"Legal notice - Germ\u00e1n Peraire","isPartOf":{"@id":"https:\/\/germanperaire.com\/#website"},"datePublished":"2023-09-18T09:38:32+00:00","dateModified":"2024-06-12T10:31:13+00:00","description":"Website's legal notice.","breadcrumb":{"@id":"https:\/\/germanperaire.com\/aviso-legal\/#breadcrumb"},"inLanguage":"en-US","potentialAction":[{"@type":"ReadAction","target":["https:\/\/germanperaire.com\/aviso-legal\/"]}]},{"@type":"BreadcrumbList","@id":"https:\/\/germanperaire.com\/aviso-legal\/#breadcrumb","itemListElement":[{"@type":"ListItem","position":1,"name":"Portada","item":"https:\/\/germanperaire.com\/en\/"},{"@type":"ListItem","position":2,"name":"Legal notice"}]},{"@type":"WebSite","@id":"https:\/\/germanperaire.com\/#website","url":"https:\/\/germanperaire.com\/","name":"Germ\u00e1n Peraire - Ebanister\u00eda de Autor","description":"Construction of solid wood furniture. I make my own designs as well as custom orders.","publisher":{"@id":"https:\/\/germanperaire.com\/#organization"},"alternateName":"Germ\u00e1n Peraire - Ebanister\u00eda de Autor","potentialAction":[{"@type":"SearchAction","target":{"@type":"EntryPoint","urlTemplate":"https:\/\/germanperaire.com\/?s={search_term_string}"},"query-input":{"@type":"PropertyValueSpecification","valueRequired":true,"valueName":"search_term_string"}}],"inLanguage":"en-US"},{"@type":"Organization","@id":"https:\/\/germanperaire.com\/#organization","name":"Germ\u00e1n Peraire - Ebanister\u00eda de Autor","alternateName":"Germ\u00e1n Peraire - Ebanister\u00eda de Autor","url":"https:\/\/germanperaire.com\/","logo":{"@type":"ImageObject","inLanguage":"en-US","@id":"https:\/\/germanperaire.com\/#\/schema\/logo\/image\/","url":"https:\/\/germanperaire.com\/wp-content\/uploads\/2021\/06\/logo-header.png","contentUrl":"https:\/\/germanperaire.com\/wp-content\/uploads\/2021\/06\/logo-header.png","width":220,"height":42,"caption":"Germ\u00e1n Peraire - Ebanister\u00eda de Autor"},"image":{"@id":"https:\/\/germanperaire.com\/#\/schema\/logo\/image\/"},"sameAs":["https:\/\/instagram.com\/germanperaire"]}]}},"_links":{"self":[{"href":"https:\/\/germanperaire.com\/en\/wp-json\/wp\/v2\/pages\/77486","targetHints":{"allow":["GET"]}}],"collection":[{"href":"https:\/\/germanperaire.com\/en\/wp-json\/wp\/v2\/pages"}],"about":[{"href":"https:\/\/germanperaire.com\/en\/wp-json\/wp\/v2\/types\/page"}],"author":[{"embeddable":true,"href":"https:\/\/germanperaire.com\/en\/wp-json\/wp\/v2\/users\/1"}],"replies":[{"embeddable":true,"href":"https:\/\/germanperaire.com\/en\/wp-json\/wp\/v2\/comments?post=77486"}],"version-history":[{"count":0,"href":"https:\/\/germanperaire.com\/en\/wp-json\/wp\/v2\/pages\/77486\/revisions"}],"wp:attachment":[{"href":"https:\/\/germanperaire.com\/en\/wp-json\/wp\/v2\/media?parent=77486"}],"curies":[{"name":"wp","href":"https:\/\/api.w.org\/{rel}","templated":true}]}}