{"id":81118,"date":"2025-07-17T09:25:52","date_gmt":"2025-07-17T07:25:52","guid":{"rendered":"https:\/\/germanperaire.com\/?post_type=product&#038;p=81118"},"modified":"2026-02-12T19:18:41","modified_gmt":"2026-02-12T18:18:41","slug":"test-curso-de-ebanisteria-nivel-1","status":"publish","type":"product","link":"https:\/\/germanperaire.com\/ca\/producte\/test-curso-de-ebanisteria-nivel-1\/","title":{"rendered":"Curs d&#8217;ebenisteria Nivell 1"},"content":{"rendered":"<p><strong>CONTINGUTS<\/strong><br \/>\n&#8211; Preparaci\u00f3 i esmolat d&#8217;eines.<br \/>\n&#8211; Teoria i \u00fas dels ribots en ebenisteria<br \/>\n&#8211; L&#8217;encaix de trau i metxa cec, passant i falcat<br \/>\n&#8211; Cudornelles<br \/>\n&#8211; Acabats manuals: olis, goma laca, acr\u00edlic, elaboraci\u00f3 i aplicaci\u00f3 de cera.<\/p>\n<p>&nbsp;<\/p>\n<p><strong>Convocat\u00f2ria d&#8217;hivern 2026<\/strong><\/p>\n<p>26-27\/09\/2026 &#8211; Teoria i \u00fas dels ribots en ebenisteria<br \/>\n03-04\/10\/2026 \u2013 Preparaci\u00f3 i esmolat d&#8217;eines<br \/>\n14-15\/11\/2026 \u2013 Pr\u00e0ctiques de trau i metxa<br \/>\n28-29\/11\/2026 \u2013 L&#8217;encaix de cudornelles<br \/>\n05-06\/12\/2026\u2013 L&#8217;encaix de cudornelles<\/p>\n<p>&nbsp;<\/p>\n<p><strong>HORARIS<\/strong><br \/>\nSempre comencem a les 10h i acabem a les 18h amb dues hores de pauses entre mig, ni que sovint estirem els horaris si necessitem m\u00e9s temps.<\/p>\n<p><strong>ALTRES REQUISITS:<\/strong><br \/>\nCaldr\u00e0 que duguis tres enformadors (6mm, 12mm i 20mm o similar), una fulla de ribot (et recomano molt que siguin de qualitat i sense estrenar) i un ganivet de marcatge. Aquestes eines les necessitarem el segon cap de setmana que ens trobem, per aprendre la posta a punt i I\u2019esmolat. El primer cap de setmana que ens trobem us orientar\u00e9 sobre marques i models. Tamb\u00e9 tinc algunes d&#8217;aquestes eines en estoc per vendre, s\u00f3c soci de Dictum Tools i me les pots comprar directament a mi.<br \/>\nNecessitar\u00e0s protecci\u00f3 auditiva per als moments puntuals en que farem servir alguna m\u00e0quina.<\/p>\n<p><strong>TRANSPORT I MENJAR<\/strong><br \/>\nLa majoria d&#8217;alumnes venen en cotxe des de Barcelona (s\u00f3n uns 50 minuts). Tamb\u00e9 pots venir en transport p\u00fablic fins a l&#8217;estaci\u00f3 de Renfe de Manresa. Cadasc\u00fa porta el seu menjar.<\/p>\n<p><strong>INFORMACI\u00d3 SOBRE LA RESERVA:<\/strong><br \/>\n\u2022 La reserva s&#8217;efect\u00faa en fer la compra del curs, b\u00e9 en un \u00fanic pagament o amb una bestreta del 50%. Aquest pagament no \u00e9s reemborsable: en cas que no puguis atendre al curs, la teva pla\u00e7a ser\u00e0 traslladada a la pr\u00f2xima edici\u00f3 a la tardor o a altres cursos de la teva tria. En efectuar la reserva, accepto les condicions aqu\u00ed descrites.<\/p>\n<p>\u2022 Efectuarem el pagament pel 50% restant com a m\u00ednim 30 dies abans de l&#8217;inici del curs. Si no compleixes aquest termini, la teva reserva quedar\u00e0 autom\u00e0ticament posposada per a la seg\u00fcent convocat\u00f2ria.<\/p>\n<p>\u2022 Tinc la obligaci\u00f3 de demanar-te les teves dades (Nom, adre\u00e7a i NIF) per a la finalitat exclusiva de facturaci\u00f3. Les teves dades romandran confidencials i protegides per la normativa estatal i europea.<br \/>\nPots consultar la pol\u00edtica de privacitat a la meva web.<\/p>\n<p>\u2022 Si ets client professional cal que m&#8217;ho esmentis abans del pagament per poder facturar amb la retenci\u00f3 pertinent d&#8217;IRPF.<\/p>\n<p>\u2022 Si deixes la teva pla\u00e7a deserta sense avisar pr\u00e8viament, no podr\u00e0s recuperar les hores perdudes ni l&#8217;import del curs.<\/p>\n<p>\u2022 Els dies perduts per no assist\u00e8ncia no podran ser recuperats.<\/p>\n<p><iframe title=\"YouTube video player\" src=\"https:\/\/www.youtube.com\/embed\/4KgBNxBdGE0?si=ebU_VqD3Pkl7DOny\" width=\"560\" height=\"315\" frameborder=\"0\" allowfullscreen=\"allowfullscreen\"><\/iframe><\/p>\n","protected":false},"excerpt":{"rendered":"<p>El nivell 1 t\u00e9 una durada de 60h amb un m\u00e0xim de 7 alumnes i t\u00e9 un cost de 850\u20ac que inclou els materials.<br \/>\nAquest curs ser\u00e0 impartit al meu taller, que es troba a l&#8217;Institut de Recerca Hol\u00edstica de Montserrat (www.irehom.org). \u00c9s un lloc privilegiat al mig del bosc, a prop de Montserrat, a 50 minuts en cotxe des de Barcelona. Tamb\u00e9 t\u00e9 bona connexi\u00f3 de tren i FGC.<\/p>\n<p><em>Scroll down<\/em> per a m\u00e9s informaci\u00f3.<\/p>\n","protected":false},"featured_media":77085,"template":"","meta":[],"product_brand":[],"product_cat":[140],"product_tag":[],"class_list":{"0":"post-81118","1":"product","2":"type-product","3":"status-publish","4":"has-post-thumbnail","6":"product_cat-formacio-cursos-presencials","8":"first","9":"instock","10":"taxable","11":"shipping-taxable","12":"purchasable","13":"product-type-variable","14":"litho-product-5col"},"yoast_head":"<!-- This site is optimized with the Yoast SEO plugin v26.6 - https:\/\/yoast.com\/wordpress\/plugins\/seo\/ -->\n<title>Curs d&#039;ebenisteria Nivell 1 - Germ\u00e1n Peraire<\/title>\n<meta name=\"description\" content=\"Curs d&#039;ebenisteria per a principiants. Comen\u00e7a a con\u00e8ixer aquest m\u00f3n, les eines que utilitzar\u00e0s i les t\u00e8cniques m\u00e9s comunes.\" \/>\n<meta name=\"robots\" content=\"index, follow, max-snippet:-1, max-image-preview:large, max-video-preview:-1\" \/>\n<link rel=\"canonical\" href=\"https:\/\/germanperaire.com\/ca\/producte\/test-curso-de-ebanisteria-nivel-1\/\" \/>\n<meta property=\"og:locale\" content=\"ca_ES\" \/>\n<meta property=\"og:type\" content=\"article\" \/>\n<meta property=\"og:title\" content=\"Curs d&#039;ebenisteria Nivell 1 - Germ\u00e1n Peraire\" \/>\n<meta property=\"og:description\" content=\"Curs d&#039;ebenisteria per a principiants. Comen\u00e7a a con\u00e8ixer aquest m\u00f3n, les eines que utilitzar\u00e0s i les t\u00e8cniques m\u00e9s comunes.\" \/>\n<meta property=\"og:url\" content=\"https:\/\/germanperaire.com\/ca\/producte\/test-curso-de-ebanisteria-nivel-1\/\" \/>\n<meta property=\"og:site_name\" content=\"Germ\u00e1n Peraire\" \/>\n<meta property=\"article:modified_time\" content=\"2026-02-12T18:18:41+00:00\" \/>\n<meta property=\"og:image\" content=\"https:\/\/germanperaire.com\/wp-content\/uploads\/2023\/10\/N1-1.jpg\" \/>\n\t<meta property=\"og:image:width\" content=\"800\" \/>\n\t<meta property=\"og:image:height\" content=\"800\" \/>\n\t<meta property=\"og:image:type\" content=\"image\/jpeg\" \/>\n<meta name=\"twitter:card\" content=\"summary_large_image\" \/>\n<meta name=\"twitter:label1\" content=\"Temps estimat de lectura\" \/>\n\t<meta name=\"twitter:data1\" content=\"3 minuts\" \/>\n<script type=\"application\/ld+json\" class=\"yoast-schema-graph\">{\"@context\":\"https:\/\/schema.org\",\"@graph\":[{\"@type\":\"WebPage\",\"@id\":\"https:\/\/germanperaire.com\/ca\/producte\/test-curso-de-ebanisteria-nivel-1\/\",\"url\":\"https:\/\/germanperaire.com\/ca\/producte\/test-curso-de-ebanisteria-nivel-1\/\",\"name\":\"Curs d'ebenisteria Nivell 1 - Germ\u00e1n Peraire\",\"isPartOf\":{\"@id\":\"https:\/\/germanperaire.com\/#website\"},\"primaryImageOfPage\":{\"@id\":\"https:\/\/germanperaire.com\/ca\/producte\/test-curso-de-ebanisteria-nivel-1\/#primaryimage\"},\"image\":{\"@id\":\"https:\/\/germanperaire.com\/ca\/producte\/test-curso-de-ebanisteria-nivel-1\/#primaryimage\"},\"thumbnailUrl\":\"https:\/\/germanperaire.com\/wp-content\/uploads\/2023\/10\/N1-1.jpg\",\"datePublished\":\"2025-07-17T07:25:52+00:00\",\"dateModified\":\"2026-02-12T18:18:41+00:00\",\"description\":\"Curs d'ebenisteria per a principiants. Comen\u00e7a a con\u00e8ixer aquest m\u00f3n, les eines que utilitzar\u00e0s i les t\u00e8cniques m\u00e9s comunes.\",\"breadcrumb\":{\"@id\":\"https:\/\/germanperaire.com\/ca\/producte\/test-curso-de-ebanisteria-nivel-1\/#breadcrumb\"},\"inLanguage\":\"ca\",\"potentialAction\":[{\"@type\":\"ReadAction\",\"target\":[\"https:\/\/germanperaire.com\/ca\/producte\/test-curso-de-ebanisteria-nivel-1\/\"]}]},{\"@type\":\"ImageObject\",\"inLanguage\":\"ca\",\"@id\":\"https:\/\/germanperaire.com\/ca\/producte\/test-curso-de-ebanisteria-nivel-1\/#primaryimage\",\"url\":\"https:\/\/germanperaire.com\/wp-content\/uploads\/2023\/10\/N1-1.jpg\",\"contentUrl\":\"https:\/\/germanperaire.com\/wp-content\/uploads\/2023\/10\/N1-1.jpg\",\"width\":800,\"height\":800,\"caption\":\"Curso de ebanister\u00eda para principiantes\"},{\"@type\":\"BreadcrumbList\",\"@id\":\"https:\/\/germanperaire.com\/ca\/producte\/test-curso-de-ebanisteria-nivel-1\/#breadcrumb\",\"itemListElement\":[{\"@type\":\"ListItem\",\"position\":1,\"name\":\"Portada\",\"item\":\"https:\/\/germanperaire.com\/ca\/\"},{\"@type\":\"ListItem\",\"position\":2,\"name\":\"Productes\",\"item\":\"https:\/\/germanperaire.com\/ca\/shop\/\"},{\"@type\":\"ListItem\",\"position\":3,\"name\":\"Curs d&#8217;ebenisteria Nivell 1\"}]},{\"@type\":\"WebSite\",\"@id\":\"https:\/\/germanperaire.com\/#website\",\"url\":\"https:\/\/germanperaire.com\/\",\"name\":\"Germ\u00e1n Peraire - Ebanister\u00eda de Autor\",\"description\":\"Construcci\u00f3 de mobles de fusta massissa. Faig dissenys propis i enc\u00e0rrecs a mida.\",\"publisher\":{\"@id\":\"https:\/\/germanperaire.com\/#organization\"},\"alternateName\":\"Germ\u00e1n Peraire - Ebanister\u00eda de Autor\",\"potentialAction\":[{\"@type\":\"SearchAction\",\"target\":{\"@type\":\"EntryPoint\",\"urlTemplate\":\"https:\/\/germanperaire.com\/?s={search_term_string}\"},\"query-input\":{\"@type\":\"PropertyValueSpecification\",\"valueRequired\":true,\"valueName\":\"search_term_string\"}}],\"inLanguage\":\"ca\"},{\"@type\":\"Organization\",\"@id\":\"https:\/\/germanperaire.com\/#organization\",\"name\":\"Germ\u00e1n Peraire - Ebanister\u00eda de Autor\",\"alternateName\":\"Germ\u00e1n Peraire - Ebanister\u00eda de Autor\",\"url\":\"https:\/\/germanperaire.com\/\",\"logo\":{\"@type\":\"ImageObject\",\"inLanguage\":\"ca\",\"@id\":\"https:\/\/germanperaire.com\/#\/schema\/logo\/image\/\",\"url\":\"https:\/\/germanperaire.com\/wp-content\/uploads\/2021\/06\/logo-header.png\",\"contentUrl\":\"https:\/\/germanperaire.com\/wp-content\/uploads\/2021\/06\/logo-header.png\",\"width\":220,\"height\":42,\"caption\":\"Germ\u00e1n Peraire - Ebanister\u00eda de Autor\"},\"image\":{\"@id\":\"https:\/\/germanperaire.com\/#\/schema\/logo\/image\/\"},\"sameAs\":[\"https:\/\/instagram.com\/germanperaire\"]}]}<\/script>\n<!-- \/ Yoast SEO plugin. -->","yoast_head_json":{"title":"Curs d'ebenisteria Nivell 1 - Germ\u00e1n Peraire","description":"Curs d'ebenisteria per a principiants. Comen\u00e7a a con\u00e8ixer aquest m\u00f3n, les eines que utilitzar\u00e0s i les t\u00e8cniques m\u00e9s comunes.","robots":{"index":"index","follow":"follow","max-snippet":"max-snippet:-1","max-image-preview":"max-image-preview:large","max-video-preview":"max-video-preview:-1"},"canonical":"https:\/\/germanperaire.com\/ca\/producte\/test-curso-de-ebanisteria-nivel-1\/","og_locale":"ca_ES","og_type":"article","og_title":"Curs d'ebenisteria Nivell 1 - Germ\u00e1n Peraire","og_description":"Curs d'ebenisteria per a principiants. Comen\u00e7a a con\u00e8ixer aquest m\u00f3n, les eines que utilitzar\u00e0s i les t\u00e8cniques m\u00e9s comunes.","og_url":"https:\/\/germanperaire.com\/ca\/producte\/test-curso-de-ebanisteria-nivel-1\/","og_site_name":"Germ\u00e1n Peraire","article_modified_time":"2026-02-12T18:18:41+00:00","og_image":[{"width":800,"height":800,"url":"https:\/\/germanperaire.com\/wp-content\/uploads\/2023\/10\/N1-1.jpg","type":"image\/jpeg"}],"twitter_card":"summary_large_image","twitter_misc":{"Temps estimat de lectura":"3 minuts"},"schema":{"@context":"https:\/\/schema.org","@graph":[{"@type":"WebPage","@id":"https:\/\/germanperaire.com\/ca\/producte\/test-curso-de-ebanisteria-nivel-1\/","url":"https:\/\/germanperaire.com\/ca\/producte\/test-curso-de-ebanisteria-nivel-1\/","name":"Curs d'ebenisteria Nivell 1 - Germ\u00e1n Peraire","isPartOf":{"@id":"https:\/\/germanperaire.com\/#website"},"primaryImageOfPage":{"@id":"https:\/\/germanperaire.com\/ca\/producte\/test-curso-de-ebanisteria-nivel-1\/#primaryimage"},"image":{"@id":"https:\/\/germanperaire.com\/ca\/producte\/test-curso-de-ebanisteria-nivel-1\/#primaryimage"},"thumbnailUrl":"https:\/\/germanperaire.com\/wp-content\/uploads\/2023\/10\/N1-1.jpg","datePublished":"2025-07-17T07:25:52+00:00","dateModified":"2026-02-12T18:18:41+00:00","description":"Curs d'ebenisteria per a principiants. Comen\u00e7a a con\u00e8ixer aquest m\u00f3n, les eines que utilitzar\u00e0s i les t\u00e8cniques m\u00e9s comunes.","breadcrumb":{"@id":"https:\/\/germanperaire.com\/ca\/producte\/test-curso-de-ebanisteria-nivel-1\/#breadcrumb"},"inLanguage":"ca","potentialAction":[{"@type":"ReadAction","target":["https:\/\/germanperaire.com\/ca\/producte\/test-curso-de-ebanisteria-nivel-1\/"]}]},{"@type":"ImageObject","inLanguage":"ca","@id":"https:\/\/germanperaire.com\/ca\/producte\/test-curso-de-ebanisteria-nivel-1\/#primaryimage","url":"https:\/\/germanperaire.com\/wp-content\/uploads\/2023\/10\/N1-1.jpg","contentUrl":"https:\/\/germanperaire.com\/wp-content\/uploads\/2023\/10\/N1-1.jpg","width":800,"height":800,"caption":"Curso de ebanister\u00eda para principiantes"},{"@type":"BreadcrumbList","@id":"https:\/\/germanperaire.com\/ca\/producte\/test-curso-de-ebanisteria-nivel-1\/#breadcrumb","itemListElement":[{"@type":"ListItem","position":1,"name":"Portada","item":"https:\/\/germanperaire.com\/ca\/"},{"@type":"ListItem","position":2,"name":"Productes","item":"https:\/\/germanperaire.com\/ca\/shop\/"},{"@type":"ListItem","position":3,"name":"Curs d&#8217;ebenisteria Nivell 1"}]},{"@type":"WebSite","@id":"https:\/\/germanperaire.com\/#website","url":"https:\/\/germanperaire.com\/","name":"Germ\u00e1n Peraire - Ebanister\u00eda de Autor","description":"Construcci\u00f3 de mobles de fusta massissa. Faig dissenys propis i enc\u00e0rrecs a mida.","publisher":{"@id":"https:\/\/germanperaire.com\/#organization"},"alternateName":"Germ\u00e1n Peraire - Ebanister\u00eda de Autor","potentialAction":[{"@type":"SearchAction","target":{"@type":"EntryPoint","urlTemplate":"https:\/\/germanperaire.com\/?s={search_term_string}"},"query-input":{"@type":"PropertyValueSpecification","valueRequired":true,"valueName":"search_term_string"}}],"inLanguage":"ca"},{"@type":"Organization","@id":"https:\/\/germanperaire.com\/#organization","name":"Germ\u00e1n Peraire - Ebanister\u00eda de Autor","alternateName":"Germ\u00e1n Peraire - Ebanister\u00eda de Autor","url":"https:\/\/germanperaire.com\/","logo":{"@type":"ImageObject","inLanguage":"ca","@id":"https:\/\/germanperaire.com\/#\/schema\/logo\/image\/","url":"https:\/\/germanperaire.com\/wp-content\/uploads\/2021\/06\/logo-header.png","contentUrl":"https:\/\/germanperaire.com\/wp-content\/uploads\/2021\/06\/logo-header.png","width":220,"height":42,"caption":"Germ\u00e1n Peraire - Ebanister\u00eda de Autor"},"image":{"@id":"https:\/\/germanperaire.com\/#\/schema\/logo\/image\/"},"sameAs":["https:\/\/instagram.com\/germanperaire"]}]}},"_links":{"self":[{"href":"https:\/\/germanperaire.com\/ca\/wp-json\/wp\/v2\/product\/81118","targetHints":{"allow":["GET"]}}],"collection":[{"href":"https:\/\/germanperaire.com\/ca\/wp-json\/wp\/v2\/product"}],"about":[{"href":"https:\/\/germanperaire.com\/ca\/wp-json\/wp\/v2\/types\/product"}],"wp:featuredmedia":[{"embeddable":true,"href":"https:\/\/germanperaire.com\/ca\/wp-json\/wp\/v2\/media\/77085"}],"wp:attachment":[{"href":"https:\/\/germanperaire.com\/ca\/wp-json\/wp\/v2\/media?parent=81118"}],"wp:term":[{"taxonomy":"product_brand","embeddable":true,"href":"https:\/\/germanperaire.com\/ca\/wp-json\/wp\/v2\/product_brand?post=81118"},{"taxonomy":"product_cat","embeddable":true,"href":"https:\/\/germanperaire.com\/ca\/wp-json\/wp\/v2\/product_cat?post=81118"},{"taxonomy":"product_tag","embeddable":true,"href":"https:\/\/germanperaire.com\/ca\/wp-json\/wp\/v2\/product_tag?post=81118"}],"curies":[{"name":"wp","href":"https:\/\/api.w.org\/{rel}","templated":true}]}}