{"id":77570,"date":"2023-09-15T17:41:50","date_gmt":"2023-09-15T15:41:50","guid":{"rendered":"https:\/\/germanperaire.com\/product\/curso-presencial-tecnicas-avanzadas-de-sierra-cinta\/"},"modified":"2023-10-25T11:52:54","modified_gmt":"2023-10-25T09:52:54","slug":"curs-presencial-tecniques-avancades-serra-cinta","status":"publish","type":"product","link":"https:\/\/germanperaire.com\/ca\/producte\/curs-presencial-tecniques-avancades-serra-cinta\/","title":{"rendered":"T\u00e8cniques avan\u00e7ades de serra cinta"},"content":{"rendered":"<p><strong>Horari<\/strong><br \/>\nSempre comencem els tallers a les 10h i acabem a les 18h amb dues hores de pauses entremig, encara que sovint estirem l&#8217;horari si necessitem m\u00e9s temps.<\/p>\n<p><strong>CONVOCAT\u00d2RIA VINENT<\/strong><br \/>\n28-29\/10\/2023<\/p>\n<p><strong>REQUISITS<\/strong><br \/>\nHaur\u00e0s de portar un form\u00f3 de 4mm o 6mm. Necessitar\u00e0s protecci\u00f3 auditiva i ocular per als moments en qu\u00e8 farem servir la m\u00e0quina.<\/p>\n<p><strong>INFORMACI\u00d3N PARA HACER RESERVA:<\/strong><br \/>\n\u2022 La reserva s&#8217;efectua en fer la compra del curs. Aquest pagament no \u00e9s reembolsable: en cas que no puguis assistir, la teva pla\u00e7a ser\u00e0 traslladada a la propera edici\u00f3 o a altres cursos de la teva elecci\u00f3. En efectuar la reserva s&#8217;accepten les condicions aqu\u00ed escrites.<\/p>\n<p>\u2022 Per motius de facturaci\u00f3, tinc l&#8217;obligaci\u00f3 de demanar-te les teves dades <strong>(Nom, adre\u00e7a i NIF)<\/strong>. Aquesta informaci\u00f3 ser\u00e0 utilitzada nom\u00e9s per facturar i romandr\u00e0 confidencial i protegida d&#8217;acord amb la normativa estatal i europea vigent. Pots consultar la pol\u00edtica de privacitat al meu web.<\/p>\n<p>\u2022 Si ets client professional fes-m&#8217;ho saber <strong>abans del pagament<\/strong> per aplicar la retenci\u00f3 corresponent d&#8217;IRPF.<\/p>\n<p>\u2022 Si deixes la teva pla\u00e7a lliure sense previ av\u00eds, no podr\u00e0s recuperar les hores perdudes ni l&#8217;import del curs.<\/p>\n<p>\u2022 Els dies perduts per no assist\u00e8ncia no es podran recuperar.<\/p>\n","protected":false},"excerpt":{"rendered":"<p><strong>DESCRIPCI\u00d3<\/strong><br \/>\nLa serra cinta \u00e9s una m\u00e0quina extraordin\u00e0riament vers\u00e0til i precisa. Al llarg d&#8217;un cap de setmana al meu<br \/>\npropi taller (a l&#8217;Institut de Recerca Hol\u00edstica de Montserrat, www.irehom.org) veurem tot el que cal saber<br \/>\nper treure&#8217;n el m\u00e0xim partit:<br \/>\n&#8211; Anatomia, ajustaments i manteniment de la m\u00e0quina.<br \/>\n&#8211; Tipus de cintes i les seves caracter\u00edstiques.<br \/>\n&#8211; Com solucionar problemes habituals de les m\u00e0quines (deriva del tall, manca de precisi\u00f3, aspiraci\u00f3,<br \/>\netc.)<br \/>\n&#8211; Unions: precisi\u00f3 i efici\u00e8ncia a la feina per lots. Trau i metxa i forquilla.<br \/>\n&#8211; Treball amb guies i altres complements.<\/p>\n","protected":false},"featured_media":76908,"template":"","meta":[],"product_brand":[],"product_cat":[140],"product_tag":[],"class_list":{"0":"post-77570","1":"product","2":"type-product","3":"status-publish","4":"has-post-thumbnail","6":"product_cat-formacio-cursos-presencials","8":"first","9":"instock","10":"virtual","11":"taxable","12":"purchasable","13":"product-type-simple","14":"litho-product-5col"},"yoast_head":"<!-- This site is optimized with the Yoast SEO plugin v26.6 - https:\/\/yoast.com\/wordpress\/plugins\/seo\/ -->\n<title>Curs presencial de t\u00e8cniques avan\u00e7ades de serra cinta - Germ\u00e1n Peraire<\/title>\n<meta name=\"description\" content=\"Si vols entrar al m\u00f3n de l&#039;ebanisteria, la serra cinta \u00e9s una m\u00e0quina que segur haur\u00e0s d&#039;utilitzar. Apunta&#039;t al curs per aprendre a utilitzar-la.\" \/>\n<meta name=\"robots\" content=\"index, follow, max-snippet:-1, max-image-preview:large, max-video-preview:-1\" \/>\n<link rel=\"canonical\" href=\"https:\/\/germanperaire.com\/ca\/producte\/curs-presencial-tecniques-avancades-serra-cinta\/\" \/>\n<meta property=\"og:locale\" content=\"ca_ES\" \/>\n<meta property=\"og:type\" content=\"article\" \/>\n<meta property=\"og:title\" content=\"Curs presencial de t\u00e8cniques avan\u00e7ades de serra cinta - Germ\u00e1n Peraire\" \/>\n<meta property=\"og:description\" content=\"Si vols entrar al m\u00f3n de l&#039;ebanisteria, la serra cinta \u00e9s una m\u00e0quina que segur haur\u00e0s d&#039;utilitzar. Apunta&#039;t al curs per aprendre a utilitzar-la.\" \/>\n<meta property=\"og:url\" content=\"https:\/\/germanperaire.com\/ca\/producte\/curs-presencial-tecniques-avancades-serra-cinta\/\" \/>\n<meta property=\"og:site_name\" content=\"Germ\u00e1n Peraire\" \/>\n<meta property=\"article:modified_time\" content=\"2023-10-25T09:52:54+00:00\" \/>\n<meta property=\"og:image\" content=\"https:\/\/germanperaire.com\/wp-content\/uploads\/2023\/09\/PROMO_SERRACINTA_CAS_1.jpg\" \/>\n\t<meta property=\"og:image:width\" content=\"600\" \/>\n\t<meta property=\"og:image:height\" content=\"600\" \/>\n\t<meta property=\"og:image:type\" content=\"image\/jpeg\" \/>\n<meta name=\"twitter:card\" content=\"summary_large_image\" \/>\n<script type=\"application\/ld+json\" class=\"yoast-schema-graph\">{\"@context\":\"https:\/\/schema.org\",\"@graph\":[{\"@type\":\"WebPage\",\"@id\":\"https:\/\/germanperaire.com\/ca\/producte\/curs-presencial-tecniques-avancades-serra-cinta\/\",\"url\":\"https:\/\/germanperaire.com\/ca\/producte\/curs-presencial-tecniques-avancades-serra-cinta\/\",\"name\":\"Curs presencial de t\u00e8cniques avan\u00e7ades de serra cinta - Germ\u00e1n Peraire\",\"isPartOf\":{\"@id\":\"https:\/\/germanperaire.com\/#website\"},\"primaryImageOfPage\":{\"@id\":\"https:\/\/germanperaire.com\/ca\/producte\/curs-presencial-tecniques-avancades-serra-cinta\/#primaryimage\"},\"image\":{\"@id\":\"https:\/\/germanperaire.com\/ca\/producte\/curs-presencial-tecniques-avancades-serra-cinta\/#primaryimage\"},\"thumbnailUrl\":\"https:\/\/germanperaire.com\/wp-content\/uploads\/2023\/09\/PROMO_SERRACINTA_CAS_1.jpg\",\"datePublished\":\"2023-09-15T15:41:50+00:00\",\"dateModified\":\"2023-10-25T09:52:54+00:00\",\"description\":\"Si vols entrar al m\u00f3n de l'ebanisteria, la serra cinta \u00e9s una m\u00e0quina que segur haur\u00e0s d'utilitzar. Apunta't al curs per aprendre a utilitzar-la.\",\"breadcrumb\":{\"@id\":\"https:\/\/germanperaire.com\/ca\/producte\/curs-presencial-tecniques-avancades-serra-cinta\/#breadcrumb\"},\"inLanguage\":\"ca\",\"potentialAction\":[{\"@type\":\"ReadAction\",\"target\":[\"https:\/\/germanperaire.com\/ca\/producte\/curs-presencial-tecniques-avancades-serra-cinta\/\"]}]},{\"@type\":\"ImageObject\",\"inLanguage\":\"ca\",\"@id\":\"https:\/\/germanperaire.com\/ca\/producte\/curs-presencial-tecniques-avancades-serra-cinta\/#primaryimage\",\"url\":\"https:\/\/germanperaire.com\/wp-content\/uploads\/2023\/09\/PROMO_SERRACINTA_CAS_1.jpg\",\"contentUrl\":\"https:\/\/germanperaire.com\/wp-content\/uploads\/2023\/09\/PROMO_SERRACINTA_CAS_1.jpg\",\"width\":600,\"height\":600,\"caption\":\"PROMO_SERRACINTA_CAS_1\"},{\"@type\":\"BreadcrumbList\",\"@id\":\"https:\/\/germanperaire.com\/ca\/producte\/curs-presencial-tecniques-avancades-serra-cinta\/#breadcrumb\",\"itemListElement\":[{\"@type\":\"ListItem\",\"position\":1,\"name\":\"Portada\",\"item\":\"https:\/\/germanperaire.com\/ca\/\"},{\"@type\":\"ListItem\",\"position\":2,\"name\":\"Productes\",\"item\":\"https:\/\/germanperaire.com\/ca\/shop\/\"},{\"@type\":\"ListItem\",\"position\":3,\"name\":\"T\u00e8cniques avan\u00e7ades de serra cinta\"}]},{\"@type\":\"WebSite\",\"@id\":\"https:\/\/germanperaire.com\/#website\",\"url\":\"https:\/\/germanperaire.com\/\",\"name\":\"Germ\u00e1n Peraire - Ebanister\u00eda de Autor\",\"description\":\"Construcci\u00f3 de mobles de fusta massissa. Faig dissenys propis i enc\u00e0rrecs a mida.\",\"publisher\":{\"@id\":\"https:\/\/germanperaire.com\/#organization\"},\"alternateName\":\"Germ\u00e1n Peraire - Ebanister\u00eda de Autor\",\"potentialAction\":[{\"@type\":\"SearchAction\",\"target\":{\"@type\":\"EntryPoint\",\"urlTemplate\":\"https:\/\/germanperaire.com\/?s={search_term_string}\"},\"query-input\":{\"@type\":\"PropertyValueSpecification\",\"valueRequired\":true,\"valueName\":\"search_term_string\"}}],\"inLanguage\":\"ca\"},{\"@type\":\"Organization\",\"@id\":\"https:\/\/germanperaire.com\/#organization\",\"name\":\"Germ\u00e1n Peraire - Ebanister\u00eda de Autor\",\"alternateName\":\"Germ\u00e1n Peraire - Ebanister\u00eda de Autor\",\"url\":\"https:\/\/germanperaire.com\/\",\"logo\":{\"@type\":\"ImageObject\",\"inLanguage\":\"ca\",\"@id\":\"https:\/\/germanperaire.com\/#\/schema\/logo\/image\/\",\"url\":\"https:\/\/germanperaire.com\/wp-content\/uploads\/2021\/06\/logo-header.png\",\"contentUrl\":\"https:\/\/germanperaire.com\/wp-content\/uploads\/2021\/06\/logo-header.png\",\"width\":220,\"height\":42,\"caption\":\"Germ\u00e1n Peraire - Ebanister\u00eda de Autor\"},\"image\":{\"@id\":\"https:\/\/germanperaire.com\/#\/schema\/logo\/image\/\"},\"sameAs\":[\"https:\/\/instagram.com\/germanperaire\"]}]}<\/script>\n<!-- \/ Yoast SEO plugin. -->","yoast_head_json":{"title":"Curs presencial de t\u00e8cniques avan\u00e7ades de serra cinta - Germ\u00e1n Peraire","description":"Si vols entrar al m\u00f3n de l'ebanisteria, la serra cinta \u00e9s una m\u00e0quina que segur haur\u00e0s d'utilitzar. Apunta't al curs per aprendre a utilitzar-la.","robots":{"index":"index","follow":"follow","max-snippet":"max-snippet:-1","max-image-preview":"max-image-preview:large","max-video-preview":"max-video-preview:-1"},"canonical":"https:\/\/germanperaire.com\/ca\/producte\/curs-presencial-tecniques-avancades-serra-cinta\/","og_locale":"ca_ES","og_type":"article","og_title":"Curs presencial de t\u00e8cniques avan\u00e7ades de serra cinta - Germ\u00e1n Peraire","og_description":"Si vols entrar al m\u00f3n de l'ebanisteria, la serra cinta \u00e9s una m\u00e0quina que segur haur\u00e0s d'utilitzar. Apunta't al curs per aprendre a utilitzar-la.","og_url":"https:\/\/germanperaire.com\/ca\/producte\/curs-presencial-tecniques-avancades-serra-cinta\/","og_site_name":"Germ\u00e1n Peraire","article_modified_time":"2023-10-25T09:52:54+00:00","og_image":[{"width":600,"height":600,"url":"https:\/\/germanperaire.com\/wp-content\/uploads\/2023\/09\/PROMO_SERRACINTA_CAS_1.jpg","type":"image\/jpeg"}],"twitter_card":"summary_large_image","schema":{"@context":"https:\/\/schema.org","@graph":[{"@type":"WebPage","@id":"https:\/\/germanperaire.com\/ca\/producte\/curs-presencial-tecniques-avancades-serra-cinta\/","url":"https:\/\/germanperaire.com\/ca\/producte\/curs-presencial-tecniques-avancades-serra-cinta\/","name":"Curs presencial de t\u00e8cniques avan\u00e7ades de serra cinta - Germ\u00e1n Peraire","isPartOf":{"@id":"https:\/\/germanperaire.com\/#website"},"primaryImageOfPage":{"@id":"https:\/\/germanperaire.com\/ca\/producte\/curs-presencial-tecniques-avancades-serra-cinta\/#primaryimage"},"image":{"@id":"https:\/\/germanperaire.com\/ca\/producte\/curs-presencial-tecniques-avancades-serra-cinta\/#primaryimage"},"thumbnailUrl":"https:\/\/germanperaire.com\/wp-content\/uploads\/2023\/09\/PROMO_SERRACINTA_CAS_1.jpg","datePublished":"2023-09-15T15:41:50+00:00","dateModified":"2023-10-25T09:52:54+00:00","description":"Si vols entrar al m\u00f3n de l'ebanisteria, la serra cinta \u00e9s una m\u00e0quina que segur haur\u00e0s d'utilitzar. Apunta't al curs per aprendre a utilitzar-la.","breadcrumb":{"@id":"https:\/\/germanperaire.com\/ca\/producte\/curs-presencial-tecniques-avancades-serra-cinta\/#breadcrumb"},"inLanguage":"ca","potentialAction":[{"@type":"ReadAction","target":["https:\/\/germanperaire.com\/ca\/producte\/curs-presencial-tecniques-avancades-serra-cinta\/"]}]},{"@type":"ImageObject","inLanguage":"ca","@id":"https:\/\/germanperaire.com\/ca\/producte\/curs-presencial-tecniques-avancades-serra-cinta\/#primaryimage","url":"https:\/\/germanperaire.com\/wp-content\/uploads\/2023\/09\/PROMO_SERRACINTA_CAS_1.jpg","contentUrl":"https:\/\/germanperaire.com\/wp-content\/uploads\/2023\/09\/PROMO_SERRACINTA_CAS_1.jpg","width":600,"height":600,"caption":"PROMO_SERRACINTA_CAS_1"},{"@type":"BreadcrumbList","@id":"https:\/\/germanperaire.com\/ca\/producte\/curs-presencial-tecniques-avancades-serra-cinta\/#breadcrumb","itemListElement":[{"@type":"ListItem","position":1,"name":"Portada","item":"https:\/\/germanperaire.com\/ca\/"},{"@type":"ListItem","position":2,"name":"Productes","item":"https:\/\/germanperaire.com\/ca\/shop\/"},{"@type":"ListItem","position":3,"name":"T\u00e8cniques avan\u00e7ades de serra cinta"}]},{"@type":"WebSite","@id":"https:\/\/germanperaire.com\/#website","url":"https:\/\/germanperaire.com\/","name":"Germ\u00e1n Peraire - Ebanister\u00eda de Autor","description":"Construcci\u00f3 de mobles de fusta massissa. Faig dissenys propis i enc\u00e0rrecs a mida.","publisher":{"@id":"https:\/\/germanperaire.com\/#organization"},"alternateName":"Germ\u00e1n Peraire - Ebanister\u00eda de Autor","potentialAction":[{"@type":"SearchAction","target":{"@type":"EntryPoint","urlTemplate":"https:\/\/germanperaire.com\/?s={search_term_string}"},"query-input":{"@type":"PropertyValueSpecification","valueRequired":true,"valueName":"search_term_string"}}],"inLanguage":"ca"},{"@type":"Organization","@id":"https:\/\/germanperaire.com\/#organization","name":"Germ\u00e1n Peraire - Ebanister\u00eda de Autor","alternateName":"Germ\u00e1n Peraire - Ebanister\u00eda de Autor","url":"https:\/\/germanperaire.com\/","logo":{"@type":"ImageObject","inLanguage":"ca","@id":"https:\/\/germanperaire.com\/#\/schema\/logo\/image\/","url":"https:\/\/germanperaire.com\/wp-content\/uploads\/2021\/06\/logo-header.png","contentUrl":"https:\/\/germanperaire.com\/wp-content\/uploads\/2021\/06\/logo-header.png","width":220,"height":42,"caption":"Germ\u00e1n Peraire - Ebanister\u00eda de Autor"},"image":{"@id":"https:\/\/germanperaire.com\/#\/schema\/logo\/image\/"},"sameAs":["https:\/\/instagram.com\/germanperaire"]}]}},"_links":{"self":[{"href":"https:\/\/germanperaire.com\/ca\/wp-json\/wp\/v2\/product\/77570","targetHints":{"allow":["GET"]}}],"collection":[{"href":"https:\/\/germanperaire.com\/ca\/wp-json\/wp\/v2\/product"}],"about":[{"href":"https:\/\/germanperaire.com\/ca\/wp-json\/wp\/v2\/types\/product"}],"wp:featuredmedia":[{"embeddable":true,"href":"https:\/\/germanperaire.com\/ca\/wp-json\/wp\/v2\/media\/76908"}],"wp:attachment":[{"href":"https:\/\/germanperaire.com\/ca\/wp-json\/wp\/v2\/media?parent=77570"}],"wp:term":[{"taxonomy":"product_brand","embeddable":true,"href":"https:\/\/germanperaire.com\/ca\/wp-json\/wp\/v2\/product_brand?post=77570"},{"taxonomy":"product_cat","embeddable":true,"href":"https:\/\/germanperaire.com\/ca\/wp-json\/wp\/v2\/product_cat?post=77570"},{"taxonomy":"product_tag","embeddable":true,"href":"https:\/\/germanperaire.com\/ca\/wp-json\/wp\/v2\/product_tag?post=77570"}],"curies":[{"name":"wp","href":"https:\/\/api.w.org\/{rel}","templated":true}]}}