{"id":77566,"date":"2023-10-03T12:22:21","date_gmt":"2023-10-03T10:22:21","guid":{"rendered":"https:\/\/germanperaire.com\/product\/canterano\/"},"modified":"2023-10-25T11:38:36","modified_gmt":"2023-10-25T09:38:36","slug":"canterano","status":"publish","type":"product","link":"https:\/\/germanperaire.com\/ca\/producte\/canterano\/","title":{"rendered":"Canterano"},"content":{"rendered":"","protected":false},"excerpt":{"rendered":"<p>Aquest canterano \u00e9s un tipus de secreter molt celebrat en totes les tradicions occidentals, especialment al segle XVIII. Germ\u00e1n Peraire fa una revisi\u00f3 contempor\u00e0nia i lleugera d&#8217;aquest cl\u00e0ssic, donant-li el seu propi accent. Cont\u00e9 un calix accionat mec\u00e0nicament. Aquesta pe\u00e7a va ser finalista en categoria mundial del Maker of The Year Award 2022.<\/p>\n","protected":false},"featured_media":76943,"template":"","meta":[],"product_brand":[],"product_cat":[125,142],"product_tag":[136],"class_list":{"0":"post-77566","1":"product","2":"type-product","3":"status-publish","4":"has-post-thumbnail","6":"product_cat-mobiliari","7":"product_cat-peces-uniques","8":"product_tag-taules-i-escriptoris","10":"first","11":"instock","12":"taxable","13":"shipping-taxable","14":"purchasable","15":"product-type-simple","16":"litho-product-5col"},"yoast_head":"<!-- This site is optimized with the Yoast SEO plugin v26.6 - https:\/\/yoast.com\/wordpress\/plugins\/seo\/ -->\n<title>Escriptori de tapa batent Canterano - Germ\u00e1n Peraire<\/title>\n<meta name=\"description\" content=\"Escriptori de tapa batent de fusta massissa fet a m\u00e0.\" \/>\n<meta name=\"robots\" content=\"index, follow, max-snippet:-1, max-image-preview:large, max-video-preview:-1\" \/>\n<link rel=\"canonical\" href=\"https:\/\/germanperaire.com\/ca\/producte\/canterano\/\" \/>\n<meta property=\"og:locale\" content=\"ca_ES\" \/>\n<meta property=\"og:type\" content=\"article\" \/>\n<meta property=\"og:title\" content=\"Escriptori de tapa batent Canterano - Germ\u00e1n Peraire\" \/>\n<meta property=\"og:description\" content=\"Escriptori de tapa batent de fusta massissa fet a m\u00e0.\" \/>\n<meta property=\"og:url\" content=\"https:\/\/germanperaire.com\/ca\/producte\/canterano\/\" \/>\n<meta property=\"og:site_name\" content=\"Germ\u00e1n Peraire\" \/>\n<meta property=\"article:modified_time\" content=\"2023-10-25T09:38:36+00:00\" \/>\n<meta property=\"og:image\" content=\"https:\/\/germanperaire.com\/wp-content\/uploads\/2023\/10\/CANTERANO-1.jpg\" \/>\n\t<meta property=\"og:image:width\" content=\"800\" \/>\n\t<meta property=\"og:image:height\" content=\"800\" \/>\n\t<meta property=\"og:image:type\" content=\"image\/jpeg\" \/>\n<meta name=\"twitter:card\" content=\"summary_large_image\" \/>\n<script type=\"application\/ld+json\" class=\"yoast-schema-graph\">{\"@context\":\"https:\/\/schema.org\",\"@graph\":[{\"@type\":\"WebPage\",\"@id\":\"https:\/\/germanperaire.com\/ca\/producte\/canterano\/\",\"url\":\"https:\/\/germanperaire.com\/ca\/producte\/canterano\/\",\"name\":\"Escriptori de tapa batent Canterano - Germ\u00e1n Peraire\",\"isPartOf\":{\"@id\":\"https:\/\/germanperaire.com\/#website\"},\"primaryImageOfPage\":{\"@id\":\"https:\/\/germanperaire.com\/ca\/producte\/canterano\/#primaryimage\"},\"image\":{\"@id\":\"https:\/\/germanperaire.com\/ca\/producte\/canterano\/#primaryimage\"},\"thumbnailUrl\":\"https:\/\/germanperaire.com\/wp-content\/uploads\/2023\/10\/CANTERANO-1.jpg\",\"datePublished\":\"2023-10-03T10:22:21+00:00\",\"dateModified\":\"2023-10-25T09:38:36+00:00\",\"description\":\"Escriptori de tapa batent de fusta massissa fet a m\u00e0.\",\"breadcrumb\":{\"@id\":\"https:\/\/germanperaire.com\/ca\/producte\/canterano\/#breadcrumb\"},\"inLanguage\":\"ca\",\"potentialAction\":[{\"@type\":\"ReadAction\",\"target\":[\"https:\/\/germanperaire.com\/ca\/producte\/canterano\/\"]}]},{\"@type\":\"ImageObject\",\"inLanguage\":\"ca\",\"@id\":\"https:\/\/germanperaire.com\/ca\/producte\/canterano\/#primaryimage\",\"url\":\"https:\/\/germanperaire.com\/wp-content\/uploads\/2023\/10\/CANTERANO-1.jpg\",\"contentUrl\":\"https:\/\/germanperaire.com\/wp-content\/uploads\/2023\/10\/CANTERANO-1.jpg\",\"width\":800,\"height\":800,\"caption\":\"Escriptori de tapa batent constru\u00eft a m\u00e0 amb fusta massissa\"},{\"@type\":\"BreadcrumbList\",\"@id\":\"https:\/\/germanperaire.com\/ca\/producte\/canterano\/#breadcrumb\",\"itemListElement\":[{\"@type\":\"ListItem\",\"position\":1,\"name\":\"Portada\",\"item\":\"https:\/\/germanperaire.com\/ca\/\"},{\"@type\":\"ListItem\",\"position\":2,\"name\":\"Productes\",\"item\":\"https:\/\/germanperaire.com\/ca\/shop\/\"},{\"@type\":\"ListItem\",\"position\":3,\"name\":\"Canterano\"}]},{\"@type\":\"WebSite\",\"@id\":\"https:\/\/germanperaire.com\/#website\",\"url\":\"https:\/\/germanperaire.com\/\",\"name\":\"Germ\u00e1n Peraire - Ebanister\u00eda de Autor\",\"description\":\"Construcci\u00f3 de mobles de fusta massissa. Faig dissenys propis i enc\u00e0rrecs a mida.\",\"publisher\":{\"@id\":\"https:\/\/germanperaire.com\/#organization\"},\"alternateName\":\"Germ\u00e1n Peraire - Ebanister\u00eda de Autor\",\"potentialAction\":[{\"@type\":\"SearchAction\",\"target\":{\"@type\":\"EntryPoint\",\"urlTemplate\":\"https:\/\/germanperaire.com\/?s={search_term_string}\"},\"query-input\":{\"@type\":\"PropertyValueSpecification\",\"valueRequired\":true,\"valueName\":\"search_term_string\"}}],\"inLanguage\":\"ca\"},{\"@type\":\"Organization\",\"@id\":\"https:\/\/germanperaire.com\/#organization\",\"name\":\"Germ\u00e1n Peraire - Ebanister\u00eda de Autor\",\"alternateName\":\"Germ\u00e1n Peraire - Ebanister\u00eda de Autor\",\"url\":\"https:\/\/germanperaire.com\/\",\"logo\":{\"@type\":\"ImageObject\",\"inLanguage\":\"ca\",\"@id\":\"https:\/\/germanperaire.com\/#\/schema\/logo\/image\/\",\"url\":\"https:\/\/germanperaire.com\/wp-content\/uploads\/2021\/06\/logo-header.png\",\"contentUrl\":\"https:\/\/germanperaire.com\/wp-content\/uploads\/2021\/06\/logo-header.png\",\"width\":220,\"height\":42,\"caption\":\"Germ\u00e1n Peraire - Ebanister\u00eda de Autor\"},\"image\":{\"@id\":\"https:\/\/germanperaire.com\/#\/schema\/logo\/image\/\"},\"sameAs\":[\"https:\/\/instagram.com\/germanperaire\"]}]}<\/script>\n<!-- \/ Yoast SEO plugin. -->","yoast_head_json":{"title":"Escriptori de tapa batent Canterano - Germ\u00e1n Peraire","description":"Escriptori de tapa batent de fusta massissa fet a m\u00e0.","robots":{"index":"index","follow":"follow","max-snippet":"max-snippet:-1","max-image-preview":"max-image-preview:large","max-video-preview":"max-video-preview:-1"},"canonical":"https:\/\/germanperaire.com\/ca\/producte\/canterano\/","og_locale":"ca_ES","og_type":"article","og_title":"Escriptori de tapa batent Canterano - Germ\u00e1n Peraire","og_description":"Escriptori de tapa batent de fusta massissa fet a m\u00e0.","og_url":"https:\/\/germanperaire.com\/ca\/producte\/canterano\/","og_site_name":"Germ\u00e1n Peraire","article_modified_time":"2023-10-25T09:38:36+00:00","og_image":[{"width":800,"height":800,"url":"https:\/\/germanperaire.com\/wp-content\/uploads\/2023\/10\/CANTERANO-1.jpg","type":"image\/jpeg"}],"twitter_card":"summary_large_image","schema":{"@context":"https:\/\/schema.org","@graph":[{"@type":"WebPage","@id":"https:\/\/germanperaire.com\/ca\/producte\/canterano\/","url":"https:\/\/germanperaire.com\/ca\/producte\/canterano\/","name":"Escriptori de tapa batent Canterano - Germ\u00e1n Peraire","isPartOf":{"@id":"https:\/\/germanperaire.com\/#website"},"primaryImageOfPage":{"@id":"https:\/\/germanperaire.com\/ca\/producte\/canterano\/#primaryimage"},"image":{"@id":"https:\/\/germanperaire.com\/ca\/producte\/canterano\/#primaryimage"},"thumbnailUrl":"https:\/\/germanperaire.com\/wp-content\/uploads\/2023\/10\/CANTERANO-1.jpg","datePublished":"2023-10-03T10:22:21+00:00","dateModified":"2023-10-25T09:38:36+00:00","description":"Escriptori de tapa batent de fusta massissa fet a m\u00e0.","breadcrumb":{"@id":"https:\/\/germanperaire.com\/ca\/producte\/canterano\/#breadcrumb"},"inLanguage":"ca","potentialAction":[{"@type":"ReadAction","target":["https:\/\/germanperaire.com\/ca\/producte\/canterano\/"]}]},{"@type":"ImageObject","inLanguage":"ca","@id":"https:\/\/germanperaire.com\/ca\/producte\/canterano\/#primaryimage","url":"https:\/\/germanperaire.com\/wp-content\/uploads\/2023\/10\/CANTERANO-1.jpg","contentUrl":"https:\/\/germanperaire.com\/wp-content\/uploads\/2023\/10\/CANTERANO-1.jpg","width":800,"height":800,"caption":"Escriptori de tapa batent constru\u00eft a m\u00e0 amb fusta massissa"},{"@type":"BreadcrumbList","@id":"https:\/\/germanperaire.com\/ca\/producte\/canterano\/#breadcrumb","itemListElement":[{"@type":"ListItem","position":1,"name":"Portada","item":"https:\/\/germanperaire.com\/ca\/"},{"@type":"ListItem","position":2,"name":"Productes","item":"https:\/\/germanperaire.com\/ca\/shop\/"},{"@type":"ListItem","position":3,"name":"Canterano"}]},{"@type":"WebSite","@id":"https:\/\/germanperaire.com\/#website","url":"https:\/\/germanperaire.com\/","name":"Germ\u00e1n Peraire - Ebanister\u00eda de Autor","description":"Construcci\u00f3 de mobles de fusta massissa. Faig dissenys propis i enc\u00e0rrecs a mida.","publisher":{"@id":"https:\/\/germanperaire.com\/#organization"},"alternateName":"Germ\u00e1n Peraire - Ebanister\u00eda de Autor","potentialAction":[{"@type":"SearchAction","target":{"@type":"EntryPoint","urlTemplate":"https:\/\/germanperaire.com\/?s={search_term_string}"},"query-input":{"@type":"PropertyValueSpecification","valueRequired":true,"valueName":"search_term_string"}}],"inLanguage":"ca"},{"@type":"Organization","@id":"https:\/\/germanperaire.com\/#organization","name":"Germ\u00e1n Peraire - Ebanister\u00eda de Autor","alternateName":"Germ\u00e1n Peraire - Ebanister\u00eda de Autor","url":"https:\/\/germanperaire.com\/","logo":{"@type":"ImageObject","inLanguage":"ca","@id":"https:\/\/germanperaire.com\/#\/schema\/logo\/image\/","url":"https:\/\/germanperaire.com\/wp-content\/uploads\/2021\/06\/logo-header.png","contentUrl":"https:\/\/germanperaire.com\/wp-content\/uploads\/2021\/06\/logo-header.png","width":220,"height":42,"caption":"Germ\u00e1n Peraire - Ebanister\u00eda de Autor"},"image":{"@id":"https:\/\/germanperaire.com\/#\/schema\/logo\/image\/"},"sameAs":["https:\/\/instagram.com\/germanperaire"]}]}},"_links":{"self":[{"href":"https:\/\/germanperaire.com\/ca\/wp-json\/wp\/v2\/product\/77566","targetHints":{"allow":["GET"]}}],"collection":[{"href":"https:\/\/germanperaire.com\/ca\/wp-json\/wp\/v2\/product"}],"about":[{"href":"https:\/\/germanperaire.com\/ca\/wp-json\/wp\/v2\/types\/product"}],"wp:featuredmedia":[{"embeddable":true,"href":"https:\/\/germanperaire.com\/ca\/wp-json\/wp\/v2\/media\/76943"}],"wp:attachment":[{"href":"https:\/\/germanperaire.com\/ca\/wp-json\/wp\/v2\/media?parent=77566"}],"wp:term":[{"taxonomy":"product_brand","embeddable":true,"href":"https:\/\/germanperaire.com\/ca\/wp-json\/wp\/v2\/product_brand?post=77566"},{"taxonomy":"product_cat","embeddable":true,"href":"https:\/\/germanperaire.com\/ca\/wp-json\/wp\/v2\/product_cat?post=77566"},{"taxonomy":"product_tag","embeddable":true,"href":"https:\/\/germanperaire.com\/ca\/wp-json\/wp\/v2\/product_tag?post=77566"}],"curies":[{"name":"wp","href":"https:\/\/api.w.org\/{rel}","templated":true}]}}