{"id":77556,"date":"2023-10-03T12:53:52","date_gmt":"2023-10-03T10:53:52","guid":{"rendered":"https:\/\/germanperaire.com\/product\/sajolida\/"},"modified":"2023-10-25T11:23:38","modified_gmt":"2023-10-25T09:23:38","slug":"sajolida","status":"publish","type":"product","link":"https:\/\/germanperaire.com\/ca\/producte\/sajolida\/","title":{"rendered":"Sajolida"},"content":{"rendered":"","protected":false},"excerpt":{"rendered":"<p>Aquesta pe\u00e7a \u00e9s una reinterpretaci\u00f3 de l&#8217;arxivador franc\u00e8s de finals del segle XIX. La porta de persiana cont\u00e9 un patr\u00f3 de marqueteria inspirat en motius modernistes de Gaspar Homar. Els interiors, en aur\u00f3 americ\u00e0 i cedre del L\u00edban, confereixen una aparen\u00e7a lleugera i una experi\u00e8ncia olfactiva dol\u00e7a i sorprenent. Pot ser emprat com a pe\u00e7a de centre o separador d&#8217;ambients, i per aix\u00f2 el darrere ha estat daurat fent-se eco del patr\u00f3 de moderista del frontis. Marqueteria dissenyada i executada en col\u00b7laboraci\u00f3 amb X\u00e8nia Garrof\u00e9 i Beatriz Zuazo.<\/p>\n","protected":false},"featured_media":77039,"template":"","meta":[],"product_brand":[],"product_cat":[125,142,134],"product_tag":[126],"class_list":{"0":"post-77556","1":"product","2":"type-product","3":"status-publish","4":"has-post-thumbnail","6":"product_cat-mobiliari","7":"product_cat-peces-uniques","8":"product_cat-sense-catalogar","9":"product_tag-contenidors","11":"first","12":"onbackorder","13":"taxable","14":"shipping-taxable","15":"purchasable","16":"product-type-simple","17":"litho-product-5col"},"yoast_head":"<!-- This site is optimized with the Yoast SEO plugin v26.6 - https:\/\/yoast.com\/wordpress\/plugins\/seo\/ -->\n<title>Arxivador amb porta de persiana Sajolida - Germ\u00e1n Peraire<\/title>\n<meta name=\"description\" content=\"Arxivador constru\u00eft a m\u00e0 amb fusta massissa. Reinterpretaci\u00f3 de l&#039;arxivador franc\u00e8s del segle XIX.\" \/>\n<meta name=\"robots\" content=\"index, follow, max-snippet:-1, max-image-preview:large, max-video-preview:-1\" \/>\n<link rel=\"canonical\" href=\"https:\/\/germanperaire.com\/ca\/producte\/sajolida\/\" \/>\n<meta property=\"og:locale\" content=\"ca_ES\" \/>\n<meta property=\"og:type\" content=\"article\" \/>\n<meta property=\"og:title\" content=\"Arxivador amb porta de persiana Sajolida - Germ\u00e1n Peraire\" \/>\n<meta property=\"og:description\" content=\"Arxivador constru\u00eft a m\u00e0 amb fusta massissa. Reinterpretaci\u00f3 de l&#039;arxivador franc\u00e8s del segle XIX.\" \/>\n<meta property=\"og:url\" content=\"https:\/\/germanperaire.com\/ca\/producte\/sajolida\/\" \/>\n<meta property=\"og:site_name\" content=\"Germ\u00e1n Peraire\" \/>\n<meta property=\"article:modified_time\" content=\"2023-10-25T09:23:38+00:00\" \/>\n<meta property=\"og:image\" content=\"https:\/\/germanperaire.com\/wp-content\/uploads\/2023\/10\/SAJOLIDA-1.jpg\" \/>\n\t<meta property=\"og:image:width\" content=\"1200\" \/>\n\t<meta property=\"og:image:height\" content=\"1200\" \/>\n\t<meta property=\"og:image:type\" content=\"image\/jpeg\" \/>\n<meta name=\"twitter:card\" content=\"summary_large_image\" \/>\n<script type=\"application\/ld+json\" class=\"yoast-schema-graph\">{\"@context\":\"https:\/\/schema.org\",\"@graph\":[{\"@type\":\"WebPage\",\"@id\":\"https:\/\/germanperaire.com\/ca\/producte\/sajolida\/\",\"url\":\"https:\/\/germanperaire.com\/ca\/producte\/sajolida\/\",\"name\":\"Arxivador amb porta de persiana Sajolida - Germ\u00e1n Peraire\",\"isPartOf\":{\"@id\":\"https:\/\/germanperaire.com\/#website\"},\"primaryImageOfPage\":{\"@id\":\"https:\/\/germanperaire.com\/ca\/producte\/sajolida\/#primaryimage\"},\"image\":{\"@id\":\"https:\/\/germanperaire.com\/ca\/producte\/sajolida\/#primaryimage\"},\"thumbnailUrl\":\"https:\/\/germanperaire.com\/wp-content\/uploads\/2023\/10\/SAJOLIDA-1.jpg\",\"datePublished\":\"2023-10-03T10:53:52+00:00\",\"dateModified\":\"2023-10-25T09:23:38+00:00\",\"description\":\"Arxivador constru\u00eft a m\u00e0 amb fusta massissa. Reinterpretaci\u00f3 de l'arxivador franc\u00e8s del segle XIX.\",\"breadcrumb\":{\"@id\":\"https:\/\/germanperaire.com\/ca\/producte\/sajolida\/#breadcrumb\"},\"inLanguage\":\"ca\",\"potentialAction\":[{\"@type\":\"ReadAction\",\"target\":[\"https:\/\/germanperaire.com\/ca\/producte\/sajolida\/\"]}]},{\"@type\":\"ImageObject\",\"inLanguage\":\"ca\",\"@id\":\"https:\/\/germanperaire.com\/ca\/producte\/sajolida\/#primaryimage\",\"url\":\"https:\/\/germanperaire.com\/wp-content\/uploads\/2023\/10\/SAJOLIDA-1.jpg\",\"contentUrl\":\"https:\/\/germanperaire.com\/wp-content\/uploads\/2023\/10\/SAJOLIDA-1.jpg\",\"width\":1200,\"height\":1200,\"caption\":\"Arxivador amb porta de persiana constru\u00eft a m\u00e0\"},{\"@type\":\"BreadcrumbList\",\"@id\":\"https:\/\/germanperaire.com\/ca\/producte\/sajolida\/#breadcrumb\",\"itemListElement\":[{\"@type\":\"ListItem\",\"position\":1,\"name\":\"Portada\",\"item\":\"https:\/\/germanperaire.com\/ca\/\"},{\"@type\":\"ListItem\",\"position\":2,\"name\":\"Productes\",\"item\":\"https:\/\/germanperaire.com\/ca\/shop\/\"},{\"@type\":\"ListItem\",\"position\":3,\"name\":\"Sajolida\"}]},{\"@type\":\"WebSite\",\"@id\":\"https:\/\/germanperaire.com\/#website\",\"url\":\"https:\/\/germanperaire.com\/\",\"name\":\"Germ\u00e1n Peraire - Ebanister\u00eda de Autor\",\"description\":\"Construcci\u00f3 de mobles de fusta massissa. Faig dissenys propis i enc\u00e0rrecs a mida.\",\"publisher\":{\"@id\":\"https:\/\/germanperaire.com\/#organization\"},\"alternateName\":\"Germ\u00e1n Peraire - Ebanister\u00eda de Autor\",\"potentialAction\":[{\"@type\":\"SearchAction\",\"target\":{\"@type\":\"EntryPoint\",\"urlTemplate\":\"https:\/\/germanperaire.com\/?s={search_term_string}\"},\"query-input\":{\"@type\":\"PropertyValueSpecification\",\"valueRequired\":true,\"valueName\":\"search_term_string\"}}],\"inLanguage\":\"ca\"},{\"@type\":\"Organization\",\"@id\":\"https:\/\/germanperaire.com\/#organization\",\"name\":\"Germ\u00e1n Peraire - Ebanister\u00eda de Autor\",\"alternateName\":\"Germ\u00e1n Peraire - Ebanister\u00eda de Autor\",\"url\":\"https:\/\/germanperaire.com\/\",\"logo\":{\"@type\":\"ImageObject\",\"inLanguage\":\"ca\",\"@id\":\"https:\/\/germanperaire.com\/#\/schema\/logo\/image\/\",\"url\":\"https:\/\/germanperaire.com\/wp-content\/uploads\/2021\/06\/logo-header.png\",\"contentUrl\":\"https:\/\/germanperaire.com\/wp-content\/uploads\/2021\/06\/logo-header.png\",\"width\":220,\"height\":42,\"caption\":\"Germ\u00e1n Peraire - Ebanister\u00eda de Autor\"},\"image\":{\"@id\":\"https:\/\/germanperaire.com\/#\/schema\/logo\/image\/\"},\"sameAs\":[\"https:\/\/instagram.com\/germanperaire\"]}]}<\/script>\n<!-- \/ Yoast SEO plugin. -->","yoast_head_json":{"title":"Arxivador amb porta de persiana Sajolida - Germ\u00e1n Peraire","description":"Arxivador constru\u00eft a m\u00e0 amb fusta massissa. Reinterpretaci\u00f3 de l'arxivador franc\u00e8s del segle XIX.","robots":{"index":"index","follow":"follow","max-snippet":"max-snippet:-1","max-image-preview":"max-image-preview:large","max-video-preview":"max-video-preview:-1"},"canonical":"https:\/\/germanperaire.com\/ca\/producte\/sajolida\/","og_locale":"ca_ES","og_type":"article","og_title":"Arxivador amb porta de persiana Sajolida - Germ\u00e1n Peraire","og_description":"Arxivador constru\u00eft a m\u00e0 amb fusta massissa. Reinterpretaci\u00f3 de l'arxivador franc\u00e8s del segle XIX.","og_url":"https:\/\/germanperaire.com\/ca\/producte\/sajolida\/","og_site_name":"Germ\u00e1n Peraire","article_modified_time":"2023-10-25T09:23:38+00:00","og_image":[{"width":1200,"height":1200,"url":"https:\/\/germanperaire.com\/wp-content\/uploads\/2023\/10\/SAJOLIDA-1.jpg","type":"image\/jpeg"}],"twitter_card":"summary_large_image","schema":{"@context":"https:\/\/schema.org","@graph":[{"@type":"WebPage","@id":"https:\/\/germanperaire.com\/ca\/producte\/sajolida\/","url":"https:\/\/germanperaire.com\/ca\/producte\/sajolida\/","name":"Arxivador amb porta de persiana Sajolida - Germ\u00e1n Peraire","isPartOf":{"@id":"https:\/\/germanperaire.com\/#website"},"primaryImageOfPage":{"@id":"https:\/\/germanperaire.com\/ca\/producte\/sajolida\/#primaryimage"},"image":{"@id":"https:\/\/germanperaire.com\/ca\/producte\/sajolida\/#primaryimage"},"thumbnailUrl":"https:\/\/germanperaire.com\/wp-content\/uploads\/2023\/10\/SAJOLIDA-1.jpg","datePublished":"2023-10-03T10:53:52+00:00","dateModified":"2023-10-25T09:23:38+00:00","description":"Arxivador constru\u00eft a m\u00e0 amb fusta massissa. Reinterpretaci\u00f3 de l'arxivador franc\u00e8s del segle XIX.","breadcrumb":{"@id":"https:\/\/germanperaire.com\/ca\/producte\/sajolida\/#breadcrumb"},"inLanguage":"ca","potentialAction":[{"@type":"ReadAction","target":["https:\/\/germanperaire.com\/ca\/producte\/sajolida\/"]}]},{"@type":"ImageObject","inLanguage":"ca","@id":"https:\/\/germanperaire.com\/ca\/producte\/sajolida\/#primaryimage","url":"https:\/\/germanperaire.com\/wp-content\/uploads\/2023\/10\/SAJOLIDA-1.jpg","contentUrl":"https:\/\/germanperaire.com\/wp-content\/uploads\/2023\/10\/SAJOLIDA-1.jpg","width":1200,"height":1200,"caption":"Arxivador amb porta de persiana constru\u00eft a m\u00e0"},{"@type":"BreadcrumbList","@id":"https:\/\/germanperaire.com\/ca\/producte\/sajolida\/#breadcrumb","itemListElement":[{"@type":"ListItem","position":1,"name":"Portada","item":"https:\/\/germanperaire.com\/ca\/"},{"@type":"ListItem","position":2,"name":"Productes","item":"https:\/\/germanperaire.com\/ca\/shop\/"},{"@type":"ListItem","position":3,"name":"Sajolida"}]},{"@type":"WebSite","@id":"https:\/\/germanperaire.com\/#website","url":"https:\/\/germanperaire.com\/","name":"Germ\u00e1n Peraire - Ebanister\u00eda de Autor","description":"Construcci\u00f3 de mobles de fusta massissa. Faig dissenys propis i enc\u00e0rrecs a mida.","publisher":{"@id":"https:\/\/germanperaire.com\/#organization"},"alternateName":"Germ\u00e1n Peraire - Ebanister\u00eda de Autor","potentialAction":[{"@type":"SearchAction","target":{"@type":"EntryPoint","urlTemplate":"https:\/\/germanperaire.com\/?s={search_term_string}"},"query-input":{"@type":"PropertyValueSpecification","valueRequired":true,"valueName":"search_term_string"}}],"inLanguage":"ca"},{"@type":"Organization","@id":"https:\/\/germanperaire.com\/#organization","name":"Germ\u00e1n Peraire - Ebanister\u00eda de Autor","alternateName":"Germ\u00e1n Peraire - Ebanister\u00eda de Autor","url":"https:\/\/germanperaire.com\/","logo":{"@type":"ImageObject","inLanguage":"ca","@id":"https:\/\/germanperaire.com\/#\/schema\/logo\/image\/","url":"https:\/\/germanperaire.com\/wp-content\/uploads\/2021\/06\/logo-header.png","contentUrl":"https:\/\/germanperaire.com\/wp-content\/uploads\/2021\/06\/logo-header.png","width":220,"height":42,"caption":"Germ\u00e1n Peraire - Ebanister\u00eda de Autor"},"image":{"@id":"https:\/\/germanperaire.com\/#\/schema\/logo\/image\/"},"sameAs":["https:\/\/instagram.com\/germanperaire"]}]}},"_links":{"self":[{"href":"https:\/\/germanperaire.com\/ca\/wp-json\/wp\/v2\/product\/77556","targetHints":{"allow":["GET"]}}],"collection":[{"href":"https:\/\/germanperaire.com\/ca\/wp-json\/wp\/v2\/product"}],"about":[{"href":"https:\/\/germanperaire.com\/ca\/wp-json\/wp\/v2\/types\/product"}],"wp:featuredmedia":[{"embeddable":true,"href":"https:\/\/germanperaire.com\/ca\/wp-json\/wp\/v2\/media\/77039"}],"wp:attachment":[{"href":"https:\/\/germanperaire.com\/ca\/wp-json\/wp\/v2\/media?parent=77556"}],"wp:term":[{"taxonomy":"product_brand","embeddable":true,"href":"https:\/\/germanperaire.com\/ca\/wp-json\/wp\/v2\/product_brand?post=77556"},{"taxonomy":"product_cat","embeddable":true,"href":"https:\/\/germanperaire.com\/ca\/wp-json\/wp\/v2\/product_cat?post=77556"},{"taxonomy":"product_tag","embeddable":true,"href":"https:\/\/germanperaire.com\/ca\/wp-json\/wp\/v2\/product_tag?post=77556"}],"curies":[{"name":"wp","href":"https:\/\/api.w.org\/{rel}","templated":true}]}}