{"id":77550,"date":"2023-10-03T13:09:05","date_gmt":"2023-10-03T11:09:05","guid":{"rendered":"https:\/\/germanperaire.com\/product\/curso-haz-un-joyero\/"},"modified":"2024-12-08T15:02:02","modified_gmt":"2024-12-08T14:02:02","slug":"curs-fes-un-joier","status":"publish","type":"product","link":"https:\/\/germanperaire.com\/ca\/producte\/curs-fes-un-joier\/","title":{"rendered":"Curs Fes un joier"},"content":{"rendered":"<p><strong>CONTINGUTS<\/strong><br \/>\n&#8211; T\u00e8cniques de construcci\u00f3 de caixes: inglets refor\u00e7ats<br \/>\n&#8211; Eines especialitzades: ingletadores manuals i ribots d&#8217;escairar<br \/>\n&#8211; T\u00e8cniques d&#8217;escairat de precisi\u00f3 tant a 90\u00ba com a 45\u00ba.<br \/>\n&#8211; Marqueteria figurativa i xapat amb Beatriz Zuazo<br \/>\n&#8211; Frontisses especialitzades per a caixes. Instal\u00b7larem frontisses Brusso.<br \/>\n&#8211; Elaboraci\u00f3 i instal\u00b7laci\u00f3 de safates corredisses.<\/p>\n<p><strong>CONVOCAT\u00d2RIA VINENT<\/strong><br \/>\n08-09\/02\/2024<br \/>\n08-09\/03\/2024<br \/>\n22-23\/03\/2024<\/p>\n<p><strong>HORARI<\/strong><br \/>\nDe 10:00 a 17:30<\/p>\n<p><strong>REQUISITS<\/strong><br \/>\nHaver cursat el Nivell 1 o b\u00e9 experi\u00e8ncia en t\u00e8cniques de ribot, esmolat, \u00fas<br \/>\ndel xerrac i de l&#8217;enformador, cudornelles, trau i metxa.<\/p>\n<p>INFORMACI\u00d3 SOBRE LA RESERVA:<br \/>\n\u2022 La reserva s&#8217;efect\u00faa en fer la compra del curs, b\u00e9 en un \u00fanic pagament o amb una bestreta del 50%. Aquest pagament no \u00e9s reemborsable: en cas que no puguis atendre al curs, la teva pla\u00e7a ser\u00e0 traslladada a la pr\u00f2xima edici\u00f3 a la tardor o a altres cursos de la teva tria. En efectuar la reserva, accepto les condicions aqu\u00ed descrites.<\/p>\n<p>\u2022 Efectuarem el pagament pel 50% restant com a m\u00ednim 30 dies abans de l&#8217;inici del curs. Si no compleixes aquest termini, la teva reserva quedar\u00e0 autom\u00e0ticament posposada per a la seg\u00fcent convocat\u00f2ria.<\/p>\n<p>\u2022 Tinc la obligaci\u00f3 de demanar-te les teves dades (Nom, adre\u00e7a i NIF) per a la finalitat exclusiva de facturaci\u00f3. Les teves dades romandran confidencials i protegides per la normativa estatal i europea.<br \/>\nPots consultar la pol\u00edtica de privacitat a la meva web.<\/p>\n<p>\u2022 Si ets client professional cal que m&#8217;ho esmentis abans del pagament per poder facturar amb la retenci\u00f3 pertinent d&#8217;IRPF.<\/p>\n<p>\u2022 Si deixes la teva pla\u00e7a deserta sense avisar pr\u00e8viament, no podr\u00e0s recuperar les hores perdudes ni l&#8217;import del curs.<\/p>\n<p>\u2022 Els dies perduts per no assist\u00e8ncia no podran ser recuperats.<\/p>\n","protected":false},"excerpt":{"rendered":"<p>En aquest curs de tres caps de setmana, farem un joier amb marqueteria. A<br \/>\nl&#8217;interior presenta dues altures i dues safates corredisses. El curs ser\u00e0 impartit per Beatriz Zuazo (experta en marqueteria) i Germ\u00e1n Peraire.<\/p>\n","protected":false},"featured_media":77075,"template":"","meta":[],"product_brand":[],"product_cat":[140],"product_tag":[],"class_list":{"0":"post-77550","1":"product","2":"type-product","3":"status-publish","4":"has-post-thumbnail","6":"product_cat-formacio-cursos-presencials","8":"first","9":"instock","10":"taxable","11":"shipping-taxable","12":"purchasable","13":"product-type-variable","14":"litho-product-5col"},"yoast_head":"<!-- This site is optimized with the Yoast SEO plugin v26.6 - https:\/\/yoast.com\/wordpress\/plugins\/seo\/ -->\n<title>Curs Fes un joier - Germ\u00e1n Peraire<\/title>\n<meta name=\"description\" content=\"Apr\u00e8n l&#039;art de l&#039;ebanisteria mentre construeixes un joier.\" \/>\n<meta name=\"robots\" content=\"index, follow, max-snippet:-1, max-image-preview:large, max-video-preview:-1\" \/>\n<link rel=\"canonical\" href=\"https:\/\/germanperaire.com\/ca\/producte\/curs-fes-un-joier\/\" \/>\n<meta property=\"og:locale\" content=\"ca_ES\" \/>\n<meta property=\"og:type\" content=\"article\" \/>\n<meta property=\"og:title\" content=\"Curs Fes un joier - Germ\u00e1n Peraire\" \/>\n<meta property=\"og:description\" content=\"Apr\u00e8n l&#039;art de l&#039;ebanisteria mentre construeixes un joier.\" \/>\n<meta property=\"og:url\" content=\"https:\/\/germanperaire.com\/ca\/producte\/curs-fes-un-joier\/\" \/>\n<meta property=\"og:site_name\" content=\"Germ\u00e1n Peraire\" \/>\n<meta property=\"article:modified_time\" content=\"2024-12-08T14:02:02+00:00\" \/>\n<meta property=\"og:image\" content=\"https:\/\/germanperaire.com\/wp-content\/uploads\/2023\/10\/Joier-1.jpg\" \/>\n\t<meta property=\"og:image:width\" content=\"800\" \/>\n\t<meta property=\"og:image:height\" content=\"800\" \/>\n\t<meta property=\"og:image:type\" content=\"image\/jpeg\" \/>\n<meta name=\"twitter:card\" content=\"summary_large_image\" \/>\n<meta name=\"twitter:label1\" content=\"Temps estimat de lectura\" \/>\n\t<meta name=\"twitter:data1\" content=\"2 minuts\" \/>\n<script type=\"application\/ld+json\" class=\"yoast-schema-graph\">{\"@context\":\"https:\/\/schema.org\",\"@graph\":[{\"@type\":\"WebPage\",\"@id\":\"https:\/\/germanperaire.com\/ca\/producte\/curs-fes-un-joier\/\",\"url\":\"https:\/\/germanperaire.com\/ca\/producte\/curs-fes-un-joier\/\",\"name\":\"Curs Fes un joier - Germ\u00e1n Peraire\",\"isPartOf\":{\"@id\":\"https:\/\/germanperaire.com\/#website\"},\"primaryImageOfPage\":{\"@id\":\"https:\/\/germanperaire.com\/ca\/producte\/curs-fes-un-joier\/#primaryimage\"},\"image\":{\"@id\":\"https:\/\/germanperaire.com\/ca\/producte\/curs-fes-un-joier\/#primaryimage\"},\"thumbnailUrl\":\"https:\/\/germanperaire.com\/wp-content\/uploads\/2023\/10\/Joier-1.jpg\",\"datePublished\":\"2023-10-03T11:09:05+00:00\",\"dateModified\":\"2024-12-08T14:02:02+00:00\",\"description\":\"Apr\u00e8n l'art de l'ebanisteria mentre construeixes un joier.\",\"breadcrumb\":{\"@id\":\"https:\/\/germanperaire.com\/ca\/producte\/curs-fes-un-joier\/#breadcrumb\"},\"inLanguage\":\"ca\",\"potentialAction\":[{\"@type\":\"ReadAction\",\"target\":[\"https:\/\/germanperaire.com\/ca\/producte\/curs-fes-un-joier\/\"]}]},{\"@type\":\"ImageObject\",\"inLanguage\":\"ca\",\"@id\":\"https:\/\/germanperaire.com\/ca\/producte\/curs-fes-un-joier\/#primaryimage\",\"url\":\"https:\/\/germanperaire.com\/wp-content\/uploads\/2023\/10\/Joier-1.jpg\",\"contentUrl\":\"https:\/\/germanperaire.com\/wp-content\/uploads\/2023\/10\/Joier-1.jpg\",\"width\":800,\"height\":800,\"caption\":\"Curso para aprender a construir un joyero de madera\"},{\"@type\":\"BreadcrumbList\",\"@id\":\"https:\/\/germanperaire.com\/ca\/producte\/curs-fes-un-joier\/#breadcrumb\",\"itemListElement\":[{\"@type\":\"ListItem\",\"position\":1,\"name\":\"Portada\",\"item\":\"https:\/\/germanperaire.com\/ca\/\"},{\"@type\":\"ListItem\",\"position\":2,\"name\":\"Productes\",\"item\":\"https:\/\/germanperaire.com\/ca\/shop\/\"},{\"@type\":\"ListItem\",\"position\":3,\"name\":\"Curs Fes un joier\"}]},{\"@type\":\"WebSite\",\"@id\":\"https:\/\/germanperaire.com\/#website\",\"url\":\"https:\/\/germanperaire.com\/\",\"name\":\"Germ\u00e1n Peraire - Ebanister\u00eda de Autor\",\"description\":\"Construcci\u00f3 de mobles de fusta massissa. Faig dissenys propis i enc\u00e0rrecs a mida.\",\"publisher\":{\"@id\":\"https:\/\/germanperaire.com\/#organization\"},\"alternateName\":\"Germ\u00e1n Peraire - Ebanister\u00eda de Autor\",\"potentialAction\":[{\"@type\":\"SearchAction\",\"target\":{\"@type\":\"EntryPoint\",\"urlTemplate\":\"https:\/\/germanperaire.com\/?s={search_term_string}\"},\"query-input\":{\"@type\":\"PropertyValueSpecification\",\"valueRequired\":true,\"valueName\":\"search_term_string\"}}],\"inLanguage\":\"ca\"},{\"@type\":\"Organization\",\"@id\":\"https:\/\/germanperaire.com\/#organization\",\"name\":\"Germ\u00e1n Peraire - Ebanister\u00eda de Autor\",\"alternateName\":\"Germ\u00e1n Peraire - Ebanister\u00eda de Autor\",\"url\":\"https:\/\/germanperaire.com\/\",\"logo\":{\"@type\":\"ImageObject\",\"inLanguage\":\"ca\",\"@id\":\"https:\/\/germanperaire.com\/#\/schema\/logo\/image\/\",\"url\":\"https:\/\/germanperaire.com\/wp-content\/uploads\/2021\/06\/logo-header.png\",\"contentUrl\":\"https:\/\/germanperaire.com\/wp-content\/uploads\/2021\/06\/logo-header.png\",\"width\":220,\"height\":42,\"caption\":\"Germ\u00e1n Peraire - Ebanister\u00eda de Autor\"},\"image\":{\"@id\":\"https:\/\/germanperaire.com\/#\/schema\/logo\/image\/\"},\"sameAs\":[\"https:\/\/instagram.com\/germanperaire\"]}]}<\/script>\n<!-- \/ Yoast SEO plugin. -->","yoast_head_json":{"title":"Curs Fes un joier - Germ\u00e1n Peraire","description":"Apr\u00e8n l'art de l'ebanisteria mentre construeixes un joier.","robots":{"index":"index","follow":"follow","max-snippet":"max-snippet:-1","max-image-preview":"max-image-preview:large","max-video-preview":"max-video-preview:-1"},"canonical":"https:\/\/germanperaire.com\/ca\/producte\/curs-fes-un-joier\/","og_locale":"ca_ES","og_type":"article","og_title":"Curs Fes un joier - Germ\u00e1n Peraire","og_description":"Apr\u00e8n l'art de l'ebanisteria mentre construeixes un joier.","og_url":"https:\/\/germanperaire.com\/ca\/producte\/curs-fes-un-joier\/","og_site_name":"Germ\u00e1n Peraire","article_modified_time":"2024-12-08T14:02:02+00:00","og_image":[{"width":800,"height":800,"url":"https:\/\/germanperaire.com\/wp-content\/uploads\/2023\/10\/Joier-1.jpg","type":"image\/jpeg"}],"twitter_card":"summary_large_image","twitter_misc":{"Temps estimat de lectura":"2 minuts"},"schema":{"@context":"https:\/\/schema.org","@graph":[{"@type":"WebPage","@id":"https:\/\/germanperaire.com\/ca\/producte\/curs-fes-un-joier\/","url":"https:\/\/germanperaire.com\/ca\/producte\/curs-fes-un-joier\/","name":"Curs Fes un joier - Germ\u00e1n Peraire","isPartOf":{"@id":"https:\/\/germanperaire.com\/#website"},"primaryImageOfPage":{"@id":"https:\/\/germanperaire.com\/ca\/producte\/curs-fes-un-joier\/#primaryimage"},"image":{"@id":"https:\/\/germanperaire.com\/ca\/producte\/curs-fes-un-joier\/#primaryimage"},"thumbnailUrl":"https:\/\/germanperaire.com\/wp-content\/uploads\/2023\/10\/Joier-1.jpg","datePublished":"2023-10-03T11:09:05+00:00","dateModified":"2024-12-08T14:02:02+00:00","description":"Apr\u00e8n l'art de l'ebanisteria mentre construeixes un joier.","breadcrumb":{"@id":"https:\/\/germanperaire.com\/ca\/producte\/curs-fes-un-joier\/#breadcrumb"},"inLanguage":"ca","potentialAction":[{"@type":"ReadAction","target":["https:\/\/germanperaire.com\/ca\/producte\/curs-fes-un-joier\/"]}]},{"@type":"ImageObject","inLanguage":"ca","@id":"https:\/\/germanperaire.com\/ca\/producte\/curs-fes-un-joier\/#primaryimage","url":"https:\/\/germanperaire.com\/wp-content\/uploads\/2023\/10\/Joier-1.jpg","contentUrl":"https:\/\/germanperaire.com\/wp-content\/uploads\/2023\/10\/Joier-1.jpg","width":800,"height":800,"caption":"Curso para aprender a construir un joyero de madera"},{"@type":"BreadcrumbList","@id":"https:\/\/germanperaire.com\/ca\/producte\/curs-fes-un-joier\/#breadcrumb","itemListElement":[{"@type":"ListItem","position":1,"name":"Portada","item":"https:\/\/germanperaire.com\/ca\/"},{"@type":"ListItem","position":2,"name":"Productes","item":"https:\/\/germanperaire.com\/ca\/shop\/"},{"@type":"ListItem","position":3,"name":"Curs Fes un joier"}]},{"@type":"WebSite","@id":"https:\/\/germanperaire.com\/#website","url":"https:\/\/germanperaire.com\/","name":"Germ\u00e1n Peraire - Ebanister\u00eda de Autor","description":"Construcci\u00f3 de mobles de fusta massissa. Faig dissenys propis i enc\u00e0rrecs a mida.","publisher":{"@id":"https:\/\/germanperaire.com\/#organization"},"alternateName":"Germ\u00e1n Peraire - Ebanister\u00eda de Autor","potentialAction":[{"@type":"SearchAction","target":{"@type":"EntryPoint","urlTemplate":"https:\/\/germanperaire.com\/?s={search_term_string}"},"query-input":{"@type":"PropertyValueSpecification","valueRequired":true,"valueName":"search_term_string"}}],"inLanguage":"ca"},{"@type":"Organization","@id":"https:\/\/germanperaire.com\/#organization","name":"Germ\u00e1n Peraire - Ebanister\u00eda de Autor","alternateName":"Germ\u00e1n Peraire - Ebanister\u00eda de Autor","url":"https:\/\/germanperaire.com\/","logo":{"@type":"ImageObject","inLanguage":"ca","@id":"https:\/\/germanperaire.com\/#\/schema\/logo\/image\/","url":"https:\/\/germanperaire.com\/wp-content\/uploads\/2021\/06\/logo-header.png","contentUrl":"https:\/\/germanperaire.com\/wp-content\/uploads\/2021\/06\/logo-header.png","width":220,"height":42,"caption":"Germ\u00e1n Peraire - Ebanister\u00eda de Autor"},"image":{"@id":"https:\/\/germanperaire.com\/#\/schema\/logo\/image\/"},"sameAs":["https:\/\/instagram.com\/germanperaire"]}]}},"_links":{"self":[{"href":"https:\/\/germanperaire.com\/ca\/wp-json\/wp\/v2\/product\/77550","targetHints":{"allow":["GET"]}}],"collection":[{"href":"https:\/\/germanperaire.com\/ca\/wp-json\/wp\/v2\/product"}],"about":[{"href":"https:\/\/germanperaire.com\/ca\/wp-json\/wp\/v2\/types\/product"}],"wp:featuredmedia":[{"embeddable":true,"href":"https:\/\/germanperaire.com\/ca\/wp-json\/wp\/v2\/media\/77075"}],"wp:attachment":[{"href":"https:\/\/germanperaire.com\/ca\/wp-json\/wp\/v2\/media?parent=77550"}],"wp:term":[{"taxonomy":"product_brand","embeddable":true,"href":"https:\/\/germanperaire.com\/ca\/wp-json\/wp\/v2\/product_brand?post=77550"},{"taxonomy":"product_cat","embeddable":true,"href":"https:\/\/germanperaire.com\/ca\/wp-json\/wp\/v2\/product_cat?post=77550"},{"taxonomy":"product_tag","embeddable":true,"href":"https:\/\/germanperaire.com\/ca\/wp-json\/wp\/v2\/product_tag?post=77550"}],"curies":[{"name":"wp","href":"https:\/\/api.w.org\/{rel}","templated":true}]}}