{"id":77534,"date":"2023-10-04T08:33:26","date_gmt":"2023-10-04T06:33:26","guid":{"rendered":"https:\/\/germanperaire.com\/product\/curso-de-ebanisteria-nivel-2\/"},"modified":"2025-12-04T11:10:46","modified_gmt":"2025-12-04T10:10:46","slug":"curs-ebenisteria-nivell-2","status":"publish","type":"product","link":"https:\/\/germanperaire.com\/ca\/producte\/curs-ebenisteria-nivell-2\/","title":{"rendered":"Curs d&#8217;ebenisteria Nivell 2"},"content":{"rendered":"<p><iframe title=\"YouTube video player\" src=\"https:\/\/www.youtube.com\/embed\/CSktEvVhin8?si=VnZhj0xiiu5h-jDj\" width=\"560\" height=\"315\" frameborder=\"0\" allowfullscreen=\"allowfullscreen\"><\/iframe><\/p>\n<p>&nbsp;<\/p>\n<p><strong>CONTINGUTS<\/strong><br \/>\n&#8211; Estructures de carcassa plana. M\u00e8tode amb cudornelles, clavilles, domino, cudornella lliscant.<br \/>\n&#8211; Construcci\u00f3 i instal\u00b7laci\u00f3 de portes. Estructures en bastigi i plaf\u00f3.<br \/>\n&#8211; Construcci\u00f3 i instal\u00b7laci\u00f3 de calaixos. M\u00e8tode tradicional i m\u00e8tode angl\u00e8s.<br \/>\n&#8211; Construcci\u00f3 i instal\u00b7laci\u00f3 de fons. Quatre m\u00e8todes.<\/p>\n<p><strong>CONVOCAT\u00d2RIA VINENT &#8211; Primavera 2026<\/strong><\/p>\n<p>18-19\/04\/2026<\/p>\n<p>25-26\/04\/2026<\/p>\n<p>2-3\/05\/2026<\/p>\n<p>16-17\/05\/2026<\/p>\n<p>30-31\/05\/2026<\/p>\n<p>06-07\/06\/2026<\/p>\n<p>20-21\/06\/2026<\/p>\n<p>&nbsp;<\/p>\n<p><strong>HORARI<\/strong><br \/>\nDe 10:00 a 17:30<\/p>\n<p><strong>REQUISITS<\/strong><br \/>\nHaver cursat el Nivell 1 o b\u00e9 experi\u00e8ncia en t\u00e8cniques de ribot, esmolat, \u00fas del xerrac i de l&#8217;enformador, cudornelles, trau i metxa.<\/p>\n<p><strong>INFORMACI\u00d3 SOBRE LA RESERVA:<\/strong><br \/>\n\u2022 La reserva s&#8217;efect\u00faa en fer la compra del curs, b\u00e9 en un \u00fanic pagament o amb una bestreta del 50%. Aquest pagament no \u00e9s reemborsable: en cas que no puguis atendre al curs, la teva pla\u00e7a ser\u00e0 traslladada a la pr\u00f2xima edici\u00f3 a la tardor o a altres cursos de la teva tria. En efectuar la reserva, accepto les condicions aqu\u00ed descrites.\u2022 Efectuarem el pagament pel 50% restant com a m\u00ednim 30 dies abans de l&#8217;inici del curs. Si no compleixes aquest termini, la teva reserva quedar\u00e0 autom\u00e0ticament posposada per a la seg\u00fcent convocat\u00f2ria.<\/p>\n<p>\u2022 Tinc l&#8217;obligaci\u00f3 de demanar-te les teves dades (Nom, adre\u00e7a i NIF) per a la finalitat exclusiva de facturaci\u00f3. Les teves dades romandran confidencials i protegides per la normativa estatal i europea.<br \/>\nPots consultar la pol\u00edtica de privacitat a la meva web.<\/p>\n<p>\u2022 Si ets client professional cal que m&#8217;ho esmentis abans del pagament per poder facturar amb la retenci\u00f3 pertinent d&#8217;IRPF.<\/p>\n<p>\u2022 Si deixes la teva pla\u00e7a deserta sense avisar pr\u00e8viament, no podr\u00e0s recuperar les hores perdudes ni l&#8217;import del curs.<\/p>\n<p>\u2022 Els dies perduts per no assist\u00e8ncia no podran ser recuperats.<\/p>\n","protected":false},"excerpt":{"rendered":"<p>Un cop hem apr\u00e8s les t\u00e8cniques b\u00e0siques del Nivell 1, el seg\u00fcent pas \u00e9s aprendre les <strong>solucions constructives<\/strong> en fabricaci\u00f3 de mobiliari. Durant aquest curs no nom\u00e9s <strong>construirem un armari de paret<\/strong>, sin\u00f3 que veurem diversos m\u00e8todes alternatius perqu\u00e8 en el futur tinguis un bon repertori de solucions constructives que et permeti fabricar tota mena de mobiliari.<\/p>\n<p>Aquest curs consta de 84 hores lectives repartides en <strong>7 caps de setmana<\/strong> (el darrer cap de setmana \u00e9s opcional).<\/p>\n<p>La fusta que escollim varia a cada convocat\u00f2ria. Sempre es tracta de varietats frondoses de primera qualitat.<\/p>\n","protected":false},"featured_media":77536,"template":"","meta":[],"product_brand":[],"product_cat":[140],"product_tag":[],"class_list":{"0":"post-77534","1":"product","2":"type-product","3":"status-publish","4":"has-post-thumbnail","6":"product_cat-formacio-cursos-presencials","8":"first","9":"outofstock","10":"taxable","11":"shipping-taxable","12":"purchasable","13":"product-type-variable","14":"litho-product-5col"},"yoast_head":"<!-- This site is optimized with the Yoast SEO plugin v26.6 - https:\/\/yoast.com\/wordpress\/plugins\/seo\/ -->\n<title>Curs d&#039;ebenisteria Nivell 2 - Germ\u00e1n Peraire<\/title>\n<meta name=\"description\" content=\"Si has fet el curs d&#039;ebenisteria de nivell 1, aquest m\u00e9s avan\u00e7at \u00e9s ideal per refor\u00e7ar all\u00f2 apr\u00e8s i aprofundir m\u00e9s en aquest art.\" \/>\n<meta name=\"robots\" content=\"index, follow, max-snippet:-1, max-image-preview:large, max-video-preview:-1\" \/>\n<link rel=\"canonical\" href=\"https:\/\/germanperaire.com\/ca\/producte\/curs-ebenisteria-nivell-2\/\" \/>\n<meta property=\"og:locale\" content=\"ca_ES\" \/>\n<meta property=\"og:type\" content=\"article\" \/>\n<meta property=\"og:title\" content=\"Curs d&#039;ebenisteria Nivell 2 - Germ\u00e1n Peraire\" \/>\n<meta property=\"og:description\" content=\"Si has fet el curs d&#039;ebenisteria de nivell 1, aquest m\u00e9s avan\u00e7at \u00e9s ideal per refor\u00e7ar all\u00f2 apr\u00e8s i aprofundir m\u00e9s en aquest art.\" \/>\n<meta property=\"og:url\" content=\"https:\/\/germanperaire.com\/ca\/producte\/curs-ebenisteria-nivell-2\/\" \/>\n<meta property=\"og:site_name\" content=\"Germ\u00e1n Peraire\" \/>\n<meta property=\"article:modified_time\" content=\"2025-12-04T10:10:46+00:00\" \/>\n<meta property=\"og:image\" content=\"https:\/\/germanperaire.com\/wp-content\/uploads\/2023\/10\/N2-1bo.jpg\" \/>\n\t<meta property=\"og:image:width\" content=\"800\" \/>\n\t<meta property=\"og:image:height\" content=\"800\" \/>\n\t<meta property=\"og:image:type\" content=\"image\/jpeg\" \/>\n<meta name=\"twitter:card\" content=\"summary_large_image\" \/>\n<meta name=\"twitter:label1\" content=\"Temps estimat de lectura\" \/>\n\t<meta name=\"twitter:data1\" content=\"2 minuts\" \/>\n<script type=\"application\/ld+json\" class=\"yoast-schema-graph\">{\"@context\":\"https:\/\/schema.org\",\"@graph\":[{\"@type\":\"WebPage\",\"@id\":\"https:\/\/germanperaire.com\/ca\/producte\/curs-ebenisteria-nivell-2\/\",\"url\":\"https:\/\/germanperaire.com\/ca\/producte\/curs-ebenisteria-nivell-2\/\",\"name\":\"Curs d'ebenisteria Nivell 2 - Germ\u00e1n Peraire\",\"isPartOf\":{\"@id\":\"https:\/\/germanperaire.com\/#website\"},\"primaryImageOfPage\":{\"@id\":\"https:\/\/germanperaire.com\/ca\/producte\/curs-ebenisteria-nivell-2\/#primaryimage\"},\"image\":{\"@id\":\"https:\/\/germanperaire.com\/ca\/producte\/curs-ebenisteria-nivell-2\/#primaryimage\"},\"thumbnailUrl\":\"https:\/\/germanperaire.com\/wp-content\/uploads\/2023\/10\/N2-1bo.jpg\",\"datePublished\":\"2023-10-04T06:33:26+00:00\",\"dateModified\":\"2025-12-04T10:10:46+00:00\",\"description\":\"Si has fet el curs d'ebenisteria de nivell 1, aquest m\u00e9s avan\u00e7at \u00e9s ideal per refor\u00e7ar all\u00f2 apr\u00e8s i aprofundir m\u00e9s en aquest art.\",\"breadcrumb\":{\"@id\":\"https:\/\/germanperaire.com\/ca\/producte\/curs-ebenisteria-nivell-2\/#breadcrumb\"},\"inLanguage\":\"ca\",\"potentialAction\":[{\"@type\":\"ReadAction\",\"target\":[\"https:\/\/germanperaire.com\/ca\/producte\/curs-ebenisteria-nivell-2\/\"]}]},{\"@type\":\"ImageObject\",\"inLanguage\":\"ca\",\"@id\":\"https:\/\/germanperaire.com\/ca\/producte\/curs-ebenisteria-nivell-2\/#primaryimage\",\"url\":\"https:\/\/germanperaire.com\/wp-content\/uploads\/2023\/10\/N2-1bo.jpg\",\"contentUrl\":\"https:\/\/germanperaire.com\/wp-content\/uploads\/2023\/10\/N2-1bo.jpg\",\"width\":800,\"height\":800},{\"@type\":\"BreadcrumbList\",\"@id\":\"https:\/\/germanperaire.com\/ca\/producte\/curs-ebenisteria-nivell-2\/#breadcrumb\",\"itemListElement\":[{\"@type\":\"ListItem\",\"position\":1,\"name\":\"Portada\",\"item\":\"https:\/\/germanperaire.com\/ca\/\"},{\"@type\":\"ListItem\",\"position\":2,\"name\":\"Productes\",\"item\":\"https:\/\/germanperaire.com\/ca\/shop\/\"},{\"@type\":\"ListItem\",\"position\":3,\"name\":\"Curs d&#8217;ebenisteria Nivell 2\"}]},{\"@type\":\"WebSite\",\"@id\":\"https:\/\/germanperaire.com\/#website\",\"url\":\"https:\/\/germanperaire.com\/\",\"name\":\"Germ\u00e1n Peraire - Ebanister\u00eda de Autor\",\"description\":\"Construcci\u00f3 de mobles de fusta massissa. Faig dissenys propis i enc\u00e0rrecs a mida.\",\"publisher\":{\"@id\":\"https:\/\/germanperaire.com\/#organization\"},\"alternateName\":\"Germ\u00e1n Peraire - Ebanister\u00eda de Autor\",\"potentialAction\":[{\"@type\":\"SearchAction\",\"target\":{\"@type\":\"EntryPoint\",\"urlTemplate\":\"https:\/\/germanperaire.com\/?s={search_term_string}\"},\"query-input\":{\"@type\":\"PropertyValueSpecification\",\"valueRequired\":true,\"valueName\":\"search_term_string\"}}],\"inLanguage\":\"ca\"},{\"@type\":\"Organization\",\"@id\":\"https:\/\/germanperaire.com\/#organization\",\"name\":\"Germ\u00e1n Peraire - Ebanister\u00eda de Autor\",\"alternateName\":\"Germ\u00e1n Peraire - Ebanister\u00eda de Autor\",\"url\":\"https:\/\/germanperaire.com\/\",\"logo\":{\"@type\":\"ImageObject\",\"inLanguage\":\"ca\",\"@id\":\"https:\/\/germanperaire.com\/#\/schema\/logo\/image\/\",\"url\":\"https:\/\/germanperaire.com\/wp-content\/uploads\/2021\/06\/logo-header.png\",\"contentUrl\":\"https:\/\/germanperaire.com\/wp-content\/uploads\/2021\/06\/logo-header.png\",\"width\":220,\"height\":42,\"caption\":\"Germ\u00e1n Peraire - Ebanister\u00eda de Autor\"},\"image\":{\"@id\":\"https:\/\/germanperaire.com\/#\/schema\/logo\/image\/\"},\"sameAs\":[\"https:\/\/instagram.com\/germanperaire\"]}]}<\/script>\n<!-- \/ Yoast SEO plugin. -->","yoast_head_json":{"title":"Curs d'ebenisteria Nivell 2 - Germ\u00e1n Peraire","description":"Si has fet el curs d'ebenisteria de nivell 1, aquest m\u00e9s avan\u00e7at \u00e9s ideal per refor\u00e7ar all\u00f2 apr\u00e8s i aprofundir m\u00e9s en aquest art.","robots":{"index":"index","follow":"follow","max-snippet":"max-snippet:-1","max-image-preview":"max-image-preview:large","max-video-preview":"max-video-preview:-1"},"canonical":"https:\/\/germanperaire.com\/ca\/producte\/curs-ebenisteria-nivell-2\/","og_locale":"ca_ES","og_type":"article","og_title":"Curs d'ebenisteria Nivell 2 - Germ\u00e1n Peraire","og_description":"Si has fet el curs d'ebenisteria de nivell 1, aquest m\u00e9s avan\u00e7at \u00e9s ideal per refor\u00e7ar all\u00f2 apr\u00e8s i aprofundir m\u00e9s en aquest art.","og_url":"https:\/\/germanperaire.com\/ca\/producte\/curs-ebenisteria-nivell-2\/","og_site_name":"Germ\u00e1n Peraire","article_modified_time":"2025-12-04T10:10:46+00:00","og_image":[{"width":800,"height":800,"url":"https:\/\/germanperaire.com\/wp-content\/uploads\/2023\/10\/N2-1bo.jpg","type":"image\/jpeg"}],"twitter_card":"summary_large_image","twitter_misc":{"Temps estimat de lectura":"2 minuts"},"schema":{"@context":"https:\/\/schema.org","@graph":[{"@type":"WebPage","@id":"https:\/\/germanperaire.com\/ca\/producte\/curs-ebenisteria-nivell-2\/","url":"https:\/\/germanperaire.com\/ca\/producte\/curs-ebenisteria-nivell-2\/","name":"Curs d'ebenisteria Nivell 2 - Germ\u00e1n Peraire","isPartOf":{"@id":"https:\/\/germanperaire.com\/#website"},"primaryImageOfPage":{"@id":"https:\/\/germanperaire.com\/ca\/producte\/curs-ebenisteria-nivell-2\/#primaryimage"},"image":{"@id":"https:\/\/germanperaire.com\/ca\/producte\/curs-ebenisteria-nivell-2\/#primaryimage"},"thumbnailUrl":"https:\/\/germanperaire.com\/wp-content\/uploads\/2023\/10\/N2-1bo.jpg","datePublished":"2023-10-04T06:33:26+00:00","dateModified":"2025-12-04T10:10:46+00:00","description":"Si has fet el curs d'ebenisteria de nivell 1, aquest m\u00e9s avan\u00e7at \u00e9s ideal per refor\u00e7ar all\u00f2 apr\u00e8s i aprofundir m\u00e9s en aquest art.","breadcrumb":{"@id":"https:\/\/germanperaire.com\/ca\/producte\/curs-ebenisteria-nivell-2\/#breadcrumb"},"inLanguage":"ca","potentialAction":[{"@type":"ReadAction","target":["https:\/\/germanperaire.com\/ca\/producte\/curs-ebenisteria-nivell-2\/"]}]},{"@type":"ImageObject","inLanguage":"ca","@id":"https:\/\/germanperaire.com\/ca\/producte\/curs-ebenisteria-nivell-2\/#primaryimage","url":"https:\/\/germanperaire.com\/wp-content\/uploads\/2023\/10\/N2-1bo.jpg","contentUrl":"https:\/\/germanperaire.com\/wp-content\/uploads\/2023\/10\/N2-1bo.jpg","width":800,"height":800},{"@type":"BreadcrumbList","@id":"https:\/\/germanperaire.com\/ca\/producte\/curs-ebenisteria-nivell-2\/#breadcrumb","itemListElement":[{"@type":"ListItem","position":1,"name":"Portada","item":"https:\/\/germanperaire.com\/ca\/"},{"@type":"ListItem","position":2,"name":"Productes","item":"https:\/\/germanperaire.com\/ca\/shop\/"},{"@type":"ListItem","position":3,"name":"Curs d&#8217;ebenisteria Nivell 2"}]},{"@type":"WebSite","@id":"https:\/\/germanperaire.com\/#website","url":"https:\/\/germanperaire.com\/","name":"Germ\u00e1n Peraire - Ebanister\u00eda de Autor","description":"Construcci\u00f3 de mobles de fusta massissa. Faig dissenys propis i enc\u00e0rrecs a mida.","publisher":{"@id":"https:\/\/germanperaire.com\/#organization"},"alternateName":"Germ\u00e1n Peraire - Ebanister\u00eda de Autor","potentialAction":[{"@type":"SearchAction","target":{"@type":"EntryPoint","urlTemplate":"https:\/\/germanperaire.com\/?s={search_term_string}"},"query-input":{"@type":"PropertyValueSpecification","valueRequired":true,"valueName":"search_term_string"}}],"inLanguage":"ca"},{"@type":"Organization","@id":"https:\/\/germanperaire.com\/#organization","name":"Germ\u00e1n Peraire - Ebanister\u00eda de Autor","alternateName":"Germ\u00e1n Peraire - Ebanister\u00eda de Autor","url":"https:\/\/germanperaire.com\/","logo":{"@type":"ImageObject","inLanguage":"ca","@id":"https:\/\/germanperaire.com\/#\/schema\/logo\/image\/","url":"https:\/\/germanperaire.com\/wp-content\/uploads\/2021\/06\/logo-header.png","contentUrl":"https:\/\/germanperaire.com\/wp-content\/uploads\/2021\/06\/logo-header.png","width":220,"height":42,"caption":"Germ\u00e1n Peraire - Ebanister\u00eda de Autor"},"image":{"@id":"https:\/\/germanperaire.com\/#\/schema\/logo\/image\/"},"sameAs":["https:\/\/instagram.com\/germanperaire"]}]}},"_links":{"self":[{"href":"https:\/\/germanperaire.com\/ca\/wp-json\/wp\/v2\/product\/77534","targetHints":{"allow":["GET"]}}],"collection":[{"href":"https:\/\/germanperaire.com\/ca\/wp-json\/wp\/v2\/product"}],"about":[{"href":"https:\/\/germanperaire.com\/ca\/wp-json\/wp\/v2\/types\/product"}],"wp:featuredmedia":[{"embeddable":true,"href":"https:\/\/germanperaire.com\/ca\/wp-json\/wp\/v2\/media\/77536"}],"wp:attachment":[{"href":"https:\/\/germanperaire.com\/ca\/wp-json\/wp\/v2\/media?parent=77534"}],"wp:term":[{"taxonomy":"product_brand","embeddable":true,"href":"https:\/\/germanperaire.com\/ca\/wp-json\/wp\/v2\/product_brand?post=77534"},{"taxonomy":"product_cat","embeddable":true,"href":"https:\/\/germanperaire.com\/ca\/wp-json\/wp\/v2\/product_cat?post=77534"},{"taxonomy":"product_tag","embeddable":true,"href":"https:\/\/germanperaire.com\/ca\/wp-json\/wp\/v2\/product_tag?post=77534"}],"curies":[{"name":"wp","href":"https:\/\/api.w.org\/{rel}","templated":true}]}}