{"id":77510,"date":"2023-10-04T09:24:15","date_gmt":"2023-10-04T07:24:15","guid":{"rendered":"https:\/\/germanperaire.com\/product\/laia\/"},"modified":"2023-10-25T10:37:18","modified_gmt":"2023-10-25T08:37:18","slug":"laia","status":"publish","type":"product","link":"https:\/\/germanperaire.com\/ca\/producte\/laia\/","title":{"rendered":"Laia"},"content":{"rendered":"","protected":false},"excerpt":{"rendered":"<p>Aquestes cadires d&#8217;estil Windsor estan constru\u00efdes en roure d&#8217;or\u00edgen sostenible, serrat i assecat a la pr\u00f2pia serradora de Germ\u00e1n Peraire. El seient ergon\u00f2mic est\u00e0 esculpit a m\u00e0 i el suport est\u00e0 corbat al vapor per obtenir una forma agradable i una postura sana. Pots encarregar la teva cadira a mida en cas que tinguis necessitats espec\u00edfiques. Disponible en freixe sobre comanda.<\/p>\n","protected":false},"featured_media":79796,"template":"","meta":[],"product_brand":[],"product_cat":[124,125],"product_tag":[132],"class_list":{"0":"post-77510","1":"product","2":"type-product","3":"status-publish","4":"has-post-thumbnail","6":"product_cat-colleccio","7":"product_cat-mobiliari","8":"product_tag-seients","10":"first","11":"onbackorder","12":"taxable","13":"shipping-taxable","14":"purchasable","15":"product-type-simple","16":"litho-product-5col"},"yoast_head":"<!-- This site is optimized with the Yoast SEO plugin v26.6 - https:\/\/yoast.com\/wordpress\/plugins\/seo\/ -->\n<title>Cadira estil Windsor Laia - Germ\u00e1n Peraire<\/title>\n<meta name=\"description\" content=\"Cadires d&#039;estil Windsor constru\u00efdes a m\u00e0 amb fusta de roure d&#039;origen sostenible. En cas de tenir necessitats espec\u00edfiques, demana la cadira a mida.\" \/>\n<meta name=\"robots\" content=\"index, follow, max-snippet:-1, max-image-preview:large, max-video-preview:-1\" \/>\n<link rel=\"canonical\" href=\"https:\/\/germanperaire.com\/ca\/producte\/laia\/\" \/>\n<meta property=\"og:locale\" content=\"ca_ES\" \/>\n<meta property=\"og:type\" content=\"article\" \/>\n<meta property=\"og:title\" content=\"Cadira estil Windsor Laia - Germ\u00e1n Peraire\" \/>\n<meta property=\"og:description\" content=\"Cadires d&#039;estil Windsor constru\u00efdes a m\u00e0 amb fusta de roure d&#039;origen sostenible. En cas de tenir necessitats espec\u00edfiques, demana la cadira a mida.\" \/>\n<meta property=\"og:url\" content=\"https:\/\/germanperaire.com\/ca\/producte\/laia\/\" \/>\n<meta property=\"og:site_name\" content=\"Germ\u00e1n Peraire\" \/>\n<meta property=\"article:modified_time\" content=\"2023-10-25T08:37:18+00:00\" \/>\n<meta property=\"og:image\" content=\"https:\/\/germanperaire.com\/wp-content\/uploads\/2023\/10\/2024-09-06_fusta4684-1024x683.jpg\" \/>\n\t<meta property=\"og:image:width\" content=\"1024\" \/>\n\t<meta property=\"og:image:height\" content=\"683\" \/>\n\t<meta property=\"og:image:type\" content=\"image\/jpeg\" \/>\n<meta name=\"twitter:card\" content=\"summary_large_image\" \/>\n<script type=\"application\/ld+json\" class=\"yoast-schema-graph\">{\"@context\":\"https:\/\/schema.org\",\"@graph\":[{\"@type\":\"WebPage\",\"@id\":\"https:\/\/germanperaire.com\/ca\/producte\/laia\/\",\"url\":\"https:\/\/germanperaire.com\/ca\/producte\/laia\/\",\"name\":\"Cadira estil Windsor Laia - Germ\u00e1n Peraire\",\"isPartOf\":{\"@id\":\"https:\/\/germanperaire.com\/#website\"},\"primaryImageOfPage\":{\"@id\":\"https:\/\/germanperaire.com\/ca\/producte\/laia\/#primaryimage\"},\"image\":{\"@id\":\"https:\/\/germanperaire.com\/ca\/producte\/laia\/#primaryimage\"},\"thumbnailUrl\":\"https:\/\/germanperaire.com\/wp-content\/uploads\/2023\/10\/2024-09-06_fusta4684.jpg\",\"datePublished\":\"2023-10-04T07:24:15+00:00\",\"dateModified\":\"2023-10-25T08:37:18+00:00\",\"description\":\"Cadires d'estil Windsor constru\u00efdes a m\u00e0 amb fusta de roure d'origen sostenible. En cas de tenir necessitats espec\u00edfiques, demana la cadira a mida.\",\"breadcrumb\":{\"@id\":\"https:\/\/germanperaire.com\/ca\/producte\/laia\/#breadcrumb\"},\"inLanguage\":\"ca\",\"potentialAction\":[{\"@type\":\"ReadAction\",\"target\":[\"https:\/\/germanperaire.com\/ca\/producte\/laia\/\"]}]},{\"@type\":\"ImageObject\",\"inLanguage\":\"ca\",\"@id\":\"https:\/\/germanperaire.com\/ca\/producte\/laia\/#primaryimage\",\"url\":\"https:\/\/germanperaire.com\/wp-content\/uploads\/2023\/10\/2024-09-06_fusta4684.jpg\",\"contentUrl\":\"https:\/\/germanperaire.com\/wp-content\/uploads\/2023\/10\/2024-09-06_fusta4684.jpg\",\"width\":2500,\"height\":1667},{\"@type\":\"BreadcrumbList\",\"@id\":\"https:\/\/germanperaire.com\/ca\/producte\/laia\/#breadcrumb\",\"itemListElement\":[{\"@type\":\"ListItem\",\"position\":1,\"name\":\"Portada\",\"item\":\"https:\/\/germanperaire.com\/ca\/\"},{\"@type\":\"ListItem\",\"position\":2,\"name\":\"Productes\",\"item\":\"https:\/\/germanperaire.com\/ca\/shop\/\"},{\"@type\":\"ListItem\",\"position\":3,\"name\":\"Laia\"}]},{\"@type\":\"WebSite\",\"@id\":\"https:\/\/germanperaire.com\/#website\",\"url\":\"https:\/\/germanperaire.com\/\",\"name\":\"Germ\u00e1n Peraire - Ebanister\u00eda de Autor\",\"description\":\"Construcci\u00f3 de mobles de fusta massissa. Faig dissenys propis i enc\u00e0rrecs a mida.\",\"publisher\":{\"@id\":\"https:\/\/germanperaire.com\/#organization\"},\"alternateName\":\"Germ\u00e1n Peraire - Ebanister\u00eda de Autor\",\"potentialAction\":[{\"@type\":\"SearchAction\",\"target\":{\"@type\":\"EntryPoint\",\"urlTemplate\":\"https:\/\/germanperaire.com\/?s={search_term_string}\"},\"query-input\":{\"@type\":\"PropertyValueSpecification\",\"valueRequired\":true,\"valueName\":\"search_term_string\"}}],\"inLanguage\":\"ca\"},{\"@type\":\"Organization\",\"@id\":\"https:\/\/germanperaire.com\/#organization\",\"name\":\"Germ\u00e1n Peraire - Ebanister\u00eda de Autor\",\"alternateName\":\"Germ\u00e1n Peraire - Ebanister\u00eda de Autor\",\"url\":\"https:\/\/germanperaire.com\/\",\"logo\":{\"@type\":\"ImageObject\",\"inLanguage\":\"ca\",\"@id\":\"https:\/\/germanperaire.com\/#\/schema\/logo\/image\/\",\"url\":\"https:\/\/germanperaire.com\/wp-content\/uploads\/2021\/06\/logo-header.png\",\"contentUrl\":\"https:\/\/germanperaire.com\/wp-content\/uploads\/2021\/06\/logo-header.png\",\"width\":220,\"height\":42,\"caption\":\"Germ\u00e1n Peraire - Ebanister\u00eda de Autor\"},\"image\":{\"@id\":\"https:\/\/germanperaire.com\/#\/schema\/logo\/image\/\"},\"sameAs\":[\"https:\/\/instagram.com\/germanperaire\"]}]}<\/script>\n<!-- \/ Yoast SEO plugin. -->","yoast_head_json":{"title":"Cadira estil Windsor Laia - Germ\u00e1n Peraire","description":"Cadires d'estil Windsor constru\u00efdes a m\u00e0 amb fusta de roure d'origen sostenible. En cas de tenir necessitats espec\u00edfiques, demana la cadira a mida.","robots":{"index":"index","follow":"follow","max-snippet":"max-snippet:-1","max-image-preview":"max-image-preview:large","max-video-preview":"max-video-preview:-1"},"canonical":"https:\/\/germanperaire.com\/ca\/producte\/laia\/","og_locale":"ca_ES","og_type":"article","og_title":"Cadira estil Windsor Laia - Germ\u00e1n Peraire","og_description":"Cadires d'estil Windsor constru\u00efdes a m\u00e0 amb fusta de roure d'origen sostenible. En cas de tenir necessitats espec\u00edfiques, demana la cadira a mida.","og_url":"https:\/\/germanperaire.com\/ca\/producte\/laia\/","og_site_name":"Germ\u00e1n Peraire","article_modified_time":"2023-10-25T08:37:18+00:00","og_image":[{"width":1024,"height":683,"url":"https:\/\/germanperaire.com\/wp-content\/uploads\/2023\/10\/2024-09-06_fusta4684-1024x683.jpg","type":"image\/jpeg"}],"twitter_card":"summary_large_image","schema":{"@context":"https:\/\/schema.org","@graph":[{"@type":"WebPage","@id":"https:\/\/germanperaire.com\/ca\/producte\/laia\/","url":"https:\/\/germanperaire.com\/ca\/producte\/laia\/","name":"Cadira estil Windsor Laia - Germ\u00e1n Peraire","isPartOf":{"@id":"https:\/\/germanperaire.com\/#website"},"primaryImageOfPage":{"@id":"https:\/\/germanperaire.com\/ca\/producte\/laia\/#primaryimage"},"image":{"@id":"https:\/\/germanperaire.com\/ca\/producte\/laia\/#primaryimage"},"thumbnailUrl":"https:\/\/germanperaire.com\/wp-content\/uploads\/2023\/10\/2024-09-06_fusta4684.jpg","datePublished":"2023-10-04T07:24:15+00:00","dateModified":"2023-10-25T08:37:18+00:00","description":"Cadires d'estil Windsor constru\u00efdes a m\u00e0 amb fusta de roure d'origen sostenible. En cas de tenir necessitats espec\u00edfiques, demana la cadira a mida.","breadcrumb":{"@id":"https:\/\/germanperaire.com\/ca\/producte\/laia\/#breadcrumb"},"inLanguage":"ca","potentialAction":[{"@type":"ReadAction","target":["https:\/\/germanperaire.com\/ca\/producte\/laia\/"]}]},{"@type":"ImageObject","inLanguage":"ca","@id":"https:\/\/germanperaire.com\/ca\/producte\/laia\/#primaryimage","url":"https:\/\/germanperaire.com\/wp-content\/uploads\/2023\/10\/2024-09-06_fusta4684.jpg","contentUrl":"https:\/\/germanperaire.com\/wp-content\/uploads\/2023\/10\/2024-09-06_fusta4684.jpg","width":2500,"height":1667},{"@type":"BreadcrumbList","@id":"https:\/\/germanperaire.com\/ca\/producte\/laia\/#breadcrumb","itemListElement":[{"@type":"ListItem","position":1,"name":"Portada","item":"https:\/\/germanperaire.com\/ca\/"},{"@type":"ListItem","position":2,"name":"Productes","item":"https:\/\/germanperaire.com\/ca\/shop\/"},{"@type":"ListItem","position":3,"name":"Laia"}]},{"@type":"WebSite","@id":"https:\/\/germanperaire.com\/#website","url":"https:\/\/germanperaire.com\/","name":"Germ\u00e1n Peraire - Ebanister\u00eda de Autor","description":"Construcci\u00f3 de mobles de fusta massissa. Faig dissenys propis i enc\u00e0rrecs a mida.","publisher":{"@id":"https:\/\/germanperaire.com\/#organization"},"alternateName":"Germ\u00e1n Peraire - Ebanister\u00eda de Autor","potentialAction":[{"@type":"SearchAction","target":{"@type":"EntryPoint","urlTemplate":"https:\/\/germanperaire.com\/?s={search_term_string}"},"query-input":{"@type":"PropertyValueSpecification","valueRequired":true,"valueName":"search_term_string"}}],"inLanguage":"ca"},{"@type":"Organization","@id":"https:\/\/germanperaire.com\/#organization","name":"Germ\u00e1n Peraire - Ebanister\u00eda de Autor","alternateName":"Germ\u00e1n Peraire - Ebanister\u00eda de Autor","url":"https:\/\/germanperaire.com\/","logo":{"@type":"ImageObject","inLanguage":"ca","@id":"https:\/\/germanperaire.com\/#\/schema\/logo\/image\/","url":"https:\/\/germanperaire.com\/wp-content\/uploads\/2021\/06\/logo-header.png","contentUrl":"https:\/\/germanperaire.com\/wp-content\/uploads\/2021\/06\/logo-header.png","width":220,"height":42,"caption":"Germ\u00e1n Peraire - Ebanister\u00eda de Autor"},"image":{"@id":"https:\/\/germanperaire.com\/#\/schema\/logo\/image\/"},"sameAs":["https:\/\/instagram.com\/germanperaire"]}]}},"_links":{"self":[{"href":"https:\/\/germanperaire.com\/ca\/wp-json\/wp\/v2\/product\/77510","targetHints":{"allow":["GET"]}}],"collection":[{"href":"https:\/\/germanperaire.com\/ca\/wp-json\/wp\/v2\/product"}],"about":[{"href":"https:\/\/germanperaire.com\/ca\/wp-json\/wp\/v2\/types\/product"}],"wp:featuredmedia":[{"embeddable":true,"href":"https:\/\/germanperaire.com\/ca\/wp-json\/wp\/v2\/media\/79796"}],"wp:attachment":[{"href":"https:\/\/germanperaire.com\/ca\/wp-json\/wp\/v2\/media?parent=77510"}],"wp:term":[{"taxonomy":"product_brand","embeddable":true,"href":"https:\/\/germanperaire.com\/ca\/wp-json\/wp\/v2\/product_brand?post=77510"},{"taxonomy":"product_cat","embeddable":true,"href":"https:\/\/germanperaire.com\/ca\/wp-json\/wp\/v2\/product_cat?post=77510"},{"taxonomy":"product_tag","embeddable":true,"href":"https:\/\/germanperaire.com\/ca\/wp-json\/wp\/v2\/product_tag?post=77510"}],"curies":[{"name":"wp","href":"https:\/\/api.w.org\/{rel}","templated":true}]}}