{"id":77498,"date":"2023-10-04T09:34:15","date_gmt":"2023-10-04T07:34:15","guid":{"rendered":"https:\/\/germanperaire.com\/product\/romani\/"},"modified":"2023-10-25T10:27:55","modified_gmt":"2023-10-25T08:27:55","slug":"romani","status":"publish","type":"product","link":"https:\/\/germanperaire.com\/ca\/producte\/romani\/","title":{"rendered":"Roman\u00ed"},"content":{"rendered":"","protected":false},"excerpt":{"rendered":"<p>Creada com a part d&#8217;un conjunt de dormitori, aquesta lleixa flotant es va dissenyar com una tauleta de nit, encara que pot complir altres funcions en espais diferents. Disposa d&#8217;un calaix susp\u00e8s. L&#8217;ancoratge a paret \u00e9s s\u00f2lid i f\u00e0cil d&#8217;instal\u00b7lar. Disponible en altres fustes sobre comanda.<\/p>\n","protected":false},"featured_media":77499,"template":"","meta":[],"product_brand":[],"product_cat":[124,125],"product_tag":[130],"class_list":{"0":"post-77498","1":"product","2":"type-product","3":"status-publish","4":"has-post-thumbnail","6":"product_cat-colleccio","7":"product_cat-mobiliari","8":"product_tag-prestatgeries","10":"first","11":"onbackorder","12":"taxable","13":"shipping-taxable","14":"purchasable","15":"product-type-simple","16":"litho-product-5col"},"yoast_head":"<!-- This site is optimized with the Yoast SEO plugin v26.6 - https:\/\/yoast.com\/wordpress\/plugins\/seo\/ -->\n<title>Lleixa flotant Roman\u00ed - Germ\u00e1n Peraire<\/title>\n<meta name=\"description\" content=\"Lleixa constru\u00efda a m\u00e0 amb fusta massissa i dissenyada para utilitzar-la com a tauleta de nit, tot i que la pots utilizar per altres funcions.\" \/>\n<meta name=\"robots\" content=\"index, follow, max-snippet:-1, max-image-preview:large, max-video-preview:-1\" \/>\n<link rel=\"canonical\" href=\"https:\/\/germanperaire.com\/ca\/producte\/romani\/\" \/>\n<meta property=\"og:locale\" content=\"ca_ES\" \/>\n<meta property=\"og:type\" content=\"article\" \/>\n<meta property=\"og:title\" content=\"Lleixa flotant Roman\u00ed - Germ\u00e1n Peraire\" \/>\n<meta property=\"og:description\" content=\"Lleixa constru\u00efda a m\u00e0 amb fusta massissa i dissenyada para utilitzar-la com a tauleta de nit, tot i que la pots utilizar per altres funcions.\" \/>\n<meta property=\"og:url\" content=\"https:\/\/germanperaire.com\/ca\/producte\/romani\/\" \/>\n<meta property=\"og:site_name\" content=\"Germ\u00e1n Peraire\" \/>\n<meta property=\"article:modified_time\" content=\"2023-10-25T08:27:55+00:00\" \/>\n<meta property=\"og:image\" content=\"https:\/\/germanperaire.com\/wp-content\/uploads\/2023\/10\/ROMANI-1.jpg\" \/>\n\t<meta property=\"og:image:width\" content=\"1200\" \/>\n\t<meta property=\"og:image:height\" content=\"804\" \/>\n\t<meta property=\"og:image:type\" content=\"image\/jpeg\" \/>\n<meta name=\"twitter:card\" content=\"summary_large_image\" \/>\n<script type=\"application\/ld+json\" class=\"yoast-schema-graph\">{\"@context\":\"https:\/\/schema.org\",\"@graph\":[{\"@type\":\"WebPage\",\"@id\":\"https:\/\/germanperaire.com\/ca\/producte\/romani\/\",\"url\":\"https:\/\/germanperaire.com\/ca\/producte\/romani\/\",\"name\":\"Lleixa flotant Roman\u00ed - Germ\u00e1n Peraire\",\"isPartOf\":{\"@id\":\"https:\/\/germanperaire.com\/#website\"},\"primaryImageOfPage\":{\"@id\":\"https:\/\/germanperaire.com\/ca\/producte\/romani\/#primaryimage\"},\"image\":{\"@id\":\"https:\/\/germanperaire.com\/ca\/producte\/romani\/#primaryimage\"},\"thumbnailUrl\":\"https:\/\/germanperaire.com\/wp-content\/uploads\/2023\/10\/ROMANI-1.jpg\",\"datePublished\":\"2023-10-04T07:34:15+00:00\",\"dateModified\":\"2023-10-25T08:27:55+00:00\",\"description\":\"Lleixa constru\u00efda a m\u00e0 amb fusta massissa i dissenyada para utilitzar-la com a tauleta de nit, tot i que la pots utilizar per altres funcions.\",\"breadcrumb\":{\"@id\":\"https:\/\/germanperaire.com\/ca\/producte\/romani\/#breadcrumb\"},\"inLanguage\":\"ca\",\"potentialAction\":[{\"@type\":\"ReadAction\",\"target\":[\"https:\/\/germanperaire.com\/ca\/producte\/romani\/\"]}]},{\"@type\":\"ImageObject\",\"inLanguage\":\"ca\",\"@id\":\"https:\/\/germanperaire.com\/ca\/producte\/romani\/#primaryimage\",\"url\":\"https:\/\/germanperaire.com\/wp-content\/uploads\/2023\/10\/ROMANI-1.jpg\",\"contentUrl\":\"https:\/\/germanperaire.com\/wp-content\/uploads\/2023\/10\/ROMANI-1.jpg\",\"width\":1200,\"height\":804,\"caption\":\"Lleixa constru\u00efda amb fusta massissa.\"},{\"@type\":\"BreadcrumbList\",\"@id\":\"https:\/\/germanperaire.com\/ca\/producte\/romani\/#breadcrumb\",\"itemListElement\":[{\"@type\":\"ListItem\",\"position\":1,\"name\":\"Portada\",\"item\":\"https:\/\/germanperaire.com\/ca\/\"},{\"@type\":\"ListItem\",\"position\":2,\"name\":\"Productes\",\"item\":\"https:\/\/germanperaire.com\/ca\/shop\/\"},{\"@type\":\"ListItem\",\"position\":3,\"name\":\"Roman\u00ed\"}]},{\"@type\":\"WebSite\",\"@id\":\"https:\/\/germanperaire.com\/#website\",\"url\":\"https:\/\/germanperaire.com\/\",\"name\":\"Germ\u00e1n Peraire - Ebanister\u00eda de Autor\",\"description\":\"Construcci\u00f3 de mobles de fusta massissa. Faig dissenys propis i enc\u00e0rrecs a mida.\",\"publisher\":{\"@id\":\"https:\/\/germanperaire.com\/#organization\"},\"alternateName\":\"Germ\u00e1n Peraire - Ebanister\u00eda de Autor\",\"potentialAction\":[{\"@type\":\"SearchAction\",\"target\":{\"@type\":\"EntryPoint\",\"urlTemplate\":\"https:\/\/germanperaire.com\/?s={search_term_string}\"},\"query-input\":{\"@type\":\"PropertyValueSpecification\",\"valueRequired\":true,\"valueName\":\"search_term_string\"}}],\"inLanguage\":\"ca\"},{\"@type\":\"Organization\",\"@id\":\"https:\/\/germanperaire.com\/#organization\",\"name\":\"Germ\u00e1n Peraire - Ebanister\u00eda de Autor\",\"alternateName\":\"Germ\u00e1n Peraire - Ebanister\u00eda de Autor\",\"url\":\"https:\/\/germanperaire.com\/\",\"logo\":{\"@type\":\"ImageObject\",\"inLanguage\":\"ca\",\"@id\":\"https:\/\/germanperaire.com\/#\/schema\/logo\/image\/\",\"url\":\"https:\/\/germanperaire.com\/wp-content\/uploads\/2021\/06\/logo-header.png\",\"contentUrl\":\"https:\/\/germanperaire.com\/wp-content\/uploads\/2021\/06\/logo-header.png\",\"width\":220,\"height\":42,\"caption\":\"Germ\u00e1n Peraire - Ebanister\u00eda de Autor\"},\"image\":{\"@id\":\"https:\/\/germanperaire.com\/#\/schema\/logo\/image\/\"},\"sameAs\":[\"https:\/\/instagram.com\/germanperaire\"]}]}<\/script>\n<!-- \/ Yoast SEO plugin. -->","yoast_head_json":{"title":"Lleixa flotant Roman\u00ed - Germ\u00e1n Peraire","description":"Lleixa constru\u00efda a m\u00e0 amb fusta massissa i dissenyada para utilitzar-la com a tauleta de nit, tot i que la pots utilizar per altres funcions.","robots":{"index":"index","follow":"follow","max-snippet":"max-snippet:-1","max-image-preview":"max-image-preview:large","max-video-preview":"max-video-preview:-1"},"canonical":"https:\/\/germanperaire.com\/ca\/producte\/romani\/","og_locale":"ca_ES","og_type":"article","og_title":"Lleixa flotant Roman\u00ed - Germ\u00e1n Peraire","og_description":"Lleixa constru\u00efda a m\u00e0 amb fusta massissa i dissenyada para utilitzar-la com a tauleta de nit, tot i que la pots utilizar per altres funcions.","og_url":"https:\/\/germanperaire.com\/ca\/producte\/romani\/","og_site_name":"Germ\u00e1n Peraire","article_modified_time":"2023-10-25T08:27:55+00:00","og_image":[{"width":1200,"height":804,"url":"https:\/\/germanperaire.com\/wp-content\/uploads\/2023\/10\/ROMANI-1.jpg","type":"image\/jpeg"}],"twitter_card":"summary_large_image","schema":{"@context":"https:\/\/schema.org","@graph":[{"@type":"WebPage","@id":"https:\/\/germanperaire.com\/ca\/producte\/romani\/","url":"https:\/\/germanperaire.com\/ca\/producte\/romani\/","name":"Lleixa flotant Roman\u00ed - Germ\u00e1n Peraire","isPartOf":{"@id":"https:\/\/germanperaire.com\/#website"},"primaryImageOfPage":{"@id":"https:\/\/germanperaire.com\/ca\/producte\/romani\/#primaryimage"},"image":{"@id":"https:\/\/germanperaire.com\/ca\/producte\/romani\/#primaryimage"},"thumbnailUrl":"https:\/\/germanperaire.com\/wp-content\/uploads\/2023\/10\/ROMANI-1.jpg","datePublished":"2023-10-04T07:34:15+00:00","dateModified":"2023-10-25T08:27:55+00:00","description":"Lleixa constru\u00efda a m\u00e0 amb fusta massissa i dissenyada para utilitzar-la com a tauleta de nit, tot i que la pots utilizar per altres funcions.","breadcrumb":{"@id":"https:\/\/germanperaire.com\/ca\/producte\/romani\/#breadcrumb"},"inLanguage":"ca","potentialAction":[{"@type":"ReadAction","target":["https:\/\/germanperaire.com\/ca\/producte\/romani\/"]}]},{"@type":"ImageObject","inLanguage":"ca","@id":"https:\/\/germanperaire.com\/ca\/producte\/romani\/#primaryimage","url":"https:\/\/germanperaire.com\/wp-content\/uploads\/2023\/10\/ROMANI-1.jpg","contentUrl":"https:\/\/germanperaire.com\/wp-content\/uploads\/2023\/10\/ROMANI-1.jpg","width":1200,"height":804,"caption":"Lleixa constru\u00efda amb fusta massissa."},{"@type":"BreadcrumbList","@id":"https:\/\/germanperaire.com\/ca\/producte\/romani\/#breadcrumb","itemListElement":[{"@type":"ListItem","position":1,"name":"Portada","item":"https:\/\/germanperaire.com\/ca\/"},{"@type":"ListItem","position":2,"name":"Productes","item":"https:\/\/germanperaire.com\/ca\/shop\/"},{"@type":"ListItem","position":3,"name":"Roman\u00ed"}]},{"@type":"WebSite","@id":"https:\/\/germanperaire.com\/#website","url":"https:\/\/germanperaire.com\/","name":"Germ\u00e1n Peraire - Ebanister\u00eda de Autor","description":"Construcci\u00f3 de mobles de fusta massissa. Faig dissenys propis i enc\u00e0rrecs a mida.","publisher":{"@id":"https:\/\/germanperaire.com\/#organization"},"alternateName":"Germ\u00e1n Peraire - Ebanister\u00eda de Autor","potentialAction":[{"@type":"SearchAction","target":{"@type":"EntryPoint","urlTemplate":"https:\/\/germanperaire.com\/?s={search_term_string}"},"query-input":{"@type":"PropertyValueSpecification","valueRequired":true,"valueName":"search_term_string"}}],"inLanguage":"ca"},{"@type":"Organization","@id":"https:\/\/germanperaire.com\/#organization","name":"Germ\u00e1n Peraire - Ebanister\u00eda de Autor","alternateName":"Germ\u00e1n Peraire - Ebanister\u00eda de Autor","url":"https:\/\/germanperaire.com\/","logo":{"@type":"ImageObject","inLanguage":"ca","@id":"https:\/\/germanperaire.com\/#\/schema\/logo\/image\/","url":"https:\/\/germanperaire.com\/wp-content\/uploads\/2021\/06\/logo-header.png","contentUrl":"https:\/\/germanperaire.com\/wp-content\/uploads\/2021\/06\/logo-header.png","width":220,"height":42,"caption":"Germ\u00e1n Peraire - Ebanister\u00eda de Autor"},"image":{"@id":"https:\/\/germanperaire.com\/#\/schema\/logo\/image\/"},"sameAs":["https:\/\/instagram.com\/germanperaire"]}]}},"_links":{"self":[{"href":"https:\/\/germanperaire.com\/ca\/wp-json\/wp\/v2\/product\/77498","targetHints":{"allow":["GET"]}}],"collection":[{"href":"https:\/\/germanperaire.com\/ca\/wp-json\/wp\/v2\/product"}],"about":[{"href":"https:\/\/germanperaire.com\/ca\/wp-json\/wp\/v2\/types\/product"}],"wp:featuredmedia":[{"embeddable":true,"href":"https:\/\/germanperaire.com\/ca\/wp-json\/wp\/v2\/media\/77499"}],"wp:attachment":[{"href":"https:\/\/germanperaire.com\/ca\/wp-json\/wp\/v2\/media?parent=77498"}],"wp:term":[{"taxonomy":"product_brand","embeddable":true,"href":"https:\/\/germanperaire.com\/ca\/wp-json\/wp\/v2\/product_brand?post=77498"},{"taxonomy":"product_cat","embeddable":true,"href":"https:\/\/germanperaire.com\/ca\/wp-json\/wp\/v2\/product_cat?post=77498"},{"taxonomy":"product_tag","embeddable":true,"href":"https:\/\/germanperaire.com\/ca\/wp-json\/wp\/v2\/product_tag?post=77498"}],"curies":[{"name":"wp","href":"https:\/\/api.w.org\/{rel}","templated":true}]}}