{"id":77650,"date":"2023-09-06T12:33:56","date_gmt":"2023-09-06T10:33:56","guid":{"rendered":"https:\/\/germanperaire.com\/politica-privacidad\/"},"modified":"2024-06-12T12:13:08","modified_gmt":"2024-06-12T10:13:08","slug":"politica-privacitat","status":"publish","type":"page","link":"https:\/\/germanperaire.com\/ca\/politica-privacitat\/","title":{"rendered":"Pol\u00edtica de privacitat"},"content":{"rendered":"\t\t<div data-elementor-type=\"wp-page\" data-elementor-id=\"77650\" class=\"elementor elementor-77650 elementor-3\" data-elementor-post-type=\"page\">\n\t\t\t\t\t\t<section class=\"elementor-section elementor-top-section elementor-element elementor-element-8524114 elementor-section-stretched elementor-section-boxed elementor-section-height-default elementor-section-height-default\" data-id=\"8524114\" data-element_type=\"section\" data-settings=\"{&quot;background_background&quot;:&quot;classic&quot;,&quot;stretch_section&quot;:&quot;section-stretched&quot;}\">\n\t\t\t\t\t\t<div class=\"elementor-container elementor-column-gap-default\">\n\t\t\t\t\t<div class=\"elementor-column elementor-col-100 elementor-top-column elementor-element elementor-element-25b7fe87\" data-id=\"25b7fe87\" data-element_type=\"column\">\n\t\t\t<div class=\"elementor-widget-wrap elementor-element-populated\">\n\t\t\t\t\t\t<div class=\"elementor-element elementor-element-27ef29b elementor-widget elementor-widget-text-editor\" data-id=\"27ef29b\" data-element_type=\"widget\" data-widget_type=\"text-editor.default\">\n\t\t\t\t<div class=\"elementor-widget-container\">\n\t\t\t\t\t\t\t\t\t<p>Pol\u00edtica de privacidad<\/p>\t\t\t\t\t\t\t\t<\/div>\n\t\t\t\t<\/div>\n\t\t\t\t\t<\/div>\n\t\t<\/div>\n\t\t\t\t\t<\/div>\n\t\t<\/section>\n\t\t\t\t<section class=\"elementor-section elementor-top-section elementor-element elementor-element-1eb16d2d elementor-section-boxed elementor-section-height-default elementor-section-height-default\" data-id=\"1eb16d2d\" data-element_type=\"section\">\n\t\t\t\t\t\t<div class=\"elementor-container elementor-column-gap-default\">\n\t\t\t\t\t<div class=\"elementor-column elementor-col-100 elementor-top-column elementor-element elementor-element-2943fd5e\" data-id=\"2943fd5e\" data-element_type=\"column\">\n\t\t\t<div class=\"elementor-widget-wrap elementor-element-populated\">\n\t\t\t\t\t\t<div class=\"elementor-element elementor-element-af07b66 elementor-hidden-mobile elementor-widget elementor-widget-spacer\" data-id=\"af07b66\" data-element_type=\"widget\" data-widget_type=\"spacer.default\">\n\t\t\t\t<div class=\"elementor-widget-container\">\n\t\t\t\t\t\t\t<div class=\"elementor-spacer\">\n\t\t\t<div class=\"elementor-spacer-inner\"><\/div>\n\t\t<\/div>\n\t\t\t\t\t\t<\/div>\n\t\t\t\t<\/div>\n\t\t\t\t<div class=\"elementor-element elementor-element-6e53eb57 legals elementor-widget elementor-widget-text-editor\" data-id=\"6e53eb57\" data-element_type=\"widget\" data-widget_type=\"text-editor.default\">\n\t\t\t\t<div class=\"elementor-widget-container\">\n\t\t\t\t\t\t\t\t\t<div>D&#8217;acord amb l&#8217;establert a la Ley Org\u00e1nica 15\/1999, de 13 de desembre, de Protecci\u00f3n de Datos de Car\u00e1cter Personal, ) i el Reglament Europeu 2016\/680 del Parlament Europeu de 27 d&#8217;Abril, Germ\u00e1n Peraire comunica que les dades personals que l&#8217;usuari faciliti durant tot el proc\u00e9s, inclosa la seva adre\u00e7a de correu electr\u00f2nic i totes aquelles dades personals a les quals l&#8217;empresa accedeixi durant la navegaci\u00f3, seran tractades en fitxer \/ si sempre d&#8217;acord amb la legislaci\u00f3 vigent.<\/div><div>La informaci\u00f3 que pugui ser remesa a Germ\u00e1n Peraire incorporar\u00e0 als seus sistemes d&#8217;informaci\u00f3 i \u00fanicament ser\u00e0 utilitzada per als fins para las quals fou recollida.<\/div><div>Germ\u00e1n Peraire l&#8217;informa que les seves dades personals estan en els nostres arxius Manuals o Informatitzads, que respectem la confidencialitat en la informaci\u00f3 facilitada, i que pot exercir el dret d&#8217;informaci\u00f3 en la recollida de les seves dades, a saber per qu\u00e8 i com s\u00f3n tractades les seves dades personals i decidir en quant al seu tractament.<\/div><div>Les dades proporcionades es conservaran mentre es mantingui la relaci\u00f3 comercial o durant els anys necessaris per cumplir amb les obligacions legals. Les dades no se cediran a tercers excepte en els casos en qu\u00e8 hi hagi una obligaci\u00f3 legal. Vost\u00e8 t\u00e9 dret a accedir a les seves dades personals, les dades inexactes o sol\u00b7licitar la seva supressi\u00f3 quan les dades ja no siguin necess\u00e0ries. Pot exercir en tot moment els drets de consulta, acc\u00e9s, rectificaci\u00f3, oposici\u00f3, limitaci\u00f3 i supressi\u00f3 de les seves dades, dirigint un escrit amb fotoc\u00f2pia del seu DNI o un altre document d&#8217;identitat, a Germ\u00e1n Peraire, Carrer Bruc 129, 08242 Manresa, info@germanperaire.com<\/div>\t\t\t\t\t\t\t\t<\/div>\n\t\t\t\t<\/div>\n\t\t\t\t\t<\/div>\n\t\t<\/div>\n\t\t\t\t\t<\/div>\n\t\t<\/section>\n\t\t\t\t<\/div>\n\t\t","protected":false},"excerpt":{"rendered":"<p>Pol\u00edtica de privacidad D&#8217;acord amb l&#8217;establert a la Ley Org\u00e1nica 15\/1999, de 13 de desembre, de Protecci\u00f3n de Datos de Car\u00e1cter Personal, ) i el Reglament Europeu 2016\/680 del Parlament Europeu de 27 d&#8217;Abril, Germ\u00e1n Peraire comunica que les dades personals que l&#8217;usuari faciliti durant tot el proc\u00e9s, inclosa la seva adre\u00e7a de correu electr\u00f2nic [&hellip;]<\/p>\n","protected":false},"author":1,"featured_media":0,"parent":0,"menu_order":0,"comment_status":"closed","ping_status":"closed","template":"","meta":{"footnotes":""},"class_list":["post-77650","page","type-page","status-publish","hentry"],"yoast_head":"<!-- This site is optimized with the Yoast SEO plugin v26.6 - https:\/\/yoast.com\/wordpress\/plugins\/seo\/ -->\n<title>Pol\u00edtica de privacitat - Germ\u00e1n Peraire<\/title>\n<meta name=\"description\" content=\"Pol\u00edtica de privacitat del lloc web.\" \/>\n<meta name=\"robots\" content=\"index, follow, max-snippet:-1, max-image-preview:large, max-video-preview:-1\" \/>\n<link rel=\"canonical\" href=\"https:\/\/germanperaire.com\/politica-privacidad\/\" \/>\n<meta property=\"og:locale\" content=\"ca_ES\" \/>\n<meta property=\"og:type\" content=\"article\" \/>\n<meta property=\"og:title\" content=\"Pol\u00edtica de privacitat - Germ\u00e1n Peraire\" \/>\n<meta property=\"og:description\" content=\"Pol\u00edtica de privacitat del lloc web.\" \/>\n<meta property=\"og:url\" content=\"https:\/\/germanperaire.com\/politica-privacidad\/\" \/>\n<meta property=\"og:site_name\" content=\"Germ\u00e1n Peraire\" \/>\n<meta property=\"article:modified_time\" content=\"2024-06-12T10:13:08+00:00\" \/>\n<meta property=\"og:image\" content=\"https:\/\/germanperaire.com\/wp-content\/uploads\/2023\/09\/logo_german_peraire.jpg\" \/>\n\t<meta property=\"og:image:width\" content=\"599\" \/>\n\t<meta property=\"og:image:height\" content=\"234\" \/>\n\t<meta property=\"og:image:type\" content=\"image\/jpeg\" \/>\n<meta name=\"twitter:card\" content=\"summary_large_image\" \/>\n<meta name=\"twitter:label1\" content=\"Temps estimat de lectura\" \/>\n\t<meta name=\"twitter:data1\" content=\"2 minuts\" \/>\n<script type=\"application\/ld+json\" class=\"yoast-schema-graph\">{\"@context\":\"https:\/\/schema.org\",\"@graph\":[{\"@type\":\"WebPage\",\"@id\":\"https:\/\/germanperaire.com\/politica-privacidad\/\",\"url\":\"https:\/\/germanperaire.com\/politica-privacidad\/\",\"name\":\"Pol\u00edtica de privacitat - Germ\u00e1n Peraire\",\"isPartOf\":{\"@id\":\"https:\/\/germanperaire.com\/#website\"},\"datePublished\":\"2023-09-06T10:33:56+00:00\",\"dateModified\":\"2024-06-12T10:13:08+00:00\",\"description\":\"Pol\u00edtica de privacitat del lloc web.\",\"breadcrumb\":{\"@id\":\"https:\/\/germanperaire.com\/politica-privacidad\/#breadcrumb\"},\"inLanguage\":\"ca\",\"potentialAction\":[{\"@type\":\"ReadAction\",\"target\":[\"https:\/\/germanperaire.com\/politica-privacidad\/\"]}]},{\"@type\":\"BreadcrumbList\",\"@id\":\"https:\/\/germanperaire.com\/politica-privacidad\/#breadcrumb\",\"itemListElement\":[{\"@type\":\"ListItem\",\"position\":1,\"name\":\"Portada\",\"item\":\"https:\/\/germanperaire.com\/ca\/\"},{\"@type\":\"ListItem\",\"position\":2,\"name\":\"Pol\u00edtica de privacitat\"}]},{\"@type\":\"WebSite\",\"@id\":\"https:\/\/germanperaire.com\/#website\",\"url\":\"https:\/\/germanperaire.com\/\",\"name\":\"Germ\u00e1n Peraire - Ebanister\u00eda de Autor\",\"description\":\"Construcci\u00f3 de mobles de fusta massissa. Faig dissenys propis i enc\u00e0rrecs a mida.\",\"publisher\":{\"@id\":\"https:\/\/germanperaire.com\/#organization\"},\"alternateName\":\"Germ\u00e1n Peraire - Ebanister\u00eda de Autor\",\"potentialAction\":[{\"@type\":\"SearchAction\",\"target\":{\"@type\":\"EntryPoint\",\"urlTemplate\":\"https:\/\/germanperaire.com\/?s={search_term_string}\"},\"query-input\":{\"@type\":\"PropertyValueSpecification\",\"valueRequired\":true,\"valueName\":\"search_term_string\"}}],\"inLanguage\":\"ca\"},{\"@type\":\"Organization\",\"@id\":\"https:\/\/germanperaire.com\/#organization\",\"name\":\"Germ\u00e1n Peraire - Ebanister\u00eda de Autor\",\"alternateName\":\"Germ\u00e1n Peraire - Ebanister\u00eda de Autor\",\"url\":\"https:\/\/germanperaire.com\/\",\"logo\":{\"@type\":\"ImageObject\",\"inLanguage\":\"ca\",\"@id\":\"https:\/\/germanperaire.com\/#\/schema\/logo\/image\/\",\"url\":\"https:\/\/germanperaire.com\/wp-content\/uploads\/2021\/06\/logo-header.png\",\"contentUrl\":\"https:\/\/germanperaire.com\/wp-content\/uploads\/2021\/06\/logo-header.png\",\"width\":220,\"height\":42,\"caption\":\"Germ\u00e1n Peraire - Ebanister\u00eda de Autor\"},\"image\":{\"@id\":\"https:\/\/germanperaire.com\/#\/schema\/logo\/image\/\"},\"sameAs\":[\"https:\/\/instagram.com\/germanperaire\"]}]}<\/script>\n<!-- \/ Yoast SEO plugin. -->","yoast_head_json":{"title":"Pol\u00edtica de privacitat - Germ\u00e1n Peraire","description":"Pol\u00edtica de privacitat del lloc web.","robots":{"index":"index","follow":"follow","max-snippet":"max-snippet:-1","max-image-preview":"max-image-preview:large","max-video-preview":"max-video-preview:-1"},"canonical":"https:\/\/germanperaire.com\/politica-privacidad\/","og_locale":"ca_ES","og_type":"article","og_title":"Pol\u00edtica de privacitat - Germ\u00e1n Peraire","og_description":"Pol\u00edtica de privacitat del lloc web.","og_url":"https:\/\/germanperaire.com\/politica-privacidad\/","og_site_name":"Germ\u00e1n Peraire","article_modified_time":"2024-06-12T10:13:08+00:00","og_image":[{"width":599,"height":234,"url":"https:\/\/germanperaire.com\/wp-content\/uploads\/2023\/09\/logo_german_peraire.jpg","type":"image\/jpeg"}],"twitter_card":"summary_large_image","twitter_misc":{"Temps estimat de lectura":"2 minuts"},"schema":{"@context":"https:\/\/schema.org","@graph":[{"@type":"WebPage","@id":"https:\/\/germanperaire.com\/politica-privacidad\/","url":"https:\/\/germanperaire.com\/politica-privacidad\/","name":"Pol\u00edtica de privacitat - Germ\u00e1n Peraire","isPartOf":{"@id":"https:\/\/germanperaire.com\/#website"},"datePublished":"2023-09-06T10:33:56+00:00","dateModified":"2024-06-12T10:13:08+00:00","description":"Pol\u00edtica de privacitat del lloc web.","breadcrumb":{"@id":"https:\/\/germanperaire.com\/politica-privacidad\/#breadcrumb"},"inLanguage":"ca","potentialAction":[{"@type":"ReadAction","target":["https:\/\/germanperaire.com\/politica-privacidad\/"]}]},{"@type":"BreadcrumbList","@id":"https:\/\/germanperaire.com\/politica-privacidad\/#breadcrumb","itemListElement":[{"@type":"ListItem","position":1,"name":"Portada","item":"https:\/\/germanperaire.com\/ca\/"},{"@type":"ListItem","position":2,"name":"Pol\u00edtica de privacitat"}]},{"@type":"WebSite","@id":"https:\/\/germanperaire.com\/#website","url":"https:\/\/germanperaire.com\/","name":"Germ\u00e1n Peraire - Ebanister\u00eda de Autor","description":"Construcci\u00f3 de mobles de fusta massissa. Faig dissenys propis i enc\u00e0rrecs a mida.","publisher":{"@id":"https:\/\/germanperaire.com\/#organization"},"alternateName":"Germ\u00e1n Peraire - Ebanister\u00eda de Autor","potentialAction":[{"@type":"SearchAction","target":{"@type":"EntryPoint","urlTemplate":"https:\/\/germanperaire.com\/?s={search_term_string}"},"query-input":{"@type":"PropertyValueSpecification","valueRequired":true,"valueName":"search_term_string"}}],"inLanguage":"ca"},{"@type":"Organization","@id":"https:\/\/germanperaire.com\/#organization","name":"Germ\u00e1n Peraire - Ebanister\u00eda de Autor","alternateName":"Germ\u00e1n Peraire - Ebanister\u00eda de Autor","url":"https:\/\/germanperaire.com\/","logo":{"@type":"ImageObject","inLanguage":"ca","@id":"https:\/\/germanperaire.com\/#\/schema\/logo\/image\/","url":"https:\/\/germanperaire.com\/wp-content\/uploads\/2021\/06\/logo-header.png","contentUrl":"https:\/\/germanperaire.com\/wp-content\/uploads\/2021\/06\/logo-header.png","width":220,"height":42,"caption":"Germ\u00e1n Peraire - Ebanister\u00eda de Autor"},"image":{"@id":"https:\/\/germanperaire.com\/#\/schema\/logo\/image\/"},"sameAs":["https:\/\/instagram.com\/germanperaire"]}]}},"_links":{"self":[{"href":"https:\/\/germanperaire.com\/ca\/wp-json\/wp\/v2\/pages\/77650","targetHints":{"allow":["GET"]}}],"collection":[{"href":"https:\/\/germanperaire.com\/ca\/wp-json\/wp\/v2\/pages"}],"about":[{"href":"https:\/\/germanperaire.com\/ca\/wp-json\/wp\/v2\/types\/page"}],"author":[{"embeddable":true,"href":"https:\/\/germanperaire.com\/ca\/wp-json\/wp\/v2\/users\/1"}],"replies":[{"embeddable":true,"href":"https:\/\/germanperaire.com\/ca\/wp-json\/wp\/v2\/comments?post=77650"}],"version-history":[{"count":0,"href":"https:\/\/germanperaire.com\/ca\/wp-json\/wp\/v2\/pages\/77650\/revisions"}],"wp:attachment":[{"href":"https:\/\/germanperaire.com\/ca\/wp-json\/wp\/v2\/media?parent=77650"}],"curies":[{"name":"wp","href":"https:\/\/api.w.org\/{rel}","templated":true}]}}