{"id":77638,"date":"2023-09-13T12:51:00","date_gmt":"2023-09-13T10:51:00","guid":{"rendered":"https:\/\/germanperaire.com\/formacion\/cursos-presenciales\/"},"modified":"2024-06-12T12:04:06","modified_gmt":"2024-06-12T10:04:06","slug":"cursos-presencials","status":"publish","type":"page","link":"https:\/\/germanperaire.com\/ca\/formacio\/cursos-presencials\/","title":{"rendered":"Cursos presencials"},"content":{"rendered":"\t\t<div data-elementor-type=\"wp-page\" data-elementor-id=\"77638\" class=\"elementor elementor-77638 elementor-75834\" data-elementor-post-type=\"page\">\n\t\t\t\t\t\t<section class=\"elementor-section elementor-top-section elementor-element elementor-element-2edb5e2 elementor-section-stretched elementor-section-boxed elementor-section-height-default elementor-section-height-default\" data-id=\"2edb5e2\" data-element_type=\"section\" data-settings=\"{&quot;background_background&quot;:&quot;classic&quot;,&quot;stretch_section&quot;:&quot;section-stretched&quot;}\">\n\t\t\t\t\t\t<div class=\"elementor-container elementor-column-gap-default\">\n\t\t\t\t\t<div class=\"elementor-column elementor-col-100 elementor-top-column elementor-element elementor-element-b6dad81\" data-id=\"b6dad81\" data-element_type=\"column\">\n\t\t\t<div class=\"elementor-widget-wrap elementor-element-populated\">\n\t\t\t\t\t\t<div class=\"elementor-element elementor-element-a845be6 bread elementor-widget elementor-widget-text-editor\" data-id=\"a845be6\" data-element_type=\"widget\" data-widget_type=\"text-editor.default\">\n\t\t\t\t<div class=\"elementor-widget-container\">\n\t\t\t\t\t\t\t\t\t<a href=\"https:\/\/germanperaire.com\/\">Inici<\/a>\u00a0\/ Cursos presencials\n\t\t\t\t\t\t\t\t<\/div>\n\t\t\t\t<\/div>\n\t\t\t\t<div class=\"elementor-element elementor-element-82735d3 elementor-widget elementor-widget-text-editor\" data-id=\"82735d3\" data-element_type=\"widget\" data-widget_type=\"text-editor.default\">\n\t\t\t\t<div class=\"elementor-widget-container\">\n\t\t\t\t\t\t\t\t\t<p>Cursos presencials<\/p>\t\t\t\t\t\t\t\t<\/div>\n\t\t\t\t<\/div>\n\t\t\t\t\t<\/div>\n\t\t<\/div>\n\t\t\t\t\t<\/div>\n\t\t<\/section>\n\t\t\t\t<section class=\"elementor-section elementor-top-section elementor-element elementor-element-2133f55 elementor-section-boxed elementor-section-height-default elementor-section-height-default\" data-id=\"2133f55\" data-element_type=\"section\">\n\t\t\t\t\t\t<div class=\"elementor-container elementor-column-gap-default\">\n\t\t\t\t\t<div class=\"elementor-column elementor-col-100 elementor-top-column elementor-element elementor-element-b738f60\" data-id=\"b738f60\" data-element_type=\"column\">\n\t\t\t<div class=\"elementor-widget-wrap elementor-element-populated\">\n\t\t\t\t\t\t\t<\/div>\n\t\t<\/div>\n\t\t\t\t\t<\/div>\n\t\t<\/section>\n\t\t\t\t<\/div>\n\t\t","protected":false},"excerpt":{"rendered":"<p>Inici\u00a0\/ Cursos presencials Cursos presencials<\/p>\n","protected":false},"author":1,"featured_media":0,"parent":77636,"menu_order":0,"comment_status":"closed","ping_status":"closed","template":"","meta":{"footnotes":""},"class_list":["post-77638","page","type-page","status-publish","hentry"],"yoast_head":"<!-- This site is optimized with the Yoast SEO plugin v26.6 - https:\/\/yoast.com\/wordpress\/plugins\/seo\/ -->\n<title>Cursos presencials - Germ\u00e1n Peraire<\/title>\n<meta name=\"description\" content=\"Forma&#039;t en l&#039;art de l&#039;ebenisteria amb els cursos presencials. Cursos tant per a principants com per a gent amb coneixements m\u00e9s avan\u00e7ats.\" \/>\n<meta name=\"robots\" content=\"index, follow, max-snippet:-1, max-image-preview:large, max-video-preview:-1\" \/>\n<link rel=\"canonical\" href=\"https:\/\/germanperaire.com\/formacion\/cursos-presenciales\/\" \/>\n<meta property=\"og:locale\" content=\"ca_ES\" \/>\n<meta property=\"og:type\" content=\"article\" \/>\n<meta property=\"og:title\" content=\"Cursos presencials - Germ\u00e1n Peraire\" \/>\n<meta property=\"og:description\" content=\"Forma&#039;t en l&#039;art de l&#039;ebenisteria amb els cursos presencials. Cursos tant per a principants com per a gent amb coneixements m\u00e9s avan\u00e7ats.\" \/>\n<meta property=\"og:url\" content=\"https:\/\/germanperaire.com\/formacion\/cursos-presenciales\/\" \/>\n<meta property=\"og:site_name\" content=\"Germ\u00e1n Peraire\" \/>\n<meta property=\"article:modified_time\" content=\"2024-06-12T10:04:06+00:00\" \/>\n<meta property=\"og:image\" content=\"https:\/\/germanperaire.com\/wp-content\/uploads\/2023\/09\/logo_german_peraire.jpg\" \/>\n\t<meta property=\"og:image:width\" content=\"599\" \/>\n\t<meta property=\"og:image:height\" content=\"234\" \/>\n\t<meta property=\"og:image:type\" content=\"image\/jpeg\" \/>\n<meta name=\"twitter:card\" content=\"summary_large_image\" \/>\n<meta name=\"twitter:label1\" content=\"Temps estimat de lectura\" \/>\n\t<meta name=\"twitter:data1\" content=\"3 minuts\" \/>\n<script type=\"application\/ld+json\" class=\"yoast-schema-graph\">{\"@context\":\"https:\/\/schema.org\",\"@graph\":[{\"@type\":\"WebPage\",\"@id\":\"https:\/\/germanperaire.com\/formacion\/cursos-presenciales\/\",\"url\":\"https:\/\/germanperaire.com\/formacion\/cursos-presenciales\/\",\"name\":\"Cursos presencials - Germ\u00e1n Peraire\",\"isPartOf\":{\"@id\":\"https:\/\/germanperaire.com\/#website\"},\"datePublished\":\"2023-09-13T10:51:00+00:00\",\"dateModified\":\"2024-06-12T10:04:06+00:00\",\"description\":\"Forma't en l'art de l'ebenisteria amb els cursos presencials. Cursos tant per a principants com per a gent amb coneixements m\u00e9s avan\u00e7ats.\",\"breadcrumb\":{\"@id\":\"https:\/\/germanperaire.com\/formacion\/cursos-presenciales\/#breadcrumb\"},\"inLanguage\":\"ca\",\"potentialAction\":[{\"@type\":\"ReadAction\",\"target\":[\"https:\/\/germanperaire.com\/formacion\/cursos-presenciales\/\"]}]},{\"@type\":\"BreadcrumbList\",\"@id\":\"https:\/\/germanperaire.com\/formacion\/cursos-presenciales\/#breadcrumb\",\"itemListElement\":[{\"@type\":\"ListItem\",\"position\":1,\"name\":\"Portada\",\"item\":\"https:\/\/germanperaire.com\/ca\/\"},{\"@type\":\"ListItem\",\"position\":2,\"name\":\"Formaci\u00f3\",\"item\":\"https:\/\/germanperaire.com\/formacion\/\"},{\"@type\":\"ListItem\",\"position\":3,\"name\":\"Cursos presencials\"}]},{\"@type\":\"WebSite\",\"@id\":\"https:\/\/germanperaire.com\/#website\",\"url\":\"https:\/\/germanperaire.com\/\",\"name\":\"Germ\u00e1n Peraire - Ebanister\u00eda de Autor\",\"description\":\"Construcci\u00f3 de mobles de fusta massissa. Faig dissenys propis i enc\u00e0rrecs a mida.\",\"publisher\":{\"@id\":\"https:\/\/germanperaire.com\/#organization\"},\"alternateName\":\"Germ\u00e1n Peraire - Ebanister\u00eda de Autor\",\"potentialAction\":[{\"@type\":\"SearchAction\",\"target\":{\"@type\":\"EntryPoint\",\"urlTemplate\":\"https:\/\/germanperaire.com\/?s={search_term_string}\"},\"query-input\":{\"@type\":\"PropertyValueSpecification\",\"valueRequired\":true,\"valueName\":\"search_term_string\"}}],\"inLanguage\":\"ca\"},{\"@type\":\"Organization\",\"@id\":\"https:\/\/germanperaire.com\/#organization\",\"name\":\"Germ\u00e1n Peraire - Ebanister\u00eda de Autor\",\"alternateName\":\"Germ\u00e1n Peraire - Ebanister\u00eda de Autor\",\"url\":\"https:\/\/germanperaire.com\/\",\"logo\":{\"@type\":\"ImageObject\",\"inLanguage\":\"ca\",\"@id\":\"https:\/\/germanperaire.com\/#\/schema\/logo\/image\/\",\"url\":\"https:\/\/germanperaire.com\/wp-content\/uploads\/2021\/06\/logo-header.png\",\"contentUrl\":\"https:\/\/germanperaire.com\/wp-content\/uploads\/2021\/06\/logo-header.png\",\"width\":220,\"height\":42,\"caption\":\"Germ\u00e1n Peraire - Ebanister\u00eda de Autor\"},\"image\":{\"@id\":\"https:\/\/germanperaire.com\/#\/schema\/logo\/image\/\"},\"sameAs\":[\"https:\/\/instagram.com\/germanperaire\"]}]}<\/script>\n<!-- \/ Yoast SEO plugin. -->","yoast_head_json":{"title":"Cursos presencials - Germ\u00e1n Peraire","description":"Forma't en l'art de l'ebenisteria amb els cursos presencials. Cursos tant per a principants com per a gent amb coneixements m\u00e9s avan\u00e7ats.","robots":{"index":"index","follow":"follow","max-snippet":"max-snippet:-1","max-image-preview":"max-image-preview:large","max-video-preview":"max-video-preview:-1"},"canonical":"https:\/\/germanperaire.com\/formacion\/cursos-presenciales\/","og_locale":"ca_ES","og_type":"article","og_title":"Cursos presencials - Germ\u00e1n Peraire","og_description":"Forma't en l'art de l'ebenisteria amb els cursos presencials. Cursos tant per a principants com per a gent amb coneixements m\u00e9s avan\u00e7ats.","og_url":"https:\/\/germanperaire.com\/formacion\/cursos-presenciales\/","og_site_name":"Germ\u00e1n Peraire","article_modified_time":"2024-06-12T10:04:06+00:00","og_image":[{"width":599,"height":234,"url":"https:\/\/germanperaire.com\/wp-content\/uploads\/2023\/09\/logo_german_peraire.jpg","type":"image\/jpeg"}],"twitter_card":"summary_large_image","twitter_misc":{"Temps estimat de lectura":"3 minuts"},"schema":{"@context":"https:\/\/schema.org","@graph":[{"@type":"WebPage","@id":"https:\/\/germanperaire.com\/formacion\/cursos-presenciales\/","url":"https:\/\/germanperaire.com\/formacion\/cursos-presenciales\/","name":"Cursos presencials - Germ\u00e1n Peraire","isPartOf":{"@id":"https:\/\/germanperaire.com\/#website"},"datePublished":"2023-09-13T10:51:00+00:00","dateModified":"2024-06-12T10:04:06+00:00","description":"Forma't en l'art de l'ebenisteria amb els cursos presencials. Cursos tant per a principants com per a gent amb coneixements m\u00e9s avan\u00e7ats.","breadcrumb":{"@id":"https:\/\/germanperaire.com\/formacion\/cursos-presenciales\/#breadcrumb"},"inLanguage":"ca","potentialAction":[{"@type":"ReadAction","target":["https:\/\/germanperaire.com\/formacion\/cursos-presenciales\/"]}]},{"@type":"BreadcrumbList","@id":"https:\/\/germanperaire.com\/formacion\/cursos-presenciales\/#breadcrumb","itemListElement":[{"@type":"ListItem","position":1,"name":"Portada","item":"https:\/\/germanperaire.com\/ca\/"},{"@type":"ListItem","position":2,"name":"Formaci\u00f3","item":"https:\/\/germanperaire.com\/formacion\/"},{"@type":"ListItem","position":3,"name":"Cursos presencials"}]},{"@type":"WebSite","@id":"https:\/\/germanperaire.com\/#website","url":"https:\/\/germanperaire.com\/","name":"Germ\u00e1n Peraire - Ebanister\u00eda de Autor","description":"Construcci\u00f3 de mobles de fusta massissa. Faig dissenys propis i enc\u00e0rrecs a mida.","publisher":{"@id":"https:\/\/germanperaire.com\/#organization"},"alternateName":"Germ\u00e1n Peraire - Ebanister\u00eda de Autor","potentialAction":[{"@type":"SearchAction","target":{"@type":"EntryPoint","urlTemplate":"https:\/\/germanperaire.com\/?s={search_term_string}"},"query-input":{"@type":"PropertyValueSpecification","valueRequired":true,"valueName":"search_term_string"}}],"inLanguage":"ca"},{"@type":"Organization","@id":"https:\/\/germanperaire.com\/#organization","name":"Germ\u00e1n Peraire - Ebanister\u00eda de Autor","alternateName":"Germ\u00e1n Peraire - Ebanister\u00eda de Autor","url":"https:\/\/germanperaire.com\/","logo":{"@type":"ImageObject","inLanguage":"ca","@id":"https:\/\/germanperaire.com\/#\/schema\/logo\/image\/","url":"https:\/\/germanperaire.com\/wp-content\/uploads\/2021\/06\/logo-header.png","contentUrl":"https:\/\/germanperaire.com\/wp-content\/uploads\/2021\/06\/logo-header.png","width":220,"height":42,"caption":"Germ\u00e1n Peraire - Ebanister\u00eda de Autor"},"image":{"@id":"https:\/\/germanperaire.com\/#\/schema\/logo\/image\/"},"sameAs":["https:\/\/instagram.com\/germanperaire"]}]}},"_links":{"self":[{"href":"https:\/\/germanperaire.com\/ca\/wp-json\/wp\/v2\/pages\/77638","targetHints":{"allow":["GET"]}}],"collection":[{"href":"https:\/\/germanperaire.com\/ca\/wp-json\/wp\/v2\/pages"}],"about":[{"href":"https:\/\/germanperaire.com\/ca\/wp-json\/wp\/v2\/types\/page"}],"author":[{"embeddable":true,"href":"https:\/\/germanperaire.com\/ca\/wp-json\/wp\/v2\/users\/1"}],"replies":[{"embeddable":true,"href":"https:\/\/germanperaire.com\/ca\/wp-json\/wp\/v2\/comments?post=77638"}],"version-history":[{"count":0,"href":"https:\/\/germanperaire.com\/ca\/wp-json\/wp\/v2\/pages\/77638\/revisions"}],"up":[{"embeddable":true,"href":"https:\/\/germanperaire.com\/ca\/wp-json\/wp\/v2\/pages\/77636"}],"wp:attachment":[{"href":"https:\/\/germanperaire.com\/ca\/wp-json\/wp\/v2\/media?parent=77638"}],"curies":[{"name":"wp","href":"https:\/\/api.w.org\/{rel}","templated":true}]}}