{"id":77634,"date":"2023-09-18T09:25:06","date_gmt":"2023-09-18T07:25:06","guid":{"rendered":"https:\/\/germanperaire.com\/declaracion-accesibilidad\/"},"modified":"2024-06-12T12:10:52","modified_gmt":"2024-06-12T10:10:52","slug":"declaracio-accessibilitat","status":"publish","type":"page","link":"https:\/\/germanperaire.com\/ca\/declaracio-accessibilitat\/","title":{"rendered":"Declaraci\u00f3 d&#8217;accessibilitat"},"content":{"rendered":"\t\t<div data-elementor-type=\"wp-page\" data-elementor-id=\"77634\" class=\"elementor elementor-77634 elementor-76216\" data-elementor-post-type=\"page\">\n\t\t\t\t\t\t<section class=\"elementor-section elementor-top-section elementor-element elementor-element-39d37747 elementor-section-stretched elementor-section-boxed elementor-section-height-default elementor-section-height-default\" data-id=\"39d37747\" data-element_type=\"section\" data-settings=\"{&quot;background_background&quot;:&quot;classic&quot;,&quot;stretch_section&quot;:&quot;section-stretched&quot;}\">\n\t\t\t\t\t\t<div class=\"elementor-container elementor-column-gap-default\">\n\t\t\t\t\t<div class=\"elementor-column elementor-col-100 elementor-top-column elementor-element elementor-element-21ce3f73\" data-id=\"21ce3f73\" data-element_type=\"column\">\n\t\t\t<div class=\"elementor-widget-wrap elementor-element-populated\">\n\t\t\t\t\t\t<div class=\"elementor-element elementor-element-3efe9071 elementor-widget elementor-widget-text-editor\" data-id=\"3efe9071\" data-element_type=\"widget\" data-widget_type=\"text-editor.default\">\n\t\t\t\t<div class=\"elementor-widget-container\">\n\t\t\t\t\t\t\t\t\t<p>Declaraci\u00f3n de accesibilidad<\/p>\t\t\t\t\t\t\t\t<\/div>\n\t\t\t\t<\/div>\n\t\t\t\t\t<\/div>\n\t\t<\/div>\n\t\t\t\t\t<\/div>\n\t\t<\/section>\n\t\t\t\t<section class=\"elementor-section elementor-top-section elementor-element elementor-element-e33c15b legals elementor-section-boxed elementor-section-height-default elementor-section-height-default\" data-id=\"e33c15b\" data-element_type=\"section\">\n\t\t\t\t\t\t<div class=\"elementor-container elementor-column-gap-default\">\n\t\t\t\t\t<div class=\"elementor-column elementor-col-100 elementor-top-column elementor-element elementor-element-9dc925d\" data-id=\"9dc925d\" data-element_type=\"column\">\n\t\t\t<div class=\"elementor-widget-wrap elementor-element-populated\">\n\t\t\t\t\t\t<div class=\"elementor-element elementor-element-000ec88 elementor-widget elementor-widget-text-editor\" data-id=\"000ec88\" data-element_type=\"widget\" data-widget_type=\"text-editor.default\">\n\t\t\t\t<div class=\"elementor-widget-container\">\n\t\t\t\t\t\t\t\t\t<p><strong>GERM\u00c1N PERAIRE VIVAS<\/strong>\u00a0aposta per assegurar l\u2019accessibilitat digital de les persones amb discapacitat. Estem millorant cont\u00ednuament l\u2019experi\u00e8ncia d\u2019usuari per a tothom i mirant d\u2019aplicar els est\u00e0ndards d\u2019accessibilitat m\u00e9s rellevants. Aquest comprom\u00eds tamb\u00e9 el fem d\u2019acord amb el\u00a0<a href=\"https:\/\/www.boe.es\/buscar\/act.php?id=BOE-A-2018-12699\" target=\"_blank\" rel=\"noopener\">Reial decret 1112\/2018<\/a>, de 7 de setembre, relatiu a l\u2019accessibilitat de llocs web i aplicacions per a dispositius m\u00f2bils.<\/p><div class=\"elementor-element elementor-element-1d783b0b elementor-widget elementor-widget-text-editor\" data-id=\"1d783b0b\" data-element_type=\"widget\" data-widget_type=\"text-editor.default\"><div class=\"elementor-widget-container\"><p><strong>Estat d\u2019acompliment<\/strong><br \/>Les\u00a0<a href=\"https:\/\/www.w3.org\/WAI\/standards-guidelines\/wcag\/\" target=\"_blank\" rel=\"noopener\">Directrius d\u2019accessibilitat al contingut web (WCAG) 2.1<\/a>\u00a0defineixen els requisits per als dissenyadors i desenvolupadors per millorar l\u2019accessibilitat de les persones amb discapacitat. Aquestes directrius defineixen tres nivells de conformitat: Nivell A, Nivell AA i Nivell AAA. El web \u00e9s parcialment conforme amb el nivell AA de WCAG 2.1. Aix\u00f2 significa que algunes parts del contingut no s\u2019ajusten completament a l\u2019est\u00e0ndard d\u2019accessibilitat.<\/p><p><strong>Funcions d\u2019accessibilitat<\/strong><\/p><ul><li>Les p\u00e0gines estan estructurades amb elements sem\u00e0ntics com la cap\u00e7alera (header), la navegaci\u00f3 (navigation), el contingut principal (main) i el peu de p\u00e0gina (footer), la qual cosa us pot ajudar a moure-us m\u00e9s r\u00e0pidament entre els diversos elements.<\/li><li>Els encap\u00e7alaments de nivell 1 marquen l\u2019\u00e0rea de contingut principal de cada p\u00e0gina i a partir d\u2019aqu\u00ed l\u2019estructura de cada p\u00e0gina hauria de seguir un ordre d\u2019encap\u00e7alaments l\u00f2gic.<\/li><li>Cada p\u00e0gina d\u2019aquest lloc web t\u00e9 enlla\u00e7os de \u201csaltar al contingut\u201d i \u201csaltar al men\u00fa\u201d a la part superior i un enlla\u00e7 de \u201ctornar a comen\u00e7ar\u201d a la part inferior.<\/li><li>Les imatges es descriuen amb equivalents de text (ALT) per garantir que tothom pugui accedir al contingut gr\u00e0fic.<\/li><li>Heu de poder ampliar cada p\u00e0gina fins a un 300% sense cap problema.<\/li><li>Els colors d\u2019aquest lloc web s\u2019han escollit a cada p\u00e0gina per garantir un contrast de color suficient.<\/li><li>Tots els components d\u2019aquest lloc web s\u00f3n accessibles mitjan\u00e7ant el ratol\u00ed, el teclat o el tacte.<\/li><li>Per garantir que el lloc web es pot utilitzar mitjan\u00e7ant teclats, hem afegit estils de focus a imatges, enlla\u00e7os, formularis i altres elements enfocables.<\/li><li>Aquest lloc web s\u2019ha testejat en navegadors i dispositius moderns i antics, a m\u00e9s d\u2019eines d\u2019avaluaci\u00f3 d\u2019accessibilitat com ara\u00a0<a href=\"https:\/\/wave.webaim.org\/\" target=\"_blank\" rel=\"noopener\">WAVE<\/a>,\u00a0<a href=\"https:\/\/accessibilityinsights.io\/en\/\" target=\"_blank\" rel=\"noopener\">Accessibility Insights<\/a>\u00a0i el lector de pantalla\u00a0<a href=\"https:\/\/www.chromevox.com\/\" target=\"_blank\" rel=\"noopener\">ChromeVox<\/a>.<\/li><\/ul><p><strong>Contingut no accessible<\/strong><br \/>Sabem que algunes parts d\u2019aquest lloc web no s\u00f3n del tot accessibles:<\/p><p>De vegades, incrustem suports d\u2019\u00e0udio o v\u00eddeo a les nostres p\u00e0gines que potser no es descriuen adequadament.<br \/>Si trobeu suports o elements confusos, podeu enviar-nos un correu electr\u00f2nic i fer-nos-ho saber.<\/p><p>Tamb\u00e9 sabem que la majoria de documents PDF antics no s\u00f3n totalment accessibles al programari de lector de pantalla.<\/p><p><strong>Feedback<\/strong><br \/>Agra\u00efm els vostres comentaris sobre l\u2019accessibilitat de la nostra web. Informeu-nos si trobeu barreres d\u2019accessibilitat en aquest lloc web:<\/p><p>E-mail: <a href=\"mailto:info@germanperaire.com\">info@germanperaire.com<\/a><br \/>Aquesta declaraci\u00f3 es va crear el 18 de setembre de 2023.<\/p><\/div><\/div><div class=\"elementor-element elementor-element-428fb044 elementor-widget elementor-widget-spacer\" data-id=\"428fb044\" data-element_type=\"widget\" data-widget_type=\"spacer.default\"><div class=\"elementor-widget-container\"><div class=\"elementor-spacer\">\u00a0<\/div><\/div><\/div>\t\t\t\t\t\t\t\t<\/div>\n\t\t\t\t<\/div>\n\t\t\t\t\t<\/div>\n\t\t<\/div>\n\t\t\t\t\t<\/div>\n\t\t<\/section>\n\t\t\t\t<\/div>\n\t\t","protected":false},"excerpt":{"rendered":"<p>Declaraci\u00f3n de accesibilidad GERM\u00c1N PERAIRE VIVAS\u00a0aposta per assegurar l\u2019accessibilitat digital de les persones amb discapacitat. Estem millorant cont\u00ednuament l\u2019experi\u00e8ncia d\u2019usuari per a tothom i mirant d\u2019aplicar els est\u00e0ndards d\u2019accessibilitat m\u00e9s rellevants. Aquest comprom\u00eds tamb\u00e9 el fem d\u2019acord amb el\u00a0Reial decret 1112\/2018, de 7 de setembre, relatiu a l\u2019accessibilitat de llocs web i aplicacions per a [&hellip;]<\/p>\n","protected":false},"author":2,"featured_media":0,"parent":0,"menu_order":0,"comment_status":"closed","ping_status":"closed","template":"","meta":{"footnotes":""},"class_list":["post-77634","page","type-page","status-publish","hentry"],"yoast_head":"<!-- This site is optimized with the Yoast SEO plugin v26.6 - https:\/\/yoast.com\/wordpress\/plugins\/seo\/ -->\n<title>Declaraci\u00f3 d&#039;accessibilitat - Germ\u00e1n Peraire<\/title>\n<meta name=\"description\" content=\"Declaraci\u00f3 d&#039;accessibilitat del lloc web.\" \/>\n<meta name=\"robots\" content=\"index, follow, max-snippet:-1, max-image-preview:large, max-video-preview:-1\" \/>\n<link rel=\"canonical\" href=\"https:\/\/germanperaire.com\/declaracion-accesibilidad\/\" \/>\n<meta property=\"og:locale\" content=\"ca_ES\" \/>\n<meta property=\"og:type\" content=\"article\" \/>\n<meta property=\"og:title\" content=\"Declaraci\u00f3 d&#039;accessibilitat - Germ\u00e1n Peraire\" \/>\n<meta property=\"og:description\" content=\"Declaraci\u00f3 d&#039;accessibilitat del lloc web.\" \/>\n<meta property=\"og:url\" content=\"https:\/\/germanperaire.com\/declaracion-accesibilidad\/\" \/>\n<meta property=\"og:site_name\" content=\"Germ\u00e1n Peraire\" \/>\n<meta property=\"article:modified_time\" content=\"2024-06-12T10:10:52+00:00\" \/>\n<meta property=\"og:image\" content=\"https:\/\/germanperaire.com\/wp-content\/uploads\/2023\/09\/logo_german_peraire.jpg\" \/>\n\t<meta property=\"og:image:width\" content=\"599\" \/>\n\t<meta property=\"og:image:height\" content=\"234\" \/>\n\t<meta property=\"og:image:type\" content=\"image\/jpeg\" \/>\n<meta name=\"twitter:card\" content=\"summary_large_image\" \/>\n<meta name=\"twitter:label1\" content=\"Temps estimat de lectura\" \/>\n\t<meta name=\"twitter:data1\" content=\"5 minuts\" \/>\n<script type=\"application\/ld+json\" class=\"yoast-schema-graph\">{\"@context\":\"https:\/\/schema.org\",\"@graph\":[{\"@type\":\"WebPage\",\"@id\":\"https:\/\/germanperaire.com\/declaracion-accesibilidad\/\",\"url\":\"https:\/\/germanperaire.com\/declaracion-accesibilidad\/\",\"name\":\"Declaraci\u00f3 d'accessibilitat - Germ\u00e1n Peraire\",\"isPartOf\":{\"@id\":\"https:\/\/germanperaire.com\/#website\"},\"datePublished\":\"2023-09-18T07:25:06+00:00\",\"dateModified\":\"2024-06-12T10:10:52+00:00\",\"description\":\"Declaraci\u00f3 d'accessibilitat del lloc web.\",\"breadcrumb\":{\"@id\":\"https:\/\/germanperaire.com\/declaracion-accesibilidad\/#breadcrumb\"},\"inLanguage\":\"ca\",\"potentialAction\":[{\"@type\":\"ReadAction\",\"target\":[\"https:\/\/germanperaire.com\/declaracion-accesibilidad\/\"]}]},{\"@type\":\"BreadcrumbList\",\"@id\":\"https:\/\/germanperaire.com\/declaracion-accesibilidad\/#breadcrumb\",\"itemListElement\":[{\"@type\":\"ListItem\",\"position\":1,\"name\":\"Portada\",\"item\":\"https:\/\/germanperaire.com\/ca\/\"},{\"@type\":\"ListItem\",\"position\":2,\"name\":\"Declaraci\u00f3 d&#8217;accessibilitat\"}]},{\"@type\":\"WebSite\",\"@id\":\"https:\/\/germanperaire.com\/#website\",\"url\":\"https:\/\/germanperaire.com\/\",\"name\":\"Germ\u00e1n Peraire - Ebanister\u00eda de Autor\",\"description\":\"Construcci\u00f3 de mobles de fusta massissa. Faig dissenys propis i enc\u00e0rrecs a mida.\",\"publisher\":{\"@id\":\"https:\/\/germanperaire.com\/#organization\"},\"alternateName\":\"Germ\u00e1n Peraire - Ebanister\u00eda de Autor\",\"potentialAction\":[{\"@type\":\"SearchAction\",\"target\":{\"@type\":\"EntryPoint\",\"urlTemplate\":\"https:\/\/germanperaire.com\/?s={search_term_string}\"},\"query-input\":{\"@type\":\"PropertyValueSpecification\",\"valueRequired\":true,\"valueName\":\"search_term_string\"}}],\"inLanguage\":\"ca\"},{\"@type\":\"Organization\",\"@id\":\"https:\/\/germanperaire.com\/#organization\",\"name\":\"Germ\u00e1n Peraire - Ebanister\u00eda de Autor\",\"alternateName\":\"Germ\u00e1n Peraire - Ebanister\u00eda de Autor\",\"url\":\"https:\/\/germanperaire.com\/\",\"logo\":{\"@type\":\"ImageObject\",\"inLanguage\":\"ca\",\"@id\":\"https:\/\/germanperaire.com\/#\/schema\/logo\/image\/\",\"url\":\"https:\/\/germanperaire.com\/wp-content\/uploads\/2021\/06\/logo-header.png\",\"contentUrl\":\"https:\/\/germanperaire.com\/wp-content\/uploads\/2021\/06\/logo-header.png\",\"width\":220,\"height\":42,\"caption\":\"Germ\u00e1n Peraire - Ebanister\u00eda de Autor\"},\"image\":{\"@id\":\"https:\/\/germanperaire.com\/#\/schema\/logo\/image\/\"},\"sameAs\":[\"https:\/\/instagram.com\/germanperaire\"]}]}<\/script>\n<!-- \/ Yoast SEO plugin. -->","yoast_head_json":{"title":"Declaraci\u00f3 d'accessibilitat - Germ\u00e1n Peraire","description":"Declaraci\u00f3 d'accessibilitat del lloc web.","robots":{"index":"index","follow":"follow","max-snippet":"max-snippet:-1","max-image-preview":"max-image-preview:large","max-video-preview":"max-video-preview:-1"},"canonical":"https:\/\/germanperaire.com\/declaracion-accesibilidad\/","og_locale":"ca_ES","og_type":"article","og_title":"Declaraci\u00f3 d'accessibilitat - Germ\u00e1n Peraire","og_description":"Declaraci\u00f3 d'accessibilitat del lloc web.","og_url":"https:\/\/germanperaire.com\/declaracion-accesibilidad\/","og_site_name":"Germ\u00e1n Peraire","article_modified_time":"2024-06-12T10:10:52+00:00","og_image":[{"width":599,"height":234,"url":"https:\/\/germanperaire.com\/wp-content\/uploads\/2023\/09\/logo_german_peraire.jpg","type":"image\/jpeg"}],"twitter_card":"summary_large_image","twitter_misc":{"Temps estimat de lectura":"5 minuts"},"schema":{"@context":"https:\/\/schema.org","@graph":[{"@type":"WebPage","@id":"https:\/\/germanperaire.com\/declaracion-accesibilidad\/","url":"https:\/\/germanperaire.com\/declaracion-accesibilidad\/","name":"Declaraci\u00f3 d'accessibilitat - Germ\u00e1n Peraire","isPartOf":{"@id":"https:\/\/germanperaire.com\/#website"},"datePublished":"2023-09-18T07:25:06+00:00","dateModified":"2024-06-12T10:10:52+00:00","description":"Declaraci\u00f3 d'accessibilitat del lloc web.","breadcrumb":{"@id":"https:\/\/germanperaire.com\/declaracion-accesibilidad\/#breadcrumb"},"inLanguage":"ca","potentialAction":[{"@type":"ReadAction","target":["https:\/\/germanperaire.com\/declaracion-accesibilidad\/"]}]},{"@type":"BreadcrumbList","@id":"https:\/\/germanperaire.com\/declaracion-accesibilidad\/#breadcrumb","itemListElement":[{"@type":"ListItem","position":1,"name":"Portada","item":"https:\/\/germanperaire.com\/ca\/"},{"@type":"ListItem","position":2,"name":"Declaraci\u00f3 d&#8217;accessibilitat"}]},{"@type":"WebSite","@id":"https:\/\/germanperaire.com\/#website","url":"https:\/\/germanperaire.com\/","name":"Germ\u00e1n Peraire - Ebanister\u00eda de Autor","description":"Construcci\u00f3 de mobles de fusta massissa. Faig dissenys propis i enc\u00e0rrecs a mida.","publisher":{"@id":"https:\/\/germanperaire.com\/#organization"},"alternateName":"Germ\u00e1n Peraire - Ebanister\u00eda de Autor","potentialAction":[{"@type":"SearchAction","target":{"@type":"EntryPoint","urlTemplate":"https:\/\/germanperaire.com\/?s={search_term_string}"},"query-input":{"@type":"PropertyValueSpecification","valueRequired":true,"valueName":"search_term_string"}}],"inLanguage":"ca"},{"@type":"Organization","@id":"https:\/\/germanperaire.com\/#organization","name":"Germ\u00e1n Peraire - Ebanister\u00eda de Autor","alternateName":"Germ\u00e1n Peraire - Ebanister\u00eda de Autor","url":"https:\/\/germanperaire.com\/","logo":{"@type":"ImageObject","inLanguage":"ca","@id":"https:\/\/germanperaire.com\/#\/schema\/logo\/image\/","url":"https:\/\/germanperaire.com\/wp-content\/uploads\/2021\/06\/logo-header.png","contentUrl":"https:\/\/germanperaire.com\/wp-content\/uploads\/2021\/06\/logo-header.png","width":220,"height":42,"caption":"Germ\u00e1n Peraire - Ebanister\u00eda de Autor"},"image":{"@id":"https:\/\/germanperaire.com\/#\/schema\/logo\/image\/"},"sameAs":["https:\/\/instagram.com\/germanperaire"]}]}},"_links":{"self":[{"href":"https:\/\/germanperaire.com\/ca\/wp-json\/wp\/v2\/pages\/77634","targetHints":{"allow":["GET"]}}],"collection":[{"href":"https:\/\/germanperaire.com\/ca\/wp-json\/wp\/v2\/pages"}],"about":[{"href":"https:\/\/germanperaire.com\/ca\/wp-json\/wp\/v2\/types\/page"}],"author":[{"embeddable":true,"href":"https:\/\/germanperaire.com\/ca\/wp-json\/wp\/v2\/users\/2"}],"replies":[{"embeddable":true,"href":"https:\/\/germanperaire.com\/ca\/wp-json\/wp\/v2\/comments?post=77634"}],"version-history":[{"count":0,"href":"https:\/\/germanperaire.com\/ca\/wp-json\/wp\/v2\/pages\/77634\/revisions"}],"wp:attachment":[{"href":"https:\/\/germanperaire.com\/ca\/wp-json\/wp\/v2\/media?parent=77634"}],"curies":[{"name":"wp","href":"https:\/\/api.w.org\/{rel}","templated":true}]}}