{"id":77482,"date":"2023-09-18T11:38:32","date_gmt":"2023-09-18T09:38:32","guid":{"rendered":"https:\/\/germanperaire.com\/aviso-legal\/"},"modified":"2024-06-12T12:12:30","modified_gmt":"2024-06-12T10:12:30","slug":"avis-legal","status":"publish","type":"page","link":"https:\/\/germanperaire.com\/ca\/avis-legal\/","title":{"rendered":"Av\u00eds legal"},"content":{"rendered":"\t\t<div data-elementor-type=\"wp-page\" data-elementor-id=\"77482\" class=\"elementor elementor-77482 elementor-76232\" data-elementor-post-type=\"page\">\n\t\t\t\t\t\t<section class=\"elementor-section elementor-top-section elementor-element elementor-element-5794425b elementor-section-stretched elementor-section-boxed elementor-section-height-default elementor-section-height-default\" data-id=\"5794425b\" data-element_type=\"section\" data-settings=\"{&quot;background_background&quot;:&quot;classic&quot;,&quot;stretch_section&quot;:&quot;section-stretched&quot;}\">\n\t\t\t\t\t\t<div class=\"elementor-container elementor-column-gap-default\">\n\t\t\t\t\t<div class=\"elementor-column elementor-col-100 elementor-top-column elementor-element elementor-element-18a2e15f\" data-id=\"18a2e15f\" data-element_type=\"column\">\n\t\t\t<div class=\"elementor-widget-wrap elementor-element-populated\">\n\t\t\t\t\t\t<div class=\"elementor-element elementor-element-645cb3f5 elementor-widget elementor-widget-text-editor\" data-id=\"645cb3f5\" data-element_type=\"widget\" data-widget_type=\"text-editor.default\">\n\t\t\t\t<div class=\"elementor-widget-container\">\n\t\t\t\t\t\t\t\t\t<p>Av\u00eds legal<\/p>\t\t\t\t\t\t\t\t<\/div>\n\t\t\t\t<\/div>\n\t\t\t\t\t<\/div>\n\t\t<\/div>\n\t\t\t\t\t<\/div>\n\t\t<\/section>\n\t\t\t\t<section class=\"elementor-section elementor-top-section elementor-element elementor-element-1adc8f5a elementor-section-boxed elementor-section-height-default elementor-section-height-default\" data-id=\"1adc8f5a\" data-element_type=\"section\">\n\t\t\t\t\t\t<div class=\"elementor-container elementor-column-gap-default\">\n\t\t\t\t\t<div class=\"elementor-column elementor-col-100 elementor-top-column elementor-element elementor-element-690a3e40\" data-id=\"690a3e40\" data-element_type=\"column\">\n\t\t\t<div class=\"elementor-widget-wrap elementor-element-populated\">\n\t\t\t\t\t\t<div class=\"elementor-element elementor-element-38740e9 elementor-hidden-mobile elementor-widget elementor-widget-spacer\" data-id=\"38740e9\" data-element_type=\"widget\" data-widget_type=\"spacer.default\">\n\t\t\t\t<div class=\"elementor-widget-container\">\n\t\t\t\t\t\t\t<div class=\"elementor-spacer\">\n\t\t\t<div class=\"elementor-spacer-inner\"><\/div>\n\t\t<\/div>\n\t\t\t\t\t\t<\/div>\n\t\t\t\t<\/div>\n\t\t\t\t<div class=\"elementor-element elementor-element-47e2731e legals elementor-widget elementor-widget-text-editor\" data-id=\"47e2731e\" data-element_type=\"widget\" data-widget_type=\"text-editor.default\">\n\t\t\t\t<div class=\"elementor-widget-container\">\n\t\t\t\t\t\t\t\t\t<div><strong>1. EL PORTAL GERM\u00c1N PERAIRE &#8211; HANDCRAFTED FINE FURNITURE<\/strong><\/div><div>1.1 A trav\u00e9s de GERM\u00c1N PERAIRE &#8211; HANDCRAFTED FINE FURNITURE Germ\u00e1n Peraire accessible a trav\u00e9s de l&#8217;adre\u00e7a URL <a href=\"https:\/\/www.germanperaire.com\/\">www.germanperaire.com<\/a> es facilita als visitants i usuaris del mateix, (d&#8217;ara en endavant, els &#8220;Usuaris&#8221;), l&#8217;acc\u00e9s a una ampla gamma de productes, serveis i continguts (d&#8217;ara en endavant, &#8220;els Serveis&#8221;).<\/div><div>1.2 Les dades identificatives del responsable del Portal s\u00f3n els que figuren a continuaci\u00f3:<\/div><div>GERM\u00c1N PERAIRE, treballador per compte propi\u00a0 &#8211; persona f\u00edsica<\/div><div>Domicili social: Carrer Bruc 129, 08242 Manresa<\/div><div>Codi d&#8217;Identificaci\u00f3 Fiscal n\u00famero: 46352358K<\/div><div>Adre\u00e7a de correu electr\u00f2nic: <a href=\"mailto:info@germanperaire.com\">info@germanperaire.com<\/a><\/div><div>\u00a0<\/div><div><strong>2. CONDICIONS D&#8217;ACC\u00c9S I \u00daS DEL PORTAL<\/strong><\/div><div>L&#8217;acc\u00e9s al Portal comporta la pr\u00e8via lectura y acseptaci\u00f3 pels Usuaris de les presents Condicions Generals d&#8217;Acc\u00e9s i \u00das (d&#8217;ara en endavant, &#8220;les Condicions Generals&#8221;). Mitjan\u00e7ant l&#8217;acc\u00e9s i \u00fas del Portal s&#8217;entendr\u00e0 que l&#8217;Usuari manifiesta el seu acord, de forma expressa, plena i sense reserves, al contingut de totes i cada una de les presents Condicions Generals en la seva versi\u00f3 publicada al Portal en el momento de l&#8217;acc\u00e9s. Si l&#8217;Usuari no estigu\u00e9s d&#8217;acord amb el contingut de les presents Condicions Generals, haur\u00e0 d&#8217;abstenir-se d&#8217;accedir al Portal i d&#8217;operar a trav\u00e9s del mateix. El Portal es reserva el dret a modificar les presents Condicions Generals advertint-ne als Usuaris mitjan\u00e7ant els corresponents avisos en el Portal, per tal de que els usuaris puguin prendre coneixement del seu contingut des del primer moment.<\/div><div>La contractaci\u00f3 i\/o \u00fas de determinats Serveis pot requerir la identificaci\u00f3 de l&#8217;Usuari al Portal i la pr\u00e8via acceptaci\u00f3 de determinades condicions particulars que vinguin a desenvolupar, complementar i\/o eventualment modificar les presents Condicions Generals (d&#8217;ara en endavant, &#8220;les Condicions Particulars&#8221;). Els Usuaris hauran de llegir, aix\u00ed mateix, amb la m\u00e0xima atenci\u00f3 el contingut de les corresponents Condicions Particulars o altres avisos legals que apareixen al Portal.<\/div><div>Com a Usuari, vost\u00e8 declara ser major d&#8217;edat i\/o disposar de la capacitat jur\u00eddica i d&#8217;obrar suficient per vincular-se per les presents Condicions Generals (i, en el seu cas, per les Condicions Particulars que regulin l&#8217;\u00fas d&#8217;un determinat Servei) i per utilitzar i, en el seu cas, contractar els Serveis que s&#8217;ofereixen en el Portal. L&#8217;Usuari accepta, de forma expressa, plena, sense reserves ni excepcions, que l&#8217;acc\u00e9s i l&#8217;\u00fas del Portal, dels seus Serveis i dels seus continguts t\u00e9 lloc sota la seva \u00fanica i exclusiva responsabilitat.<\/div><div><p>En el cas que existeixi alguna contradicci\u00f3 entre les condicions generals d&#8217;acc\u00e9s i \u00fas del Portal i les corresponents Condicions Particulars, prevaldran aquestes sobre aquelles, excepte que les condicions generals resultin m\u00e9s beneficioses per a l&#8217;Usuari que les condicions particulars.<\/p><\/div><div><strong>3. CONTINGUT DEL PORTAL<\/strong><\/div><div>3.1 L&#8217;Usuari del Portal assumeix, coneix i accepta, pel mateix fet de visitar-lo, que les dades i informacions sobre productes o serveis, i qualsevol altres dades i informacions incloses en el Portal apareixen en el mateix, \u00fanicament i exclusiva, a efectes informatius, com a informaci\u00f3 de car\u00e0cter preliminar disposada a l&#8217;atenci\u00f3 de l&#8217;Usuari, y que en un moment donat poden incloure errors, imprecisions o no estar actualizades.<\/div><div>3.2 Germ\u00e1n Peraire es reserva el dret a modificar, a la seva discreci\u00f3 i de forma unilateral, en qualsevol moment i sense previ av\u00eds, la configuraci\u00f3 del Portal, aix\u00ed com el contingut i extensi\u00f3 dels Serveis prestats a trav\u00e9s del Portal i de les condicions d&#8217;acc\u00e9s als mateixos. De la mateixa manera, Germ\u00e1n Peraire es reserva la facultat d&#8217;incorporar nous Serveis i continguts en el Portal, aix\u00ed com el dret d&#8217;eliminar, limitar, suspendre o impedir l&#8217;acc\u00e9s als Serveis prestats a trav\u00e9s del Portal, ja sigui de manera temporal o definitiva, quan concorrin els motius previstos en aquestes Condicions Generals.<\/div><div>3.3 Germ\u00e1n Peraire informa a l&#8217;Usuari de que a trav\u00e9s del Portal podr\u00e0 accedir a productes i serveis ofertats per Germ\u00e1n Peraire.<\/div><div>\u00a0<\/div><div><strong>4. LLEI DE PROTECCI\u00d3 DE DADES<\/strong><\/div><div>Protecci\u00f3 de dades personals<\/div><div>Germ\u00e1n Peraire garanteix el cumpliment de la LOPD (Ley Org\u00e1nica de Protecci\u00f3n de Datos de Car\u00e1cter Personal 15\/1999 de 13 Desembre i el Reglament Europeu 2016\/680 del Parlament Europeu de 27 d&#8217;Abril). Aquesta llei t\u00e9 per objecte garantir i protegir, en el que respecta al tractament de dades personals, les llibertats p\u00fabliques i els drets fonamentales de les persones f\u00edsiques, i en especial del seu honor i intimitat personal i familiar.<\/div><div>En tot moment s&#8217;informar\u00e0, durant la recollida de les dades, de la finalitat del seu tractament i que respectem la confidencialitat en la informaci\u00f3 facilitada, i que pot exercir el dret d&#8217;informaci\u00f3 en la recollida de les seves dades, a saber per qu\u00e8 i com s\u00f3n tractades les seves dades personals i decidir en quant al seu tractament.<\/div><div>Les dades proporcionades es conservaran mentre es mantingui la relaci\u00f3 comercial o durant els anys necessaris per cumplir amb les obligacions legals. Les dades no se cediran a tercers excepte en els casos en qu\u00e8 hi hagi una obligaci\u00f3 legal. Vost\u00e8 t\u00e9 dret a accedir a les seves dades personals, les dades inexactes o sol\u00b7licitar la seva supressi\u00f3 quan les dades ja no siguin necess\u00e0ries. Pot exercir en tot moment els drets de consulta, acc\u00e9s, rectificaci\u00f3, oposici\u00f3, limitaci\u00f3 i supressi\u00f3 de les seves dades, dirigint un escrit amb fotoc\u00f2pia del seu DNI o un altre document d&#8217;identitat, Germ\u00e1n Peraire, Carrer Bruc 129, 08242 Manresa, <a href=\"mailto:info@germanperaire.com\">info@germanperaire.com<\/a><\/div><div>L&#8217;usuari ha de saber que omplir el formulari i enviar les dades sol\u00b7licitades implica que la informaci\u00f3 reflectida en aquest av\u00eds s&#8217;ha llegit i acceptat expressament i que, en conseq\u00fc\u00e8ncia, atorga el seu consentiment inequ\u00edvoc i expr\u00e9s al tractament de les seves dades personals d&#8217;acord amb la finalitat explicada.<\/div><div>Germ\u00e1n Peraire ha adoptat les mesures de seguretat de car\u00e0cter t\u00e8cnic i organizativa que s&#8217;exigeixen a la legislaci\u00f3 vigent en mat\u00e8ria de protecci\u00f3 de dades de car\u00e0cter personal. Per aix\u00f2 s&#8217;han establert tots els mitjans i mecanismes necessaris per evitar l&#8217;alteraci\u00f3, p\u00e8rdua, mal \u00fas, tractament i acc\u00e9s no autoritzat o robatori de les dades tenint en compte l&#8217;estat de la tecnologia.<\/div><div>Respecte a la cessi\u00f3 de dades personals a tercers, es comunica als usuaris que, amb car\u00e0cter general, les dades personals no seran cedides a terceres entitats, excepte en aquells sup\u00f2sits que la cessi\u00f3 respongui al cumpliment d&#8217;una obligaci\u00f3 legal o tamb\u00e9 en aquells casos on hi hagi una relaci\u00f3 contractual d&#8217;enc\u00e0rrec de tractament per a la prestaci\u00f3 d&#8217;un determinat servei. En qualsevol cas, els usuaris han de saber que en cas de produir-se una cessi\u00f3 d&#8217;aquest tipus, \u00fanicament es portar\u00e0 a terme quan s&#8217;hagi obtingut el consentiment expr\u00e9s per part de l&#8217;usuari.<\/div><div>No obstant l&#8217;anterior, vost\u00e8 consent expressament el tractament de les seves dades per qu\u00e8 puguem remetre-li, per qualsevol mitj\u00e0, incloent mitjans telef\u00f2nics i telem\u00e0tics (entre altres, per correu electr\u00f2nic i sms), informaci\u00f3 comercial de productes i serveis comercialitzats per Germ\u00e1n Peraire.<\/div>\t\t\t\t\t\t\t\t<\/div>\n\t\t\t\t<\/div>\n\t\t\t\t\t<\/div>\n\t\t<\/div>\n\t\t\t\t\t<\/div>\n\t\t<\/section>\n\t\t\t\t<\/div>\n\t\t","protected":false},"excerpt":{"rendered":"<p>Av\u00eds legal 1. EL PORTAL GERM\u00c1N PERAIRE &#8211; HANDCRAFTED FINE FURNITURE1.1 A trav\u00e9s de GERM\u00c1N PERAIRE &#8211; HANDCRAFTED FINE FURNITURE Germ\u00e1n Peraire accessible a trav\u00e9s de l&#8217;adre\u00e7a URL www.germanperaire.com es facilita als visitants i usuaris del mateix, (d&#8217;ara en endavant, els &#8220;Usuaris&#8221;), l&#8217;acc\u00e9s a una ampla gamma de productes, serveis i continguts (d&#8217;ara en endavant, [&hellip;]<\/p>\n","protected":false},"author":1,"featured_media":0,"parent":0,"menu_order":0,"comment_status":"closed","ping_status":"closed","template":"","meta":{"footnotes":""},"class_list":["post-77482","page","type-page","status-publish","hentry"],"yoast_head":"<!-- This site is optimized with the Yoast SEO plugin v26.6 - https:\/\/yoast.com\/wordpress\/plugins\/seo\/ -->\n<title>Av\u00eds legal - Germ\u00e1n Peraire<\/title>\n<meta name=\"description\" content=\"Av\u00eds legal de la p\u00e0gina web.\" \/>\n<meta name=\"robots\" content=\"index, follow, max-snippet:-1, max-image-preview:large, max-video-preview:-1\" \/>\n<link rel=\"canonical\" href=\"https:\/\/germanperaire.com\/aviso-legal\/\" \/>\n<meta property=\"og:locale\" content=\"ca_ES\" \/>\n<meta property=\"og:type\" content=\"article\" \/>\n<meta property=\"og:title\" content=\"Av\u00eds legal - Germ\u00e1n Peraire\" \/>\n<meta property=\"og:description\" content=\"Av\u00eds legal de la p\u00e0gina web.\" \/>\n<meta property=\"og:url\" content=\"https:\/\/germanperaire.com\/aviso-legal\/\" \/>\n<meta property=\"og:site_name\" content=\"Germ\u00e1n Peraire\" \/>\n<meta property=\"article:modified_time\" content=\"2024-06-12T10:12:30+00:00\" \/>\n<meta property=\"og:image\" content=\"https:\/\/germanperaire.com\/wp-content\/uploads\/2023\/09\/logo_german_peraire.jpg\" \/>\n\t<meta property=\"og:image:width\" content=\"599\" \/>\n\t<meta property=\"og:image:height\" content=\"234\" \/>\n\t<meta property=\"og:image:type\" content=\"image\/jpeg\" \/>\n<meta name=\"twitter:card\" content=\"summary_large_image\" \/>\n<meta name=\"twitter:label1\" content=\"Temps estimat de lectura\" \/>\n\t<meta name=\"twitter:data1\" content=\"7 minuts\" \/>\n<script type=\"application\/ld+json\" class=\"yoast-schema-graph\">{\"@context\":\"https:\/\/schema.org\",\"@graph\":[{\"@type\":\"WebPage\",\"@id\":\"https:\/\/germanperaire.com\/aviso-legal\/\",\"url\":\"https:\/\/germanperaire.com\/aviso-legal\/\",\"name\":\"Av\u00eds legal - Germ\u00e1n Peraire\",\"isPartOf\":{\"@id\":\"https:\/\/germanperaire.com\/#website\"},\"datePublished\":\"2023-09-18T09:38:32+00:00\",\"dateModified\":\"2024-06-12T10:12:30+00:00\",\"description\":\"Av\u00eds legal de la p\u00e0gina web.\",\"breadcrumb\":{\"@id\":\"https:\/\/germanperaire.com\/aviso-legal\/#breadcrumb\"},\"inLanguage\":\"ca\",\"potentialAction\":[{\"@type\":\"ReadAction\",\"target\":[\"https:\/\/germanperaire.com\/aviso-legal\/\"]}]},{\"@type\":\"BreadcrumbList\",\"@id\":\"https:\/\/germanperaire.com\/aviso-legal\/#breadcrumb\",\"itemListElement\":[{\"@type\":\"ListItem\",\"position\":1,\"name\":\"Portada\",\"item\":\"https:\/\/germanperaire.com\/ca\/\"},{\"@type\":\"ListItem\",\"position\":2,\"name\":\"Av\u00eds legal\"}]},{\"@type\":\"WebSite\",\"@id\":\"https:\/\/germanperaire.com\/#website\",\"url\":\"https:\/\/germanperaire.com\/\",\"name\":\"Germ\u00e1n Peraire - Ebanister\u00eda de Autor\",\"description\":\"Construcci\u00f3 de mobles de fusta massissa. Faig dissenys propis i enc\u00e0rrecs a mida.\",\"publisher\":{\"@id\":\"https:\/\/germanperaire.com\/#organization\"},\"alternateName\":\"Germ\u00e1n Peraire - Ebanister\u00eda de Autor\",\"potentialAction\":[{\"@type\":\"SearchAction\",\"target\":{\"@type\":\"EntryPoint\",\"urlTemplate\":\"https:\/\/germanperaire.com\/?s={search_term_string}\"},\"query-input\":{\"@type\":\"PropertyValueSpecification\",\"valueRequired\":true,\"valueName\":\"search_term_string\"}}],\"inLanguage\":\"ca\"},{\"@type\":\"Organization\",\"@id\":\"https:\/\/germanperaire.com\/#organization\",\"name\":\"Germ\u00e1n Peraire - Ebanister\u00eda de Autor\",\"alternateName\":\"Germ\u00e1n Peraire - Ebanister\u00eda de Autor\",\"url\":\"https:\/\/germanperaire.com\/\",\"logo\":{\"@type\":\"ImageObject\",\"inLanguage\":\"ca\",\"@id\":\"https:\/\/germanperaire.com\/#\/schema\/logo\/image\/\",\"url\":\"https:\/\/germanperaire.com\/wp-content\/uploads\/2021\/06\/logo-header.png\",\"contentUrl\":\"https:\/\/germanperaire.com\/wp-content\/uploads\/2021\/06\/logo-header.png\",\"width\":220,\"height\":42,\"caption\":\"Germ\u00e1n Peraire - Ebanister\u00eda de Autor\"},\"image\":{\"@id\":\"https:\/\/germanperaire.com\/#\/schema\/logo\/image\/\"},\"sameAs\":[\"https:\/\/instagram.com\/germanperaire\"]}]}<\/script>\n<!-- \/ Yoast SEO plugin. -->","yoast_head_json":{"title":"Av\u00eds legal - Germ\u00e1n Peraire","description":"Av\u00eds legal de la p\u00e0gina web.","robots":{"index":"index","follow":"follow","max-snippet":"max-snippet:-1","max-image-preview":"max-image-preview:large","max-video-preview":"max-video-preview:-1"},"canonical":"https:\/\/germanperaire.com\/aviso-legal\/","og_locale":"ca_ES","og_type":"article","og_title":"Av\u00eds legal - Germ\u00e1n Peraire","og_description":"Av\u00eds legal de la p\u00e0gina web.","og_url":"https:\/\/germanperaire.com\/aviso-legal\/","og_site_name":"Germ\u00e1n Peraire","article_modified_time":"2024-06-12T10:12:30+00:00","og_image":[{"width":599,"height":234,"url":"https:\/\/germanperaire.com\/wp-content\/uploads\/2023\/09\/logo_german_peraire.jpg","type":"image\/jpeg"}],"twitter_card":"summary_large_image","twitter_misc":{"Temps estimat de lectura":"7 minuts"},"schema":{"@context":"https:\/\/schema.org","@graph":[{"@type":"WebPage","@id":"https:\/\/germanperaire.com\/aviso-legal\/","url":"https:\/\/germanperaire.com\/aviso-legal\/","name":"Av\u00eds legal - Germ\u00e1n Peraire","isPartOf":{"@id":"https:\/\/germanperaire.com\/#website"},"datePublished":"2023-09-18T09:38:32+00:00","dateModified":"2024-06-12T10:12:30+00:00","description":"Av\u00eds legal de la p\u00e0gina web.","breadcrumb":{"@id":"https:\/\/germanperaire.com\/aviso-legal\/#breadcrumb"},"inLanguage":"ca","potentialAction":[{"@type":"ReadAction","target":["https:\/\/germanperaire.com\/aviso-legal\/"]}]},{"@type":"BreadcrumbList","@id":"https:\/\/germanperaire.com\/aviso-legal\/#breadcrumb","itemListElement":[{"@type":"ListItem","position":1,"name":"Portada","item":"https:\/\/germanperaire.com\/ca\/"},{"@type":"ListItem","position":2,"name":"Av\u00eds legal"}]},{"@type":"WebSite","@id":"https:\/\/germanperaire.com\/#website","url":"https:\/\/germanperaire.com\/","name":"Germ\u00e1n Peraire - Ebanister\u00eda de Autor","description":"Construcci\u00f3 de mobles de fusta massissa. Faig dissenys propis i enc\u00e0rrecs a mida.","publisher":{"@id":"https:\/\/germanperaire.com\/#organization"},"alternateName":"Germ\u00e1n Peraire - Ebanister\u00eda de Autor","potentialAction":[{"@type":"SearchAction","target":{"@type":"EntryPoint","urlTemplate":"https:\/\/germanperaire.com\/?s={search_term_string}"},"query-input":{"@type":"PropertyValueSpecification","valueRequired":true,"valueName":"search_term_string"}}],"inLanguage":"ca"},{"@type":"Organization","@id":"https:\/\/germanperaire.com\/#organization","name":"Germ\u00e1n Peraire - Ebanister\u00eda de Autor","alternateName":"Germ\u00e1n Peraire - Ebanister\u00eda de Autor","url":"https:\/\/germanperaire.com\/","logo":{"@type":"ImageObject","inLanguage":"ca","@id":"https:\/\/germanperaire.com\/#\/schema\/logo\/image\/","url":"https:\/\/germanperaire.com\/wp-content\/uploads\/2021\/06\/logo-header.png","contentUrl":"https:\/\/germanperaire.com\/wp-content\/uploads\/2021\/06\/logo-header.png","width":220,"height":42,"caption":"Germ\u00e1n Peraire - Ebanister\u00eda de Autor"},"image":{"@id":"https:\/\/germanperaire.com\/#\/schema\/logo\/image\/"},"sameAs":["https:\/\/instagram.com\/germanperaire"]}]}},"_links":{"self":[{"href":"https:\/\/germanperaire.com\/ca\/wp-json\/wp\/v2\/pages\/77482","targetHints":{"allow":["GET"]}}],"collection":[{"href":"https:\/\/germanperaire.com\/ca\/wp-json\/wp\/v2\/pages"}],"about":[{"href":"https:\/\/germanperaire.com\/ca\/wp-json\/wp\/v2\/types\/page"}],"author":[{"embeddable":true,"href":"https:\/\/germanperaire.com\/ca\/wp-json\/wp\/v2\/users\/1"}],"replies":[{"embeddable":true,"href":"https:\/\/germanperaire.com\/ca\/wp-json\/wp\/v2\/comments?post=77482"}],"version-history":[{"count":0,"href":"https:\/\/germanperaire.com\/ca\/wp-json\/wp\/v2\/pages\/77482\/revisions"}],"wp:attachment":[{"href":"https:\/\/germanperaire.com\/ca\/wp-json\/wp\/v2\/media?parent=77482"}],"curies":[{"name":"wp","href":"https:\/\/api.w.org\/{rel}","templated":true}]}}